{"id":1066,"date":"2025-02-18T09:46:08","date_gmt":"2025-02-18T09:46:08","guid":{"rendered":"https:\/\/acoi.com.br\/conteudocorp\/transformando-indaiatuba-projetos-de-construcao-que-fazem-a-diferenca\/"},"modified":"2025-02-18T09:46:08","modified_gmt":"2025-02-18T09:46:08","slug":"transformando-indaiatuba-projetos-de-construcao-que-fazem-a-diferenca","status":"publish","type":"page","link":"https:\/\/acoi.com.br\/conteudocorp\/transformando-indaiatuba-projetos-de-construcao-que-fazem-a-diferenca\/","title":{"rendered":"Transformando Indaiatuba: Projetos de Constru\u00e7\u00e3o que Fazem a Diferen\u00e7a"},"content":{"rendered":"<p>Em Indaiatuba, a Acoi se destaca como l\u00edder em projetos de constru\u00e7\u00e3o civil, oferecendo solu\u00e7\u00f5es inovadoras e sustent\u00e1veis que se adaptam \u00e0s necessidades do mercado. Com mais de 100 mil m\u00b2 constru\u00eddos, nossa atua\u00e7\u00e3o vai desde obras corporativas at\u00e9 residenciais, sempre buscando a excel\u00eancia e a satisfa\u00e7\u00e3o do cliente. Escolher a Acoi \u00e9 optar por qualidade, transpar\u00eancia e confian\u00e7a em cada projeto realizado.<\/p>\n","protected":false},"excerpt":{"rendered":"<p>Em Indaiatuba, a Acoi se destaca como l\u00edder em projetos de constru\u00e7\u00e3o civil, oferecendo solu\u00e7\u00f5es inovadoras e sustent\u00e1veis que se adaptam \u00e0s necessidades do mercado. Com mais de 100 mil m\u00b2 constru\u00eddos, nossa atua\u00e7\u00e3o vai desde obras corporativas at\u00e9 residenciais, sempre buscando a excel\u00eancia e a satisfa\u00e7\u00e3o do cliente. Escolher a Acoi \u00e9 optar por&hellip;&nbsp;<a href=\"https:\/\/acoi.com.br\/conteudocorp\/transformando-indaiatuba-projetos-de-construcao-que-fazem-a-diferenca\/\" class=\"\" rel=\"bookmark\">Continue a ler &raquo;<span class=\"screen-reader-text\">Transformando Indaiatuba: Projetos de Constru\u00e7\u00e3o que Fazem a Diferen\u00e7a<\/span><\/a><\/p>\n","protected":false},"author":3,"featured_media":0,"parent":0,"menu_order":0,"comment_status":"closed","ping_status":"closed","template":"","meta":{"_acf_changed":false,"_yoast_wpseo_focuskw":"Projetos de Constru\u00e7\u00e3o em Indaiatuba","_yoast_wpseo_title":"Acoi: L\u00edder em Projetos de Constru\u00e7\u00e3o em Indaiatuba","_yoast_wpseo_metadesc":"Descubra como a Acoi se destaca em projetos de constru\u00e7\u00e3o em Indaiatuba, oferecendo inova\u00e7\u00e3o, qualidade e sustentabilidade em cada obra.","neve_meta_sidebar":"","neve_meta_container":"","neve_meta_enable_content_width":"","neve_meta_content_width":0,"neve_meta_title_alignment":"","neve_meta_author_avatar":"","neve_post_elements_order":"","neve_meta_disable_header":"","neve_meta_disable_footer":"","neve_meta_disable_title":"","footnotes":""},"class_list":["post-1066","page","type-page","status-publish","hentry"],"acf":{"introducao":"","conceitos_fundamentais":"","como_funciona":"","como_aplicar_no_dia_a_dia":"","principais_utilizacoes_e_beneficios":"","tipos_e_classificacoes":"","tecnologias_e_ferramentas_relacionadas":"","exemplos_e_casos_de_sucesso":"","mitos_e_verdades":"","perguntas_frequentes_faq":"","erros_comuns_e_como_evita-los":"","futuro_e_tendencias":"","conclusao":"","bloco1title":"Inova\u00e7\u00e3o Tecnol\u00f3gica","bloco1text":"Na Acoi, utilizamos tecnologias de ponta para garantir efici\u00eancia e qualidade em cada obra, facilitando a execu\u00e7\u00e3o e reduzindo custos.","bloco2title":"Sustentabilidade","bloco2text":"Projetos que respeitam o meio ambiente e promovem pr\u00e1ticas de constru\u00e7\u00e3o sustent\u00e1veis para um futuro melhor.","bloco3title":"Expertise Local","bloco3text":"Conhecemos as particularidades de Indaiatuba, proporcionando constru\u00e7\u00f5es que atendem \u00e0s demandas espec\u00edficas da regi\u00e3o com efic\u00e1cia.","insightwidtitle":"Curiosidades sobre Indaiatuba","insightwidcontent":"Voc\u00ea sabia que Indaiatuba se destaca n\u00e3o apenas pela sua qualidade de vida, mas tamb\u00e9m pela efici\u00eancia no desenvolvimento urbano? A cidade \u00e9 um dos polos industriais mais relevantes do interior de S\u00e3o Paulo, atraindo empresas e investidores. A Acoi, com sua experi\u00eancia local, contribui ativamente para esta transforma\u00e7\u00e3o, trazendo constru\u00e7\u00f5es modernas e sustent\u00e1veis que refletem a evolu\u00e7\u00e3o da regi\u00e3o."},"yoast_head":"<!-- This site is optimized with the Yoast SEO plugin v23.4 - https:\/\/yoast.com\/wordpress\/plugins\/seo\/ -->\n<title>Acoi: L\u00edder em Projetos de Constru\u00e7\u00e3o em Indaiatuba<\/title>\n<meta name=\"description\" content=\"Descubra como a Acoi se destaca em projetos de constru\u00e7\u00e3o em Indaiatuba, oferecendo inova\u00e7\u00e3o, qualidade e sustentabilidade em cada obra.\" \/>\n<meta name=\"robots\" content=\"index, follow, max-snippet:-1, max-image-preview:large, max-video-preview:-1\" \/>\n<link rel=\"canonical\" href=\"https:\/\/acoi.com.br\/conteudocorp\/transformando-indaiatuba-projetos-de-construcao-que-fazem-a-diferenca\/\" \/>\n<meta property=\"og:locale\" content=\"pt_BR\" \/>\n<meta property=\"og:type\" content=\"article\" \/>\n<meta property=\"og:title\" content=\"Acoi: L\u00edder em Projetos de Constru\u00e7\u00e3o em Indaiatuba\" \/>\n<meta property=\"og:description\" content=\"Descubra como a Acoi se destaca em projetos de constru\u00e7\u00e3o em Indaiatuba, oferecendo inova\u00e7\u00e3o, qualidade e sustentabilidade em cada obra.\" \/>\n<meta property=\"og:url\" content=\"https:\/\/acoi.com.br\/conteudocorp\/transformando-indaiatuba-projetos-de-construcao-que-fazem-a-diferenca\/\" \/>\n<meta property=\"og:site_name\" content=\"Acoi Corp\" \/>\n<meta name=\"twitter:card\" content=\"summary_large_image\" \/>\n<script type=\"application\/ld+json\" class=\"yoast-schema-graph\">{\"@context\":\"https:\/\/schema.org\",\"@graph\":[{\"@type\":\"WebPage\",\"@id\":\"https:\/\/acoi.com.br\/conteudocorp\/transformando-indaiatuba-projetos-de-construcao-que-fazem-a-diferenca\/\",\"url\":\"https:\/\/acoi.com.br\/conteudocorp\/transformando-indaiatuba-projetos-de-construcao-que-fazem-a-diferenca\/\",\"name\":\"Acoi: L\u00edder em Projetos de Constru\u00e7\u00e3o em Indaiatuba\",\"isPartOf\":{\"@id\":\"https:\/\/acoi.com.br\/conteudocorp\/#website\"},\"datePublished\":\"2025-02-18T09:46:08+00:00\",\"dateModified\":\"2025-02-18T09:46:08+00:00\",\"description\":\"Descubra como a Acoi se destaca em projetos de constru\u00e7\u00e3o em Indaiatuba, oferecendo inova\u00e7\u00e3o, qualidade e sustentabilidade em cada obra.\",\"breadcrumb\":{\"@id\":\"https:\/\/acoi.com.br\/conteudocorp\/transformando-indaiatuba-projetos-de-construcao-que-fazem-a-diferenca\/#breadcrumb\"},\"inLanguage\":\"pt-BR\",\"potentialAction\":[{\"@type\":\"ReadAction\",\"target\":[\"https:\/\/acoi.com.br\/conteudocorp\/transformando-indaiatuba-projetos-de-construcao-que-fazem-a-diferenca\/\"]}]},{\"@type\":\"BreadcrumbList\",\"@id\":\"https:\/\/acoi.com.br\/conteudocorp\/transformando-indaiatuba-projetos-de-construcao-que-fazem-a-diferenca\/#breadcrumb\",\"itemListElement\":[{\"@type\":\"ListItem\",\"position\":1,\"name\":\"Home\",\"item\":\"https:\/\/acoi.com.br\/conteudocorp\/\"},{\"@type\":\"ListItem\",\"position\":2,\"name\":\"Transformando Indaiatuba: Projetos de Constru\u00e7\u00e3o que Fazem a Diferen\u00e7a\"}]},{\"@type\":\"WebSite\",\"@id\":\"https:\/\/acoi.com.br\/conteudocorp\/#website\",\"url\":\"https:\/\/acoi.com.br\/conteudocorp\/\",\"name\":\"Acoi Corp\",\"description\":\"\",\"potentialAction\":[{\"@type\":\"SearchAction\",\"target\":{\"@type\":\"EntryPoint\",\"urlTemplate\":\"https:\/\/acoi.com.br\/conteudocorp\/?s={search_term_string}\"},\"query-input\":{\"@type\":\"PropertyValueSpecification\",\"valueRequired\":true,\"valueName\":\"search_term_string\"}}],\"inLanguage\":\"pt-BR\"}]}<\/script>\n<!-- \/ Yoast SEO plugin. -->","yoast_head_json":{"title":"Acoi: L\u00edder em Projetos de Constru\u00e7\u00e3o em Indaiatuba","description":"Descubra como a Acoi se destaca em projetos de constru\u00e7\u00e3o em Indaiatuba, oferecendo inova\u00e7\u00e3o, qualidade e sustentabilidade em cada obra.","robots":{"index":"index","follow":"follow","max-snippet":"max-snippet:-1","max-image-preview":"max-image-preview:large","max-video-preview":"max-video-preview:-1"},"canonical":"https:\/\/acoi.com.br\/conteudocorp\/transformando-indaiatuba-projetos-de-construcao-que-fazem-a-diferenca\/","og_locale":"pt_BR","og_type":"article","og_title":"Acoi: L\u00edder em Projetos de Constru\u00e7\u00e3o em Indaiatuba","og_description":"Descubra como a Acoi se destaca em projetos de constru\u00e7\u00e3o em Indaiatuba, oferecendo inova\u00e7\u00e3o, qualidade e sustentabilidade em cada obra.","og_url":"https:\/\/acoi.com.br\/conteudocorp\/transformando-indaiatuba-projetos-de-construcao-que-fazem-a-diferenca\/","og_site_name":"Acoi Corp","twitter_card":"summary_large_image","schema":{"@context":"https:\/\/schema.org","@graph":[{"@type":"WebPage","@id":"https:\/\/acoi.com.br\/conteudocorp\/transformando-indaiatuba-projetos-de-construcao-que-fazem-a-diferenca\/","url":"https:\/\/acoi.com.br\/conteudocorp\/transformando-indaiatuba-projetos-de-construcao-que-fazem-a-diferenca\/","name":"Acoi: L\u00edder em Projetos de Constru\u00e7\u00e3o em Indaiatuba","isPartOf":{"@id":"https:\/\/acoi.com.br\/conteudocorp\/#website"},"datePublished":"2025-02-18T09:46:08+00:00","dateModified":"2025-02-18T09:46:08+00:00","description":"Descubra como a Acoi se destaca em projetos de constru\u00e7\u00e3o em Indaiatuba, oferecendo inova\u00e7\u00e3o, qualidade e sustentabilidade em cada obra.","breadcrumb":{"@id":"https:\/\/acoi.com.br\/conteudocorp\/transformando-indaiatuba-projetos-de-construcao-que-fazem-a-diferenca\/#breadcrumb"},"inLanguage":"pt-BR","potentialAction":[{"@type":"ReadAction","target":["https:\/\/acoi.com.br\/conteudocorp\/transformando-indaiatuba-projetos-de-construcao-que-fazem-a-diferenca\/"]}]},{"@type":"BreadcrumbList","@id":"https:\/\/acoi.com.br\/conteudocorp\/transformando-indaiatuba-projetos-de-construcao-que-fazem-a-diferenca\/#breadcrumb","itemListElement":[{"@type":"ListItem","position":1,"name":"Home","item":"https:\/\/acoi.com.br\/conteudocorp\/"},{"@type":"ListItem","position":2,"name":"Transformando Indaiatuba: Projetos de Constru\u00e7\u00e3o que Fazem a Diferen\u00e7a"}]},{"@type":"WebSite","@id":"https:\/\/acoi.com.br\/conteudocorp\/#website","url":"https:\/\/acoi.com.br\/conteudocorp\/","name":"Acoi Corp","description":"","potentialAction":[{"@type":"SearchAction","target":{"@type":"EntryPoint","urlTemplate":"https:\/\/acoi.com.br\/conteudocorp\/?s={search_term_string}"},"query-input":{"@type":"PropertyValueSpecification","valueRequired":true,"valueName":"search_term_string"}}],"inLanguage":"pt-BR"}]}},"_links":{"self":[{"href":"https:\/\/acoi.com.br\/conteudocorp\/wp-json\/wp\/v2\/pages\/1066","targetHints":{"allow":["GET"]}}],"collection":[{"href":"https:\/\/acoi.com.br\/conteudocorp\/wp-json\/wp\/v2\/pages"}],"about":[{"href":"https:\/\/acoi.com.br\/conteudocorp\/wp-json\/wp\/v2\/types\/page"}],"author":[{"embeddable":true,"href":"https:\/\/acoi.com.br\/conteudocorp\/wp-json\/wp\/v2\/users\/3"}],"replies":[{"embeddable":true,"href":"https:\/\/acoi.com.br\/conteudocorp\/wp-json\/wp\/v2\/comments?post=1066"}],"version-history":[{"count":0,"href":"https:\/\/acoi.com.br\/conteudocorp\/wp-json\/wp\/v2\/pages\/1066\/revisions"}],"wp:attachment":[{"href":"https:\/\/acoi.com.br\/conteudocorp\/wp-json\/wp\/v2\/media?parent=1066"}],"curies":[{"name":"wp","href":"https:\/\/api.w.org\/{rel}","templated":true}]}}