{"id":10827,"date":"2025-03-17T21:40:41","date_gmt":"2025-03-17T21:40:41","guid":{"rendered":"https:\/\/acoi.com.br\/conteudocorp\/galpoes-industriais-em-vinhedo-construindo-o-futuro-dos-negocios\/"},"modified":"2025-03-17T21:40:41","modified_gmt":"2025-03-17T21:40:41","slug":"galpoes-industriais-em-vinhedo-construindo-o-futuro-dos-negocios","status":"publish","type":"page","link":"https:\/\/acoi.com.br\/conteudocorp\/galpoes-industriais-em-vinhedo-construindo-o-futuro-dos-negocios\/","title":{"rendered":"Galp\u00f5es Industriais em Vinhedo: Construindo o Futuro dos Neg\u00f3cios"},"content":{"rendered":"<p><strong>Por que escolher galp\u00f5es industriais em Vinhedo?<\/strong> Vinhedo \u00e9 uma cidade em ascens\u00e3o, e investir em galp\u00f5es industriais aqui significa acessar um mercado em constante crescimento. Com diversas op\u00e7\u00f5es de locais e tamanhos, os galp\u00f5es na regi\u00e3o atendem desde pequenas a grandes empresas. A infraestrutura que Vinhedo oferece, como boas estradas e servi\u00e7os p\u00fablicos, favorece a instala\u00e7\u00e3o e opera\u00e7\u00e3o de ind\u00fastrias. Al\u00e9m disso, a tecnologia incorporada na constru\u00e7\u00e3o dos galp\u00f5es da Acoi representa uma vantagem competitiva no mercado. <strong>Versatilidade e Modernidade<\/strong> s\u00e3o caracter\u00edsticas essenciais, permitindo que os empreendimentos se ajustem \u00e0s demandas din\u00e2micas do setor. Nossa equipe de especialistas garante que cada projeto seja concebido com qualidade t\u00e9cnica e um olhar atento \u00e0s tend\u00eancias sustent\u00e1veis de constru\u00e7\u00e3o. Com protocolos r\u00edgidos de seguran\u00e7a e excel\u00eancia, a Acoi se posiciona como a melhor op\u00e7\u00e3o em galp\u00f5es industriais na regi\u00e3o, unindo tecnologia e inova\u00e7\u00e3o para entregar solu\u00e7\u00f5es que v\u00e3o al\u00e9m das expectativas. Cada galp\u00e3o \u00e9 um investimento s\u00f3lido em um futuro promissor para os neg\u00f3cios.<\/p>\n","protected":false},"excerpt":{"rendered":"<p>Por que escolher galp\u00f5es industriais em Vinhedo? Vinhedo \u00e9 uma cidade em ascens\u00e3o, e investir em galp\u00f5es industriais aqui significa acessar um mercado em constante crescimento. Com diversas op\u00e7\u00f5es de locais e tamanhos, os galp\u00f5es na regi\u00e3o atendem desde pequenas a grandes empresas. A infraestrutura que Vinhedo oferece, como boas estradas e servi\u00e7os p\u00fablicos, favorece&hellip;&nbsp;<a href=\"https:\/\/acoi.com.br\/conteudocorp\/galpoes-industriais-em-vinhedo-construindo-o-futuro-dos-negocios\/\" class=\"\" rel=\"bookmark\">Continue a ler &raquo;<span class=\"screen-reader-text\">Galp\u00f5es Industriais em Vinhedo: Construindo o Futuro dos Neg\u00f3cios<\/span><\/a><\/p>\n","protected":false},"author":3,"featured_media":0,"parent":0,"menu_order":0,"comment_status":"closed","ping_status":"closed","template":"","meta":{"_acf_changed":false,"_yoast_wpseo_focuskw":"Galp\u00f5es Industriais em Vinhedo","_yoast_wpseo_title":"Galp\u00f5es Industriais em Vinhedo: A Acoi \u00e9 Sua Melhor Op\u00e7\u00e3o","_yoast_wpseo_metadesc":"Descubra por que os galp\u00f5es industriais em Vinhedo s\u00e3o a melhor escolha para o seu neg\u00f3cio. Conhe\u00e7a a Acoi, refer\u00eancia em constru\u00e7\u00e3o.","neve_meta_sidebar":"","neve_meta_container":"","neve_meta_enable_content_width":"","neve_meta_content_width":0,"neve_meta_title_alignment":"","neve_meta_author_avatar":"","neve_post_elements_order":"","neve_meta_disable_header":"","neve_meta_disable_footer":"","neve_meta_disable_title":"","footnotes":""},"class_list":["post-10827","page","type-page","status-publish","hentry"],"acf":{"introducao":"","conceitos_fundamentais":"","como_funciona":"","como_aplicar_no_dia_a_dia":"","principais_utilizacoes_e_beneficios":"","tipos_e_classificacoes":"","tecnologias_e_ferramentas_relacionadas":"","exemplos_e_casos_de_sucesso":"","mitos_e_verdades":"","perguntas_frequentes_faq":"","erros_comuns_e_como_evita-los":"","futuro_e_tendencias":"","conclusao":"","bloco1title":"Localiza\u00e7\u00e3o Estrat\u00e9gica","bloco1text":"Os galp\u00f5es em Vinhedo s\u00e3o estrategicamente posicionados, facilitando o acesso a importantes rodovias e centros urbanos, potencializando sua log\u00edstica.","bloco2title":"Sustentabilidade Integrada","bloco2text":"A Acoi utiliza pr\u00e1ticas sustent\u00e1veis em seus projetos, garantindo que os galp\u00f5es industriais sejam funcionais e respeitem o meio ambiente.","bloco3title":"Inova\u00e7\u00e3o em Constru\u00e7\u00e3o","bloco3text":"Os galp\u00f5es industriais da Acoi s\u00e3o projetados com tecnologia de ponta, proporcionando espa\u00e7os adapt\u00e1veis e modernos que atendem \u00e0s necessidades do mercado atual.","insightwidtitle":"Curiosidades sobre Vinhedo e seus Galp\u00f5es","insightwidcontent":"Vinhedo, al\u00e9m de ser um polo industrial, possui um forte setor de com\u00e9rcio e servi\u00e7os. A variedade de galp\u00f5es na cidade reflete a diversidade econ\u00f4mica da regi\u00e3o, que atrai empresas de diferentes segmentos. O crescimento acelerado de Vinhedo faz dela uma escolha atraente para empreendedores que buscam expandir os seus neg\u00f3cios, aproveitando a infraestrutura dispon\u00edvel e a qualidade de vida da cidade."},"yoast_head":"<!-- This site is optimized with the Yoast SEO plugin v23.4 - https:\/\/yoast.com\/wordpress\/plugins\/seo\/ -->\n<title>Galp\u00f5es Industriais em Vinhedo: A Acoi \u00e9 Sua Melhor Op\u00e7\u00e3o<\/title>\n<meta name=\"description\" content=\"Descubra por que os galp\u00f5es industriais em Vinhedo s\u00e3o a melhor escolha para o seu neg\u00f3cio. Conhe\u00e7a a Acoi, refer\u00eancia em constru\u00e7\u00e3o.\" \/>\n<meta name=\"robots\" content=\"index, follow, max-snippet:-1, max-image-preview:large, max-video-preview:-1\" \/>\n<link rel=\"canonical\" href=\"https:\/\/acoi.com.br\/conteudocorp\/galpoes-industriais-em-vinhedo-construindo-o-futuro-dos-negocios\/\" \/>\n<meta property=\"og:locale\" content=\"pt_BR\" \/>\n<meta property=\"og:type\" content=\"article\" \/>\n<meta property=\"og:title\" content=\"Galp\u00f5es Industriais em Vinhedo: A Acoi \u00e9 Sua Melhor Op\u00e7\u00e3o\" \/>\n<meta property=\"og:description\" content=\"Descubra por que os galp\u00f5es industriais em Vinhedo s\u00e3o a melhor escolha para o seu neg\u00f3cio. Conhe\u00e7a a Acoi, refer\u00eancia em constru\u00e7\u00e3o.\" \/>\n<meta property=\"og:url\" content=\"https:\/\/acoi.com.br\/conteudocorp\/galpoes-industriais-em-vinhedo-construindo-o-futuro-dos-negocios\/\" \/>\n<meta property=\"og:site_name\" content=\"Acoi Corp\" \/>\n<meta name=\"twitter:card\" content=\"summary_large_image\" \/>\n<meta name=\"twitter:label1\" content=\"Est. tempo de leitura\" \/>\n\t<meta name=\"twitter:data1\" content=\"1 minuto\" \/>\n<script type=\"application\/ld+json\" class=\"yoast-schema-graph\">{\"@context\":\"https:\/\/schema.org\",\"@graph\":[{\"@type\":\"WebPage\",\"@id\":\"https:\/\/acoi.com.br\/conteudocorp\/galpoes-industriais-em-vinhedo-construindo-o-futuro-dos-negocios\/\",\"url\":\"https:\/\/acoi.com.br\/conteudocorp\/galpoes-industriais-em-vinhedo-construindo-o-futuro-dos-negocios\/\",\"name\":\"Galp\u00f5es Industriais em Vinhedo: A Acoi \u00e9 Sua Melhor Op\u00e7\u00e3o\",\"isPartOf\":{\"@id\":\"https:\/\/acoi.com.br\/conteudocorp\/#website\"},\"datePublished\":\"2025-03-17T21:40:41+00:00\",\"dateModified\":\"2025-03-17T21:40:41+00:00\",\"description\":\"Descubra por que os galp\u00f5es industriais em Vinhedo s\u00e3o a melhor escolha para o seu neg\u00f3cio. Conhe\u00e7a a Acoi, refer\u00eancia em constru\u00e7\u00e3o.\",\"breadcrumb\":{\"@id\":\"https:\/\/acoi.com.br\/conteudocorp\/galpoes-industriais-em-vinhedo-construindo-o-futuro-dos-negocios\/#breadcrumb\"},\"inLanguage\":\"pt-BR\",\"potentialAction\":[{\"@type\":\"ReadAction\",\"target\":[\"https:\/\/acoi.com.br\/conteudocorp\/galpoes-industriais-em-vinhedo-construindo-o-futuro-dos-negocios\/\"]}]},{\"@type\":\"BreadcrumbList\",\"@id\":\"https:\/\/acoi.com.br\/conteudocorp\/galpoes-industriais-em-vinhedo-construindo-o-futuro-dos-negocios\/#breadcrumb\",\"itemListElement\":[{\"@type\":\"ListItem\",\"position\":1,\"name\":\"Home\",\"item\":\"https:\/\/acoi.com.br\/conteudocorp\/\"},{\"@type\":\"ListItem\",\"position\":2,\"name\":\"Galp\u00f5es Industriais em Vinhedo: Construindo o Futuro dos Neg\u00f3cios\"}]},{\"@type\":\"WebSite\",\"@id\":\"https:\/\/acoi.com.br\/conteudocorp\/#website\",\"url\":\"https:\/\/acoi.com.br\/conteudocorp\/\",\"name\":\"Acoi Corp\",\"description\":\"\",\"potentialAction\":[{\"@type\":\"SearchAction\",\"target\":{\"@type\":\"EntryPoint\",\"urlTemplate\":\"https:\/\/acoi.com.br\/conteudocorp\/?s={search_term_string}\"},\"query-input\":{\"@type\":\"PropertyValueSpecification\",\"valueRequired\":true,\"valueName\":\"search_term_string\"}}],\"inLanguage\":\"pt-BR\"}]}<\/script>\n<!-- \/ Yoast SEO plugin. -->","yoast_head_json":{"title":"Galp\u00f5es Industriais em Vinhedo: A Acoi \u00e9 Sua Melhor Op\u00e7\u00e3o","description":"Descubra por que os galp\u00f5es industriais em Vinhedo s\u00e3o a melhor escolha para o seu neg\u00f3cio. Conhe\u00e7a a Acoi, refer\u00eancia em constru\u00e7\u00e3o.","robots":{"index":"index","follow":"follow","max-snippet":"max-snippet:-1","max-image-preview":"max-image-preview:large","max-video-preview":"max-video-preview:-1"},"canonical":"https:\/\/acoi.com.br\/conteudocorp\/galpoes-industriais-em-vinhedo-construindo-o-futuro-dos-negocios\/","og_locale":"pt_BR","og_type":"article","og_title":"Galp\u00f5es Industriais em Vinhedo: A Acoi \u00e9 Sua Melhor Op\u00e7\u00e3o","og_description":"Descubra por que os galp\u00f5es industriais em Vinhedo s\u00e3o a melhor escolha para o seu neg\u00f3cio. Conhe\u00e7a a Acoi, refer\u00eancia em constru\u00e7\u00e3o.","og_url":"https:\/\/acoi.com.br\/conteudocorp\/galpoes-industriais-em-vinhedo-construindo-o-futuro-dos-negocios\/","og_site_name":"Acoi Corp","twitter_card":"summary_large_image","twitter_misc":{"Est. tempo de leitura":"1 minuto"},"schema":{"@context":"https:\/\/schema.org","@graph":[{"@type":"WebPage","@id":"https:\/\/acoi.com.br\/conteudocorp\/galpoes-industriais-em-vinhedo-construindo-o-futuro-dos-negocios\/","url":"https:\/\/acoi.com.br\/conteudocorp\/galpoes-industriais-em-vinhedo-construindo-o-futuro-dos-negocios\/","name":"Galp\u00f5es Industriais em Vinhedo: A Acoi \u00e9 Sua Melhor Op\u00e7\u00e3o","isPartOf":{"@id":"https:\/\/acoi.com.br\/conteudocorp\/#website"},"datePublished":"2025-03-17T21:40:41+00:00","dateModified":"2025-03-17T21:40:41+00:00","description":"Descubra por que os galp\u00f5es industriais em Vinhedo s\u00e3o a melhor escolha para o seu neg\u00f3cio. Conhe\u00e7a a Acoi, refer\u00eancia em constru\u00e7\u00e3o.","breadcrumb":{"@id":"https:\/\/acoi.com.br\/conteudocorp\/galpoes-industriais-em-vinhedo-construindo-o-futuro-dos-negocios\/#breadcrumb"},"inLanguage":"pt-BR","potentialAction":[{"@type":"ReadAction","target":["https:\/\/acoi.com.br\/conteudocorp\/galpoes-industriais-em-vinhedo-construindo-o-futuro-dos-negocios\/"]}]},{"@type":"BreadcrumbList","@id":"https:\/\/acoi.com.br\/conteudocorp\/galpoes-industriais-em-vinhedo-construindo-o-futuro-dos-negocios\/#breadcrumb","itemListElement":[{"@type":"ListItem","position":1,"name":"Home","item":"https:\/\/acoi.com.br\/conteudocorp\/"},{"@type":"ListItem","position":2,"name":"Galp\u00f5es Industriais em Vinhedo: Construindo o Futuro dos Neg\u00f3cios"}]},{"@type":"WebSite","@id":"https:\/\/acoi.com.br\/conteudocorp\/#website","url":"https:\/\/acoi.com.br\/conteudocorp\/","name":"Acoi Corp","description":"","potentialAction":[{"@type":"SearchAction","target":{"@type":"EntryPoint","urlTemplate":"https:\/\/acoi.com.br\/conteudocorp\/?s={search_term_string}"},"query-input":{"@type":"PropertyValueSpecification","valueRequired":true,"valueName":"search_term_string"}}],"inLanguage":"pt-BR"}]}},"_links":{"self":[{"href":"https:\/\/acoi.com.br\/conteudocorp\/wp-json\/wp\/v2\/pages\/10827","targetHints":{"allow":["GET"]}}],"collection":[{"href":"https:\/\/acoi.com.br\/conteudocorp\/wp-json\/wp\/v2\/pages"}],"about":[{"href":"https:\/\/acoi.com.br\/conteudocorp\/wp-json\/wp\/v2\/types\/page"}],"author":[{"embeddable":true,"href":"https:\/\/acoi.com.br\/conteudocorp\/wp-json\/wp\/v2\/users\/3"}],"replies":[{"embeddable":true,"href":"https:\/\/acoi.com.br\/conteudocorp\/wp-json\/wp\/v2\/comments?post=10827"}],"version-history":[{"count":0,"href":"https:\/\/acoi.com.br\/conteudocorp\/wp-json\/wp\/v2\/pages\/10827\/revisions"}],"wp:attachment":[{"href":"https:\/\/acoi.com.br\/conteudocorp\/wp-json\/wp\/v2\/media?parent=10827"}],"curies":[{"name":"wp","href":"https:\/\/api.w.org\/{rel}","templated":true}]}}