{"id":10908,"date":"2025-03-18T01:30:43","date_gmt":"2025-03-18T01:30:43","guid":{"rendered":"https:\/\/acoi.com.br\/conteudocorp\/galpoes-industriais-em-indaiatuba-a-solucao-ideal-para-sua-empresa\/"},"modified":"2025-03-18T01:30:43","modified_gmt":"2025-03-18T01:30:43","slug":"galpoes-industriais-em-indaiatuba-a-solucao-ideal-para-sua-empresa","status":"publish","type":"page","link":"https:\/\/acoi.com.br\/conteudocorp\/galpoes-industriais-em-indaiatuba-a-solucao-ideal-para-sua-empresa\/","title":{"rendered":"Galp\u00f5es Industriais em Indaiatuba: A Solu\u00e7\u00e3o Ideal para Sua Empresa"},"content":{"rendered":"<p><strong>Aumento da Demanda<\/strong><br \/>\nNos \u00faltimos anos, Indaiatuba se consolidou como um importante centro industrial, atraindo empresas de diferentes setores. O crescimento da infraestrutura na regi\u00e3o, com acesso facilitado a rodovias e centros log\u00edsticos, torna a constru\u00e7\u00e3o de galp\u00f5es industriais uma necessidade crescente.<\/p>\n<p><strong>Experi\u00eancia Acoi<\/strong><br \/>\nCom mais de 100 mil m\u00b2 constru\u00eddos, a Acoi se destaca pela excel\u00eancia em constru\u00e7\u00e3o civil. Nossa equipe altamente qualificada garante que cada projeto atenda n\u00e3o apenas \u00e0s expectativas de prazo, mas tamb\u00e9m aos rigorosos padr\u00f5es de qualidade. Utilizamos tecnologias de ponta que asseguram a funcionalidade e a sustentabilidade dos espa\u00e7os.<\/p>\n<p><strong>Espa\u00e7os Personalizados<\/strong><br \/>\nEntendemos que cada empresa tem suas particularidades. Por isso, nossos galp\u00f5es s\u00e3o projetados sob medida para atender demandas espec\u00edficas, seja em \u00e1rea, layout ou infraestrutura. Com planos de constru\u00e7\u00e3o estrat\u00e9gica, possibilitamos a cria\u00e7\u00e3o de ambientes que favorecem a produtividade.<\/p>\n<p><strong>Compromisso e Transpar\u00eancia<\/strong><br \/>\nNa Acoi, a confian\u00e7a \u00e9 fundamental. Nossa abordagem transparente e o compromisso com a seguran\u00e7a refletem nosso respeito pelas parcerias que constru\u00edmos ao longo dos anos. Ao escolher nossos servi\u00e7os, voc\u00ea garante que seu projeto ser\u00e1 tratado com a seriedade e dedica\u00e7\u00e3o que ele merece.<\/p>\n","protected":false},"excerpt":{"rendered":"<p>Aumento da Demanda Nos \u00faltimos anos, Indaiatuba se consolidou como um importante centro industrial, atraindo empresas de diferentes setores. O crescimento da infraestrutura na regi\u00e3o, com acesso facilitado a rodovias e centros log\u00edsticos, torna a constru\u00e7\u00e3o de galp\u00f5es industriais uma necessidade crescente. Experi\u00eancia Acoi Com mais de 100 mil m\u00b2 constru\u00eddos, a Acoi se destaca&hellip;&nbsp;<a href=\"https:\/\/acoi.com.br\/conteudocorp\/galpoes-industriais-em-indaiatuba-a-solucao-ideal-para-sua-empresa\/\" class=\"\" rel=\"bookmark\">Continue a ler &raquo;<span class=\"screen-reader-text\">Galp\u00f5es Industriais em Indaiatuba: A Solu\u00e7\u00e3o Ideal para Sua Empresa<\/span><\/a><\/p>\n","protected":false},"author":3,"featured_media":0,"parent":0,"menu_order":0,"comment_status":"closed","ping_status":"closed","template":"","meta":{"_acf_changed":false,"_yoast_wpseo_focuskw":"galp\u00f5es industriais em Indaiatuba","_yoast_wpseo_title":"Galp\u00f5es Industriais em Indaiatuba: Acoi Constru\u00e7\u00e3o e Qualidade","_yoast_wpseo_metadesc":"Descubra como a Acoi pode ser a melhor escolha na constru\u00e7\u00e3o de galp\u00f5es industriais em Indaiatuba, mantendo compromisso com a qualidade, prazos e sustentabilidade.","neve_meta_sidebar":"","neve_meta_container":"","neve_meta_enable_content_width":"","neve_meta_content_width":0,"neve_meta_title_alignment":"","neve_meta_author_avatar":"","neve_post_elements_order":"","neve_meta_disable_header":"","neve_meta_disable_footer":"","neve_meta_disable_title":"","footnotes":""},"class_list":["post-10908","page","type-page","status-publish","hentry"],"acf":{"introducao":"","conceitos_fundamentais":"","como_funciona":"","como_aplicar_no_dia_a_dia":"","principais_utilizacoes_e_beneficios":"","tipos_e_classificacoes":"","tecnologias_e_ferramentas_relacionadas":"","exemplos_e_casos_de_sucesso":"","mitos_e_verdades":"","perguntas_frequentes_faq":"","erros_comuns_e_como_evita-los":"","futuro_e_tendencias":"","conclusao":"","bloco1title":"Constru\u00e7\u00e3o R\u00e1pida","bloco1text":"Na Acoi, prezamos pela agilidade da obra, sem comprometer a qualidade e a seguran\u00e7a. Nossos prazos s\u00e3o rigorosamente cumpridos, garantindo que voc\u00ea comece suas opera\u00e7\u00f5es rapidamente.","bloco2title":"Sustentabilidade","bloco2text":"Nossos galp\u00f5es s\u00e3o projetados para serem sustent\u00e1veis, com solu\u00e7\u00f5es tecnol\u00f3gicas que reduzem o impacto ambiental e os custos operacionais.","bloco3title":"Insights sobre Indaiatuba","bloco3text":"Indaiatuba \u00e9 um polo industrial em crescimento, oferecendo localiza\u00e7\u00e3o estrat\u00e9gica e infraestrutura adequada para diferentes setores. Com a Acoi, voc\u00ea investe em um futuro promissor na cidade.","insightwidtitle":"Curiosidades sobre Indaiatuba","insightwidcontent":"Indaiatuba \u00e9 conhecida por abrigar diversas ind\u00fastrias e ser um hub log\u00edstico no interior de S\u00e3o Paulo. A cidade conta com um sistema de transporte eficaz e um parque industrial que n\u00e3o para de crescer. Essa evolu\u00e7\u00e3o cont\u00ednua oferta grandes oportunidades de neg\u00f3cios, especialmente para empresas que buscam galp\u00f5es industriais bem localizados e modernos."},"yoast_head":"<!-- This site is optimized with the Yoast SEO plugin v23.4 - https:\/\/yoast.com\/wordpress\/plugins\/seo\/ -->\n<title>Galp\u00f5es Industriais em Indaiatuba: Acoi Constru\u00e7\u00e3o e Qualidade<\/title>\n<meta name=\"description\" content=\"Descubra como a Acoi pode ser a melhor escolha na constru\u00e7\u00e3o de galp\u00f5es industriais em Indaiatuba, mantendo compromisso com a qualidade, prazos e sustentabilidade.\" \/>\n<meta name=\"robots\" content=\"index, follow, max-snippet:-1, max-image-preview:large, max-video-preview:-1\" \/>\n<link rel=\"canonical\" href=\"https:\/\/acoi.com.br\/conteudocorp\/galpoes-industriais-em-indaiatuba-a-solucao-ideal-para-sua-empresa\/\" \/>\n<meta property=\"og:locale\" content=\"pt_BR\" \/>\n<meta property=\"og:type\" content=\"article\" \/>\n<meta property=\"og:title\" content=\"Galp\u00f5es Industriais em Indaiatuba: Acoi Constru\u00e7\u00e3o e Qualidade\" \/>\n<meta property=\"og:description\" content=\"Descubra como a Acoi pode ser a melhor escolha na constru\u00e7\u00e3o de galp\u00f5es industriais em Indaiatuba, mantendo compromisso com a qualidade, prazos e sustentabilidade.\" \/>\n<meta property=\"og:url\" content=\"https:\/\/acoi.com.br\/conteudocorp\/galpoes-industriais-em-indaiatuba-a-solucao-ideal-para-sua-empresa\/\" \/>\n<meta property=\"og:site_name\" content=\"Acoi Corp\" \/>\n<meta name=\"twitter:card\" content=\"summary_large_image\" \/>\n<meta name=\"twitter:label1\" content=\"Est. tempo de leitura\" \/>\n\t<meta name=\"twitter:data1\" content=\"1 minuto\" \/>\n<script type=\"application\/ld+json\" class=\"yoast-schema-graph\">{\"@context\":\"https:\/\/schema.org\",\"@graph\":[{\"@type\":\"WebPage\",\"@id\":\"https:\/\/acoi.com.br\/conteudocorp\/galpoes-industriais-em-indaiatuba-a-solucao-ideal-para-sua-empresa\/\",\"url\":\"https:\/\/acoi.com.br\/conteudocorp\/galpoes-industriais-em-indaiatuba-a-solucao-ideal-para-sua-empresa\/\",\"name\":\"Galp\u00f5es Industriais em Indaiatuba: Acoi Constru\u00e7\u00e3o e Qualidade\",\"isPartOf\":{\"@id\":\"https:\/\/acoi.com.br\/conteudocorp\/#website\"},\"datePublished\":\"2025-03-18T01:30:43+00:00\",\"dateModified\":\"2025-03-18T01:30:43+00:00\",\"description\":\"Descubra como a Acoi pode ser a melhor escolha na constru\u00e7\u00e3o de galp\u00f5es industriais em Indaiatuba, mantendo compromisso com a qualidade, prazos e sustentabilidade.\",\"breadcrumb\":{\"@id\":\"https:\/\/acoi.com.br\/conteudocorp\/galpoes-industriais-em-indaiatuba-a-solucao-ideal-para-sua-empresa\/#breadcrumb\"},\"inLanguage\":\"pt-BR\",\"potentialAction\":[{\"@type\":\"ReadAction\",\"target\":[\"https:\/\/acoi.com.br\/conteudocorp\/galpoes-industriais-em-indaiatuba-a-solucao-ideal-para-sua-empresa\/\"]}]},{\"@type\":\"BreadcrumbList\",\"@id\":\"https:\/\/acoi.com.br\/conteudocorp\/galpoes-industriais-em-indaiatuba-a-solucao-ideal-para-sua-empresa\/#breadcrumb\",\"itemListElement\":[{\"@type\":\"ListItem\",\"position\":1,\"name\":\"Home\",\"item\":\"https:\/\/acoi.com.br\/conteudocorp\/\"},{\"@type\":\"ListItem\",\"position\":2,\"name\":\"Galp\u00f5es Industriais em Indaiatuba: A Solu\u00e7\u00e3o Ideal para Sua Empresa\"}]},{\"@type\":\"WebSite\",\"@id\":\"https:\/\/acoi.com.br\/conteudocorp\/#website\",\"url\":\"https:\/\/acoi.com.br\/conteudocorp\/\",\"name\":\"Acoi Corp\",\"description\":\"\",\"potentialAction\":[{\"@type\":\"SearchAction\",\"target\":{\"@type\":\"EntryPoint\",\"urlTemplate\":\"https:\/\/acoi.com.br\/conteudocorp\/?s={search_term_string}\"},\"query-input\":{\"@type\":\"PropertyValueSpecification\",\"valueRequired\":true,\"valueName\":\"search_term_string\"}}],\"inLanguage\":\"pt-BR\"}]}<\/script>\n<!-- \/ Yoast SEO plugin. -->","yoast_head_json":{"title":"Galp\u00f5es Industriais em Indaiatuba: Acoi Constru\u00e7\u00e3o e Qualidade","description":"Descubra como a Acoi pode ser a melhor escolha na constru\u00e7\u00e3o de galp\u00f5es industriais em Indaiatuba, mantendo compromisso com a qualidade, prazos e sustentabilidade.","robots":{"index":"index","follow":"follow","max-snippet":"max-snippet:-1","max-image-preview":"max-image-preview:large","max-video-preview":"max-video-preview:-1"},"canonical":"https:\/\/acoi.com.br\/conteudocorp\/galpoes-industriais-em-indaiatuba-a-solucao-ideal-para-sua-empresa\/","og_locale":"pt_BR","og_type":"article","og_title":"Galp\u00f5es Industriais em Indaiatuba: Acoi Constru\u00e7\u00e3o e Qualidade","og_description":"Descubra como a Acoi pode ser a melhor escolha na constru\u00e7\u00e3o de galp\u00f5es industriais em Indaiatuba, mantendo compromisso com a qualidade, prazos e sustentabilidade.","og_url":"https:\/\/acoi.com.br\/conteudocorp\/galpoes-industriais-em-indaiatuba-a-solucao-ideal-para-sua-empresa\/","og_site_name":"Acoi Corp","twitter_card":"summary_large_image","twitter_misc":{"Est. tempo de leitura":"1 minuto"},"schema":{"@context":"https:\/\/schema.org","@graph":[{"@type":"WebPage","@id":"https:\/\/acoi.com.br\/conteudocorp\/galpoes-industriais-em-indaiatuba-a-solucao-ideal-para-sua-empresa\/","url":"https:\/\/acoi.com.br\/conteudocorp\/galpoes-industriais-em-indaiatuba-a-solucao-ideal-para-sua-empresa\/","name":"Galp\u00f5es Industriais em Indaiatuba: Acoi Constru\u00e7\u00e3o e Qualidade","isPartOf":{"@id":"https:\/\/acoi.com.br\/conteudocorp\/#website"},"datePublished":"2025-03-18T01:30:43+00:00","dateModified":"2025-03-18T01:30:43+00:00","description":"Descubra como a Acoi pode ser a melhor escolha na constru\u00e7\u00e3o de galp\u00f5es industriais em Indaiatuba, mantendo compromisso com a qualidade, prazos e sustentabilidade.","breadcrumb":{"@id":"https:\/\/acoi.com.br\/conteudocorp\/galpoes-industriais-em-indaiatuba-a-solucao-ideal-para-sua-empresa\/#breadcrumb"},"inLanguage":"pt-BR","potentialAction":[{"@type":"ReadAction","target":["https:\/\/acoi.com.br\/conteudocorp\/galpoes-industriais-em-indaiatuba-a-solucao-ideal-para-sua-empresa\/"]}]},{"@type":"BreadcrumbList","@id":"https:\/\/acoi.com.br\/conteudocorp\/galpoes-industriais-em-indaiatuba-a-solucao-ideal-para-sua-empresa\/#breadcrumb","itemListElement":[{"@type":"ListItem","position":1,"name":"Home","item":"https:\/\/acoi.com.br\/conteudocorp\/"},{"@type":"ListItem","position":2,"name":"Galp\u00f5es Industriais em Indaiatuba: A Solu\u00e7\u00e3o Ideal para Sua Empresa"}]},{"@type":"WebSite","@id":"https:\/\/acoi.com.br\/conteudocorp\/#website","url":"https:\/\/acoi.com.br\/conteudocorp\/","name":"Acoi Corp","description":"","potentialAction":[{"@type":"SearchAction","target":{"@type":"EntryPoint","urlTemplate":"https:\/\/acoi.com.br\/conteudocorp\/?s={search_term_string}"},"query-input":{"@type":"PropertyValueSpecification","valueRequired":true,"valueName":"search_term_string"}}],"inLanguage":"pt-BR"}]}},"_links":{"self":[{"href":"https:\/\/acoi.com.br\/conteudocorp\/wp-json\/wp\/v2\/pages\/10908","targetHints":{"allow":["GET"]}}],"collection":[{"href":"https:\/\/acoi.com.br\/conteudocorp\/wp-json\/wp\/v2\/pages"}],"about":[{"href":"https:\/\/acoi.com.br\/conteudocorp\/wp-json\/wp\/v2\/types\/page"}],"author":[{"embeddable":true,"href":"https:\/\/acoi.com.br\/conteudocorp\/wp-json\/wp\/v2\/users\/3"}],"replies":[{"embeddable":true,"href":"https:\/\/acoi.com.br\/conteudocorp\/wp-json\/wp\/v2\/comments?post=10908"}],"version-history":[{"count":0,"href":"https:\/\/acoi.com.br\/conteudocorp\/wp-json\/wp\/v2\/pages\/10908\/revisions"}],"wp:attachment":[{"href":"https:\/\/acoi.com.br\/conteudocorp\/wp-json\/wp\/v2\/media?parent=10908"}],"curies":[{"name":"wp","href":"https:\/\/api.w.org\/{rel}","templated":true}]}}