{"id":12729,"date":"2025-03-21T16:25:41","date_gmt":"2025-03-21T16:25:41","guid":{"rendered":"https:\/\/acoi.com.br\/conteudocorp\/galpoes-industriais-em-indaiatuba-a-solucao-ideal-para-seu-negocio-10\/"},"modified":"2025-03-21T16:25:41","modified_gmt":"2025-03-21T16:25:41","slug":"galpoes-industriais-em-indaiatuba-a-solucao-ideal-para-seu-negocio-10","status":"publish","type":"page","link":"https:\/\/acoi.com.br\/conteudocorp\/galpoes-industriais-em-indaiatuba-a-solucao-ideal-para-seu-negocio-10\/","title":{"rendered":"Galp\u00f5es Industriais em Indaiatuba: A Solu\u00e7\u00e3o Ideal para Seu Neg\u00f3cio"},"content":{"rendered":"<p><strong>Indaiatuba \u00e9 um dos principais centros industrial do Brasil<\/strong>, onde a constru\u00e7\u00e3o de galp\u00f5es industriais representa uma grande oportunidade para empresas que desejam expandir suas opera\u00e7\u00f5es. Na Acoi, n\u00f3s compreendemos que a constru\u00e7\u00e3o de um galp\u00e3o vai al\u00e9m de levantar paredes; \u00e9 sobre criar um espa\u00e7o que suporte o crescimento e a inova\u00e7\u00e3o do seu neg\u00f3cio. Com uma equipe altamente qualificada e experi\u00eancia no setor, nossos projetos s\u00e3o multiculturais e adapt\u00e1veis, assegurando instala\u00e7\u00f5es modernas e funcionais. <strong>Utilizamos tecnologia de ponta<\/strong> nas nossas obras, garantindo a qualidade e a sustentabilidade em cada projeto. Al\u00e9m disso, o cumprimento r\u00edgido de prazos \u00e9 um dos nossos grandes compromissos, o que gera confian\u00e7a e seguran\u00e7a aos nossos clientes. Ao optar pela Acoi, voc\u00ea est\u00e1 investindo em um futuro promissor para a sua ind\u00fastria, com galp\u00f5es que realmente atendem \u00e0s suas exig\u00eancias de opera\u00e7\u00e3o e produ\u00e7\u00e3o.<\/p>\n","protected":false},"excerpt":{"rendered":"<p>Indaiatuba \u00e9 um dos principais centros industrial do Brasil, onde a constru\u00e7\u00e3o de galp\u00f5es industriais representa uma grande oportunidade para empresas que desejam expandir suas opera\u00e7\u00f5es. Na Acoi, n\u00f3s compreendemos que a constru\u00e7\u00e3o de um galp\u00e3o vai al\u00e9m de levantar paredes; \u00e9 sobre criar um espa\u00e7o que suporte o crescimento e a inova\u00e7\u00e3o do seu&hellip;&nbsp;<a href=\"https:\/\/acoi.com.br\/conteudocorp\/galpoes-industriais-em-indaiatuba-a-solucao-ideal-para-seu-negocio-10\/\" class=\"\" rel=\"bookmark\">Continue a ler &raquo;<span class=\"screen-reader-text\">Galp\u00f5es Industriais em Indaiatuba: A Solu\u00e7\u00e3o Ideal para Seu Neg\u00f3cio<\/span><\/a><\/p>\n","protected":false},"author":3,"featured_media":0,"parent":0,"menu_order":0,"comment_status":"closed","ping_status":"closed","template":"","meta":{"_acf_changed":false,"_yoast_wpseo_focuskw":"Galp\u00f5es Industriais Indaiatuba","_yoast_wpseo_title":"Galp\u00f5es Industriais em Indaiatuba: A Acoi como sua Escolha Ideal","_yoast_wpseo_metadesc":"Descubra como construir galp\u00f5es industriais em Indaiatuba com a Acoi, refer\u00eancia em qualidade e inova\u00e7\u00e3o.","neve_meta_sidebar":"","neve_meta_container":"","neve_meta_enable_content_width":"","neve_meta_content_width":0,"neve_meta_title_alignment":"","neve_meta_author_avatar":"","neve_post_elements_order":"","neve_meta_disable_header":"","neve_meta_disable_footer":"","neve_meta_disable_title":"","footnotes":""},"class_list":["post-12729","page","type-page","status-publish","hentry"],"acf":{"introducao":"","conceitos_fundamentais":"","como_funciona":"","como_aplicar_no_dia_a_dia":"","principais_utilizacoes_e_beneficios":"","tipos_e_classificacoes":"","tecnologias_e_ferramentas_relacionadas":"","exemplos_e_casos_de_sucesso":"","mitos_e_verdades":"","perguntas_frequentes_faq":"","erros_comuns_e_como_evita-los":"","futuro_e_tendencias":"","conclusao":"","bloco1title":"Localiza\u00e7\u00e3o Estrat\u00e9gica","bloco1text":"Indaiatuba oferece uma localiza\u00e7\u00e3o privilegiada, facilitando a log\u00edstica e o acesso a grandes centros urbanos.","bloco2title":"Projetos Personalizados","bloco2text":"Adaptamos cada projeto \u00e0s necessidades do cliente, garantindo funcionalidade e efici\u00eancia.","bloco3title":"Investimento Sustent\u00e1vel","bloco3text":"Construir um galp\u00e3o industrial com a Acoi \u00e9 optar por solu\u00e7\u00f5es sustent\u00e1veis que reduzem custos e impactam positivamente o meio ambiente.","insightwidtitle":"Curiosidades sobre Galp\u00f5es Industriais","insightwidcontent":"Voc\u00ea sabia que ind\u00fastrias bem planejadas e com galp\u00f5es adequados podem aumentar sua produtividade em at\u00e9 40%? Al\u00e9m disso, muitas empresas t\u00eam adotado pr\u00e1ticas sustent\u00e1veis na constru\u00e7\u00e3o de espa\u00e7os industriais, reduzindo impactos ambientais e otimizando custos operacionais. Galp\u00f5es industriais modernos est\u00e3o equipados com tecnologia que monitora o consumo de energia e \u00e1gua, contribuindo para a efici\u00eancia e sustentabilidade do neg\u00f3cio."},"yoast_head":"<!-- This site is optimized with the Yoast SEO plugin v23.4 - https:\/\/yoast.com\/wordpress\/plugins\/seo\/ -->\n<title>Galp\u00f5es Industriais em Indaiatuba: A Acoi como sua Escolha Ideal<\/title>\n<meta name=\"description\" content=\"Descubra como construir galp\u00f5es industriais em Indaiatuba com a Acoi, refer\u00eancia em qualidade e inova\u00e7\u00e3o.\" \/>\n<meta name=\"robots\" content=\"index, follow, max-snippet:-1, max-image-preview:large, max-video-preview:-1\" \/>\n<link rel=\"canonical\" href=\"https:\/\/acoi.com.br\/conteudocorp\/galpoes-industriais-em-indaiatuba-a-solucao-ideal-para-seu-negocio-10\/\" \/>\n<meta property=\"og:locale\" content=\"pt_BR\" \/>\n<meta property=\"og:type\" content=\"article\" \/>\n<meta property=\"og:title\" content=\"Galp\u00f5es Industriais em Indaiatuba: A Acoi como sua Escolha Ideal\" \/>\n<meta property=\"og:description\" content=\"Descubra como construir galp\u00f5es industriais em Indaiatuba com a Acoi, refer\u00eancia em qualidade e inova\u00e7\u00e3o.\" \/>\n<meta property=\"og:url\" content=\"https:\/\/acoi.com.br\/conteudocorp\/galpoes-industriais-em-indaiatuba-a-solucao-ideal-para-seu-negocio-10\/\" \/>\n<meta property=\"og:site_name\" content=\"Acoi Corp\" \/>\n<meta name=\"twitter:card\" content=\"summary_large_image\" \/>\n<meta name=\"twitter:label1\" content=\"Est. tempo de leitura\" \/>\n\t<meta name=\"twitter:data1\" content=\"1 minuto\" \/>\n<script type=\"application\/ld+json\" class=\"yoast-schema-graph\">{\"@context\":\"https:\/\/schema.org\",\"@graph\":[{\"@type\":\"WebPage\",\"@id\":\"https:\/\/acoi.com.br\/conteudocorp\/galpoes-industriais-em-indaiatuba-a-solucao-ideal-para-seu-negocio-10\/\",\"url\":\"https:\/\/acoi.com.br\/conteudocorp\/galpoes-industriais-em-indaiatuba-a-solucao-ideal-para-seu-negocio-10\/\",\"name\":\"Galp\u00f5es Industriais em Indaiatuba: A Acoi como sua Escolha Ideal\",\"isPartOf\":{\"@id\":\"https:\/\/acoi.com.br\/conteudocorp\/#website\"},\"datePublished\":\"2025-03-21T16:25:41+00:00\",\"dateModified\":\"2025-03-21T16:25:41+00:00\",\"description\":\"Descubra como construir galp\u00f5es industriais em Indaiatuba com a Acoi, refer\u00eancia em qualidade e inova\u00e7\u00e3o.\",\"breadcrumb\":{\"@id\":\"https:\/\/acoi.com.br\/conteudocorp\/galpoes-industriais-em-indaiatuba-a-solucao-ideal-para-seu-negocio-10\/#breadcrumb\"},\"inLanguage\":\"pt-BR\",\"potentialAction\":[{\"@type\":\"ReadAction\",\"target\":[\"https:\/\/acoi.com.br\/conteudocorp\/galpoes-industriais-em-indaiatuba-a-solucao-ideal-para-seu-negocio-10\/\"]}]},{\"@type\":\"BreadcrumbList\",\"@id\":\"https:\/\/acoi.com.br\/conteudocorp\/galpoes-industriais-em-indaiatuba-a-solucao-ideal-para-seu-negocio-10\/#breadcrumb\",\"itemListElement\":[{\"@type\":\"ListItem\",\"position\":1,\"name\":\"Home\",\"item\":\"https:\/\/acoi.com.br\/conteudocorp\/\"},{\"@type\":\"ListItem\",\"position\":2,\"name\":\"Galp\u00f5es Industriais em Indaiatuba: A Solu\u00e7\u00e3o Ideal para Seu Neg\u00f3cio\"}]},{\"@type\":\"WebSite\",\"@id\":\"https:\/\/acoi.com.br\/conteudocorp\/#website\",\"url\":\"https:\/\/acoi.com.br\/conteudocorp\/\",\"name\":\"Acoi Corp\",\"description\":\"\",\"potentialAction\":[{\"@type\":\"SearchAction\",\"target\":{\"@type\":\"EntryPoint\",\"urlTemplate\":\"https:\/\/acoi.com.br\/conteudocorp\/?s={search_term_string}\"},\"query-input\":{\"@type\":\"PropertyValueSpecification\",\"valueRequired\":true,\"valueName\":\"search_term_string\"}}],\"inLanguage\":\"pt-BR\"}]}<\/script>\n<!-- \/ Yoast SEO plugin. -->","yoast_head_json":{"title":"Galp\u00f5es Industriais em Indaiatuba: A Acoi como sua Escolha Ideal","description":"Descubra como construir galp\u00f5es industriais em Indaiatuba com a Acoi, refer\u00eancia em qualidade e inova\u00e7\u00e3o.","robots":{"index":"index","follow":"follow","max-snippet":"max-snippet:-1","max-image-preview":"max-image-preview:large","max-video-preview":"max-video-preview:-1"},"canonical":"https:\/\/acoi.com.br\/conteudocorp\/galpoes-industriais-em-indaiatuba-a-solucao-ideal-para-seu-negocio-10\/","og_locale":"pt_BR","og_type":"article","og_title":"Galp\u00f5es Industriais em Indaiatuba: A Acoi como sua Escolha Ideal","og_description":"Descubra como construir galp\u00f5es industriais em Indaiatuba com a Acoi, refer\u00eancia em qualidade e inova\u00e7\u00e3o.","og_url":"https:\/\/acoi.com.br\/conteudocorp\/galpoes-industriais-em-indaiatuba-a-solucao-ideal-para-seu-negocio-10\/","og_site_name":"Acoi Corp","twitter_card":"summary_large_image","twitter_misc":{"Est. tempo de leitura":"1 minuto"},"schema":{"@context":"https:\/\/schema.org","@graph":[{"@type":"WebPage","@id":"https:\/\/acoi.com.br\/conteudocorp\/galpoes-industriais-em-indaiatuba-a-solucao-ideal-para-seu-negocio-10\/","url":"https:\/\/acoi.com.br\/conteudocorp\/galpoes-industriais-em-indaiatuba-a-solucao-ideal-para-seu-negocio-10\/","name":"Galp\u00f5es Industriais em Indaiatuba: A Acoi como sua Escolha Ideal","isPartOf":{"@id":"https:\/\/acoi.com.br\/conteudocorp\/#website"},"datePublished":"2025-03-21T16:25:41+00:00","dateModified":"2025-03-21T16:25:41+00:00","description":"Descubra como construir galp\u00f5es industriais em Indaiatuba com a Acoi, refer\u00eancia em qualidade e inova\u00e7\u00e3o.","breadcrumb":{"@id":"https:\/\/acoi.com.br\/conteudocorp\/galpoes-industriais-em-indaiatuba-a-solucao-ideal-para-seu-negocio-10\/#breadcrumb"},"inLanguage":"pt-BR","potentialAction":[{"@type":"ReadAction","target":["https:\/\/acoi.com.br\/conteudocorp\/galpoes-industriais-em-indaiatuba-a-solucao-ideal-para-seu-negocio-10\/"]}]},{"@type":"BreadcrumbList","@id":"https:\/\/acoi.com.br\/conteudocorp\/galpoes-industriais-em-indaiatuba-a-solucao-ideal-para-seu-negocio-10\/#breadcrumb","itemListElement":[{"@type":"ListItem","position":1,"name":"Home","item":"https:\/\/acoi.com.br\/conteudocorp\/"},{"@type":"ListItem","position":2,"name":"Galp\u00f5es Industriais em Indaiatuba: A Solu\u00e7\u00e3o Ideal para Seu Neg\u00f3cio"}]},{"@type":"WebSite","@id":"https:\/\/acoi.com.br\/conteudocorp\/#website","url":"https:\/\/acoi.com.br\/conteudocorp\/","name":"Acoi Corp","description":"","potentialAction":[{"@type":"SearchAction","target":{"@type":"EntryPoint","urlTemplate":"https:\/\/acoi.com.br\/conteudocorp\/?s={search_term_string}"},"query-input":{"@type":"PropertyValueSpecification","valueRequired":true,"valueName":"search_term_string"}}],"inLanguage":"pt-BR"}]}},"_links":{"self":[{"href":"https:\/\/acoi.com.br\/conteudocorp\/wp-json\/wp\/v2\/pages\/12729","targetHints":{"allow":["GET"]}}],"collection":[{"href":"https:\/\/acoi.com.br\/conteudocorp\/wp-json\/wp\/v2\/pages"}],"about":[{"href":"https:\/\/acoi.com.br\/conteudocorp\/wp-json\/wp\/v2\/types\/page"}],"author":[{"embeddable":true,"href":"https:\/\/acoi.com.br\/conteudocorp\/wp-json\/wp\/v2\/users\/3"}],"replies":[{"embeddable":true,"href":"https:\/\/acoi.com.br\/conteudocorp\/wp-json\/wp\/v2\/comments?post=12729"}],"version-history":[{"count":0,"href":"https:\/\/acoi.com.br\/conteudocorp\/wp-json\/wp\/v2\/pages\/12729\/revisions"}],"wp:attachment":[{"href":"https:\/\/acoi.com.br\/conteudocorp\/wp-json\/wp\/v2\/media?parent=12729"}],"curies":[{"name":"wp","href":"https:\/\/api.w.org\/{rel}","templated":true}]}}