{"id":13501,"date":"2025-03-23T05:10:48","date_gmt":"2025-03-23T05:10:48","guid":{"rendered":"https:\/\/acoi.com.br\/conteudocorp\/galpoes-logisticos-em-itupeva-o-futuro-da-logistica-e-armazenagem\/"},"modified":"2025-03-23T05:10:48","modified_gmt":"2025-03-23T05:10:48","slug":"galpoes-logisticos-em-itupeva-o-futuro-da-logistica-e-armazenagem","status":"publish","type":"page","link":"https:\/\/acoi.com.br\/conteudocorp\/galpoes-logisticos-em-itupeva-o-futuro-da-logistica-e-armazenagem\/","title":{"rendered":"Galp\u00f5es Log\u00edsticos em Itupeva: O Futuro da Log\u00edstica e Armazenagem"},"content":{"rendered":"<p><strong>Oportunidade de Mercado<\/strong><br \/>Os galp\u00f5es log\u00edsticos em Itupeva se apresentam como uma solu\u00e7\u00e3o ideal para empresas que buscam efici\u00eancia. Com uma localiza\u00e7\u00e3o estrat\u00e9gica, Itupeva se torna um ponto central para o acesso a grandes centros de consumo, como S\u00e3o Paulo, Campinas e Jundia\u00ed. Isso proporciona uma circula\u00e7\u00e3o r\u00e1pida de produtos, essencial para manter a competitividade no setor.<\/p>\n<p><strong>Infraestrutura Moderna<\/strong><br \/>A Acoi se destaca pela constru\u00e7\u00e3o de galp\u00f5es que atendem \u00e0s necessidades dos clientes, oferecendo instala\u00e7\u00f5es adequadas para diferentes tipos de opera\u00e7\u00f5es, desde armazenamento at\u00e9 a distribui\u00e7\u00e3o de mercadorias. Com mais de 100 mil m\u00b2 constru\u00eddos, a Acoi garante a qualidade e a efici\u00eancia em cada projeto.<\/p>\n<p><strong>Foco em Solu\u00e7\u00f5es Sustent\u00e1veis<\/strong><br \/>A sustentabilidade \u00e9 uma preocupa\u00e7\u00e3o central na Acoi. Os galp\u00f5es s\u00e3o projetados com materiais que minimizam o impacto ambiental e com sistemas que reduzem o consumo de energia e \u00e1gua. Isso n\u00e3o apenas atende \u00e0 demanda do mercado por pr\u00e1ticas mais verdes, mas tamb\u00e9m gera economia para os neg\u00f3cios.<\/p>\n<p><strong>Responsabilidade e Transpar\u00eancia<\/strong><br \/>A confian\u00e7a dos clientes \u00e9 conquistada pela Acoi atrav\u00e9s de pr\u00e1ticas transparentes e comprometimento com prazos e qualidade. Essas caracter\u00edsticas tornam a Acoi a escolha confi\u00e1vel para quem busca um parceiro na constru\u00e7\u00e3o de galp\u00f5es log\u00edsticos em Itupeva.<\/p>\n","protected":false},"excerpt":{"rendered":"<p>Oportunidade de MercadoOs galp\u00f5es log\u00edsticos em Itupeva se apresentam como uma solu\u00e7\u00e3o ideal para empresas que buscam efici\u00eancia. Com uma localiza\u00e7\u00e3o estrat\u00e9gica, Itupeva se torna um ponto central para o acesso a grandes centros de consumo, como S\u00e3o Paulo, Campinas e Jundia\u00ed. Isso proporciona uma circula\u00e7\u00e3o r\u00e1pida de produtos, essencial para manter a competitividade no&hellip;&nbsp;<a href=\"https:\/\/acoi.com.br\/conteudocorp\/galpoes-logisticos-em-itupeva-o-futuro-da-logistica-e-armazenagem\/\" class=\"\" rel=\"bookmark\">Continue a ler &raquo;<span class=\"screen-reader-text\">Galp\u00f5es Log\u00edsticos em Itupeva: O Futuro da Log\u00edstica e Armazenagem<\/span><\/a><\/p>\n","protected":false},"author":3,"featured_media":0,"parent":0,"menu_order":0,"comment_status":"closed","ping_status":"closed","template":"","meta":{"_acf_changed":false,"_yoast_wpseo_focuskw":"Galp\u00f5es Log\u00edsticos em Itupeva","_yoast_wpseo_title":"Galp\u00f5es Log\u00edsticos em Itupeva: A Acoi Como L\u00edder em Constru\u00e7\u00e3o","_yoast_wpseo_metadesc":"Descubra as vantagens dos galp\u00f5es log\u00edsticos em Itupeva e como a Acoi se destaca nesse setor com solu\u00e7\u00f5es inovadoras e sustent\u00e1veis.","neve_meta_sidebar":"","neve_meta_container":"","neve_meta_enable_content_width":"","neve_meta_content_width":0,"neve_meta_title_alignment":"","neve_meta_author_avatar":"","neve_post_elements_order":"","neve_meta_disable_header":"","neve_meta_disable_footer":"","neve_meta_disable_title":"","footnotes":""},"class_list":["post-13501","page","type-page","status-publish","hentry"],"acf":{"introducao":"","conceitos_fundamentais":"","como_funciona":"","como_aplicar_no_dia_a_dia":"","principais_utilizacoes_e_beneficios":"","tipos_e_classificacoes":"","tecnologias_e_ferramentas_relacionadas":"","exemplos_e_casos_de_sucesso":"","mitos_e_verdades":"","perguntas_frequentes_faq":"","erros_comuns_e_como_evita-los":"","futuro_e_tendencias":"","conclusao":"","bloco1title":"Estrat\u00e9gia de Localiza\u00e7\u00e3o","bloco1text":"A localiza\u00e7\u00e3o de Itupeva permite f\u00e1cil acesso \u00e0s principais rodovias, otimizando a log\u00edstica e reduzindo custos de transporte.","bloco2title":"Sustentabilidade em Projetos","bloco2text":"Os galp\u00f5es da Acoi s\u00e3o projetados para serem sustent\u00e1veis, com foco na efici\u00eancia energ\u00e9tica e na redu\u00e7\u00e3o de desperd\u00edcios.","bloco3title":"Inova\u00e7\u00e3o e Tecnologia","bloco3text":"A Acoi integra tecnologia de ponta em seus projetos, proporcionando solu\u00e7\u00f5es log\u00edsticas robustas que se adaptam \u00e0s novas demandas do setor.","insightwidtitle":"Curiosidades sobre Itupeva","insightwidcontent":"Voc\u00ea sabia que Itupeva possui uma localiza\u00e7\u00e3o privilegiada? A cidade est\u00e1 estrategicamente posicionada entre as principais rodovias do estado de S\u00e3o Paulo, tornando-a um ponto log\u00edstico ideal. Al\u00e9m disso, a cidade tem incentivo a novos neg\u00f3cios, o que gera um ambiente prop\u00edcio para o crescimento de opera\u00e7\u00f5es log\u00edsticas e industriais."},"yoast_head":"<!-- This site is optimized with the Yoast SEO plugin v23.4 - https:\/\/yoast.com\/wordpress\/plugins\/seo\/ -->\n<title>Galp\u00f5es Log\u00edsticos em Itupeva: A Acoi Como L\u00edder em Constru\u00e7\u00e3o<\/title>\n<meta name=\"description\" content=\"Descubra as vantagens dos galp\u00f5es log\u00edsticos em Itupeva e como a Acoi se destaca nesse setor com solu\u00e7\u00f5es inovadoras e sustent\u00e1veis.\" \/>\n<meta name=\"robots\" content=\"index, follow, max-snippet:-1, max-image-preview:large, max-video-preview:-1\" \/>\n<link rel=\"canonical\" href=\"https:\/\/acoi.com.br\/conteudocorp\/galpoes-logisticos-em-itupeva-o-futuro-da-logistica-e-armazenagem\/\" \/>\n<meta property=\"og:locale\" content=\"pt_BR\" \/>\n<meta property=\"og:type\" content=\"article\" \/>\n<meta property=\"og:title\" content=\"Galp\u00f5es Log\u00edsticos em Itupeva: A Acoi Como L\u00edder em Constru\u00e7\u00e3o\" \/>\n<meta property=\"og:description\" content=\"Descubra as vantagens dos galp\u00f5es log\u00edsticos em Itupeva e como a Acoi se destaca nesse setor com solu\u00e7\u00f5es inovadoras e sustent\u00e1veis.\" \/>\n<meta property=\"og:url\" content=\"https:\/\/acoi.com.br\/conteudocorp\/galpoes-logisticos-em-itupeva-o-futuro-da-logistica-e-armazenagem\/\" \/>\n<meta property=\"og:site_name\" content=\"Acoi Corp\" \/>\n<meta name=\"twitter:card\" content=\"summary_large_image\" \/>\n<meta name=\"twitter:label1\" content=\"Est. tempo de leitura\" \/>\n\t<meta name=\"twitter:data1\" content=\"1 minuto\" \/>\n<script type=\"application\/ld+json\" class=\"yoast-schema-graph\">{\"@context\":\"https:\/\/schema.org\",\"@graph\":[{\"@type\":\"WebPage\",\"@id\":\"https:\/\/acoi.com.br\/conteudocorp\/galpoes-logisticos-em-itupeva-o-futuro-da-logistica-e-armazenagem\/\",\"url\":\"https:\/\/acoi.com.br\/conteudocorp\/galpoes-logisticos-em-itupeva-o-futuro-da-logistica-e-armazenagem\/\",\"name\":\"Galp\u00f5es Log\u00edsticos em Itupeva: A Acoi Como L\u00edder em Constru\u00e7\u00e3o\",\"isPartOf\":{\"@id\":\"https:\/\/acoi.com.br\/conteudocorp\/#website\"},\"datePublished\":\"2025-03-23T05:10:48+00:00\",\"dateModified\":\"2025-03-23T05:10:48+00:00\",\"description\":\"Descubra as vantagens dos galp\u00f5es log\u00edsticos em Itupeva e como a Acoi se destaca nesse setor com solu\u00e7\u00f5es inovadoras e sustent\u00e1veis.\",\"breadcrumb\":{\"@id\":\"https:\/\/acoi.com.br\/conteudocorp\/galpoes-logisticos-em-itupeva-o-futuro-da-logistica-e-armazenagem\/#breadcrumb\"},\"inLanguage\":\"pt-BR\",\"potentialAction\":[{\"@type\":\"ReadAction\",\"target\":[\"https:\/\/acoi.com.br\/conteudocorp\/galpoes-logisticos-em-itupeva-o-futuro-da-logistica-e-armazenagem\/\"]}]},{\"@type\":\"BreadcrumbList\",\"@id\":\"https:\/\/acoi.com.br\/conteudocorp\/galpoes-logisticos-em-itupeva-o-futuro-da-logistica-e-armazenagem\/#breadcrumb\",\"itemListElement\":[{\"@type\":\"ListItem\",\"position\":1,\"name\":\"Home\",\"item\":\"https:\/\/acoi.com.br\/conteudocorp\/\"},{\"@type\":\"ListItem\",\"position\":2,\"name\":\"Galp\u00f5es Log\u00edsticos em Itupeva: O Futuro da Log\u00edstica e Armazenagem\"}]},{\"@type\":\"WebSite\",\"@id\":\"https:\/\/acoi.com.br\/conteudocorp\/#website\",\"url\":\"https:\/\/acoi.com.br\/conteudocorp\/\",\"name\":\"Acoi Corp\",\"description\":\"\",\"potentialAction\":[{\"@type\":\"SearchAction\",\"target\":{\"@type\":\"EntryPoint\",\"urlTemplate\":\"https:\/\/acoi.com.br\/conteudocorp\/?s={search_term_string}\"},\"query-input\":{\"@type\":\"PropertyValueSpecification\",\"valueRequired\":true,\"valueName\":\"search_term_string\"}}],\"inLanguage\":\"pt-BR\"}]}<\/script>\n<!-- \/ Yoast SEO plugin. -->","yoast_head_json":{"title":"Galp\u00f5es Log\u00edsticos em Itupeva: A Acoi Como L\u00edder em Constru\u00e7\u00e3o","description":"Descubra as vantagens dos galp\u00f5es log\u00edsticos em Itupeva e como a Acoi se destaca nesse setor com solu\u00e7\u00f5es inovadoras e sustent\u00e1veis.","robots":{"index":"index","follow":"follow","max-snippet":"max-snippet:-1","max-image-preview":"max-image-preview:large","max-video-preview":"max-video-preview:-1"},"canonical":"https:\/\/acoi.com.br\/conteudocorp\/galpoes-logisticos-em-itupeva-o-futuro-da-logistica-e-armazenagem\/","og_locale":"pt_BR","og_type":"article","og_title":"Galp\u00f5es Log\u00edsticos em Itupeva: A Acoi Como L\u00edder em Constru\u00e7\u00e3o","og_description":"Descubra as vantagens dos galp\u00f5es log\u00edsticos em Itupeva e como a Acoi se destaca nesse setor com solu\u00e7\u00f5es inovadoras e sustent\u00e1veis.","og_url":"https:\/\/acoi.com.br\/conteudocorp\/galpoes-logisticos-em-itupeva-o-futuro-da-logistica-e-armazenagem\/","og_site_name":"Acoi Corp","twitter_card":"summary_large_image","twitter_misc":{"Est. tempo de leitura":"1 minuto"},"schema":{"@context":"https:\/\/schema.org","@graph":[{"@type":"WebPage","@id":"https:\/\/acoi.com.br\/conteudocorp\/galpoes-logisticos-em-itupeva-o-futuro-da-logistica-e-armazenagem\/","url":"https:\/\/acoi.com.br\/conteudocorp\/galpoes-logisticos-em-itupeva-o-futuro-da-logistica-e-armazenagem\/","name":"Galp\u00f5es Log\u00edsticos em Itupeva: A Acoi Como L\u00edder em Constru\u00e7\u00e3o","isPartOf":{"@id":"https:\/\/acoi.com.br\/conteudocorp\/#website"},"datePublished":"2025-03-23T05:10:48+00:00","dateModified":"2025-03-23T05:10:48+00:00","description":"Descubra as vantagens dos galp\u00f5es log\u00edsticos em Itupeva e como a Acoi se destaca nesse setor com solu\u00e7\u00f5es inovadoras e sustent\u00e1veis.","breadcrumb":{"@id":"https:\/\/acoi.com.br\/conteudocorp\/galpoes-logisticos-em-itupeva-o-futuro-da-logistica-e-armazenagem\/#breadcrumb"},"inLanguage":"pt-BR","potentialAction":[{"@type":"ReadAction","target":["https:\/\/acoi.com.br\/conteudocorp\/galpoes-logisticos-em-itupeva-o-futuro-da-logistica-e-armazenagem\/"]}]},{"@type":"BreadcrumbList","@id":"https:\/\/acoi.com.br\/conteudocorp\/galpoes-logisticos-em-itupeva-o-futuro-da-logistica-e-armazenagem\/#breadcrumb","itemListElement":[{"@type":"ListItem","position":1,"name":"Home","item":"https:\/\/acoi.com.br\/conteudocorp\/"},{"@type":"ListItem","position":2,"name":"Galp\u00f5es Log\u00edsticos em Itupeva: O Futuro da Log\u00edstica e Armazenagem"}]},{"@type":"WebSite","@id":"https:\/\/acoi.com.br\/conteudocorp\/#website","url":"https:\/\/acoi.com.br\/conteudocorp\/","name":"Acoi Corp","description":"","potentialAction":[{"@type":"SearchAction","target":{"@type":"EntryPoint","urlTemplate":"https:\/\/acoi.com.br\/conteudocorp\/?s={search_term_string}"},"query-input":{"@type":"PropertyValueSpecification","valueRequired":true,"valueName":"search_term_string"}}],"inLanguage":"pt-BR"}]}},"_links":{"self":[{"href":"https:\/\/acoi.com.br\/conteudocorp\/wp-json\/wp\/v2\/pages\/13501","targetHints":{"allow":["GET"]}}],"collection":[{"href":"https:\/\/acoi.com.br\/conteudocorp\/wp-json\/wp\/v2\/pages"}],"about":[{"href":"https:\/\/acoi.com.br\/conteudocorp\/wp-json\/wp\/v2\/types\/page"}],"author":[{"embeddable":true,"href":"https:\/\/acoi.com.br\/conteudocorp\/wp-json\/wp\/v2\/users\/3"}],"replies":[{"embeddable":true,"href":"https:\/\/acoi.com.br\/conteudocorp\/wp-json\/wp\/v2\/comments?post=13501"}],"version-history":[{"count":0,"href":"https:\/\/acoi.com.br\/conteudocorp\/wp-json\/wp\/v2\/pages\/13501\/revisions"}],"wp:attachment":[{"href":"https:\/\/acoi.com.br\/conteudocorp\/wp-json\/wp\/v2\/media?parent=13501"}],"curies":[{"name":"wp","href":"https:\/\/api.w.org\/{rel}","templated":true}]}}