{"id":14305,"date":"2025-03-24T19:30:44","date_gmt":"2025-03-24T19:30:44","guid":{"rendered":"https:\/\/acoi.com.br\/conteudocorp\/descubra-o-seu-novo-lar-condominio-residencial-em-itupeva-2\/"},"modified":"2025-03-24T19:30:44","modified_gmt":"2025-03-24T19:30:44","slug":"descubra-o-seu-novo-lar-condominio-residencial-em-itupeva-2","status":"publish","type":"page","link":"https:\/\/acoi.com.br\/conteudocorp\/descubra-o-seu-novo-lar-condominio-residencial-em-itupeva-2\/","title":{"rendered":"Descubra o seu novo lar: Condom\u00ednio Residencial em Itupeva"},"content":{"rendered":"<p><strong>Qualidade de Vida e Acessibilidade<\/strong><br \/>Localizado estrategicamente, o condom\u00ednio residencial em Itupeva oferece f\u00e1cil acesso a S\u00e3o Paulo e a outras cidades da regi\u00e3o, o que o torna perfeito para quem precisa conciliar trabalho e lazer. Com diversas op\u00e7\u00f5es de escolas, supermercados e parques nas proximidades, voc\u00ea ter\u00e1 tudo \u00e0 m\u00e3o, proporcionando mais qualidade de vida para voc\u00ea e sua fam\u00edlia.<\/p>\n<p><strong>Seguran\u00e7a e Modernidade<\/strong><br \/>Um dos principais diferenciais desse condom\u00ednio \u00e9 a seguran\u00e7a. Com profissionais dedicados e tecnologia de ponta, voc\u00ea poder\u00e1 desfrutar de um ambiente seguro e acolhedor. As \u00e1reas comuns foram projetadas para atender \u00e0s necessidades de lazer e conviv\u00eancia dos moradores, como piscinas, academias e espa\u00e7os gourmet.<\/p>\n<p><strong>Construtora Acoi: Pioneirismo e Confian\u00e7a<\/strong><br \/>A Acoi, com mais de 100 mil m\u00b2 constru\u00eddos, \u00e9 uma refer\u00eancia no mercado da constru\u00e7\u00e3o civil, garantindo qualidade e inova\u00e7\u00e3o. Ao escolher um condom\u00ednio residencial Acoi, voc\u00ea investe em um projeto reconhecido por sua alta qualidade, prazos rigorosamente cumpridos e um atendimento personalizado que transforma casas em lares para seus moradores.<\/p>\n","protected":false},"excerpt":{"rendered":"<p>Qualidade de Vida e AcessibilidadeLocalizado estrategicamente, o condom\u00ednio residencial em Itupeva oferece f\u00e1cil acesso a S\u00e3o Paulo e a outras cidades da regi\u00e3o, o que o torna perfeito para quem precisa conciliar trabalho e lazer. Com diversas op\u00e7\u00f5es de escolas, supermercados e parques nas proximidades, voc\u00ea ter\u00e1 tudo \u00e0 m\u00e3o, proporcionando mais qualidade de vida&hellip;&nbsp;<a href=\"https:\/\/acoi.com.br\/conteudocorp\/descubra-o-seu-novo-lar-condominio-residencial-em-itupeva-2\/\" class=\"\" rel=\"bookmark\">Continue a ler &raquo;<span class=\"screen-reader-text\">Descubra o seu novo lar: Condom\u00ednio Residencial em Itupeva<\/span><\/a><\/p>\n","protected":false},"author":3,"featured_media":0,"parent":0,"menu_order":0,"comment_status":"closed","ping_status":"closed","template":"","meta":{"_acf_changed":false,"_yoast_wpseo_focuskw":"Condom\u00ednio Residencial em Itupeva","_yoast_wpseo_title":"Condom\u00ednio Residencial em Itupeva: A Melhor Op\u00e7\u00e3o para Voc\u00ea e Sua Fam\u00edlia","_yoast_wpseo_metadesc":"Descubra as vantagens de viver em um condom\u00ednio residencial em Itupeva com a Acoi. Qualidade, seguran\u00e7a e conforto ao seu alcance.","neve_meta_sidebar":"","neve_meta_container":"","neve_meta_enable_content_width":"","neve_meta_content_width":0,"neve_meta_title_alignment":"","neve_meta_author_avatar":"","neve_post_elements_order":"","neve_meta_disable_header":"","neve_meta_disable_footer":"","neve_meta_disable_title":"","footnotes":""},"class_list":["post-14305","page","type-page","status-publish","hentry"],"acf":{"introducao":"","conceitos_fundamentais":"","como_funciona":"","como_aplicar_no_dia_a_dia":"","principais_utilizacoes_e_beneficios":"","tipos_e_classificacoes":"","tecnologias_e_ferramentas_relacionadas":"","exemplos_e_casos_de_sucesso":"","mitos_e_verdades":"","perguntas_frequentes_faq":"","erros_comuns_e_como_evita-los":"","futuro_e_tendencias":"","conclusao":"","bloco1title":"Localiza\u00e7\u00e3o Privilegiada","bloco1text":"Com acesso f\u00e1cil \u00e0s principais rodovias, seu novo lar estar\u00e1 perto de tudo: escolas, com\u00e9rcios e lazer.","bloco2title":"Infraestrutura Completa","bloco2text":"O condom\u00ednio oferece seguran\u00e7a 24 horas e \u00e1reas de lazer diversificadas para toda a fam\u00edlia.","bloco3title":"A vida em comunidade","bloco3text":"Viver em um condom\u00ednio \u00e9 mais do que ter um lar; \u00e9 fazer parte de uma comunidade vibrante e acolhedora, onde as rela\u00e7\u00f5es se fortalecem e o conv\u00edvio se torna especial.","insightwidtitle":"Curiosidades sobre Itupeva","insightwidcontent":"Itupeva \u00e9 conhecida por suas belezas naturais e pelo famoso Parque da cidade. Al\u00e9m disso, sua proximidade com a capital paulista a torna uma op\u00e7\u00e3o atrativa para quem deseja morar longe do estresse urbano, mas pr\u00f3ximo \u00e0 agita\u00e7\u00e3o e oportunidades de S\u00e3o Paulo. Itupeva tamb\u00e9m possui uma rica hist\u00f3ria e cultura, com eventos locais que atraem visitantes e criam um forte senso de comunidade."},"yoast_head":"<!-- This site is optimized with the Yoast SEO plugin v23.4 - https:\/\/yoast.com\/wordpress\/plugins\/seo\/ -->\n<title>Condom\u00ednio Residencial em Itupeva: A Melhor Op\u00e7\u00e3o para Voc\u00ea e Sua Fam\u00edlia<\/title>\n<meta name=\"description\" content=\"Descubra as vantagens de viver em um condom\u00ednio residencial em Itupeva com a Acoi. Qualidade, seguran\u00e7a e conforto ao seu alcance.\" \/>\n<meta name=\"robots\" content=\"index, follow, max-snippet:-1, max-image-preview:large, max-video-preview:-1\" \/>\n<link rel=\"canonical\" href=\"https:\/\/acoi.com.br\/conteudocorp\/descubra-o-seu-novo-lar-condominio-residencial-em-itupeva-2\/\" \/>\n<meta property=\"og:locale\" content=\"pt_BR\" \/>\n<meta property=\"og:type\" content=\"article\" \/>\n<meta property=\"og:title\" content=\"Condom\u00ednio Residencial em Itupeva: A Melhor Op\u00e7\u00e3o para Voc\u00ea e Sua Fam\u00edlia\" \/>\n<meta property=\"og:description\" content=\"Descubra as vantagens de viver em um condom\u00ednio residencial em Itupeva com a Acoi. Qualidade, seguran\u00e7a e conforto ao seu alcance.\" \/>\n<meta property=\"og:url\" content=\"https:\/\/acoi.com.br\/conteudocorp\/descubra-o-seu-novo-lar-condominio-residencial-em-itupeva-2\/\" \/>\n<meta property=\"og:site_name\" content=\"Acoi Corp\" \/>\n<meta name=\"twitter:card\" content=\"summary_large_image\" \/>\n<meta name=\"twitter:label1\" content=\"Est. tempo de leitura\" \/>\n\t<meta name=\"twitter:data1\" content=\"1 minuto\" \/>\n<script type=\"application\/ld+json\" class=\"yoast-schema-graph\">{\"@context\":\"https:\/\/schema.org\",\"@graph\":[{\"@type\":\"WebPage\",\"@id\":\"https:\/\/acoi.com.br\/conteudocorp\/descubra-o-seu-novo-lar-condominio-residencial-em-itupeva-2\/\",\"url\":\"https:\/\/acoi.com.br\/conteudocorp\/descubra-o-seu-novo-lar-condominio-residencial-em-itupeva-2\/\",\"name\":\"Condom\u00ednio Residencial em Itupeva: A Melhor Op\u00e7\u00e3o para Voc\u00ea e Sua Fam\u00edlia\",\"isPartOf\":{\"@id\":\"https:\/\/acoi.com.br\/conteudocorp\/#website\"},\"datePublished\":\"2025-03-24T19:30:44+00:00\",\"dateModified\":\"2025-03-24T19:30:44+00:00\",\"description\":\"Descubra as vantagens de viver em um condom\u00ednio residencial em Itupeva com a Acoi. Qualidade, seguran\u00e7a e conforto ao seu alcance.\",\"breadcrumb\":{\"@id\":\"https:\/\/acoi.com.br\/conteudocorp\/descubra-o-seu-novo-lar-condominio-residencial-em-itupeva-2\/#breadcrumb\"},\"inLanguage\":\"pt-BR\",\"potentialAction\":[{\"@type\":\"ReadAction\",\"target\":[\"https:\/\/acoi.com.br\/conteudocorp\/descubra-o-seu-novo-lar-condominio-residencial-em-itupeva-2\/\"]}]},{\"@type\":\"BreadcrumbList\",\"@id\":\"https:\/\/acoi.com.br\/conteudocorp\/descubra-o-seu-novo-lar-condominio-residencial-em-itupeva-2\/#breadcrumb\",\"itemListElement\":[{\"@type\":\"ListItem\",\"position\":1,\"name\":\"Home\",\"item\":\"https:\/\/acoi.com.br\/conteudocorp\/\"},{\"@type\":\"ListItem\",\"position\":2,\"name\":\"Descubra o seu novo lar: Condom\u00ednio Residencial em Itupeva\"}]},{\"@type\":\"WebSite\",\"@id\":\"https:\/\/acoi.com.br\/conteudocorp\/#website\",\"url\":\"https:\/\/acoi.com.br\/conteudocorp\/\",\"name\":\"Acoi Corp\",\"description\":\"\",\"potentialAction\":[{\"@type\":\"SearchAction\",\"target\":{\"@type\":\"EntryPoint\",\"urlTemplate\":\"https:\/\/acoi.com.br\/conteudocorp\/?s={search_term_string}\"},\"query-input\":{\"@type\":\"PropertyValueSpecification\",\"valueRequired\":true,\"valueName\":\"search_term_string\"}}],\"inLanguage\":\"pt-BR\"}]}<\/script>\n<!-- \/ Yoast SEO plugin. -->","yoast_head_json":{"title":"Condom\u00ednio Residencial em Itupeva: A Melhor Op\u00e7\u00e3o para Voc\u00ea e Sua Fam\u00edlia","description":"Descubra as vantagens de viver em um condom\u00ednio residencial em Itupeva com a Acoi. Qualidade, seguran\u00e7a e conforto ao seu alcance.","robots":{"index":"index","follow":"follow","max-snippet":"max-snippet:-1","max-image-preview":"max-image-preview:large","max-video-preview":"max-video-preview:-1"},"canonical":"https:\/\/acoi.com.br\/conteudocorp\/descubra-o-seu-novo-lar-condominio-residencial-em-itupeva-2\/","og_locale":"pt_BR","og_type":"article","og_title":"Condom\u00ednio Residencial em Itupeva: A Melhor Op\u00e7\u00e3o para Voc\u00ea e Sua Fam\u00edlia","og_description":"Descubra as vantagens de viver em um condom\u00ednio residencial em Itupeva com a Acoi. Qualidade, seguran\u00e7a e conforto ao seu alcance.","og_url":"https:\/\/acoi.com.br\/conteudocorp\/descubra-o-seu-novo-lar-condominio-residencial-em-itupeva-2\/","og_site_name":"Acoi Corp","twitter_card":"summary_large_image","twitter_misc":{"Est. tempo de leitura":"1 minuto"},"schema":{"@context":"https:\/\/schema.org","@graph":[{"@type":"WebPage","@id":"https:\/\/acoi.com.br\/conteudocorp\/descubra-o-seu-novo-lar-condominio-residencial-em-itupeva-2\/","url":"https:\/\/acoi.com.br\/conteudocorp\/descubra-o-seu-novo-lar-condominio-residencial-em-itupeva-2\/","name":"Condom\u00ednio Residencial em Itupeva: A Melhor Op\u00e7\u00e3o para Voc\u00ea e Sua Fam\u00edlia","isPartOf":{"@id":"https:\/\/acoi.com.br\/conteudocorp\/#website"},"datePublished":"2025-03-24T19:30:44+00:00","dateModified":"2025-03-24T19:30:44+00:00","description":"Descubra as vantagens de viver em um condom\u00ednio residencial em Itupeva com a Acoi. Qualidade, seguran\u00e7a e conforto ao seu alcance.","breadcrumb":{"@id":"https:\/\/acoi.com.br\/conteudocorp\/descubra-o-seu-novo-lar-condominio-residencial-em-itupeva-2\/#breadcrumb"},"inLanguage":"pt-BR","potentialAction":[{"@type":"ReadAction","target":["https:\/\/acoi.com.br\/conteudocorp\/descubra-o-seu-novo-lar-condominio-residencial-em-itupeva-2\/"]}]},{"@type":"BreadcrumbList","@id":"https:\/\/acoi.com.br\/conteudocorp\/descubra-o-seu-novo-lar-condominio-residencial-em-itupeva-2\/#breadcrumb","itemListElement":[{"@type":"ListItem","position":1,"name":"Home","item":"https:\/\/acoi.com.br\/conteudocorp\/"},{"@type":"ListItem","position":2,"name":"Descubra o seu novo lar: Condom\u00ednio Residencial em Itupeva"}]},{"@type":"WebSite","@id":"https:\/\/acoi.com.br\/conteudocorp\/#website","url":"https:\/\/acoi.com.br\/conteudocorp\/","name":"Acoi Corp","description":"","potentialAction":[{"@type":"SearchAction","target":{"@type":"EntryPoint","urlTemplate":"https:\/\/acoi.com.br\/conteudocorp\/?s={search_term_string}"},"query-input":{"@type":"PropertyValueSpecification","valueRequired":true,"valueName":"search_term_string"}}],"inLanguage":"pt-BR"}]}},"_links":{"self":[{"href":"https:\/\/acoi.com.br\/conteudocorp\/wp-json\/wp\/v2\/pages\/14305","targetHints":{"allow":["GET"]}}],"collection":[{"href":"https:\/\/acoi.com.br\/conteudocorp\/wp-json\/wp\/v2\/pages"}],"about":[{"href":"https:\/\/acoi.com.br\/conteudocorp\/wp-json\/wp\/v2\/types\/page"}],"author":[{"embeddable":true,"href":"https:\/\/acoi.com.br\/conteudocorp\/wp-json\/wp\/v2\/users\/3"}],"replies":[{"embeddable":true,"href":"https:\/\/acoi.com.br\/conteudocorp\/wp-json\/wp\/v2\/comments?post=14305"}],"version-history":[{"count":0,"href":"https:\/\/acoi.com.br\/conteudocorp\/wp-json\/wp\/v2\/pages\/14305\/revisions"}],"wp:attachment":[{"href":"https:\/\/acoi.com.br\/conteudocorp\/wp-json\/wp\/v2\/media?parent=14305"}],"curies":[{"name":"wp","href":"https:\/\/api.w.org\/{rel}","templated":true}]}}