{"id":14343,"date":"2025-03-24T21:20:41","date_gmt":"2025-03-24T21:20:41","guid":{"rendered":"https:\/\/acoi.com.br\/conteudocorp\/construcao-de-supermercados-em-campinas-qualidade-e-inovacao-com-a-acoi-3\/"},"modified":"2025-03-24T21:20:41","modified_gmt":"2025-03-24T21:20:41","slug":"construcao-de-supermercados-em-campinas-qualidade-e-inovacao-com-a-acoi-3","status":"publish","type":"page","link":"https:\/\/acoi.com.br\/conteudocorp\/construcao-de-supermercados-em-campinas-qualidade-e-inovacao-com-a-acoi-3\/","title":{"rendered":"Constru\u00e7\u00e3o de Supermercados em Campinas: Qualidade e Inova\u00e7\u00e3o com a Acoi"},"content":{"rendered":"<p><strong>Constru\u00e7\u00e3o bem planejada<\/strong> na Acoi vai muito al\u00e9m de levantar paredes. Quando falamos em<\/strong> supermercados em Campinas<\/strong>, entendemos a import\u00e2ncia de atender \u00e0s especificidades desse setor, que demanda n\u00e3o apenas uma estrutura f\u00edsica, mas tamb\u00e9m funcional e harm\u00f4nica com seu entorno. Com mais de 100 mil m\u00b2 constru\u00eddos, a Acoi traz uma bagagem rica em experi\u00eancia e expertise. Nossos engenheiros e arquitetos trabalham lado a lado com nossos clientes, oferecendo solu\u00e7\u00f5es personalizadas que garantem melhor aproveitamento do espa\u00e7o e funcionalidade. <strong>Al\u00e9m disso<\/strong>, a Acoi prioriza a sustentabilidade em todas as suas obras. Incorporamos tecnologias que promovem a efici\u00eancia energ\u00e9tica e minimizam o impacto ambiental, o que \u00e9 cada vez mais importante para os consumidores e investidores. <strong>Qualidade e prazos s\u00e3o prioridades em nossos projetos<\/strong>. Comprometemo-nos com a entrega dentro do cronograma, sem comprometer o padr\u00e3o elevado que nos destaca no mercado. A Acoi \u00e9 com certeza a sua melhor escolha.<\/p>\n","protected":false},"excerpt":{"rendered":"<p>Constru\u00e7\u00e3o bem planejada na Acoi vai muito al\u00e9m de levantar paredes. Quando falamos em supermercados em Campinas, entendemos a import\u00e2ncia de atender \u00e0s especificidades desse setor, que demanda n\u00e3o apenas uma estrutura f\u00edsica, mas tamb\u00e9m funcional e harm\u00f4nica com seu entorno. Com mais de 100 mil m\u00b2 constru\u00eddos, a Acoi traz uma bagagem rica em&hellip;&nbsp;<a href=\"https:\/\/acoi.com.br\/conteudocorp\/construcao-de-supermercados-em-campinas-qualidade-e-inovacao-com-a-acoi-3\/\" class=\"\" rel=\"bookmark\">Continue a ler &raquo;<span class=\"screen-reader-text\">Constru\u00e7\u00e3o de Supermercados em Campinas: Qualidade e Inova\u00e7\u00e3o com a Acoi<\/span><\/a><\/p>\n","protected":false},"author":3,"featured_media":0,"parent":0,"menu_order":0,"comment_status":"closed","ping_status":"closed","template":"","meta":{"_acf_changed":false,"_yoast_wpseo_focuskw":"Constru\u00e7\u00e3o de Supermercados em Campinas","_yoast_wpseo_title":"Expertise em Constru\u00e7\u00e3o de Supermercados em Campinas - Acoi","_yoast_wpseo_metadesc":"A Acoi \u00e9 specialist na constru\u00e7\u00e3o de supermercados em Campinas, oferecendo inova\u00e7\u00e3o, qualidade e projetos sustent\u00e1veis para atender a sua demanda.","neve_meta_sidebar":"","neve_meta_container":"","neve_meta_enable_content_width":"","neve_meta_content_width":0,"neve_meta_title_alignment":"","neve_meta_author_avatar":"","neve_post_elements_order":"","neve_meta_disable_header":"","neve_meta_disable_footer":"","neve_meta_disable_title":"","footnotes":""},"class_list":["post-14343","page","type-page","status-publish","hentry"],"acf":{"introducao":"","conceitos_fundamentais":"","como_funciona":"","como_aplicar_no_dia_a_dia":"","principais_utilizacoes_e_beneficios":"","tipos_e_classificacoes":"","tecnologias_e_ferramentas_relacionadas":"","exemplos_e_casos_de_sucesso":"","mitos_e_verdades":"","perguntas_frequentes_faq":"","erros_comuns_e_como_evita-los":"","futuro_e_tendencias":"","conclusao":"","bloco1title":"Tecnologia de Ponta","bloco1text":"Implementamos solu\u00e7\u00f5es tecnol\u00f3gicas que otimizam processos e reduzem custos nas constru\u00e7\u00f5es de supermercados, garantindo efici\u00eancia e qualidade.","bloco2title":"Sustentabilidade","bloco2text":"Utilizamos pr\u00e1ticas sustent\u00e1veis em todos os projetos, priorizando a preserva\u00e7\u00e3o ambiental e a efici\u00eancia energ\u00e9tica.","bloco3title":"Oportunidades em Campinas","bloco3text":"Este mercado est\u00e1 em plena expans\u00e3o, e a Acoi est\u00e1 \u00e0 frente, pronta para atender as demandas das novas demandas e tend\u00eancias do setor. Estamos prontos para transformar sua vis\u00e3o em realidade.","insightwidtitle":"Fatos Interessantes sobre Supermercados","insightwidcontent":"Voc\u00ea sabia que a constru\u00e7\u00e3o de supermercados pode influenciar diretamente no aumento da economia local? Estudos mostram que, al\u00e9m de proporcionar emprego, supermercados modernos e bem localizados atraem outros neg\u00f3cios para a regi\u00e3o. Campinas \u00e9 uma das cidades que mais se destaca nesse setor, tornando-se um polo para investimentos. A constru\u00e7\u00e3o de supermercados na cidade n\u00e3o \u00e9 apenas uma necessidade, mas tamb\u00e9m uma oportunidade incr\u00edvel para o crescimento econ\u00f4mico."},"yoast_head":"<!-- This site is optimized with the Yoast SEO plugin v23.4 - https:\/\/yoast.com\/wordpress\/plugins\/seo\/ -->\n<title>Expertise em Constru\u00e7\u00e3o de Supermercados em Campinas - Acoi<\/title>\n<meta name=\"description\" content=\"A Acoi \u00e9 specialist na constru\u00e7\u00e3o de supermercados em Campinas, oferecendo inova\u00e7\u00e3o, qualidade e projetos sustent\u00e1veis para atender a sua demanda.\" \/>\n<meta name=\"robots\" content=\"index, follow, max-snippet:-1, max-image-preview:large, max-video-preview:-1\" \/>\n<link rel=\"canonical\" href=\"https:\/\/acoi.com.br\/conteudocorp\/construcao-de-supermercados-em-campinas-qualidade-e-inovacao-com-a-acoi-3\/\" \/>\n<meta property=\"og:locale\" content=\"pt_BR\" \/>\n<meta property=\"og:type\" content=\"article\" \/>\n<meta property=\"og:title\" content=\"Expertise em Constru\u00e7\u00e3o de Supermercados em Campinas - Acoi\" \/>\n<meta property=\"og:description\" content=\"A Acoi \u00e9 specialist na constru\u00e7\u00e3o de supermercados em Campinas, oferecendo inova\u00e7\u00e3o, qualidade e projetos sustent\u00e1veis para atender a sua demanda.\" \/>\n<meta property=\"og:url\" content=\"https:\/\/acoi.com.br\/conteudocorp\/construcao-de-supermercados-em-campinas-qualidade-e-inovacao-com-a-acoi-3\/\" \/>\n<meta property=\"og:site_name\" content=\"Acoi Corp\" \/>\n<meta name=\"twitter:card\" content=\"summary_large_image\" \/>\n<meta name=\"twitter:label1\" content=\"Est. tempo de leitura\" \/>\n\t<meta name=\"twitter:data1\" content=\"1 minuto\" \/>\n<script type=\"application\/ld+json\" class=\"yoast-schema-graph\">{\"@context\":\"https:\/\/schema.org\",\"@graph\":[{\"@type\":\"WebPage\",\"@id\":\"https:\/\/acoi.com.br\/conteudocorp\/construcao-de-supermercados-em-campinas-qualidade-e-inovacao-com-a-acoi-3\/\",\"url\":\"https:\/\/acoi.com.br\/conteudocorp\/construcao-de-supermercados-em-campinas-qualidade-e-inovacao-com-a-acoi-3\/\",\"name\":\"Expertise em Constru\u00e7\u00e3o de Supermercados em Campinas - Acoi\",\"isPartOf\":{\"@id\":\"https:\/\/acoi.com.br\/conteudocorp\/#website\"},\"datePublished\":\"2025-03-24T21:20:41+00:00\",\"dateModified\":\"2025-03-24T21:20:41+00:00\",\"description\":\"A Acoi \u00e9 specialist na constru\u00e7\u00e3o de supermercados em Campinas, oferecendo inova\u00e7\u00e3o, qualidade e projetos sustent\u00e1veis para atender a sua demanda.\",\"breadcrumb\":{\"@id\":\"https:\/\/acoi.com.br\/conteudocorp\/construcao-de-supermercados-em-campinas-qualidade-e-inovacao-com-a-acoi-3\/#breadcrumb\"},\"inLanguage\":\"pt-BR\",\"potentialAction\":[{\"@type\":\"ReadAction\",\"target\":[\"https:\/\/acoi.com.br\/conteudocorp\/construcao-de-supermercados-em-campinas-qualidade-e-inovacao-com-a-acoi-3\/\"]}]},{\"@type\":\"BreadcrumbList\",\"@id\":\"https:\/\/acoi.com.br\/conteudocorp\/construcao-de-supermercados-em-campinas-qualidade-e-inovacao-com-a-acoi-3\/#breadcrumb\",\"itemListElement\":[{\"@type\":\"ListItem\",\"position\":1,\"name\":\"Home\",\"item\":\"https:\/\/acoi.com.br\/conteudocorp\/\"},{\"@type\":\"ListItem\",\"position\":2,\"name\":\"Constru\u00e7\u00e3o de Supermercados em Campinas: Qualidade e Inova\u00e7\u00e3o com a Acoi\"}]},{\"@type\":\"WebSite\",\"@id\":\"https:\/\/acoi.com.br\/conteudocorp\/#website\",\"url\":\"https:\/\/acoi.com.br\/conteudocorp\/\",\"name\":\"Acoi Corp\",\"description\":\"\",\"potentialAction\":[{\"@type\":\"SearchAction\",\"target\":{\"@type\":\"EntryPoint\",\"urlTemplate\":\"https:\/\/acoi.com.br\/conteudocorp\/?s={search_term_string}\"},\"query-input\":{\"@type\":\"PropertyValueSpecification\",\"valueRequired\":true,\"valueName\":\"search_term_string\"}}],\"inLanguage\":\"pt-BR\"}]}<\/script>\n<!-- \/ Yoast SEO plugin. -->","yoast_head_json":{"title":"Expertise em Constru\u00e7\u00e3o de Supermercados em Campinas - Acoi","description":"A Acoi \u00e9 specialist na constru\u00e7\u00e3o de supermercados em Campinas, oferecendo inova\u00e7\u00e3o, qualidade e projetos sustent\u00e1veis para atender a sua demanda.","robots":{"index":"index","follow":"follow","max-snippet":"max-snippet:-1","max-image-preview":"max-image-preview:large","max-video-preview":"max-video-preview:-1"},"canonical":"https:\/\/acoi.com.br\/conteudocorp\/construcao-de-supermercados-em-campinas-qualidade-e-inovacao-com-a-acoi-3\/","og_locale":"pt_BR","og_type":"article","og_title":"Expertise em Constru\u00e7\u00e3o de Supermercados em Campinas - Acoi","og_description":"A Acoi \u00e9 specialist na constru\u00e7\u00e3o de supermercados em Campinas, oferecendo inova\u00e7\u00e3o, qualidade e projetos sustent\u00e1veis para atender a sua demanda.","og_url":"https:\/\/acoi.com.br\/conteudocorp\/construcao-de-supermercados-em-campinas-qualidade-e-inovacao-com-a-acoi-3\/","og_site_name":"Acoi Corp","twitter_card":"summary_large_image","twitter_misc":{"Est. tempo de leitura":"1 minuto"},"schema":{"@context":"https:\/\/schema.org","@graph":[{"@type":"WebPage","@id":"https:\/\/acoi.com.br\/conteudocorp\/construcao-de-supermercados-em-campinas-qualidade-e-inovacao-com-a-acoi-3\/","url":"https:\/\/acoi.com.br\/conteudocorp\/construcao-de-supermercados-em-campinas-qualidade-e-inovacao-com-a-acoi-3\/","name":"Expertise em Constru\u00e7\u00e3o de Supermercados em Campinas - Acoi","isPartOf":{"@id":"https:\/\/acoi.com.br\/conteudocorp\/#website"},"datePublished":"2025-03-24T21:20:41+00:00","dateModified":"2025-03-24T21:20:41+00:00","description":"A Acoi \u00e9 specialist na constru\u00e7\u00e3o de supermercados em Campinas, oferecendo inova\u00e7\u00e3o, qualidade e projetos sustent\u00e1veis para atender a sua demanda.","breadcrumb":{"@id":"https:\/\/acoi.com.br\/conteudocorp\/construcao-de-supermercados-em-campinas-qualidade-e-inovacao-com-a-acoi-3\/#breadcrumb"},"inLanguage":"pt-BR","potentialAction":[{"@type":"ReadAction","target":["https:\/\/acoi.com.br\/conteudocorp\/construcao-de-supermercados-em-campinas-qualidade-e-inovacao-com-a-acoi-3\/"]}]},{"@type":"BreadcrumbList","@id":"https:\/\/acoi.com.br\/conteudocorp\/construcao-de-supermercados-em-campinas-qualidade-e-inovacao-com-a-acoi-3\/#breadcrumb","itemListElement":[{"@type":"ListItem","position":1,"name":"Home","item":"https:\/\/acoi.com.br\/conteudocorp\/"},{"@type":"ListItem","position":2,"name":"Constru\u00e7\u00e3o de Supermercados em Campinas: Qualidade e Inova\u00e7\u00e3o com a Acoi"}]},{"@type":"WebSite","@id":"https:\/\/acoi.com.br\/conteudocorp\/#website","url":"https:\/\/acoi.com.br\/conteudocorp\/","name":"Acoi Corp","description":"","potentialAction":[{"@type":"SearchAction","target":{"@type":"EntryPoint","urlTemplate":"https:\/\/acoi.com.br\/conteudocorp\/?s={search_term_string}"},"query-input":{"@type":"PropertyValueSpecification","valueRequired":true,"valueName":"search_term_string"}}],"inLanguage":"pt-BR"}]}},"_links":{"self":[{"href":"https:\/\/acoi.com.br\/conteudocorp\/wp-json\/wp\/v2\/pages\/14343","targetHints":{"allow":["GET"]}}],"collection":[{"href":"https:\/\/acoi.com.br\/conteudocorp\/wp-json\/wp\/v2\/pages"}],"about":[{"href":"https:\/\/acoi.com.br\/conteudocorp\/wp-json\/wp\/v2\/types\/page"}],"author":[{"embeddable":true,"href":"https:\/\/acoi.com.br\/conteudocorp\/wp-json\/wp\/v2\/users\/3"}],"replies":[{"embeddable":true,"href":"https:\/\/acoi.com.br\/conteudocorp\/wp-json\/wp\/v2\/comments?post=14343"}],"version-history":[{"count":0,"href":"https:\/\/acoi.com.br\/conteudocorp\/wp-json\/wp\/v2\/pages\/14343\/revisions"}],"wp:attachment":[{"href":"https:\/\/acoi.com.br\/conteudocorp\/wp-json\/wp\/v2\/media?parent=14343"}],"curies":[{"name":"wp","href":"https:\/\/api.w.org\/{rel}","templated":true}]}}