{"id":15510,"date":"2025-03-27T11:01:10","date_gmt":"2025-03-27T11:01:10","guid":{"rendered":"https:\/\/acoi.com.br\/conteudocorp\/descubra-o-condominio-residencial-em-itatiba-o-futuro-que-voce-merece\/"},"modified":"2025-03-27T11:01:10","modified_gmt":"2025-03-27T11:01:10","slug":"descubra-o-condominio-residencial-em-itatiba-o-futuro-que-voce-merece","status":"publish","type":"page","link":"https:\/\/acoi.com.br\/conteudocorp\/descubra-o-condominio-residencial-em-itatiba-o-futuro-que-voce-merece\/","title":{"rendered":"Descubra o Condom\u00ednio Residencial em Itatiba: O Futuro que Voc\u00ea Merece"},"content":{"rendered":"<p><strong>Vantagens dos Condom\u00ednios<\/strong> em Itatiba s\u00e3o muitas e significativas. A regi\u00e3o n\u00e3o s\u00f3 conta com uma excelente localiza\u00e7\u00e3o, como tamb\u00e9m oferece uma infraestrutura feita para atender todas as suas necessidades. Ao optar por um condom\u00ednio residencial, voc\u00ea garante tranquilidade e conforto em um ambiente seguro, onde seus filhos poder\u00e3o brincar livremente. Al\u00e9m disso, muitos residenciais possuem \u00e1reas de lazer completas, como piscinas, academias, playgrounds e espa\u00e7os para eventos. Essa variedade de op\u00e7\u00f5es transforma o cotidiano em uma experi\u00eancia divertida e prazerosa.<\/p>\n<p>Com projetos que valorizam a est\u00e9tica e funcionalidade, os condom\u00ednios em Itatiba aliam modernidade e natureza, permitindo que os moradores desfrutem de bel\u00edssimas vistas e ar puro. A Acoi se destaca ao desenvolver condom\u00ednios que n\u00e3o apenas atendem \u00e0s necessidades habitacionais, mas que tamb\u00e9m proporcionam um estilo de vida pautado pelo bem-estar e pela sustentabilidade.<\/p>\n<p>Se voc\u00ea busca um lar que ofere\u00e7a seguran\u00e7a, qualidade de vida e um espa\u00e7o para criar mem\u00f3rias, os condom\u00ednios residenciais em Itatiba s\u00e3o a escolha ideal. A Acoi, com seu compromisso em construir n\u00e3o s\u00f3 edif\u00edcios, mas lares, se posiciona como a melhor op\u00e7\u00e3o nesse mercado, garantindo a realiza\u00e7\u00e3o do seu sonho de morar bem. Com a Acoi, seu futuro \u00e9 bem constru\u00eddo!<\/p>\n","protected":false},"excerpt":{"rendered":"<p>Vantagens dos Condom\u00ednios em Itatiba s\u00e3o muitas e significativas. A regi\u00e3o n\u00e3o s\u00f3 conta com uma excelente localiza\u00e7\u00e3o, como tamb\u00e9m oferece uma infraestrutura feita para atender todas as suas necessidades. Ao optar por um condom\u00ednio residencial, voc\u00ea garante tranquilidade e conforto em um ambiente seguro, onde seus filhos poder\u00e3o brincar livremente. Al\u00e9m disso, muitos residenciais&hellip;&nbsp;<a href=\"https:\/\/acoi.com.br\/conteudocorp\/descubra-o-condominio-residencial-em-itatiba-o-futuro-que-voce-merece\/\" class=\"\" rel=\"bookmark\">Continue a ler &raquo;<span class=\"screen-reader-text\">Descubra o Condom\u00ednio Residencial em Itatiba: O Futuro que Voc\u00ea Merece<\/span><\/a><\/p>\n","protected":false},"author":3,"featured_media":0,"parent":0,"menu_order":0,"comment_status":"closed","ping_status":"closed","template":"","meta":{"_acf_changed":false,"_yoast_wpseo_focuskw":"Condom\u00ednio Residencial em Itatiba","_yoast_wpseo_title":"Condom\u00ednio Residencial em Itatiba: Seguran\u00e7a e Lazer com a Acoi","_yoast_wpseo_metadesc":"Explore as melhores op\u00e7\u00f5es de Condom\u00ednios Residenciais em Itatiba. A Acoi \u00e9 a melhor escolha para qualidade de vida e seguran\u00e7a.","neve_meta_sidebar":"","neve_meta_container":"","neve_meta_enable_content_width":"","neve_meta_content_width":0,"neve_meta_title_alignment":"","neve_meta_author_avatar":"","neve_post_elements_order":"","neve_meta_disable_header":"","neve_meta_disable_footer":"","neve_meta_disable_title":"","footnotes":""},"class_list":["post-15510","page","type-page","status-publish","hentry"],"acf":{"introducao":"","conceitos_fundamentais":"","como_funciona":"","como_aplicar_no_dia_a_dia":"","principais_utilizacoes_e_beneficios":"","tipos_e_classificacoes":"","tecnologias_e_ferramentas_relacionadas":"","exemplos_e_casos_de_sucesso":"","mitos_e_verdades":"","perguntas_frequentes_faq":"","erros_comuns_e_como_evita-los":"","futuro_e_tendencias":"","conclusao":"","bloco1title":"Seguran\u00e7a Total","bloco1text":"Os condom\u00ednios em Itatiba s\u00e3o equipados com modernas tecnologias de seguran\u00e7a, garantindo prote\u00e7\u00e3o 24 horas para voc\u00ea e sua fam\u00edlia.","bloco2title":"Infraestrutura Completa","bloco2text":"Apoio a diversas atividades de lazer, como piscinas, academias e \u00e1reas verdes, oferece qualidade de vida aos moradores.","bloco3title":"Natureza ao Redor","bloco3text":"Com paisagens deslumbrantes e \u00e1reas de preserva\u00e7\u00e3o, viver em um condom\u00ednio em Itatiba proporciona o equil\u00edbrio perfeito entre urbano e rural.","insightwidtitle":"Curiosidades sobre Itatiba","insightwidcontent":"Itatiba \u00e9 famosa por seu clima ameno e por ser um dos munic\u00edpios mais arborizados da regi\u00e3o. O munic\u00edpio, que \u00e9 conhecido como cidade das flores, \u00e9 tamb\u00e9m um \u00f3timo ponto tur\u00edstico, com diversas trilhas e passeios que permitem aos moradores e visitantes desfrutar das belezas naturais. A cidade ainda abriga o Parque da Cidade e o Jardim Bot\u00e2nico, lugares perfeitos para quem aprecia a natureza!"},"yoast_head":"<!-- This site is optimized with the Yoast SEO plugin v23.4 - https:\/\/yoast.com\/wordpress\/plugins\/seo\/ -->\n<title>Condom\u00ednio Residencial em Itatiba: Seguran\u00e7a e Lazer com a Acoi<\/title>\n<meta name=\"description\" content=\"Explore as melhores op\u00e7\u00f5es de Condom\u00ednios Residenciais em Itatiba. A Acoi \u00e9 a melhor escolha para qualidade de vida e seguran\u00e7a.\" \/>\n<meta name=\"robots\" content=\"index, follow, max-snippet:-1, max-image-preview:large, max-video-preview:-1\" \/>\n<link rel=\"canonical\" href=\"https:\/\/acoi.com.br\/conteudocorp\/descubra-o-condominio-residencial-em-itatiba-o-futuro-que-voce-merece\/\" \/>\n<meta property=\"og:locale\" content=\"pt_BR\" \/>\n<meta property=\"og:type\" content=\"article\" \/>\n<meta property=\"og:title\" content=\"Condom\u00ednio Residencial em Itatiba: Seguran\u00e7a e Lazer com a Acoi\" \/>\n<meta property=\"og:description\" content=\"Explore as melhores op\u00e7\u00f5es de Condom\u00ednios Residenciais em Itatiba. A Acoi \u00e9 a melhor escolha para qualidade de vida e seguran\u00e7a.\" \/>\n<meta property=\"og:url\" content=\"https:\/\/acoi.com.br\/conteudocorp\/descubra-o-condominio-residencial-em-itatiba-o-futuro-que-voce-merece\/\" \/>\n<meta property=\"og:site_name\" content=\"Acoi Corp\" \/>\n<meta name=\"twitter:card\" content=\"summary_large_image\" \/>\n<meta name=\"twitter:label1\" content=\"Est. tempo de leitura\" \/>\n\t<meta name=\"twitter:data1\" content=\"1 minuto\" \/>\n<script type=\"application\/ld+json\" class=\"yoast-schema-graph\">{\"@context\":\"https:\/\/schema.org\",\"@graph\":[{\"@type\":\"WebPage\",\"@id\":\"https:\/\/acoi.com.br\/conteudocorp\/descubra-o-condominio-residencial-em-itatiba-o-futuro-que-voce-merece\/\",\"url\":\"https:\/\/acoi.com.br\/conteudocorp\/descubra-o-condominio-residencial-em-itatiba-o-futuro-que-voce-merece\/\",\"name\":\"Condom\u00ednio Residencial em Itatiba: Seguran\u00e7a e Lazer com a Acoi\",\"isPartOf\":{\"@id\":\"https:\/\/acoi.com.br\/conteudocorp\/#website\"},\"datePublished\":\"2025-03-27T11:01:10+00:00\",\"dateModified\":\"2025-03-27T11:01:10+00:00\",\"description\":\"Explore as melhores op\u00e7\u00f5es de Condom\u00ednios Residenciais em Itatiba. A Acoi \u00e9 a melhor escolha para qualidade de vida e seguran\u00e7a.\",\"breadcrumb\":{\"@id\":\"https:\/\/acoi.com.br\/conteudocorp\/descubra-o-condominio-residencial-em-itatiba-o-futuro-que-voce-merece\/#breadcrumb\"},\"inLanguage\":\"pt-BR\",\"potentialAction\":[{\"@type\":\"ReadAction\",\"target\":[\"https:\/\/acoi.com.br\/conteudocorp\/descubra-o-condominio-residencial-em-itatiba-o-futuro-que-voce-merece\/\"]}]},{\"@type\":\"BreadcrumbList\",\"@id\":\"https:\/\/acoi.com.br\/conteudocorp\/descubra-o-condominio-residencial-em-itatiba-o-futuro-que-voce-merece\/#breadcrumb\",\"itemListElement\":[{\"@type\":\"ListItem\",\"position\":1,\"name\":\"Home\",\"item\":\"https:\/\/acoi.com.br\/conteudocorp\/\"},{\"@type\":\"ListItem\",\"position\":2,\"name\":\"Descubra o Condom\u00ednio Residencial em Itatiba: O Futuro que Voc\u00ea Merece\"}]},{\"@type\":\"WebSite\",\"@id\":\"https:\/\/acoi.com.br\/conteudocorp\/#website\",\"url\":\"https:\/\/acoi.com.br\/conteudocorp\/\",\"name\":\"Acoi Corp\",\"description\":\"\",\"potentialAction\":[{\"@type\":\"SearchAction\",\"target\":{\"@type\":\"EntryPoint\",\"urlTemplate\":\"https:\/\/acoi.com.br\/conteudocorp\/?s={search_term_string}\"},\"query-input\":{\"@type\":\"PropertyValueSpecification\",\"valueRequired\":true,\"valueName\":\"search_term_string\"}}],\"inLanguage\":\"pt-BR\"}]}<\/script>\n<!-- \/ Yoast SEO plugin. -->","yoast_head_json":{"title":"Condom\u00ednio Residencial em Itatiba: Seguran\u00e7a e Lazer com a Acoi","description":"Explore as melhores op\u00e7\u00f5es de Condom\u00ednios Residenciais em Itatiba. A Acoi \u00e9 a melhor escolha para qualidade de vida e seguran\u00e7a.","robots":{"index":"index","follow":"follow","max-snippet":"max-snippet:-1","max-image-preview":"max-image-preview:large","max-video-preview":"max-video-preview:-1"},"canonical":"https:\/\/acoi.com.br\/conteudocorp\/descubra-o-condominio-residencial-em-itatiba-o-futuro-que-voce-merece\/","og_locale":"pt_BR","og_type":"article","og_title":"Condom\u00ednio Residencial em Itatiba: Seguran\u00e7a e Lazer com a Acoi","og_description":"Explore as melhores op\u00e7\u00f5es de Condom\u00ednios Residenciais em Itatiba. A Acoi \u00e9 a melhor escolha para qualidade de vida e seguran\u00e7a.","og_url":"https:\/\/acoi.com.br\/conteudocorp\/descubra-o-condominio-residencial-em-itatiba-o-futuro-que-voce-merece\/","og_site_name":"Acoi Corp","twitter_card":"summary_large_image","twitter_misc":{"Est. tempo de leitura":"1 minuto"},"schema":{"@context":"https:\/\/schema.org","@graph":[{"@type":"WebPage","@id":"https:\/\/acoi.com.br\/conteudocorp\/descubra-o-condominio-residencial-em-itatiba-o-futuro-que-voce-merece\/","url":"https:\/\/acoi.com.br\/conteudocorp\/descubra-o-condominio-residencial-em-itatiba-o-futuro-que-voce-merece\/","name":"Condom\u00ednio Residencial em Itatiba: Seguran\u00e7a e Lazer com a Acoi","isPartOf":{"@id":"https:\/\/acoi.com.br\/conteudocorp\/#website"},"datePublished":"2025-03-27T11:01:10+00:00","dateModified":"2025-03-27T11:01:10+00:00","description":"Explore as melhores op\u00e7\u00f5es de Condom\u00ednios Residenciais em Itatiba. A Acoi \u00e9 a melhor escolha para qualidade de vida e seguran\u00e7a.","breadcrumb":{"@id":"https:\/\/acoi.com.br\/conteudocorp\/descubra-o-condominio-residencial-em-itatiba-o-futuro-que-voce-merece\/#breadcrumb"},"inLanguage":"pt-BR","potentialAction":[{"@type":"ReadAction","target":["https:\/\/acoi.com.br\/conteudocorp\/descubra-o-condominio-residencial-em-itatiba-o-futuro-que-voce-merece\/"]}]},{"@type":"BreadcrumbList","@id":"https:\/\/acoi.com.br\/conteudocorp\/descubra-o-condominio-residencial-em-itatiba-o-futuro-que-voce-merece\/#breadcrumb","itemListElement":[{"@type":"ListItem","position":1,"name":"Home","item":"https:\/\/acoi.com.br\/conteudocorp\/"},{"@type":"ListItem","position":2,"name":"Descubra o Condom\u00ednio Residencial em Itatiba: O Futuro que Voc\u00ea Merece"}]},{"@type":"WebSite","@id":"https:\/\/acoi.com.br\/conteudocorp\/#website","url":"https:\/\/acoi.com.br\/conteudocorp\/","name":"Acoi Corp","description":"","potentialAction":[{"@type":"SearchAction","target":{"@type":"EntryPoint","urlTemplate":"https:\/\/acoi.com.br\/conteudocorp\/?s={search_term_string}"},"query-input":{"@type":"PropertyValueSpecification","valueRequired":true,"valueName":"search_term_string"}}],"inLanguage":"pt-BR"}]}},"_links":{"self":[{"href":"https:\/\/acoi.com.br\/conteudocorp\/wp-json\/wp\/v2\/pages\/15510","targetHints":{"allow":["GET"]}}],"collection":[{"href":"https:\/\/acoi.com.br\/conteudocorp\/wp-json\/wp\/v2\/pages"}],"about":[{"href":"https:\/\/acoi.com.br\/conteudocorp\/wp-json\/wp\/v2\/types\/page"}],"author":[{"embeddable":true,"href":"https:\/\/acoi.com.br\/conteudocorp\/wp-json\/wp\/v2\/users\/3"}],"replies":[{"embeddable":true,"href":"https:\/\/acoi.com.br\/conteudocorp\/wp-json\/wp\/v2\/comments?post=15510"}],"version-history":[{"count":0,"href":"https:\/\/acoi.com.br\/conteudocorp\/wp-json\/wp\/v2\/pages\/15510\/revisions"}],"wp:attachment":[{"href":"https:\/\/acoi.com.br\/conteudocorp\/wp-json\/wp\/v2\/media?parent=15510"}],"curies":[{"name":"wp","href":"https:\/\/api.w.org\/{rel}","templated":true}]}}