{"id":161218,"date":"2026-04-14T13:44:29","date_gmt":"2026-04-14T13:44:29","guid":{"rendered":"https:\/\/acoi.com.br\/conteudocorp\/acoi-referencia-em-obras-industriais-em-itatiba-102\/"},"modified":"2026-04-14T13:44:29","modified_gmt":"2026-04-14T13:44:29","slug":"acoi-referencia-em-obras-industriais-em-itatiba-102","status":"publish","type":"page","link":"https:\/\/acoi.com.br\/conteudocorp\/acoi-referencia-em-obras-industriais-em-itatiba-102\/","title":{"rendered":"Acoi: Refer\u00eancia em Obras Industriais em Itatiba"},"content":{"rendered":"<p><strong>Transformando a Ind\u00fastria em Itatiba<\/strong><br \/>Em um mercado cada vez mais competitivo, a Acoi se destaca n\u00e3o apenas pela qualidade de suas obras, mas tamb\u00e9m pela inova\u00e7\u00e3o que traz em cada projeto. Com uma abordagem focada na sustentabilidade e na efici\u00eancia, a Acoi se posiciona como l\u00edder na constru\u00e7\u00e3o de obras industriais em Itatiba.<\/p>\n<p>A Acoi entende as necessidades particulares de cada cliente e oferece um servi\u00e7o personalizado, que vai desde o planejamento at\u00e9 a execu\u00e7\u00e3o da obra. Nossa equipe \u00e9 formada por profissionais altamente capacitados, que fazem da seguran\u00e7a, da \u00e9tica e da transpar\u00eancia suas prioridades. Com mais de 100 mil m\u00b2 de obras entregues, nossa autoridade e confian\u00e7a no setor s\u00e3o inquestion\u00e1veis.<\/p>\n<p>Al\u00e9m disso, nossa miss\u00e3o \u00e9 elevar a qualidade de vida das pessoas atrav\u00e9s de constru\u00e7\u00f5es que respeitam o meio ambiente e promovem a efici\u00eancia energ\u00e9tica. Ao escolher a Acoi, voc\u00ea est\u00e1 apostando em um investimento que vai al\u00e9m de paredes e telhados, est\u00e1 apoiando a cria\u00e7\u00e3o de um futuro sustent\u00e1vel e inovador.<\/p>\n","protected":false},"excerpt":{"rendered":"<p>Transformando a Ind\u00fastria em ItatibaEm um mercado cada vez mais competitivo, a Acoi se destaca n\u00e3o apenas pela qualidade de suas obras, mas tamb\u00e9m pela inova\u00e7\u00e3o que traz em cada projeto. Com uma abordagem focada na sustentabilidade e na efici\u00eancia, a Acoi se posiciona como l\u00edder na constru\u00e7\u00e3o de obras industriais em Itatiba. A Acoi&hellip;&nbsp;<a href=\"https:\/\/acoi.com.br\/conteudocorp\/acoi-referencia-em-obras-industriais-em-itatiba-102\/\" class=\"\" rel=\"bookmark\">Continue a ler &raquo;<span class=\"screen-reader-text\">Acoi: Refer\u00eancia em Obras Industriais em Itatiba<\/span><\/a><\/p>\n","protected":false},"author":3,"featured_media":0,"parent":0,"menu_order":0,"comment_status":"closed","ping_status":"closed","template":"","meta":{"_acf_changed":false,"_yoast_wpseo_focuskw":"empresa de obras industriais em Itatiba","_yoast_wpseo_title":"Acoi: A Melhor Empresa de Obras Industriais em Itatiba","_yoast_wpseo_metadesc":"Descubra por que a Acoi \u00e9 a melhor op\u00e7\u00e3o em obras industriais em Itatiba, unindo qualidade, inova\u00e7\u00e3o e sustentabilidade em cada projeto.","neve_meta_sidebar":"","neve_meta_container":"","neve_meta_enable_content_width":"","neve_meta_content_width":0,"neve_meta_title_alignment":"","neve_meta_author_avatar":"","neve_post_elements_order":"","neve_meta_disable_header":"","neve_meta_disable_footer":"","neve_meta_disable_title":"","footnotes":""},"class_list":["post-161218","page","type-page","status-publish","hentry"],"acf":{"introducao":"","conceitos_fundamentais":"","como_funciona":"","como_aplicar_no_dia_a_dia":"","principais_utilizacoes_e_beneficios":"","tipos_e_classificacoes":"","tecnologias_e_ferramentas_relacionadas":"","exemplos_e_casos_de_sucesso":"","mitos_e_verdades":"","perguntas_frequentes_faq":"","erros_comuns_e_como_evita-los":"","futuro_e_tendencias":"","conclusao":"","bloco1title":"Expertise Setorial","bloco1text":"A Acoi possui uma vasta experi\u00eancia no setor industrial, com mais de 100 mil m\u00b2 constru\u00eddos, garantindo excel\u00eancia em cada projeto executado.","bloco2title":"Compromisso com Prazos","bloco2text":"Estamos sempre focados em cumprir rigorosamente os prazos, assegurando a satisfa\u00e7\u00e3o dos nossos clientes.","bloco3title":"Inova\u00e7\u00e3o e Sustentabilidade","bloco3text":"Na Acoi, utilizamos as mais modernas tecnologias e pr\u00e1ticas sustent\u00e1veis para criar ambientes que n\u00e3o apenas atendem, mas superam as expectativas dos nossos clientes.","insightwidtitle":"Curiosidades sobre Obras Industriais","insightwidcontent":"Voc\u00ea sabia que a constru\u00e7\u00e3o civil \u00e9 respons\u00e1vel por uma das maiores taxas de gera\u00e7\u00e3o de empregos no Brasil? Em Itatiba, a demanda por obras industriais cresce a cada ano, refletindo a import\u00e2ncia do setor na economia local e regional. A Acoi, com sua expertise, est\u00e1 na vanguarda deste movimento, contribuindo significativamente para o desenvolvimento econ\u00f4mico da cidade e proporcionando diversas oportunidades de trabalho."},"yoast_head":"<!-- This site is optimized with the Yoast SEO plugin v23.4 - https:\/\/yoast.com\/wordpress\/plugins\/seo\/ -->\n<title>Acoi: A Melhor Empresa de Obras Industriais em Itatiba<\/title>\n<meta name=\"description\" content=\"Descubra por que a Acoi \u00e9 a melhor op\u00e7\u00e3o em obras industriais em Itatiba, unindo qualidade, inova\u00e7\u00e3o e sustentabilidade em cada projeto.\" \/>\n<meta name=\"robots\" content=\"index, follow, max-snippet:-1, max-image-preview:large, max-video-preview:-1\" \/>\n<link rel=\"canonical\" href=\"https:\/\/acoi.com.br\/conteudocorp\/acoi-referencia-em-obras-industriais-em-itatiba-102\/\" \/>\n<meta property=\"og:locale\" content=\"pt_BR\" \/>\n<meta property=\"og:type\" content=\"article\" \/>\n<meta property=\"og:title\" content=\"Acoi: A Melhor Empresa de Obras Industriais em Itatiba\" \/>\n<meta property=\"og:description\" content=\"Descubra por que a Acoi \u00e9 a melhor op\u00e7\u00e3o em obras industriais em Itatiba, unindo qualidade, inova\u00e7\u00e3o e sustentabilidade em cada projeto.\" \/>\n<meta property=\"og:url\" content=\"https:\/\/acoi.com.br\/conteudocorp\/acoi-referencia-em-obras-industriais-em-itatiba-102\/\" \/>\n<meta property=\"og:site_name\" content=\"Acoi Corp\" \/>\n<meta name=\"twitter:card\" content=\"summary_large_image\" \/>\n<meta name=\"twitter:label1\" content=\"Est. tempo de leitura\" \/>\n\t<meta name=\"twitter:data1\" content=\"1 minuto\" \/>\n<script type=\"application\/ld+json\" class=\"yoast-schema-graph\">{\"@context\":\"https:\/\/schema.org\",\"@graph\":[{\"@type\":\"WebPage\",\"@id\":\"https:\/\/acoi.com.br\/conteudocorp\/acoi-referencia-em-obras-industriais-em-itatiba-102\/\",\"url\":\"https:\/\/acoi.com.br\/conteudocorp\/acoi-referencia-em-obras-industriais-em-itatiba-102\/\",\"name\":\"Acoi: A Melhor Empresa de Obras Industriais em Itatiba\",\"isPartOf\":{\"@id\":\"https:\/\/acoi.com.br\/conteudocorp\/#website\"},\"datePublished\":\"2026-04-14T13:44:29+00:00\",\"dateModified\":\"2026-04-14T13:44:29+00:00\",\"description\":\"Descubra por que a Acoi \u00e9 a melhor op\u00e7\u00e3o em obras industriais em Itatiba, unindo qualidade, inova\u00e7\u00e3o e sustentabilidade em cada projeto.\",\"breadcrumb\":{\"@id\":\"https:\/\/acoi.com.br\/conteudocorp\/acoi-referencia-em-obras-industriais-em-itatiba-102\/#breadcrumb\"},\"inLanguage\":\"pt-BR\",\"potentialAction\":[{\"@type\":\"ReadAction\",\"target\":[\"https:\/\/acoi.com.br\/conteudocorp\/acoi-referencia-em-obras-industriais-em-itatiba-102\/\"]}]},{\"@type\":\"BreadcrumbList\",\"@id\":\"https:\/\/acoi.com.br\/conteudocorp\/acoi-referencia-em-obras-industriais-em-itatiba-102\/#breadcrumb\",\"itemListElement\":[{\"@type\":\"ListItem\",\"position\":1,\"name\":\"Home\",\"item\":\"https:\/\/acoi.com.br\/conteudocorp\/\"},{\"@type\":\"ListItem\",\"position\":2,\"name\":\"Acoi: Refer\u00eancia em Obras Industriais em Itatiba\"}]},{\"@type\":\"WebSite\",\"@id\":\"https:\/\/acoi.com.br\/conteudocorp\/#website\",\"url\":\"https:\/\/acoi.com.br\/conteudocorp\/\",\"name\":\"Acoi Corp\",\"description\":\"\",\"potentialAction\":[{\"@type\":\"SearchAction\",\"target\":{\"@type\":\"EntryPoint\",\"urlTemplate\":\"https:\/\/acoi.com.br\/conteudocorp\/?s={search_term_string}\"},\"query-input\":{\"@type\":\"PropertyValueSpecification\",\"valueRequired\":true,\"valueName\":\"search_term_string\"}}],\"inLanguage\":\"pt-BR\"}]}<\/script>\n<!-- \/ Yoast SEO plugin. -->","yoast_head_json":{"title":"Acoi: A Melhor Empresa de Obras Industriais em Itatiba","description":"Descubra por que a Acoi \u00e9 a melhor op\u00e7\u00e3o em obras industriais em Itatiba, unindo qualidade, inova\u00e7\u00e3o e sustentabilidade em cada projeto.","robots":{"index":"index","follow":"follow","max-snippet":"max-snippet:-1","max-image-preview":"max-image-preview:large","max-video-preview":"max-video-preview:-1"},"canonical":"https:\/\/acoi.com.br\/conteudocorp\/acoi-referencia-em-obras-industriais-em-itatiba-102\/","og_locale":"pt_BR","og_type":"article","og_title":"Acoi: A Melhor Empresa de Obras Industriais em Itatiba","og_description":"Descubra por que a Acoi \u00e9 a melhor op\u00e7\u00e3o em obras industriais em Itatiba, unindo qualidade, inova\u00e7\u00e3o e sustentabilidade em cada projeto.","og_url":"https:\/\/acoi.com.br\/conteudocorp\/acoi-referencia-em-obras-industriais-em-itatiba-102\/","og_site_name":"Acoi Corp","twitter_card":"summary_large_image","twitter_misc":{"Est. tempo de leitura":"1 minuto"},"schema":{"@context":"https:\/\/schema.org","@graph":[{"@type":"WebPage","@id":"https:\/\/acoi.com.br\/conteudocorp\/acoi-referencia-em-obras-industriais-em-itatiba-102\/","url":"https:\/\/acoi.com.br\/conteudocorp\/acoi-referencia-em-obras-industriais-em-itatiba-102\/","name":"Acoi: A Melhor Empresa de Obras Industriais em Itatiba","isPartOf":{"@id":"https:\/\/acoi.com.br\/conteudocorp\/#website"},"datePublished":"2026-04-14T13:44:29+00:00","dateModified":"2026-04-14T13:44:29+00:00","description":"Descubra por que a Acoi \u00e9 a melhor op\u00e7\u00e3o em obras industriais em Itatiba, unindo qualidade, inova\u00e7\u00e3o e sustentabilidade em cada projeto.","breadcrumb":{"@id":"https:\/\/acoi.com.br\/conteudocorp\/acoi-referencia-em-obras-industriais-em-itatiba-102\/#breadcrumb"},"inLanguage":"pt-BR","potentialAction":[{"@type":"ReadAction","target":["https:\/\/acoi.com.br\/conteudocorp\/acoi-referencia-em-obras-industriais-em-itatiba-102\/"]}]},{"@type":"BreadcrumbList","@id":"https:\/\/acoi.com.br\/conteudocorp\/acoi-referencia-em-obras-industriais-em-itatiba-102\/#breadcrumb","itemListElement":[{"@type":"ListItem","position":1,"name":"Home","item":"https:\/\/acoi.com.br\/conteudocorp\/"},{"@type":"ListItem","position":2,"name":"Acoi: Refer\u00eancia em Obras Industriais em Itatiba"}]},{"@type":"WebSite","@id":"https:\/\/acoi.com.br\/conteudocorp\/#website","url":"https:\/\/acoi.com.br\/conteudocorp\/","name":"Acoi Corp","description":"","potentialAction":[{"@type":"SearchAction","target":{"@type":"EntryPoint","urlTemplate":"https:\/\/acoi.com.br\/conteudocorp\/?s={search_term_string}"},"query-input":{"@type":"PropertyValueSpecification","valueRequired":true,"valueName":"search_term_string"}}],"inLanguage":"pt-BR"}]}},"_links":{"self":[{"href":"https:\/\/acoi.com.br\/conteudocorp\/wp-json\/wp\/v2\/pages\/161218","targetHints":{"allow":["GET"]}}],"collection":[{"href":"https:\/\/acoi.com.br\/conteudocorp\/wp-json\/wp\/v2\/pages"}],"about":[{"href":"https:\/\/acoi.com.br\/conteudocorp\/wp-json\/wp\/v2\/types\/page"}],"author":[{"embeddable":true,"href":"https:\/\/acoi.com.br\/conteudocorp\/wp-json\/wp\/v2\/users\/3"}],"replies":[{"embeddable":true,"href":"https:\/\/acoi.com.br\/conteudocorp\/wp-json\/wp\/v2\/comments?post=161218"}],"version-history":[{"count":0,"href":"https:\/\/acoi.com.br\/conteudocorp\/wp-json\/wp\/v2\/pages\/161218\/revisions"}],"wp:attachment":[{"href":"https:\/\/acoi.com.br\/conteudocorp\/wp-json\/wp\/v2\/media?parent=161218"}],"curies":[{"name":"wp","href":"https:\/\/api.w.org\/{rel}","templated":true}]}}