{"id":161230,"date":"2026-04-14T14:33:35","date_gmt":"2026-04-14T14:33:35","guid":{"rendered":"https:\/\/acoi.com.br\/conteudocorp\/transformando-itatiba-a-acoi-na-construcao-de-obras-comerciais-4\/"},"modified":"2026-04-14T14:33:35","modified_gmt":"2026-04-14T14:33:35","slug":"transformando-itatiba-a-acoi-na-construcao-de-obras-comerciais-4","status":"publish","type":"page","link":"https:\/\/acoi.com.br\/conteudocorp\/transformando-itatiba-a-acoi-na-construcao-de-obras-comerciais-4\/","title":{"rendered":"Transformando Itatiba: A Acoi na Constru\u00e7\u00e3o de Obras Comerciais"},"content":{"rendered":"<p><strong>A Acoi \u00e9 refer\u00eancia em constru\u00e7\u00f5es comerciais<\/strong>, destacando-se em Itatiba pela excel\u00eancia e inova\u00e7\u00e3o. Nossa experi\u00eancia de mais de 100 mil m\u00b2 constru\u00eddos nos permite entregar obras de qualidade superior. Desde o planejamento at\u00e9 a execu\u00e7\u00e3o, garantimos aten\u00e7\u00e3o aos detalhes e t\u00e9cnicas modernas de constru\u00e7\u00e3o. <\/p>\n<p> <strong>Nosso diferencial est\u00e1 na equipe altamente qualificada<\/strong>, que se dedica a entender as necessidades dos clientes e a traduzir estas expectativas em projetos funcionais e sustent\u00e1veis. Trabalhamos em diversas frentes, promovendo a efici\u00eancia e a economia em cada etapa. <\/p>\n<p> <strong>Valorizamos a transpar\u00eancia e a seguran\u00e7a<\/strong> nas rela\u00e7\u00f5es, o que se reflete na confian\u00e7a depositada em n\u00f3s por nossos clientes. Na Acoi, n\u00e3o constru\u00edmos apenas paredes; constru\u00edmos espa\u00e7os que impulsionam o crescimento e fazem a diferen\u00e7a no setor comercial itatibense. <\/p>\n<p> Ao optar pela Acoi, voc\u00ea garante um parceiro comprometido com os valores de \u00e9tica, qualidade e inova\u00e7\u00e3o em cada projeto.<\/p>\n","protected":false},"excerpt":{"rendered":"<p>A Acoi \u00e9 refer\u00eancia em constru\u00e7\u00f5es comerciais, destacando-se em Itatiba pela excel\u00eancia e inova\u00e7\u00e3o. Nossa experi\u00eancia de mais de 100 mil m\u00b2 constru\u00eddos nos permite entregar obras de qualidade superior. Desde o planejamento at\u00e9 a execu\u00e7\u00e3o, garantimos aten\u00e7\u00e3o aos detalhes e t\u00e9cnicas modernas de constru\u00e7\u00e3o. Nosso diferencial est\u00e1 na equipe altamente qualificada, que se dedica&hellip;&nbsp;<a href=\"https:\/\/acoi.com.br\/conteudocorp\/transformando-itatiba-a-acoi-na-construcao-de-obras-comerciais-4\/\" class=\"\" rel=\"bookmark\">Continue a ler &raquo;<span class=\"screen-reader-text\">Transformando Itatiba: A Acoi na Constru\u00e7\u00e3o de Obras Comerciais<\/span><\/a><\/p>\n","protected":false},"author":3,"featured_media":0,"parent":0,"menu_order":0,"comment_status":"closed","ping_status":"closed","template":"","meta":{"_acf_changed":false,"_yoast_wpseo_focuskw":"empresa de obras comerciais em Itatiba","_yoast_wpseo_title":"Acoi: L\u00edder em Obras Comerciais em Itatiba","_yoast_wpseo_metadesc":"Conhe\u00e7a a Acoi, a melhor empresa de obras comerciais em Itatiba, especializada em constru\u00e7\u00f5es de alta qualidade e inova\u00e7\u00e3o.","neve_meta_sidebar":"","neve_meta_container":"","neve_meta_enable_content_width":"","neve_meta_content_width":0,"neve_meta_title_alignment":"","neve_meta_author_avatar":"","neve_post_elements_order":"","neve_meta_disable_header":"","neve_meta_disable_footer":"","neve_meta_disable_title":"","footnotes":""},"class_list":["post-161230","page","type-page","status-publish","hentry"],"acf":{"introducao":"","conceitos_fundamentais":"","como_funciona":"","como_aplicar_no_dia_a_dia":"","principais_utilizacoes_e_beneficios":"","tipos_e_classificacoes":"","tecnologias_e_ferramentas_relacionadas":"","exemplos_e_casos_de_sucesso":"","mitos_e_verdades":"","perguntas_frequentes_faq":"","erros_comuns_e_como_evita-los":"","futuro_e_tendencias":"","conclusao":"","bloco1title":"Inova\u00e7\u00e3o Sempre","bloco1text":"A Acoi utiliza as mais modernas tecnologias na constru\u00e7\u00e3o, garantindo efici\u00eancia e qualidade em todos os projetos.","bloco2title":"Compromisso com Prazos","bloco2text":"Trabalhamos com dedica\u00e7\u00e3o para atender aos prazos estabelecidos, sem comprometer a qualidade das obras.","bloco3title":"Espa\u00e7os Transformadores","bloco3text":"Cada projeto da Acoi \u00e9 pensado para transformar n\u00e3o apenas estruturas, mas tamb\u00e9m vidas e neg\u00f3cios, criando oportunidades \u00fanicas no mercado.","insightwidtitle":"Curiosidades sobre Constru\u00e7\u00e3o","insightwidcontent":"Voc\u00ea sabia que a constru\u00e7\u00e3o sustent\u00e1vel est\u00e1 se tornando cada vez mais importante no Brasil? De acordo com pesquisas recentes, empresas que adotam pr\u00e1ticas sustent\u00e1veis em seus projetos n\u00e3o apenas reduzem custos, mas tamb\u00e9m aumentam a satisfa\u00e7\u00e3o do cliente. Al\u00e9m disso, a Acoi se destaca nesse cen\u00e1rio, utilizando tecnologias que minimizam o impacto ambiental e promovem o bem-estar nas constru\u00e7\u00f5es."},"yoast_head":"<!-- This site is optimized with the Yoast SEO plugin v23.4 - https:\/\/yoast.com\/wordpress\/plugins\/seo\/ -->\n<title>Acoi: L\u00edder em Obras Comerciais em Itatiba<\/title>\n<meta name=\"description\" content=\"Conhe\u00e7a a Acoi, a melhor empresa de obras comerciais em Itatiba, especializada em constru\u00e7\u00f5es de alta qualidade e inova\u00e7\u00e3o.\" \/>\n<meta name=\"robots\" content=\"index, follow, max-snippet:-1, max-image-preview:large, max-video-preview:-1\" \/>\n<link rel=\"canonical\" href=\"https:\/\/acoi.com.br\/conteudocorp\/transformando-itatiba-a-acoi-na-construcao-de-obras-comerciais-4\/\" \/>\n<meta property=\"og:locale\" content=\"pt_BR\" \/>\n<meta property=\"og:type\" content=\"article\" \/>\n<meta property=\"og:title\" content=\"Acoi: L\u00edder em Obras Comerciais em Itatiba\" \/>\n<meta property=\"og:description\" content=\"Conhe\u00e7a a Acoi, a melhor empresa de obras comerciais em Itatiba, especializada em constru\u00e7\u00f5es de alta qualidade e inova\u00e7\u00e3o.\" \/>\n<meta property=\"og:url\" content=\"https:\/\/acoi.com.br\/conteudocorp\/transformando-itatiba-a-acoi-na-construcao-de-obras-comerciais-4\/\" \/>\n<meta property=\"og:site_name\" content=\"Acoi Corp\" \/>\n<meta name=\"twitter:card\" content=\"summary_large_image\" \/>\n<meta name=\"twitter:label1\" content=\"Est. tempo de leitura\" \/>\n\t<meta name=\"twitter:data1\" content=\"1 minuto\" \/>\n<script type=\"application\/ld+json\" class=\"yoast-schema-graph\">{\"@context\":\"https:\/\/schema.org\",\"@graph\":[{\"@type\":\"WebPage\",\"@id\":\"https:\/\/acoi.com.br\/conteudocorp\/transformando-itatiba-a-acoi-na-construcao-de-obras-comerciais-4\/\",\"url\":\"https:\/\/acoi.com.br\/conteudocorp\/transformando-itatiba-a-acoi-na-construcao-de-obras-comerciais-4\/\",\"name\":\"Acoi: L\u00edder em Obras Comerciais em Itatiba\",\"isPartOf\":{\"@id\":\"https:\/\/acoi.com.br\/conteudocorp\/#website\"},\"datePublished\":\"2026-04-14T14:33:35+00:00\",\"dateModified\":\"2026-04-14T14:33:35+00:00\",\"description\":\"Conhe\u00e7a a Acoi, a melhor empresa de obras comerciais em Itatiba, especializada em constru\u00e7\u00f5es de alta qualidade e inova\u00e7\u00e3o.\",\"breadcrumb\":{\"@id\":\"https:\/\/acoi.com.br\/conteudocorp\/transformando-itatiba-a-acoi-na-construcao-de-obras-comerciais-4\/#breadcrumb\"},\"inLanguage\":\"pt-BR\",\"potentialAction\":[{\"@type\":\"ReadAction\",\"target\":[\"https:\/\/acoi.com.br\/conteudocorp\/transformando-itatiba-a-acoi-na-construcao-de-obras-comerciais-4\/\"]}]},{\"@type\":\"BreadcrumbList\",\"@id\":\"https:\/\/acoi.com.br\/conteudocorp\/transformando-itatiba-a-acoi-na-construcao-de-obras-comerciais-4\/#breadcrumb\",\"itemListElement\":[{\"@type\":\"ListItem\",\"position\":1,\"name\":\"Home\",\"item\":\"https:\/\/acoi.com.br\/conteudocorp\/\"},{\"@type\":\"ListItem\",\"position\":2,\"name\":\"Transformando Itatiba: A Acoi na Constru\u00e7\u00e3o de Obras Comerciais\"}]},{\"@type\":\"WebSite\",\"@id\":\"https:\/\/acoi.com.br\/conteudocorp\/#website\",\"url\":\"https:\/\/acoi.com.br\/conteudocorp\/\",\"name\":\"Acoi Corp\",\"description\":\"\",\"potentialAction\":[{\"@type\":\"SearchAction\",\"target\":{\"@type\":\"EntryPoint\",\"urlTemplate\":\"https:\/\/acoi.com.br\/conteudocorp\/?s={search_term_string}\"},\"query-input\":{\"@type\":\"PropertyValueSpecification\",\"valueRequired\":true,\"valueName\":\"search_term_string\"}}],\"inLanguage\":\"pt-BR\"}]}<\/script>\n<!-- \/ Yoast SEO plugin. -->","yoast_head_json":{"title":"Acoi: L\u00edder em Obras Comerciais em Itatiba","description":"Conhe\u00e7a a Acoi, a melhor empresa de obras comerciais em Itatiba, especializada em constru\u00e7\u00f5es de alta qualidade e inova\u00e7\u00e3o.","robots":{"index":"index","follow":"follow","max-snippet":"max-snippet:-1","max-image-preview":"max-image-preview:large","max-video-preview":"max-video-preview:-1"},"canonical":"https:\/\/acoi.com.br\/conteudocorp\/transformando-itatiba-a-acoi-na-construcao-de-obras-comerciais-4\/","og_locale":"pt_BR","og_type":"article","og_title":"Acoi: L\u00edder em Obras Comerciais em Itatiba","og_description":"Conhe\u00e7a a Acoi, a melhor empresa de obras comerciais em Itatiba, especializada em constru\u00e7\u00f5es de alta qualidade e inova\u00e7\u00e3o.","og_url":"https:\/\/acoi.com.br\/conteudocorp\/transformando-itatiba-a-acoi-na-construcao-de-obras-comerciais-4\/","og_site_name":"Acoi Corp","twitter_card":"summary_large_image","twitter_misc":{"Est. tempo de leitura":"1 minuto"},"schema":{"@context":"https:\/\/schema.org","@graph":[{"@type":"WebPage","@id":"https:\/\/acoi.com.br\/conteudocorp\/transformando-itatiba-a-acoi-na-construcao-de-obras-comerciais-4\/","url":"https:\/\/acoi.com.br\/conteudocorp\/transformando-itatiba-a-acoi-na-construcao-de-obras-comerciais-4\/","name":"Acoi: L\u00edder em Obras Comerciais em Itatiba","isPartOf":{"@id":"https:\/\/acoi.com.br\/conteudocorp\/#website"},"datePublished":"2026-04-14T14:33:35+00:00","dateModified":"2026-04-14T14:33:35+00:00","description":"Conhe\u00e7a a Acoi, a melhor empresa de obras comerciais em Itatiba, especializada em constru\u00e7\u00f5es de alta qualidade e inova\u00e7\u00e3o.","breadcrumb":{"@id":"https:\/\/acoi.com.br\/conteudocorp\/transformando-itatiba-a-acoi-na-construcao-de-obras-comerciais-4\/#breadcrumb"},"inLanguage":"pt-BR","potentialAction":[{"@type":"ReadAction","target":["https:\/\/acoi.com.br\/conteudocorp\/transformando-itatiba-a-acoi-na-construcao-de-obras-comerciais-4\/"]}]},{"@type":"BreadcrumbList","@id":"https:\/\/acoi.com.br\/conteudocorp\/transformando-itatiba-a-acoi-na-construcao-de-obras-comerciais-4\/#breadcrumb","itemListElement":[{"@type":"ListItem","position":1,"name":"Home","item":"https:\/\/acoi.com.br\/conteudocorp\/"},{"@type":"ListItem","position":2,"name":"Transformando Itatiba: A Acoi na Constru\u00e7\u00e3o de Obras Comerciais"}]},{"@type":"WebSite","@id":"https:\/\/acoi.com.br\/conteudocorp\/#website","url":"https:\/\/acoi.com.br\/conteudocorp\/","name":"Acoi Corp","description":"","potentialAction":[{"@type":"SearchAction","target":{"@type":"EntryPoint","urlTemplate":"https:\/\/acoi.com.br\/conteudocorp\/?s={search_term_string}"},"query-input":{"@type":"PropertyValueSpecification","valueRequired":true,"valueName":"search_term_string"}}],"inLanguage":"pt-BR"}]}},"_links":{"self":[{"href":"https:\/\/acoi.com.br\/conteudocorp\/wp-json\/wp\/v2\/pages\/161230","targetHints":{"allow":["GET"]}}],"collection":[{"href":"https:\/\/acoi.com.br\/conteudocorp\/wp-json\/wp\/v2\/pages"}],"about":[{"href":"https:\/\/acoi.com.br\/conteudocorp\/wp-json\/wp\/v2\/types\/page"}],"author":[{"embeddable":true,"href":"https:\/\/acoi.com.br\/conteudocorp\/wp-json\/wp\/v2\/users\/3"}],"replies":[{"embeddable":true,"href":"https:\/\/acoi.com.br\/conteudocorp\/wp-json\/wp\/v2\/comments?post=161230"}],"version-history":[{"count":0,"href":"https:\/\/acoi.com.br\/conteudocorp\/wp-json\/wp\/v2\/pages\/161230\/revisions"}],"wp:attachment":[{"href":"https:\/\/acoi.com.br\/conteudocorp\/wp-json\/wp\/v2\/media?parent=161230"}],"curies":[{"name":"wp","href":"https:\/\/api.w.org\/{rel}","templated":true}]}}