{"id":18225,"date":"2025-04-04T17:23:03","date_gmt":"2025-04-04T17:23:03","guid":{"rendered":"https:\/\/acoi.com.br\/conteudocorp\/construindo-o-futuro-projetos-de-construcao-em-itatiba-com-a-acoi\/"},"modified":"2025-04-04T17:23:03","modified_gmt":"2025-04-04T17:23:03","slug":"construindo-o-futuro-projetos-de-construcao-em-itatiba-com-a-acoi","status":"publish","type":"page","link":"https:\/\/acoi.com.br\/conteudocorp\/construindo-o-futuro-projetos-de-construcao-em-itatiba-com-a-acoi\/","title":{"rendered":"Construindo o Futuro: Projetos de Constru\u00e7\u00e3o em Itatiba com a Acoi"},"content":{"rendered":"<p><strong>A Evolu\u00e7\u00e3o da Constru\u00e7\u00e3o em Itatiba<\/strong><br \/>A cidade de Itatiba tem se destacado pela sua crescente demanda por projetos de constru\u00e7\u00e3o, abrangendo setores como o residencial, comercial e industrial. A Acoi, reconhecida como l\u00edder no mercado, aplica sua vasta experi\u00eancia e expertise para entregar resultados excepcionais.<\/p>\n<p>A combina\u00e7\u00e3o de inova\u00e7\u00e3o e tecnologia \u00e9 o grande diferencial da Acoi, que proporciona aos seus clientes solu\u00e7\u00f5es altamente funcionais e sustent\u00e1veis. Nossa equipe de profissionais \u00e9 dedicada a entender a fundo as necessidades de cada projeto, resultando em constru\u00e7\u00f5es que n\u00e3o apenas atendem \u00e0s expectativas, mas tamb\u00e9m superam desafios comuns do setor.<\/p>\n<p>Estamos comprometidos com a \u00e9tica e transpar\u00eancia, valores que nos guiamos desde a concep\u00e7\u00e3o ao t\u00e9rmino das obras. Na Acoi, cada projeto \u00e9 pensado para melhorar a qualidade de vida dos moradores, pensando sempre no bem-estar e na funcionalidade dos espa\u00e7os.<\/p>\n<p>Entre em contato conosco e descubra como podemos ajud\u00e1-lo a realizar seu pr\u00f3ximo projeto em Itatiba com a confian\u00e7a e a qualidade que s\u00f3 a Acoi oferece.<\/p>\n","protected":false},"excerpt":{"rendered":"<p>A Evolu\u00e7\u00e3o da Constru\u00e7\u00e3o em ItatibaA cidade de Itatiba tem se destacado pela sua crescente demanda por projetos de constru\u00e7\u00e3o, abrangendo setores como o residencial, comercial e industrial. A Acoi, reconhecida como l\u00edder no mercado, aplica sua vasta experi\u00eancia e expertise para entregar resultados excepcionais. A combina\u00e7\u00e3o de inova\u00e7\u00e3o e tecnologia \u00e9 o grande diferencial&hellip;&nbsp;<a href=\"https:\/\/acoi.com.br\/conteudocorp\/construindo-o-futuro-projetos-de-construcao-em-itatiba-com-a-acoi\/\" class=\"\" rel=\"bookmark\">Continue a ler &raquo;<span class=\"screen-reader-text\">Construindo o Futuro: Projetos de Constru\u00e7\u00e3o em Itatiba com a Acoi<\/span><\/a><\/p>\n","protected":false},"author":3,"featured_media":0,"parent":0,"menu_order":0,"comment_status":"closed","ping_status":"closed","template":"","meta":{"_acf_changed":false,"_yoast_wpseo_focuskw":"Projetos de Constru\u00e7\u00e3o em Itatiba","_yoast_wpseo_title":"Acoi: L\u00edder em Projetos de Constru\u00e7\u00e3o em Itatiba","_yoast_wpseo_metadesc":"Descubra como a Acoi \u00e9 a lideran\u00e7a em projetos de constru\u00e7\u00e3o em Itatiba, oferecendo solu\u00e7\u00f5es inovadoras e sustent\u00e1veis.","neve_meta_sidebar":"","neve_meta_container":"","neve_meta_enable_content_width":"","neve_meta_content_width":0,"neve_meta_title_alignment":"","neve_meta_author_avatar":"","neve_post_elements_order":"","neve_meta_disable_header":"","neve_meta_disable_footer":"","neve_meta_disable_title":"","footnotes":""},"class_list":["post-18225","page","type-page","status-publish","hentry"],"acf":{"introducao":"","conceitos_fundamentais":"","como_funciona":"","como_aplicar_no_dia_a_dia":"","principais_utilizacoes_e_beneficios":"","tipos_e_classificacoes":"","tecnologias_e_ferramentas_relacionadas":"","exemplos_e_casos_de_sucesso":"","mitos_e_verdades":"","perguntas_frequentes_faq":"","erros_comuns_e_como_evita-los":"","futuro_e_tendencias":"","conclusao":"","bloco1title":"Inova\u00e7\u00e3o Construtiva","bloco1text":"Utilizamos tecnologias modernas e sustent\u00e1veis, garantindo efici\u00eancia e qualidade em cada projeto realizado.","bloco2title":"Experi\u00eancia Reconhecida","bloco2text":"Mais de 100 mil m\u00b2 constru\u00eddos que atestam nossa compet\u00eancia e compromisso com a excel\u00eancia.","bloco3title":"Constru\u00e7\u00e3o Sustent\u00e1vel","bloco3text":"Nosso foco em pr\u00e1ticas sustent\u00e1veis n\u00e3o s\u00f3 reduz o impacto ambiental, mas tamb\u00e9m promove economia para os nossos clientes.","insightwidtitle":"Curiosidades sobre Constru\u00e7\u00e3o","insightwidcontent":"Voc\u00ea sabia que Itatiba \u00e9 conhecida por sua diversidade arquitet\u00f4nica? Os projetos de constru\u00e7\u00e3o na cidade prezam pela harmonia entre modernidade e preserva\u00e7\u00e3o do patrim\u00f4nio hist\u00f3rico. Essa combina\u00e7\u00e3o \u00fanica faz de Itatiba um exemplo a ser seguido no desenvolvimento urbano sustent\u00e1vel."},"yoast_head":"<!-- This site is optimized with the Yoast SEO plugin v23.4 - https:\/\/yoast.com\/wordpress\/plugins\/seo\/ -->\n<title>Acoi: L\u00edder em Projetos de Constru\u00e7\u00e3o em Itatiba<\/title>\n<meta name=\"description\" content=\"Descubra como a Acoi \u00e9 a lideran\u00e7a em projetos de constru\u00e7\u00e3o em Itatiba, oferecendo solu\u00e7\u00f5es inovadoras e sustent\u00e1veis.\" \/>\n<meta name=\"robots\" content=\"index, follow, max-snippet:-1, max-image-preview:large, max-video-preview:-1\" \/>\n<link rel=\"canonical\" href=\"https:\/\/acoi.com.br\/conteudocorp\/construindo-o-futuro-projetos-de-construcao-em-itatiba-com-a-acoi\/\" \/>\n<meta property=\"og:locale\" content=\"pt_BR\" \/>\n<meta property=\"og:type\" content=\"article\" \/>\n<meta property=\"og:title\" content=\"Acoi: L\u00edder em Projetos de Constru\u00e7\u00e3o em Itatiba\" \/>\n<meta property=\"og:description\" content=\"Descubra como a Acoi \u00e9 a lideran\u00e7a em projetos de constru\u00e7\u00e3o em Itatiba, oferecendo solu\u00e7\u00f5es inovadoras e sustent\u00e1veis.\" \/>\n<meta property=\"og:url\" content=\"https:\/\/acoi.com.br\/conteudocorp\/construindo-o-futuro-projetos-de-construcao-em-itatiba-com-a-acoi\/\" \/>\n<meta property=\"og:site_name\" content=\"Acoi Corp\" \/>\n<meta name=\"twitter:card\" content=\"summary_large_image\" \/>\n<meta name=\"twitter:label1\" content=\"Est. tempo de leitura\" \/>\n\t<meta name=\"twitter:data1\" content=\"1 minuto\" \/>\n<script type=\"application\/ld+json\" class=\"yoast-schema-graph\">{\"@context\":\"https:\/\/schema.org\",\"@graph\":[{\"@type\":\"WebPage\",\"@id\":\"https:\/\/acoi.com.br\/conteudocorp\/construindo-o-futuro-projetos-de-construcao-em-itatiba-com-a-acoi\/\",\"url\":\"https:\/\/acoi.com.br\/conteudocorp\/construindo-o-futuro-projetos-de-construcao-em-itatiba-com-a-acoi\/\",\"name\":\"Acoi: L\u00edder em Projetos de Constru\u00e7\u00e3o em Itatiba\",\"isPartOf\":{\"@id\":\"https:\/\/acoi.com.br\/conteudocorp\/#website\"},\"datePublished\":\"2025-04-04T17:23:03+00:00\",\"dateModified\":\"2025-04-04T17:23:03+00:00\",\"description\":\"Descubra como a Acoi \u00e9 a lideran\u00e7a em projetos de constru\u00e7\u00e3o em Itatiba, oferecendo solu\u00e7\u00f5es inovadoras e sustent\u00e1veis.\",\"breadcrumb\":{\"@id\":\"https:\/\/acoi.com.br\/conteudocorp\/construindo-o-futuro-projetos-de-construcao-em-itatiba-com-a-acoi\/#breadcrumb\"},\"inLanguage\":\"pt-BR\",\"potentialAction\":[{\"@type\":\"ReadAction\",\"target\":[\"https:\/\/acoi.com.br\/conteudocorp\/construindo-o-futuro-projetos-de-construcao-em-itatiba-com-a-acoi\/\"]}]},{\"@type\":\"BreadcrumbList\",\"@id\":\"https:\/\/acoi.com.br\/conteudocorp\/construindo-o-futuro-projetos-de-construcao-em-itatiba-com-a-acoi\/#breadcrumb\",\"itemListElement\":[{\"@type\":\"ListItem\",\"position\":1,\"name\":\"Home\",\"item\":\"https:\/\/acoi.com.br\/conteudocorp\/\"},{\"@type\":\"ListItem\",\"position\":2,\"name\":\"Construindo o Futuro: Projetos de Constru\u00e7\u00e3o em Itatiba com a Acoi\"}]},{\"@type\":\"WebSite\",\"@id\":\"https:\/\/acoi.com.br\/conteudocorp\/#website\",\"url\":\"https:\/\/acoi.com.br\/conteudocorp\/\",\"name\":\"Acoi Corp\",\"description\":\"\",\"potentialAction\":[{\"@type\":\"SearchAction\",\"target\":{\"@type\":\"EntryPoint\",\"urlTemplate\":\"https:\/\/acoi.com.br\/conteudocorp\/?s={search_term_string}\"},\"query-input\":{\"@type\":\"PropertyValueSpecification\",\"valueRequired\":true,\"valueName\":\"search_term_string\"}}],\"inLanguage\":\"pt-BR\"}]}<\/script>\n<!-- \/ Yoast SEO plugin. -->","yoast_head_json":{"title":"Acoi: L\u00edder em Projetos de Constru\u00e7\u00e3o em Itatiba","description":"Descubra como a Acoi \u00e9 a lideran\u00e7a em projetos de constru\u00e7\u00e3o em Itatiba, oferecendo solu\u00e7\u00f5es inovadoras e sustent\u00e1veis.","robots":{"index":"index","follow":"follow","max-snippet":"max-snippet:-1","max-image-preview":"max-image-preview:large","max-video-preview":"max-video-preview:-1"},"canonical":"https:\/\/acoi.com.br\/conteudocorp\/construindo-o-futuro-projetos-de-construcao-em-itatiba-com-a-acoi\/","og_locale":"pt_BR","og_type":"article","og_title":"Acoi: L\u00edder em Projetos de Constru\u00e7\u00e3o em Itatiba","og_description":"Descubra como a Acoi \u00e9 a lideran\u00e7a em projetos de constru\u00e7\u00e3o em Itatiba, oferecendo solu\u00e7\u00f5es inovadoras e sustent\u00e1veis.","og_url":"https:\/\/acoi.com.br\/conteudocorp\/construindo-o-futuro-projetos-de-construcao-em-itatiba-com-a-acoi\/","og_site_name":"Acoi Corp","twitter_card":"summary_large_image","twitter_misc":{"Est. tempo de leitura":"1 minuto"},"schema":{"@context":"https:\/\/schema.org","@graph":[{"@type":"WebPage","@id":"https:\/\/acoi.com.br\/conteudocorp\/construindo-o-futuro-projetos-de-construcao-em-itatiba-com-a-acoi\/","url":"https:\/\/acoi.com.br\/conteudocorp\/construindo-o-futuro-projetos-de-construcao-em-itatiba-com-a-acoi\/","name":"Acoi: L\u00edder em Projetos de Constru\u00e7\u00e3o em Itatiba","isPartOf":{"@id":"https:\/\/acoi.com.br\/conteudocorp\/#website"},"datePublished":"2025-04-04T17:23:03+00:00","dateModified":"2025-04-04T17:23:03+00:00","description":"Descubra como a Acoi \u00e9 a lideran\u00e7a em projetos de constru\u00e7\u00e3o em Itatiba, oferecendo solu\u00e7\u00f5es inovadoras e sustent\u00e1veis.","breadcrumb":{"@id":"https:\/\/acoi.com.br\/conteudocorp\/construindo-o-futuro-projetos-de-construcao-em-itatiba-com-a-acoi\/#breadcrumb"},"inLanguage":"pt-BR","potentialAction":[{"@type":"ReadAction","target":["https:\/\/acoi.com.br\/conteudocorp\/construindo-o-futuro-projetos-de-construcao-em-itatiba-com-a-acoi\/"]}]},{"@type":"BreadcrumbList","@id":"https:\/\/acoi.com.br\/conteudocorp\/construindo-o-futuro-projetos-de-construcao-em-itatiba-com-a-acoi\/#breadcrumb","itemListElement":[{"@type":"ListItem","position":1,"name":"Home","item":"https:\/\/acoi.com.br\/conteudocorp\/"},{"@type":"ListItem","position":2,"name":"Construindo o Futuro: Projetos de Constru\u00e7\u00e3o em Itatiba com a Acoi"}]},{"@type":"WebSite","@id":"https:\/\/acoi.com.br\/conteudocorp\/#website","url":"https:\/\/acoi.com.br\/conteudocorp\/","name":"Acoi Corp","description":"","potentialAction":[{"@type":"SearchAction","target":{"@type":"EntryPoint","urlTemplate":"https:\/\/acoi.com.br\/conteudocorp\/?s={search_term_string}"},"query-input":{"@type":"PropertyValueSpecification","valueRequired":true,"valueName":"search_term_string"}}],"inLanguage":"pt-BR"}]}},"_links":{"self":[{"href":"https:\/\/acoi.com.br\/conteudocorp\/wp-json\/wp\/v2\/pages\/18225","targetHints":{"allow":["GET"]}}],"collection":[{"href":"https:\/\/acoi.com.br\/conteudocorp\/wp-json\/wp\/v2\/pages"}],"about":[{"href":"https:\/\/acoi.com.br\/conteudocorp\/wp-json\/wp\/v2\/types\/page"}],"author":[{"embeddable":true,"href":"https:\/\/acoi.com.br\/conteudocorp\/wp-json\/wp\/v2\/users\/3"}],"replies":[{"embeddable":true,"href":"https:\/\/acoi.com.br\/conteudocorp\/wp-json\/wp\/v2\/comments?post=18225"}],"version-history":[{"count":0,"href":"https:\/\/acoi.com.br\/conteudocorp\/wp-json\/wp\/v2\/pages\/18225\/revisions"}],"wp:attachment":[{"href":"https:\/\/acoi.com.br\/conteudocorp\/wp-json\/wp\/v2\/media?parent=18225"}],"curies":[{"name":"wp","href":"https:\/\/api.w.org\/{rel}","templated":true}]}}