{"id":18864,"date":"2025-04-06T12:12:09","date_gmt":"2025-04-06T12:12:09","guid":{"rendered":"https:\/\/acoi.com.br\/conteudocorp\/descubra-o-condominio-residencial-em-itatiba-um-novo-estilo-de-vida\/"},"modified":"2025-04-06T12:12:09","modified_gmt":"2025-04-06T12:12:09","slug":"descubra-o-condominio-residencial-em-itatiba-um-novo-estilo-de-vida","status":"publish","type":"page","link":"https:\/\/acoi.com.br\/conteudocorp\/descubra-o-condominio-residencial-em-itatiba-um-novo-estilo-de-vida\/","title":{"rendered":"Descubra o Condom\u00ednio Residencial em Itatiba: Um Novo Estilo de Vida"},"content":{"rendered":"<p><strong>Ganhando Espa\u00e7o em Itatiba<\/strong><br \/>\nOs condom\u00ednios residenciais em Itatiba v\u00eam se destacando n\u00e3o apenas pela seguran\u00e7a, mas tamb\u00e9m pela qualidade de vida que promovem. Nestes ambientes, voc\u00ea encontra um estilo de vida tranquilo, com todas as comodidades que precisa.  <\/p>\n<p><strong>Infraestrutura de Ponta<\/strong><br \/>\nA Acoi se dedica a construir projetos que agregam valor e conforto. Com mais de 100 mil m\u00b2 de \u00e1rea constru\u00edda, nossos condom\u00ednios trazem modernidade e funcionalidade com acabamentos de alta qualidade.  <\/p>\n<p><strong>Uma Comunidade Vibrante<\/strong><br \/>\nOs moradores t\u00eam a oportunidade de viver em harmonia, desenvolvendo la\u00e7os e convivendo em um ambiente seguro e acolhedor. As \u00e1reas comuns s\u00e3o projetadas para promover intera\u00e7\u00f5es saud\u00e1veis.  <\/p>\n<p><strong>Localiza\u00e7\u00e3o Privilegiada<\/strong><br \/>\nSituados pr\u00f3ximos a centros comerciais, escolas e parques, os condom\u00ednios da Acoi oferecem tudo que voc\u00ea precisa a poucos minutos da sua casa.  <\/p>\n<p><strong>Viabilidade e Sustentabilidade<\/strong><br \/>\nNossos projetos s\u00e3o sustent\u00e1veis, com foco na preserva\u00e7\u00e3o ambiental e no bem-estar dos moradores. A Acoi traz inova\u00e7\u00f5es que mant\u00e9m a natureza viva ao redor dos condom\u00ednios.  <\/p>\n<p>Opte por Acoi para seu novo lar. Nossos condom\u00ednios em Itatiba s\u00e3o a escolha perfeita para quem busca estabelecer ra\u00edzes em um lugar seguro, confort\u00e1vel e que promove a qualidade de vida desejada. Com nossa expertise, garantimos a melhor experi\u00eancia na constru\u00e7\u00e3o do seu futuro.<\/p>\n","protected":false},"excerpt":{"rendered":"<p>Ganhando Espa\u00e7o em Itatiba Os condom\u00ednios residenciais em Itatiba v\u00eam se destacando n\u00e3o apenas pela seguran\u00e7a, mas tamb\u00e9m pela qualidade de vida que promovem. Nestes ambientes, voc\u00ea encontra um estilo de vida tranquilo, com todas as comodidades que precisa. Infraestrutura de Ponta A Acoi se dedica a construir projetos que agregam valor e conforto. Com&hellip;&nbsp;<a href=\"https:\/\/acoi.com.br\/conteudocorp\/descubra-o-condominio-residencial-em-itatiba-um-novo-estilo-de-vida\/\" class=\"\" rel=\"bookmark\">Continue a ler &raquo;<span class=\"screen-reader-text\">Descubra o Condom\u00ednio Residencial em Itatiba: Um Novo Estilo de Vida<\/span><\/a><\/p>\n","protected":false},"author":3,"featured_media":0,"parent":0,"menu_order":0,"comment_status":"closed","ping_status":"closed","template":"","meta":{"_acf_changed":false,"_yoast_wpseo_focuskw":"Condom\u00ednio Residencial em Itatiba","_yoast_wpseo_title":"Condom\u00ednios Residenciais em Itatiba: Seguran\u00e7a, Lazer e Qualidade de Vida com a Acoi","_yoast_wpseo_metadesc":"Descubra como os condom\u00ednios residenciais em Itatiba podem transformar a sua qualidade de vida. Com seguran\u00e7a, lazer e modernidade, a Acoi \u00e9 a escolha ideal para voc\u00ea.","neve_meta_sidebar":"","neve_meta_container":"","neve_meta_enable_content_width":"","neve_meta_content_width":0,"neve_meta_title_alignment":"","neve_meta_author_avatar":"","neve_post_elements_order":"","neve_meta_disable_header":"","neve_meta_disable_footer":"","neve_meta_disable_title":"","footnotes":""},"class_list":["post-18864","page","type-page","status-publish","hentry"],"acf":{"introducao":"","conceitos_fundamentais":"","como_funciona":"","como_aplicar_no_dia_a_dia":"","principais_utilizacoes_e_beneficios":"","tipos_e_classificacoes":"","tecnologias_e_ferramentas_relacionadas":"","exemplos_e_casos_de_sucesso":"","mitos_e_verdades":"","perguntas_frequentes_faq":"","erros_comuns_e_como_evita-los":"","futuro_e_tendencias":"","conclusao":"","bloco1title":"Seguran\u00e7a e Tranquilidade","bloco1text":"Os condom\u00ednios residenciais em Itatiba proporcionam seguran\u00e7a 24h, garantindo tranquilidade para voc\u00ea e sua fam\u00edlia.","bloco2title":"Lazer Completo","bloco2text":"Nossos projetos incluem \u00e1reas de lazer como piscinas, academias e parques, promovendo momentos de divers\u00e3o e bem-estar.","bloco3title":"Natureza Preservada","bloco3text":"Os condom\u00ednios da Acoi s\u00e3o planejados para integrar \u00e1reas verdes, proporcionando um ambiente saud\u00e1vel e em harmonia com a natureza.","insightwidtitle":"Curiosidades sobre Itatiba","insightwidcontent":"Voc\u00ea sabia que Itatiba \u00e9 conhecida pelas suas \u00e1reas verdes e pr\u00e1ticas ecol\u00f3gicas? A cidade possui diversas atividades ao ar livre, como trilhas e parques, que se harmonizam perfeitamente com a vida em condom\u00ednios residenciais, atraindo fam\u00edlias que buscam qualidade de vida e contato com a natureza."},"yoast_head":"<!-- This site is optimized with the Yoast SEO plugin v23.4 - https:\/\/yoast.com\/wordpress\/plugins\/seo\/ -->\n<title>Condom\u00ednios Residenciais em Itatiba: Seguran\u00e7a, Lazer e Qualidade de Vida com a Acoi<\/title>\n<meta name=\"description\" content=\"Descubra como os condom\u00ednios residenciais em Itatiba podem transformar a sua qualidade de vida. Com seguran\u00e7a, lazer e modernidade, a Acoi \u00e9 a escolha ideal para voc\u00ea.\" \/>\n<meta name=\"robots\" content=\"index, follow, max-snippet:-1, max-image-preview:large, max-video-preview:-1\" \/>\n<link rel=\"canonical\" href=\"https:\/\/acoi.com.br\/conteudocorp\/descubra-o-condominio-residencial-em-itatiba-um-novo-estilo-de-vida\/\" \/>\n<meta property=\"og:locale\" content=\"pt_BR\" \/>\n<meta property=\"og:type\" content=\"article\" \/>\n<meta property=\"og:title\" content=\"Condom\u00ednios Residenciais em Itatiba: Seguran\u00e7a, Lazer e Qualidade de Vida com a Acoi\" \/>\n<meta property=\"og:description\" content=\"Descubra como os condom\u00ednios residenciais em Itatiba podem transformar a sua qualidade de vida. Com seguran\u00e7a, lazer e modernidade, a Acoi \u00e9 a escolha ideal para voc\u00ea.\" \/>\n<meta property=\"og:url\" content=\"https:\/\/acoi.com.br\/conteudocorp\/descubra-o-condominio-residencial-em-itatiba-um-novo-estilo-de-vida\/\" \/>\n<meta property=\"og:site_name\" content=\"Acoi Corp\" \/>\n<meta name=\"twitter:card\" content=\"summary_large_image\" \/>\n<meta name=\"twitter:label1\" content=\"Est. tempo de leitura\" \/>\n\t<meta name=\"twitter:data1\" content=\"1 minuto\" \/>\n<script type=\"application\/ld+json\" class=\"yoast-schema-graph\">{\"@context\":\"https:\/\/schema.org\",\"@graph\":[{\"@type\":\"WebPage\",\"@id\":\"https:\/\/acoi.com.br\/conteudocorp\/descubra-o-condominio-residencial-em-itatiba-um-novo-estilo-de-vida\/\",\"url\":\"https:\/\/acoi.com.br\/conteudocorp\/descubra-o-condominio-residencial-em-itatiba-um-novo-estilo-de-vida\/\",\"name\":\"Condom\u00ednios Residenciais em Itatiba: Seguran\u00e7a, Lazer e Qualidade de Vida com a Acoi\",\"isPartOf\":{\"@id\":\"https:\/\/acoi.com.br\/conteudocorp\/#website\"},\"datePublished\":\"2025-04-06T12:12:09+00:00\",\"dateModified\":\"2025-04-06T12:12:09+00:00\",\"description\":\"Descubra como os condom\u00ednios residenciais em Itatiba podem transformar a sua qualidade de vida. Com seguran\u00e7a, lazer e modernidade, a Acoi \u00e9 a escolha ideal para voc\u00ea.\",\"breadcrumb\":{\"@id\":\"https:\/\/acoi.com.br\/conteudocorp\/descubra-o-condominio-residencial-em-itatiba-um-novo-estilo-de-vida\/#breadcrumb\"},\"inLanguage\":\"pt-BR\",\"potentialAction\":[{\"@type\":\"ReadAction\",\"target\":[\"https:\/\/acoi.com.br\/conteudocorp\/descubra-o-condominio-residencial-em-itatiba-um-novo-estilo-de-vida\/\"]}]},{\"@type\":\"BreadcrumbList\",\"@id\":\"https:\/\/acoi.com.br\/conteudocorp\/descubra-o-condominio-residencial-em-itatiba-um-novo-estilo-de-vida\/#breadcrumb\",\"itemListElement\":[{\"@type\":\"ListItem\",\"position\":1,\"name\":\"Home\",\"item\":\"https:\/\/acoi.com.br\/conteudocorp\/\"},{\"@type\":\"ListItem\",\"position\":2,\"name\":\"Descubra o Condom\u00ednio Residencial em Itatiba: Um Novo Estilo de Vida\"}]},{\"@type\":\"WebSite\",\"@id\":\"https:\/\/acoi.com.br\/conteudocorp\/#website\",\"url\":\"https:\/\/acoi.com.br\/conteudocorp\/\",\"name\":\"Acoi Corp\",\"description\":\"\",\"potentialAction\":[{\"@type\":\"SearchAction\",\"target\":{\"@type\":\"EntryPoint\",\"urlTemplate\":\"https:\/\/acoi.com.br\/conteudocorp\/?s={search_term_string}\"},\"query-input\":{\"@type\":\"PropertyValueSpecification\",\"valueRequired\":true,\"valueName\":\"search_term_string\"}}],\"inLanguage\":\"pt-BR\"}]}<\/script>\n<!-- \/ Yoast SEO plugin. -->","yoast_head_json":{"title":"Condom\u00ednios Residenciais em Itatiba: Seguran\u00e7a, Lazer e Qualidade de Vida com a Acoi","description":"Descubra como os condom\u00ednios residenciais em Itatiba podem transformar a sua qualidade de vida. Com seguran\u00e7a, lazer e modernidade, a Acoi \u00e9 a escolha ideal para voc\u00ea.","robots":{"index":"index","follow":"follow","max-snippet":"max-snippet:-1","max-image-preview":"max-image-preview:large","max-video-preview":"max-video-preview:-1"},"canonical":"https:\/\/acoi.com.br\/conteudocorp\/descubra-o-condominio-residencial-em-itatiba-um-novo-estilo-de-vida\/","og_locale":"pt_BR","og_type":"article","og_title":"Condom\u00ednios Residenciais em Itatiba: Seguran\u00e7a, Lazer e Qualidade de Vida com a Acoi","og_description":"Descubra como os condom\u00ednios residenciais em Itatiba podem transformar a sua qualidade de vida. Com seguran\u00e7a, lazer e modernidade, a Acoi \u00e9 a escolha ideal para voc\u00ea.","og_url":"https:\/\/acoi.com.br\/conteudocorp\/descubra-o-condominio-residencial-em-itatiba-um-novo-estilo-de-vida\/","og_site_name":"Acoi Corp","twitter_card":"summary_large_image","twitter_misc":{"Est. tempo de leitura":"1 minuto"},"schema":{"@context":"https:\/\/schema.org","@graph":[{"@type":"WebPage","@id":"https:\/\/acoi.com.br\/conteudocorp\/descubra-o-condominio-residencial-em-itatiba-um-novo-estilo-de-vida\/","url":"https:\/\/acoi.com.br\/conteudocorp\/descubra-o-condominio-residencial-em-itatiba-um-novo-estilo-de-vida\/","name":"Condom\u00ednios Residenciais em Itatiba: Seguran\u00e7a, Lazer e Qualidade de Vida com a Acoi","isPartOf":{"@id":"https:\/\/acoi.com.br\/conteudocorp\/#website"},"datePublished":"2025-04-06T12:12:09+00:00","dateModified":"2025-04-06T12:12:09+00:00","description":"Descubra como os condom\u00ednios residenciais em Itatiba podem transformar a sua qualidade de vida. Com seguran\u00e7a, lazer e modernidade, a Acoi \u00e9 a escolha ideal para voc\u00ea.","breadcrumb":{"@id":"https:\/\/acoi.com.br\/conteudocorp\/descubra-o-condominio-residencial-em-itatiba-um-novo-estilo-de-vida\/#breadcrumb"},"inLanguage":"pt-BR","potentialAction":[{"@type":"ReadAction","target":["https:\/\/acoi.com.br\/conteudocorp\/descubra-o-condominio-residencial-em-itatiba-um-novo-estilo-de-vida\/"]}]},{"@type":"BreadcrumbList","@id":"https:\/\/acoi.com.br\/conteudocorp\/descubra-o-condominio-residencial-em-itatiba-um-novo-estilo-de-vida\/#breadcrumb","itemListElement":[{"@type":"ListItem","position":1,"name":"Home","item":"https:\/\/acoi.com.br\/conteudocorp\/"},{"@type":"ListItem","position":2,"name":"Descubra o Condom\u00ednio Residencial em Itatiba: Um Novo Estilo de Vida"}]},{"@type":"WebSite","@id":"https:\/\/acoi.com.br\/conteudocorp\/#website","url":"https:\/\/acoi.com.br\/conteudocorp\/","name":"Acoi Corp","description":"","potentialAction":[{"@type":"SearchAction","target":{"@type":"EntryPoint","urlTemplate":"https:\/\/acoi.com.br\/conteudocorp\/?s={search_term_string}"},"query-input":{"@type":"PropertyValueSpecification","valueRequired":true,"valueName":"search_term_string"}}],"inLanguage":"pt-BR"}]}},"_links":{"self":[{"href":"https:\/\/acoi.com.br\/conteudocorp\/wp-json\/wp\/v2\/pages\/18864","targetHints":{"allow":["GET"]}}],"collection":[{"href":"https:\/\/acoi.com.br\/conteudocorp\/wp-json\/wp\/v2\/pages"}],"about":[{"href":"https:\/\/acoi.com.br\/conteudocorp\/wp-json\/wp\/v2\/types\/page"}],"author":[{"embeddable":true,"href":"https:\/\/acoi.com.br\/conteudocorp\/wp-json\/wp\/v2\/users\/3"}],"replies":[{"embeddable":true,"href":"https:\/\/acoi.com.br\/conteudocorp\/wp-json\/wp\/v2\/comments?post=18864"}],"version-history":[{"count":0,"href":"https:\/\/acoi.com.br\/conteudocorp\/wp-json\/wp\/v2\/pages\/18864\/revisions"}],"wp:attachment":[{"href":"https:\/\/acoi.com.br\/conteudocorp\/wp-json\/wp\/v2\/media?parent=18864"}],"curies":[{"name":"wp","href":"https:\/\/api.w.org\/{rel}","templated":true}]}}