{"id":22585,"date":"2025-04-16T22:34:08","date_gmt":"2025-04-16T22:34:08","guid":{"rendered":"https:\/\/acoi.com.br\/conteudocorp\/construcao-de-supermercados-em-itatiba-a-excelencia-em-projetos-da-acoi\/"},"modified":"2025-04-16T22:34:08","modified_gmt":"2025-04-16T22:34:08","slug":"construcao-de-supermercados-em-itatiba-a-excelencia-em-projetos-da-acoi","status":"publish","type":"page","link":"https:\/\/acoi.com.br\/conteudocorp\/construcao-de-supermercados-em-itatiba-a-excelencia-em-projetos-da-acoi\/","title":{"rendered":"Constru\u00e7\u00e3o de Supermercados em Itatiba: A Excel\u00eancia em Projetos da Acoi"},"content":{"rendered":"<p><strong>Por que escolher a Acoi?<\/strong> Quando se trata da constru\u00e7\u00e3o de supermercados em Itatiba, optar pela Acoi \u00e9 assegurar um projeto que alia experi\u00eancia e inova\u00e7\u00e3o. Nossa equipe possui vasto conhecimento nas caracter\u00edsticas locais e nas necessidades do varejo, o que nos permite desenvolver solu\u00e7\u00f5es personalizadas. <\/p>\n<p> <strong>Expertise em cada detalhe<\/strong> &#8211; Com um portf\u00f3lio que abrange mais de 100 mil m\u00b2, a Acoi \u00e9 refer\u00eancia no setor. Nossos engenheiros e arquitetos dedicam-se a entender a din\u00e2mica do seu neg\u00f3cio, criando espa\u00e7os que n\u00e3o apenas atendem \u00e0s necessidades funcionais, mas tamb\u00e9m proporcionam uma experi\u00eancia diferenciada ao consumidor. <\/p>\n<p> <strong>Compromisso com a sustentabilidade<\/strong> &#8211; Em um mundo onde a consci\u00eancia ambiental \u00e9 imprescind\u00edvel, nossas constru\u00e7\u00f5es respeitam normas sustent\u00e1veis, utilizando recursos que minimizam o impacto ambiental. <\/p>\n<p> Com esses diferenciais, a Acoi se posiciona como a melhor op\u00e7\u00e3o para quem deseja construir um supermercado em Itatiba com efici\u00eancia e qualidade.<\/p>\n","protected":false},"excerpt":{"rendered":"<p>Por que escolher a Acoi? Quando se trata da constru\u00e7\u00e3o de supermercados em Itatiba, optar pela Acoi \u00e9 assegurar um projeto que alia experi\u00eancia e inova\u00e7\u00e3o. Nossa equipe possui vasto conhecimento nas caracter\u00edsticas locais e nas necessidades do varejo, o que nos permite desenvolver solu\u00e7\u00f5es personalizadas. Expertise em cada detalhe &#8211; Com um portf\u00f3lio que&hellip;&nbsp;<a href=\"https:\/\/acoi.com.br\/conteudocorp\/construcao-de-supermercados-em-itatiba-a-excelencia-em-projetos-da-acoi\/\" class=\"\" rel=\"bookmark\">Continue a ler &raquo;<span class=\"screen-reader-text\">Constru\u00e7\u00e3o de Supermercados em Itatiba: A Excel\u00eancia em Projetos da Acoi<\/span><\/a><\/p>\n","protected":false},"author":3,"featured_media":0,"parent":0,"menu_order":0,"comment_status":"closed","ping_status":"closed","template":"","meta":{"_acf_changed":false,"_yoast_wpseo_focuskw":"Constru\u00e7\u00e3o de supermercados em Itatiba","_yoast_wpseo_title":"Acoi: Constru\u00e7\u00e3o de Supermercados em Itatiba com Excel\u00eancia","_yoast_wpseo_metadesc":"Descubra como a Acoi pode transformar o seu projeto de constru\u00e7\u00e3o de supermercados em Itatiba com qualidade e inova\u00e7\u00e3o.","neve_meta_sidebar":"","neve_meta_container":"","neve_meta_enable_content_width":"","neve_meta_content_width":0,"neve_meta_title_alignment":"","neve_meta_author_avatar":"","neve_post_elements_order":"","neve_meta_disable_header":"","neve_meta_disable_footer":"","neve_meta_disable_title":"","footnotes":""},"class_list":["post-22585","page","type-page","status-publish","hentry"],"acf":{"introducao":"","conceitos_fundamentais":"","como_funciona":"","como_aplicar_no_dia_a_dia":"","principais_utilizacoes_e_beneficios":"","tipos_e_classificacoes":"","tecnologias_e_ferramentas_relacionadas":"","exemplos_e_casos_de_sucesso":"","mitos_e_verdades":"","perguntas_frequentes_faq":"","erros_comuns_e_como_evita-los":"","futuro_e_tendencias":"","conclusao":"","bloco1title":"Experi\u00eancia s\u00f3lida","bloco1text":"A Acoi traz uma bagagem de experi\u00eancia em diversos segmentos, dando seguran\u00e7a \u00e0 constru\u00e7\u00e3o do seu supermercado.","bloco2title":"Tecnologia avan\u00e7ada","bloco2text":"Utilizamos as mais modernas tecnologias para garantir constru\u00e7\u00f5es dur\u00e1veis e sustent\u00e1veis.","bloco3title":"Transforma\u00e7\u00e3o do setor","bloco3text":"A constru\u00e7\u00e3o de supermercados em Itatiba tem evolu\u00eddo, e a Acoi est\u00e1 na vanguarda dessa transforma\u00e7\u00e3o, trazendo solu\u00e7\u00f5es inovadoras que atendem \u00e0s novas demandas do mercado.","insightwidtitle":"Curiosidades sobre Supermercados","insightwidcontent":"Voc\u00ea sabia que a constru\u00e7\u00e3o de supermercados pode influenciar o comportamento de compra dos consumidores? Estudos mostram que a disposi\u00e7\u00e3o dos produtos e a arquitetura dos espa\u00e7os podem aumentar as vendas. Al\u00e9m disso, investir em sustentabilidade pode n\u00e3o apenas reduzir custos operacionais, mas tamb\u00e9m atrair mais clientes que valorizam pr\u00e1ticas ecol\u00f3gicas."},"yoast_head":"<!-- This site is optimized with the Yoast SEO plugin v23.4 - https:\/\/yoast.com\/wordpress\/plugins\/seo\/ -->\n<title>Acoi: Constru\u00e7\u00e3o de Supermercados em Itatiba com Excel\u00eancia<\/title>\n<meta name=\"description\" content=\"Descubra como a Acoi pode transformar o seu projeto de constru\u00e7\u00e3o de supermercados em Itatiba com qualidade e inova\u00e7\u00e3o.\" \/>\n<meta name=\"robots\" content=\"index, follow, max-snippet:-1, max-image-preview:large, max-video-preview:-1\" \/>\n<link rel=\"canonical\" href=\"https:\/\/acoi.com.br\/conteudocorp\/construcao-de-supermercados-em-itatiba-a-excelencia-em-projetos-da-acoi\/\" \/>\n<meta property=\"og:locale\" content=\"pt_BR\" \/>\n<meta property=\"og:type\" content=\"article\" \/>\n<meta property=\"og:title\" content=\"Acoi: Constru\u00e7\u00e3o de Supermercados em Itatiba com Excel\u00eancia\" \/>\n<meta property=\"og:description\" content=\"Descubra como a Acoi pode transformar o seu projeto de constru\u00e7\u00e3o de supermercados em Itatiba com qualidade e inova\u00e7\u00e3o.\" \/>\n<meta property=\"og:url\" content=\"https:\/\/acoi.com.br\/conteudocorp\/construcao-de-supermercados-em-itatiba-a-excelencia-em-projetos-da-acoi\/\" \/>\n<meta property=\"og:site_name\" content=\"Acoi Corp\" \/>\n<meta name=\"twitter:card\" content=\"summary_large_image\" \/>\n<meta name=\"twitter:label1\" content=\"Est. tempo de leitura\" \/>\n\t<meta name=\"twitter:data1\" content=\"1 minuto\" \/>\n<script type=\"application\/ld+json\" class=\"yoast-schema-graph\">{\"@context\":\"https:\/\/schema.org\",\"@graph\":[{\"@type\":\"WebPage\",\"@id\":\"https:\/\/acoi.com.br\/conteudocorp\/construcao-de-supermercados-em-itatiba-a-excelencia-em-projetos-da-acoi\/\",\"url\":\"https:\/\/acoi.com.br\/conteudocorp\/construcao-de-supermercados-em-itatiba-a-excelencia-em-projetos-da-acoi\/\",\"name\":\"Acoi: Constru\u00e7\u00e3o de Supermercados em Itatiba com Excel\u00eancia\",\"isPartOf\":{\"@id\":\"https:\/\/acoi.com.br\/conteudocorp\/#website\"},\"datePublished\":\"2025-04-16T22:34:08+00:00\",\"dateModified\":\"2025-04-16T22:34:08+00:00\",\"description\":\"Descubra como a Acoi pode transformar o seu projeto de constru\u00e7\u00e3o de supermercados em Itatiba com qualidade e inova\u00e7\u00e3o.\",\"breadcrumb\":{\"@id\":\"https:\/\/acoi.com.br\/conteudocorp\/construcao-de-supermercados-em-itatiba-a-excelencia-em-projetos-da-acoi\/#breadcrumb\"},\"inLanguage\":\"pt-BR\",\"potentialAction\":[{\"@type\":\"ReadAction\",\"target\":[\"https:\/\/acoi.com.br\/conteudocorp\/construcao-de-supermercados-em-itatiba-a-excelencia-em-projetos-da-acoi\/\"]}]},{\"@type\":\"BreadcrumbList\",\"@id\":\"https:\/\/acoi.com.br\/conteudocorp\/construcao-de-supermercados-em-itatiba-a-excelencia-em-projetos-da-acoi\/#breadcrumb\",\"itemListElement\":[{\"@type\":\"ListItem\",\"position\":1,\"name\":\"Home\",\"item\":\"https:\/\/acoi.com.br\/conteudocorp\/\"},{\"@type\":\"ListItem\",\"position\":2,\"name\":\"Constru\u00e7\u00e3o de Supermercados em Itatiba: A Excel\u00eancia em Projetos da Acoi\"}]},{\"@type\":\"WebSite\",\"@id\":\"https:\/\/acoi.com.br\/conteudocorp\/#website\",\"url\":\"https:\/\/acoi.com.br\/conteudocorp\/\",\"name\":\"Acoi Corp\",\"description\":\"\",\"potentialAction\":[{\"@type\":\"SearchAction\",\"target\":{\"@type\":\"EntryPoint\",\"urlTemplate\":\"https:\/\/acoi.com.br\/conteudocorp\/?s={search_term_string}\"},\"query-input\":{\"@type\":\"PropertyValueSpecification\",\"valueRequired\":true,\"valueName\":\"search_term_string\"}}],\"inLanguage\":\"pt-BR\"}]}<\/script>\n<!-- \/ Yoast SEO plugin. -->","yoast_head_json":{"title":"Acoi: Constru\u00e7\u00e3o de Supermercados em Itatiba com Excel\u00eancia","description":"Descubra como a Acoi pode transformar o seu projeto de constru\u00e7\u00e3o de supermercados em Itatiba com qualidade e inova\u00e7\u00e3o.","robots":{"index":"index","follow":"follow","max-snippet":"max-snippet:-1","max-image-preview":"max-image-preview:large","max-video-preview":"max-video-preview:-1"},"canonical":"https:\/\/acoi.com.br\/conteudocorp\/construcao-de-supermercados-em-itatiba-a-excelencia-em-projetos-da-acoi\/","og_locale":"pt_BR","og_type":"article","og_title":"Acoi: Constru\u00e7\u00e3o de Supermercados em Itatiba com Excel\u00eancia","og_description":"Descubra como a Acoi pode transformar o seu projeto de constru\u00e7\u00e3o de supermercados em Itatiba com qualidade e inova\u00e7\u00e3o.","og_url":"https:\/\/acoi.com.br\/conteudocorp\/construcao-de-supermercados-em-itatiba-a-excelencia-em-projetos-da-acoi\/","og_site_name":"Acoi Corp","twitter_card":"summary_large_image","twitter_misc":{"Est. tempo de leitura":"1 minuto"},"schema":{"@context":"https:\/\/schema.org","@graph":[{"@type":"WebPage","@id":"https:\/\/acoi.com.br\/conteudocorp\/construcao-de-supermercados-em-itatiba-a-excelencia-em-projetos-da-acoi\/","url":"https:\/\/acoi.com.br\/conteudocorp\/construcao-de-supermercados-em-itatiba-a-excelencia-em-projetos-da-acoi\/","name":"Acoi: Constru\u00e7\u00e3o de Supermercados em Itatiba com Excel\u00eancia","isPartOf":{"@id":"https:\/\/acoi.com.br\/conteudocorp\/#website"},"datePublished":"2025-04-16T22:34:08+00:00","dateModified":"2025-04-16T22:34:08+00:00","description":"Descubra como a Acoi pode transformar o seu projeto de constru\u00e7\u00e3o de supermercados em Itatiba com qualidade e inova\u00e7\u00e3o.","breadcrumb":{"@id":"https:\/\/acoi.com.br\/conteudocorp\/construcao-de-supermercados-em-itatiba-a-excelencia-em-projetos-da-acoi\/#breadcrumb"},"inLanguage":"pt-BR","potentialAction":[{"@type":"ReadAction","target":["https:\/\/acoi.com.br\/conteudocorp\/construcao-de-supermercados-em-itatiba-a-excelencia-em-projetos-da-acoi\/"]}]},{"@type":"BreadcrumbList","@id":"https:\/\/acoi.com.br\/conteudocorp\/construcao-de-supermercados-em-itatiba-a-excelencia-em-projetos-da-acoi\/#breadcrumb","itemListElement":[{"@type":"ListItem","position":1,"name":"Home","item":"https:\/\/acoi.com.br\/conteudocorp\/"},{"@type":"ListItem","position":2,"name":"Constru\u00e7\u00e3o de Supermercados em Itatiba: A Excel\u00eancia em Projetos da Acoi"}]},{"@type":"WebSite","@id":"https:\/\/acoi.com.br\/conteudocorp\/#website","url":"https:\/\/acoi.com.br\/conteudocorp\/","name":"Acoi Corp","description":"","potentialAction":[{"@type":"SearchAction","target":{"@type":"EntryPoint","urlTemplate":"https:\/\/acoi.com.br\/conteudocorp\/?s={search_term_string}"},"query-input":{"@type":"PropertyValueSpecification","valueRequired":true,"valueName":"search_term_string"}}],"inLanguage":"pt-BR"}]}},"_links":{"self":[{"href":"https:\/\/acoi.com.br\/conteudocorp\/wp-json\/wp\/v2\/pages\/22585","targetHints":{"allow":["GET"]}}],"collection":[{"href":"https:\/\/acoi.com.br\/conteudocorp\/wp-json\/wp\/v2\/pages"}],"about":[{"href":"https:\/\/acoi.com.br\/conteudocorp\/wp-json\/wp\/v2\/types\/page"}],"author":[{"embeddable":true,"href":"https:\/\/acoi.com.br\/conteudocorp\/wp-json\/wp\/v2\/users\/3"}],"replies":[{"embeddable":true,"href":"https:\/\/acoi.com.br\/conteudocorp\/wp-json\/wp\/v2\/comments?post=22585"}],"version-history":[{"count":0,"href":"https:\/\/acoi.com.br\/conteudocorp\/wp-json\/wp\/v2\/pages\/22585\/revisions"}],"wp:attachment":[{"href":"https:\/\/acoi.com.br\/conteudocorp\/wp-json\/wp\/v2\/media?parent=22585"}],"curies":[{"name":"wp","href":"https:\/\/api.w.org\/{rel}","templated":true}]}}