{"id":23642,"date":"2025-04-20T02:33:58","date_gmt":"2025-04-20T02:33:58","guid":{"rendered":"https:\/\/acoi.com.br\/conteudocorp\/construindo-o-futuro-obras-industriais-em-itatiba-com-a-acoi-2\/"},"modified":"2025-04-20T02:33:58","modified_gmt":"2025-04-20T02:33:58","slug":"construindo-o-futuro-obras-industriais-em-itatiba-com-a-acoi-2","status":"publish","type":"page","link":"https:\/\/acoi.com.br\/conteudocorp\/construindo-o-futuro-obras-industriais-em-itatiba-com-a-acoi-2\/","title":{"rendered":"Construindo o Futuro: Obras Industriais em Itatiba com a Acoi"},"content":{"rendered":"<p><strong>Obras Industriais em Itatiba<\/strong> s\u00e3o fundamentais para o desenvolvimento econ\u00f4mico da regi\u00e3o. A Acoi, com seu extenso portf\u00f3lio de constru\u00e7\u00f5es, surge como a escolha ideal. Nossos projetos se destacam pela <strong>inova\u00e7\u00e3o<\/strong> e pela alta qualidade, assegurando que todas as necessidades de nossos clientes sejam atendidas com <strong>efici\u00eancia<\/strong> e <strong>transpar\u00eancia<\/strong>. Este comprometimento n\u00e3o apenas resulta em edifica\u00e7\u00f5es modernas e funcionais, mas tamb\u00e9m promove a sustentabilidade e o respeito ao meio ambiente. Ao escolher a Acoi, voc\u00ea investe em obras que transformam o cen\u00e1rio industrial e potencializam os neg\u00f3cios. <strong>Nossa miss\u00e3o<\/strong> \u00e9 construir com \u00e9tica e responsabilidade, elevando a qualidade de vida em cada projeto. Com uma vis\u00e3o 2028 bem definida, buscamos ser refer\u00eancia em solu\u00e7\u00f5es construtivas que s\u00e3o sin\u00f4nimo de excel\u00eancia e inova\u00e7\u00e3o. Optar pela Acoi \u00e9, sem d\u00favida, optar pelo futuro.<\/p>\n","protected":false},"excerpt":{"rendered":"<p>Obras Industriais em Itatiba s\u00e3o fundamentais para o desenvolvimento econ\u00f4mico da regi\u00e3o. A Acoi, com seu extenso portf\u00f3lio de constru\u00e7\u00f5es, surge como a escolha ideal. Nossos projetos se destacam pela inova\u00e7\u00e3o e pela alta qualidade, assegurando que todas as necessidades de nossos clientes sejam atendidas com efici\u00eancia e transpar\u00eancia. Este comprometimento n\u00e3o apenas resulta em&hellip;&nbsp;<a href=\"https:\/\/acoi.com.br\/conteudocorp\/construindo-o-futuro-obras-industriais-em-itatiba-com-a-acoi-2\/\" class=\"\" rel=\"bookmark\">Continue a ler &raquo;<span class=\"screen-reader-text\">Construindo o Futuro: Obras Industriais em Itatiba com a Acoi<\/span><\/a><\/p>\n","protected":false},"author":3,"featured_media":0,"parent":0,"menu_order":0,"comment_status":"closed","ping_status":"closed","template":"","meta":{"_acf_changed":false,"_yoast_wpseo_focuskw":"Obras Industriais em Itatiba","_yoast_wpseo_title":"Acoi: Sua Refer\u00eancia em Obras Industriais em Itatiba","_yoast_wpseo_metadesc":"Descubra como as obras industriais em Itatiba est\u00e3o se transformando com a Acoi, a escolha certa para seu projeto.","neve_meta_sidebar":"","neve_meta_container":"","neve_meta_enable_content_width":"","neve_meta_content_width":0,"neve_meta_title_alignment":"","neve_meta_author_avatar":"","neve_post_elements_order":"","neve_meta_disable_header":"","neve_meta_disable_footer":"","neve_meta_disable_title":"","footnotes":""},"class_list":["post-23642","page","type-page","status-publish","hentry"],"acf":{"introducao":"","conceitos_fundamentais":"","como_funciona":"","como_aplicar_no_dia_a_dia":"","principais_utilizacoes_e_beneficios":"","tipos_e_classificacoes":"","tecnologias_e_ferramentas_relacionadas":"","exemplos_e_casos_de_sucesso":"","mitos_e_verdades":"","perguntas_frequentes_faq":"","erros_comuns_e_como_evita-los":"","futuro_e_tendencias":"","conclusao":"","bloco1title":"Experi\u00eancia Comprovada","bloco1text":"A Acoi tem mais de uma d\u00e9cada de experi\u00eancia em obras industriais, oferecendo sempre excel\u00eancia e inova\u00e7\u00e3o em cada projeto realizado.","bloco2title":"Equipe Especializada","bloco2text":"Contamos com profissionais altamente qualificados, garantindo que cada obra tenha o melhor planejamento e execu\u00e7\u00e3o.","bloco3title":"Compromisso com a Qualidade","bloco3text":"Nossas constru\u00e7\u00f5es s\u00e3o projetadas para garantir qualidade, seguran\u00e7a e efici\u00eancia, refletindo nosso compromisso com o futuro.","insightwidtitle":"Curiosidades sobre Obras Industriais","insightwidcontent":"Sab sabia que Itatiba tem se tornado um polo industrial estrat\u00e9gico para empresas de diversos setores? Suas localiza\u00e7\u00f5es facilita o escoamento de produtos, contribuindo para um crescimento acelerado do setor. Al\u00e9m disso, as obras industriais na regi\u00e3o seguem rigorosos padr\u00f5es de sustentabilidade, promovendo n\u00e3o s\u00f3 o desenvolvimento econ\u00f4mico, mas tamb\u00e9m a responsabilidade ambiental. \u00c9 cada vez mais comum encontrar projetos que incorporam tecnologias verdes e solu\u00e7\u00f5es inovadoras para reduzir impactos ambientais."},"yoast_head":"<!-- This site is optimized with the Yoast SEO plugin v23.4 - https:\/\/yoast.com\/wordpress\/plugins\/seo\/ -->\n<title>Acoi: Sua Refer\u00eancia em Obras Industriais em Itatiba<\/title>\n<meta name=\"description\" content=\"Descubra como as obras industriais em Itatiba est\u00e3o se transformando com a Acoi, a escolha certa para seu projeto.\" \/>\n<meta name=\"robots\" content=\"index, follow, max-snippet:-1, max-image-preview:large, max-video-preview:-1\" \/>\n<link rel=\"canonical\" href=\"https:\/\/acoi.com.br\/conteudocorp\/construindo-o-futuro-obras-industriais-em-itatiba-com-a-acoi-2\/\" \/>\n<meta property=\"og:locale\" content=\"pt_BR\" \/>\n<meta property=\"og:type\" content=\"article\" \/>\n<meta property=\"og:title\" content=\"Acoi: Sua Refer\u00eancia em Obras Industriais em Itatiba\" \/>\n<meta property=\"og:description\" content=\"Descubra como as obras industriais em Itatiba est\u00e3o se transformando com a Acoi, a escolha certa para seu projeto.\" \/>\n<meta property=\"og:url\" content=\"https:\/\/acoi.com.br\/conteudocorp\/construindo-o-futuro-obras-industriais-em-itatiba-com-a-acoi-2\/\" \/>\n<meta property=\"og:site_name\" content=\"Acoi Corp\" \/>\n<meta name=\"twitter:card\" content=\"summary_large_image\" \/>\n<meta name=\"twitter:label1\" content=\"Est. tempo de leitura\" \/>\n\t<meta name=\"twitter:data1\" content=\"1 minuto\" \/>\n<script type=\"application\/ld+json\" class=\"yoast-schema-graph\">{\"@context\":\"https:\/\/schema.org\",\"@graph\":[{\"@type\":\"WebPage\",\"@id\":\"https:\/\/acoi.com.br\/conteudocorp\/construindo-o-futuro-obras-industriais-em-itatiba-com-a-acoi-2\/\",\"url\":\"https:\/\/acoi.com.br\/conteudocorp\/construindo-o-futuro-obras-industriais-em-itatiba-com-a-acoi-2\/\",\"name\":\"Acoi: Sua Refer\u00eancia em Obras Industriais em Itatiba\",\"isPartOf\":{\"@id\":\"https:\/\/acoi.com.br\/conteudocorp\/#website\"},\"datePublished\":\"2025-04-20T02:33:58+00:00\",\"dateModified\":\"2025-04-20T02:33:58+00:00\",\"description\":\"Descubra como as obras industriais em Itatiba est\u00e3o se transformando com a Acoi, a escolha certa para seu projeto.\",\"breadcrumb\":{\"@id\":\"https:\/\/acoi.com.br\/conteudocorp\/construindo-o-futuro-obras-industriais-em-itatiba-com-a-acoi-2\/#breadcrumb\"},\"inLanguage\":\"pt-BR\",\"potentialAction\":[{\"@type\":\"ReadAction\",\"target\":[\"https:\/\/acoi.com.br\/conteudocorp\/construindo-o-futuro-obras-industriais-em-itatiba-com-a-acoi-2\/\"]}]},{\"@type\":\"BreadcrumbList\",\"@id\":\"https:\/\/acoi.com.br\/conteudocorp\/construindo-o-futuro-obras-industriais-em-itatiba-com-a-acoi-2\/#breadcrumb\",\"itemListElement\":[{\"@type\":\"ListItem\",\"position\":1,\"name\":\"Home\",\"item\":\"https:\/\/acoi.com.br\/conteudocorp\/\"},{\"@type\":\"ListItem\",\"position\":2,\"name\":\"Construindo o Futuro: Obras Industriais em Itatiba com a Acoi\"}]},{\"@type\":\"WebSite\",\"@id\":\"https:\/\/acoi.com.br\/conteudocorp\/#website\",\"url\":\"https:\/\/acoi.com.br\/conteudocorp\/\",\"name\":\"Acoi Corp\",\"description\":\"\",\"potentialAction\":[{\"@type\":\"SearchAction\",\"target\":{\"@type\":\"EntryPoint\",\"urlTemplate\":\"https:\/\/acoi.com.br\/conteudocorp\/?s={search_term_string}\"},\"query-input\":{\"@type\":\"PropertyValueSpecification\",\"valueRequired\":true,\"valueName\":\"search_term_string\"}}],\"inLanguage\":\"pt-BR\"}]}<\/script>\n<!-- \/ Yoast SEO plugin. -->","yoast_head_json":{"title":"Acoi: Sua Refer\u00eancia em Obras Industriais em Itatiba","description":"Descubra como as obras industriais em Itatiba est\u00e3o se transformando com a Acoi, a escolha certa para seu projeto.","robots":{"index":"index","follow":"follow","max-snippet":"max-snippet:-1","max-image-preview":"max-image-preview:large","max-video-preview":"max-video-preview:-1"},"canonical":"https:\/\/acoi.com.br\/conteudocorp\/construindo-o-futuro-obras-industriais-em-itatiba-com-a-acoi-2\/","og_locale":"pt_BR","og_type":"article","og_title":"Acoi: Sua Refer\u00eancia em Obras Industriais em Itatiba","og_description":"Descubra como as obras industriais em Itatiba est\u00e3o se transformando com a Acoi, a escolha certa para seu projeto.","og_url":"https:\/\/acoi.com.br\/conteudocorp\/construindo-o-futuro-obras-industriais-em-itatiba-com-a-acoi-2\/","og_site_name":"Acoi Corp","twitter_card":"summary_large_image","twitter_misc":{"Est. tempo de leitura":"1 minuto"},"schema":{"@context":"https:\/\/schema.org","@graph":[{"@type":"WebPage","@id":"https:\/\/acoi.com.br\/conteudocorp\/construindo-o-futuro-obras-industriais-em-itatiba-com-a-acoi-2\/","url":"https:\/\/acoi.com.br\/conteudocorp\/construindo-o-futuro-obras-industriais-em-itatiba-com-a-acoi-2\/","name":"Acoi: Sua Refer\u00eancia em Obras Industriais em Itatiba","isPartOf":{"@id":"https:\/\/acoi.com.br\/conteudocorp\/#website"},"datePublished":"2025-04-20T02:33:58+00:00","dateModified":"2025-04-20T02:33:58+00:00","description":"Descubra como as obras industriais em Itatiba est\u00e3o se transformando com a Acoi, a escolha certa para seu projeto.","breadcrumb":{"@id":"https:\/\/acoi.com.br\/conteudocorp\/construindo-o-futuro-obras-industriais-em-itatiba-com-a-acoi-2\/#breadcrumb"},"inLanguage":"pt-BR","potentialAction":[{"@type":"ReadAction","target":["https:\/\/acoi.com.br\/conteudocorp\/construindo-o-futuro-obras-industriais-em-itatiba-com-a-acoi-2\/"]}]},{"@type":"BreadcrumbList","@id":"https:\/\/acoi.com.br\/conteudocorp\/construindo-o-futuro-obras-industriais-em-itatiba-com-a-acoi-2\/#breadcrumb","itemListElement":[{"@type":"ListItem","position":1,"name":"Home","item":"https:\/\/acoi.com.br\/conteudocorp\/"},{"@type":"ListItem","position":2,"name":"Construindo o Futuro: Obras Industriais em Itatiba com a Acoi"}]},{"@type":"WebSite","@id":"https:\/\/acoi.com.br\/conteudocorp\/#website","url":"https:\/\/acoi.com.br\/conteudocorp\/","name":"Acoi Corp","description":"","potentialAction":[{"@type":"SearchAction","target":{"@type":"EntryPoint","urlTemplate":"https:\/\/acoi.com.br\/conteudocorp\/?s={search_term_string}"},"query-input":{"@type":"PropertyValueSpecification","valueRequired":true,"valueName":"search_term_string"}}],"inLanguage":"pt-BR"}]}},"_links":{"self":[{"href":"https:\/\/acoi.com.br\/conteudocorp\/wp-json\/wp\/v2\/pages\/23642","targetHints":{"allow":["GET"]}}],"collection":[{"href":"https:\/\/acoi.com.br\/conteudocorp\/wp-json\/wp\/v2\/pages"}],"about":[{"href":"https:\/\/acoi.com.br\/conteudocorp\/wp-json\/wp\/v2\/types\/page"}],"author":[{"embeddable":true,"href":"https:\/\/acoi.com.br\/conteudocorp\/wp-json\/wp\/v2\/users\/3"}],"replies":[{"embeddable":true,"href":"https:\/\/acoi.com.br\/conteudocorp\/wp-json\/wp\/v2\/comments?post=23642"}],"version-history":[{"count":0,"href":"https:\/\/acoi.com.br\/conteudocorp\/wp-json\/wp\/v2\/pages\/23642\/revisions"}],"wp:attachment":[{"href":"https:\/\/acoi.com.br\/conteudocorp\/wp-json\/wp\/v2\/media?parent=23642"}],"curies":[{"name":"wp","href":"https:\/\/api.w.org\/{rel}","templated":true}]}}