{"id":2365,"date":"2025-02-25T17:55:51","date_gmt":"2025-02-25T17:55:51","guid":{"rendered":"https:\/\/acoi.com.br\/conteudocorp\/transformando-o-futuro-obras-comerciais-em-hortolandia-com-a-acoi\/"},"modified":"2025-02-25T17:55:51","modified_gmt":"2025-02-25T17:55:51","slug":"transformando-o-futuro-obras-comerciais-em-hortolandia-com-a-acoi","status":"publish","type":"page","link":"https:\/\/acoi.com.br\/conteudocorp\/transformando-o-futuro-obras-comerciais-em-hortolandia-com-a-acoi\/","title":{"rendered":"Transformando o Futuro: Obras Comerciais em Hortol\u00e2ndia com a Acoi"},"content":{"rendered":"<p><strong>Hortol\u00e2ndia: Ocen\u00e1rio Ideal para Investir em Obras Comerciais<\/strong><\/p>\n<p>Localizada no cora\u00e7\u00e3o do interior de S\u00e3o Paulo, Hortol\u00e2ndia apresenta-se como um importante centro econ\u00f4mico. A crescente demanda por obras comerciais vem acompanhada pela evolu\u00e7\u00e3o do mercado, onde a Acoi se posiciona como refer\u00eancia em qualidade e inova\u00e7\u00e3o.<\/p>\n<p><strong>Experi\u00eancia Comprovada<\/strong><\/p>\n<p>Nosso portf\u00f3lio se destaca com mais de 100 mil m\u00b2 constru\u00eddos, abrangendo projetos que v\u00e3o do industrial ao corporativo. Cada obra \u00e9 gerenciada com a m\u00e1xima aten\u00e7\u00e3o aos detalhes, respeitando prazos e or\u00e7amentos estabelecidos, sempre prezando pela excel\u00eancia.<\/p>\n<p><strong>Equipe Especializada e Pronta para Seu Desafio<\/strong><\/p>\n<p>A equipe da Acoi \u00e9 composta por profissionais altamente capacitados, prontos para oferecer solu\u00e7\u00f5es personalizadas que atendem \u00e0s especificidades de cada cliente. Com um olhar atento \u00e0s tend\u00eancias do mercado, garantimos um design inovador que impulsiona os neg\u00f3cios. <\/p>\n<p><strong>Construindo com Sustentabilidade<\/strong><\/p>\n<p>Estamos comprometidos em desenvolver projetos sustent\u00e1veis, que preservam o meio ambiente e proporcionam valor agregado aos nossos clientes. Ao escolher a Acoi, voc\u00ea investe em um futuro respons\u00e1vel e funcional. <\/p>\n<p>Se busca excel\u00eancia, inova\u00e7\u00e3o e confiabilidade nas suas obras comerciais em Hortol\u00e2ndia, a Acoi \u00e9 a escolha certa. Entre em contato conosco e transforme seu projeto em realidade.<\/p>\n","protected":false},"excerpt":{"rendered":"<p>Hortol\u00e2ndia: Ocen\u00e1rio Ideal para Investir em Obras Comerciais Localizada no cora\u00e7\u00e3o do interior de S\u00e3o Paulo, Hortol\u00e2ndia apresenta-se como um importante centro econ\u00f4mico. A crescente demanda por obras comerciais vem acompanhada pela evolu\u00e7\u00e3o do mercado, onde a Acoi se posiciona como refer\u00eancia em qualidade e inova\u00e7\u00e3o. Experi\u00eancia Comprovada Nosso portf\u00f3lio se destaca com mais de&hellip;&nbsp;<a href=\"https:\/\/acoi.com.br\/conteudocorp\/transformando-o-futuro-obras-comerciais-em-hortolandia-com-a-acoi\/\" class=\"\" rel=\"bookmark\">Continue a ler &raquo;<span class=\"screen-reader-text\">Transformando o Futuro: Obras Comerciais em Hortol\u00e2ndia com a Acoi<\/span><\/a><\/p>\n","protected":false},"author":3,"featured_media":0,"parent":0,"menu_order":0,"comment_status":"closed","ping_status":"closed","template":"","meta":{"_acf_changed":false,"_yoast_wpseo_focuskw":"Obras Comerciais em Hortol\u00e2ndia","_yoast_wpseo_title":"Acoi: Refer\u00eancia em Obras Comerciais em Hortol\u00e2ndia","_yoast_wpseo_metadesc":"Descubra como a Acoi transforma o cen\u00e1rio de obras comerciais em Hortol\u00e2ndia com qualidade e inova\u00e7\u00e3o.","neve_meta_sidebar":"","neve_meta_container":"","neve_meta_enable_content_width":"","neve_meta_content_width":0,"neve_meta_title_alignment":"","neve_meta_author_avatar":"","neve_post_elements_order":"","neve_meta_disable_header":"","neve_meta_disable_footer":"","neve_meta_disable_title":"","footnotes":""},"class_list":["post-2365","page","type-page","status-publish","hentry"],"acf":{"introducao":"","conceitos_fundamentais":"","como_funciona":"","como_aplicar_no_dia_a_dia":"","principais_utilizacoes_e_beneficios":"","tipos_e_classificacoes":"","tecnologias_e_ferramentas_relacionadas":"","exemplos_e_casos_de_sucesso":"","mitos_e_verdades":"","perguntas_frequentes_faq":"","erros_comuns_e_como_evita-los":"","futuro_e_tendencias":"","conclusao":"","bloco1title":"Compromisso com a Qualidade","bloco1text":"A Acoi entrega projetos com rigoroso controle de qualidade e cumprimento de prazos, assegurando a satisfa\u00e7\u00e3o de seus clientes.","bloco2title":"Inova\u00e7\u00e3o em Design","bloco2text":"Nossos projetos s\u00e3o focados em solu\u00e7\u00f5es modernas e funcionais, adaptando-se \u00e0s necessidades do seu neg\u00f3cio.","bloco3title":"Mercado em Crescimento","bloco3text":"A cidade de Hortol\u00e2ndia se destaca como um polo empresarial em expans\u00e3o, oferecendo oportunidades excepcionais para novos neg\u00f3cios e investidores.","insightwidtitle":"Curiosidades sobre Hortol\u00e2ndia","insightwidcontent":"Hortol\u00e2ndia \u00e9 reconhecida como um dos munic\u00edpios que mais cresce no Brasil, impulsionado pela facilidade de acesso a grandes cidades como Campinas. A cidade abriga um polo tecnol\u00f3gico e influentes ind\u00fastrias, o que torna a demanda por obras comerciais promissora e interessante para investidores. Conhe\u00e7a as oportunidades que a cidade oferece para o crescimento do seu neg\u00f3cio!"},"yoast_head":"<!-- This site is optimized with the Yoast SEO plugin v23.4 - https:\/\/yoast.com\/wordpress\/plugins\/seo\/ -->\n<title>Acoi: Refer\u00eancia em Obras Comerciais em Hortol\u00e2ndia<\/title>\n<meta name=\"description\" content=\"Descubra como a Acoi transforma o cen\u00e1rio de obras comerciais em Hortol\u00e2ndia com qualidade e inova\u00e7\u00e3o.\" \/>\n<meta name=\"robots\" content=\"index, follow, max-snippet:-1, max-image-preview:large, max-video-preview:-1\" \/>\n<link rel=\"canonical\" href=\"https:\/\/acoi.com.br\/conteudocorp\/transformando-o-futuro-obras-comerciais-em-hortolandia-com-a-acoi\/\" \/>\n<meta property=\"og:locale\" content=\"pt_BR\" \/>\n<meta property=\"og:type\" content=\"article\" \/>\n<meta property=\"og:title\" content=\"Acoi: Refer\u00eancia em Obras Comerciais em Hortol\u00e2ndia\" \/>\n<meta property=\"og:description\" content=\"Descubra como a Acoi transforma o cen\u00e1rio de obras comerciais em Hortol\u00e2ndia com qualidade e inova\u00e7\u00e3o.\" \/>\n<meta property=\"og:url\" content=\"https:\/\/acoi.com.br\/conteudocorp\/transformando-o-futuro-obras-comerciais-em-hortolandia-com-a-acoi\/\" \/>\n<meta property=\"og:site_name\" content=\"Acoi Corp\" \/>\n<meta name=\"twitter:card\" content=\"summary_large_image\" \/>\n<meta name=\"twitter:label1\" content=\"Est. tempo de leitura\" \/>\n\t<meta name=\"twitter:data1\" content=\"1 minuto\" \/>\n<script type=\"application\/ld+json\" class=\"yoast-schema-graph\">{\"@context\":\"https:\/\/schema.org\",\"@graph\":[{\"@type\":\"WebPage\",\"@id\":\"https:\/\/acoi.com.br\/conteudocorp\/transformando-o-futuro-obras-comerciais-em-hortolandia-com-a-acoi\/\",\"url\":\"https:\/\/acoi.com.br\/conteudocorp\/transformando-o-futuro-obras-comerciais-em-hortolandia-com-a-acoi\/\",\"name\":\"Acoi: Refer\u00eancia em Obras Comerciais em Hortol\u00e2ndia\",\"isPartOf\":{\"@id\":\"https:\/\/acoi.com.br\/conteudocorp\/#website\"},\"datePublished\":\"2025-02-25T17:55:51+00:00\",\"dateModified\":\"2025-02-25T17:55:51+00:00\",\"description\":\"Descubra como a Acoi transforma o cen\u00e1rio de obras comerciais em Hortol\u00e2ndia com qualidade e inova\u00e7\u00e3o.\",\"breadcrumb\":{\"@id\":\"https:\/\/acoi.com.br\/conteudocorp\/transformando-o-futuro-obras-comerciais-em-hortolandia-com-a-acoi\/#breadcrumb\"},\"inLanguage\":\"pt-BR\",\"potentialAction\":[{\"@type\":\"ReadAction\",\"target\":[\"https:\/\/acoi.com.br\/conteudocorp\/transformando-o-futuro-obras-comerciais-em-hortolandia-com-a-acoi\/\"]}]},{\"@type\":\"BreadcrumbList\",\"@id\":\"https:\/\/acoi.com.br\/conteudocorp\/transformando-o-futuro-obras-comerciais-em-hortolandia-com-a-acoi\/#breadcrumb\",\"itemListElement\":[{\"@type\":\"ListItem\",\"position\":1,\"name\":\"Home\",\"item\":\"https:\/\/acoi.com.br\/conteudocorp\/\"},{\"@type\":\"ListItem\",\"position\":2,\"name\":\"Transformando o Futuro: Obras Comerciais em Hortol\u00e2ndia com a Acoi\"}]},{\"@type\":\"WebSite\",\"@id\":\"https:\/\/acoi.com.br\/conteudocorp\/#website\",\"url\":\"https:\/\/acoi.com.br\/conteudocorp\/\",\"name\":\"Acoi Corp\",\"description\":\"\",\"potentialAction\":[{\"@type\":\"SearchAction\",\"target\":{\"@type\":\"EntryPoint\",\"urlTemplate\":\"https:\/\/acoi.com.br\/conteudocorp\/?s={search_term_string}\"},\"query-input\":{\"@type\":\"PropertyValueSpecification\",\"valueRequired\":true,\"valueName\":\"search_term_string\"}}],\"inLanguage\":\"pt-BR\"}]}<\/script>\n<!-- \/ Yoast SEO plugin. -->","yoast_head_json":{"title":"Acoi: Refer\u00eancia em Obras Comerciais em Hortol\u00e2ndia","description":"Descubra como a Acoi transforma o cen\u00e1rio de obras comerciais em Hortol\u00e2ndia com qualidade e inova\u00e7\u00e3o.","robots":{"index":"index","follow":"follow","max-snippet":"max-snippet:-1","max-image-preview":"max-image-preview:large","max-video-preview":"max-video-preview:-1"},"canonical":"https:\/\/acoi.com.br\/conteudocorp\/transformando-o-futuro-obras-comerciais-em-hortolandia-com-a-acoi\/","og_locale":"pt_BR","og_type":"article","og_title":"Acoi: Refer\u00eancia em Obras Comerciais em Hortol\u00e2ndia","og_description":"Descubra como a Acoi transforma o cen\u00e1rio de obras comerciais em Hortol\u00e2ndia com qualidade e inova\u00e7\u00e3o.","og_url":"https:\/\/acoi.com.br\/conteudocorp\/transformando-o-futuro-obras-comerciais-em-hortolandia-com-a-acoi\/","og_site_name":"Acoi Corp","twitter_card":"summary_large_image","twitter_misc":{"Est. tempo de leitura":"1 minuto"},"schema":{"@context":"https:\/\/schema.org","@graph":[{"@type":"WebPage","@id":"https:\/\/acoi.com.br\/conteudocorp\/transformando-o-futuro-obras-comerciais-em-hortolandia-com-a-acoi\/","url":"https:\/\/acoi.com.br\/conteudocorp\/transformando-o-futuro-obras-comerciais-em-hortolandia-com-a-acoi\/","name":"Acoi: Refer\u00eancia em Obras Comerciais em Hortol\u00e2ndia","isPartOf":{"@id":"https:\/\/acoi.com.br\/conteudocorp\/#website"},"datePublished":"2025-02-25T17:55:51+00:00","dateModified":"2025-02-25T17:55:51+00:00","description":"Descubra como a Acoi transforma o cen\u00e1rio de obras comerciais em Hortol\u00e2ndia com qualidade e inova\u00e7\u00e3o.","breadcrumb":{"@id":"https:\/\/acoi.com.br\/conteudocorp\/transformando-o-futuro-obras-comerciais-em-hortolandia-com-a-acoi\/#breadcrumb"},"inLanguage":"pt-BR","potentialAction":[{"@type":"ReadAction","target":["https:\/\/acoi.com.br\/conteudocorp\/transformando-o-futuro-obras-comerciais-em-hortolandia-com-a-acoi\/"]}]},{"@type":"BreadcrumbList","@id":"https:\/\/acoi.com.br\/conteudocorp\/transformando-o-futuro-obras-comerciais-em-hortolandia-com-a-acoi\/#breadcrumb","itemListElement":[{"@type":"ListItem","position":1,"name":"Home","item":"https:\/\/acoi.com.br\/conteudocorp\/"},{"@type":"ListItem","position":2,"name":"Transformando o Futuro: Obras Comerciais em Hortol\u00e2ndia com a Acoi"}]},{"@type":"WebSite","@id":"https:\/\/acoi.com.br\/conteudocorp\/#website","url":"https:\/\/acoi.com.br\/conteudocorp\/","name":"Acoi Corp","description":"","potentialAction":[{"@type":"SearchAction","target":{"@type":"EntryPoint","urlTemplate":"https:\/\/acoi.com.br\/conteudocorp\/?s={search_term_string}"},"query-input":{"@type":"PropertyValueSpecification","valueRequired":true,"valueName":"search_term_string"}}],"inLanguage":"pt-BR"}]}},"_links":{"self":[{"href":"https:\/\/acoi.com.br\/conteudocorp\/wp-json\/wp\/v2\/pages\/2365","targetHints":{"allow":["GET"]}}],"collection":[{"href":"https:\/\/acoi.com.br\/conteudocorp\/wp-json\/wp\/v2\/pages"}],"about":[{"href":"https:\/\/acoi.com.br\/conteudocorp\/wp-json\/wp\/v2\/types\/page"}],"author":[{"embeddable":true,"href":"https:\/\/acoi.com.br\/conteudocorp\/wp-json\/wp\/v2\/users\/3"}],"replies":[{"embeddable":true,"href":"https:\/\/acoi.com.br\/conteudocorp\/wp-json\/wp\/v2\/comments?post=2365"}],"version-history":[{"count":0,"href":"https:\/\/acoi.com.br\/conteudocorp\/wp-json\/wp\/v2\/pages\/2365\/revisions"}],"wp:attachment":[{"href":"https:\/\/acoi.com.br\/conteudocorp\/wp-json\/wp\/v2\/media?parent=2365"}],"curies":[{"name":"wp","href":"https:\/\/api.w.org\/{rel}","templated":true}]}}