{"id":2401,"date":"2025-02-25T19:35:34","date_gmt":"2025-02-25T19:35:34","guid":{"rendered":"https:\/\/acoi.com.br\/conteudocorp\/construindo-o-futuro-projetos-de-construcao-em-valinhos-com-a-acoi\/"},"modified":"2025-02-25T19:35:34","modified_gmt":"2025-02-25T19:35:34","slug":"construindo-o-futuro-projetos-de-construcao-em-valinhos-com-a-acoi","status":"publish","type":"page","link":"https:\/\/acoi.com.br\/conteudocorp\/construindo-o-futuro-projetos-de-construcao-em-valinhos-com-a-acoi\/","title":{"rendered":"Construindo o Futuro: Projetos de Constru\u00e7\u00e3o em Valinhos com a Acoi"},"content":{"rendered":"<p><strong>A experi\u00eancia da Acoi em Valinhos<\/strong> resulta em projetos que aliam modernidade, sustentabilidade e efici\u00eancia. Ao longo dos anos, temos nos especializado em atender diversos setores, tornando-nos uma escolha segura para quem busca qualidade e inova\u00e7\u00e3o na constru\u00e7\u00e3o civil. Nossa equipe trabalha com planejamento estrat\u00e9gico detalhado, assegurando que cada etapa da constru\u00e7\u00e3o seja supervisionada por profissionais capacitados e experientes, o que garante a confian\u00e7a nos prazos e custos definidos.  <\/p>\n<p>Al\u00e9m disso, o compromisso da Acoi com a sustentabilidade faz parte de nossa filosofia. Utilizamos materiais e t\u00e9cnicas que minimizam o impacto ambiental, garantindo que nossos projetos n\u00e3o apenas construam, mas transformem o espa\u00e7o urbano de Valinhos em lugares mais agrad\u00e1veis e funcionais. Estamos empenhados n\u00e3o apenas em levantar paredes, mas em criar ambientes que promovam o bem-estar e a qualidade de vida, sempre com a \u00e9tica e transpar\u00eancia que nossos clientes merecem. <\/p>\n<p>Escolher a Acoi \u00e9 optar por uma constru\u00e7\u00e3o consciente e inovadora, onde a satisfa\u00e7\u00e3o do cliente \u00e9 sempre a prioridade. Conhe\u00e7a nossos projetos e descubra como podemos contribuir para o seu sonho de alcan\u00e7ar um espa\u00e7o perfeito.<\/p>\n","protected":false},"excerpt":{"rendered":"<p>A experi\u00eancia da Acoi em Valinhos resulta em projetos que aliam modernidade, sustentabilidade e efici\u00eancia. Ao longo dos anos, temos nos especializado em atender diversos setores, tornando-nos uma escolha segura para quem busca qualidade e inova\u00e7\u00e3o na constru\u00e7\u00e3o civil. Nossa equipe trabalha com planejamento estrat\u00e9gico detalhado, assegurando que cada etapa da constru\u00e7\u00e3o seja supervisionada por&hellip;&nbsp;<a href=\"https:\/\/acoi.com.br\/conteudocorp\/construindo-o-futuro-projetos-de-construcao-em-valinhos-com-a-acoi\/\" class=\"\" rel=\"bookmark\">Continue a ler &raquo;<span class=\"screen-reader-text\">Construindo o Futuro: Projetos de Constru\u00e7\u00e3o em Valinhos com a Acoi<\/span><\/a><\/p>\n","protected":false},"author":3,"featured_media":0,"parent":0,"menu_order":0,"comment_status":"closed","ping_status":"closed","template":"","meta":{"_acf_changed":false,"_yoast_wpseo_focuskw":"Projetos de constru\u00e7\u00e3o em Valinhos","_yoast_wpseo_title":"Acoi: Projetos de Constru\u00e7\u00e3o em Valinhos com Qualidade e Inova\u00e7\u00e3o","_yoast_wpseo_metadesc":"Descubra os melhores projetos de constru\u00e7\u00e3o em Valinhos com a Acoi, refer\u00eancia em qualidade, inova\u00e7\u00e3o e sustentabilidade.","neve_meta_sidebar":"","neve_meta_container":"","neve_meta_enable_content_width":"","neve_meta_content_width":0,"neve_meta_title_alignment":"","neve_meta_author_avatar":"","neve_post_elements_order":"","neve_meta_disable_header":"","neve_meta_disable_footer":"","neve_meta_disable_title":"","footnotes":""},"class_list":["post-2401","page","type-page","status-publish","hentry"],"acf":{"introducao":"","conceitos_fundamentais":"","como_funciona":"","como_aplicar_no_dia_a_dia":"","principais_utilizacoes_e_beneficios":"","tipos_e_classificacoes":"","tecnologias_e_ferramentas_relacionadas":"","exemplos_e_casos_de_sucesso":"","mitos_e_verdades":"","perguntas_frequentes_faq":"","erros_comuns_e_como_evita-los":"","futuro_e_tendencias":"","conclusao":"","bloco1title":"Expertise Reconhecida","bloco1text":"Com anos de experi\u00eancia, a Acoi entrega obras de alta qualidade, respeitando prazos e or\u00e7amentos, criando espa\u00e7os que inspiram e funcionam.","bloco2title":"Compromisso com a Sustentabilidade","bloco2text":"Nossos projetos priorizam solu\u00e7\u00f5es sustent\u00e1veis, que contribuem para um futuro melhor tanto para os neg\u00f3cios quanto para o meio ambiente.","bloco3title":"Inova\u00e7\u00e3o Constante","bloco3text":"Estamos sempre em busca de novas tecnologias e m\u00e9todos construtivos para levar aos nossos clientes o que h\u00e1 de mais moderno e eficiente no mercado.","insightwidtitle":"Curiosidades sobre Constru\u00e7\u00e3o","insightwidcontent":"Voc\u00ea sabia que Valinhos \u00e9 conhecida por sua tradi\u00e7\u00e3o na agricultura e que essa caracter\u00edstica contribui para uma demanda crescente por constru\u00e7\u00f5es sustent\u00e1veis? Os projetos que incorporam t\u00e9cnicas de constru\u00e7\u00e3o ecol\u00f3gica est\u00e3o se tornando cada vez mais populares, refletindo a consci\u00eancia ambiental da cidade e seus habitantes."},"yoast_head":"<!-- This site is optimized with the Yoast SEO plugin v23.4 - https:\/\/yoast.com\/wordpress\/plugins\/seo\/ -->\n<title>Acoi: Projetos de Constru\u00e7\u00e3o em Valinhos com Qualidade e Inova\u00e7\u00e3o<\/title>\n<meta name=\"description\" content=\"Descubra os melhores projetos de constru\u00e7\u00e3o em Valinhos com a Acoi, refer\u00eancia em qualidade, inova\u00e7\u00e3o e sustentabilidade.\" \/>\n<meta name=\"robots\" content=\"index, follow, max-snippet:-1, max-image-preview:large, max-video-preview:-1\" \/>\n<link rel=\"canonical\" href=\"https:\/\/acoi.com.br\/conteudocorp\/construindo-o-futuro-projetos-de-construcao-em-valinhos-com-a-acoi\/\" \/>\n<meta property=\"og:locale\" content=\"pt_BR\" \/>\n<meta property=\"og:type\" content=\"article\" \/>\n<meta property=\"og:title\" content=\"Acoi: Projetos de Constru\u00e7\u00e3o em Valinhos com Qualidade e Inova\u00e7\u00e3o\" \/>\n<meta property=\"og:description\" content=\"Descubra os melhores projetos de constru\u00e7\u00e3o em Valinhos com a Acoi, refer\u00eancia em qualidade, inova\u00e7\u00e3o e sustentabilidade.\" \/>\n<meta property=\"og:url\" content=\"https:\/\/acoi.com.br\/conteudocorp\/construindo-o-futuro-projetos-de-construcao-em-valinhos-com-a-acoi\/\" \/>\n<meta property=\"og:site_name\" content=\"Acoi Corp\" \/>\n<meta name=\"twitter:card\" content=\"summary_large_image\" \/>\n<meta name=\"twitter:label1\" content=\"Est. tempo de leitura\" \/>\n\t<meta name=\"twitter:data1\" content=\"1 minuto\" \/>\n<script type=\"application\/ld+json\" class=\"yoast-schema-graph\">{\"@context\":\"https:\/\/schema.org\",\"@graph\":[{\"@type\":\"WebPage\",\"@id\":\"https:\/\/acoi.com.br\/conteudocorp\/construindo-o-futuro-projetos-de-construcao-em-valinhos-com-a-acoi\/\",\"url\":\"https:\/\/acoi.com.br\/conteudocorp\/construindo-o-futuro-projetos-de-construcao-em-valinhos-com-a-acoi\/\",\"name\":\"Acoi: Projetos de Constru\u00e7\u00e3o em Valinhos com Qualidade e Inova\u00e7\u00e3o\",\"isPartOf\":{\"@id\":\"https:\/\/acoi.com.br\/conteudocorp\/#website\"},\"datePublished\":\"2025-02-25T19:35:34+00:00\",\"dateModified\":\"2025-02-25T19:35:34+00:00\",\"description\":\"Descubra os melhores projetos de constru\u00e7\u00e3o em Valinhos com a Acoi, refer\u00eancia em qualidade, inova\u00e7\u00e3o e sustentabilidade.\",\"breadcrumb\":{\"@id\":\"https:\/\/acoi.com.br\/conteudocorp\/construindo-o-futuro-projetos-de-construcao-em-valinhos-com-a-acoi\/#breadcrumb\"},\"inLanguage\":\"pt-BR\",\"potentialAction\":[{\"@type\":\"ReadAction\",\"target\":[\"https:\/\/acoi.com.br\/conteudocorp\/construindo-o-futuro-projetos-de-construcao-em-valinhos-com-a-acoi\/\"]}]},{\"@type\":\"BreadcrumbList\",\"@id\":\"https:\/\/acoi.com.br\/conteudocorp\/construindo-o-futuro-projetos-de-construcao-em-valinhos-com-a-acoi\/#breadcrumb\",\"itemListElement\":[{\"@type\":\"ListItem\",\"position\":1,\"name\":\"Home\",\"item\":\"https:\/\/acoi.com.br\/conteudocorp\/\"},{\"@type\":\"ListItem\",\"position\":2,\"name\":\"Construindo o Futuro: Projetos de Constru\u00e7\u00e3o em Valinhos com a Acoi\"}]},{\"@type\":\"WebSite\",\"@id\":\"https:\/\/acoi.com.br\/conteudocorp\/#website\",\"url\":\"https:\/\/acoi.com.br\/conteudocorp\/\",\"name\":\"Acoi Corp\",\"description\":\"\",\"potentialAction\":[{\"@type\":\"SearchAction\",\"target\":{\"@type\":\"EntryPoint\",\"urlTemplate\":\"https:\/\/acoi.com.br\/conteudocorp\/?s={search_term_string}\"},\"query-input\":{\"@type\":\"PropertyValueSpecification\",\"valueRequired\":true,\"valueName\":\"search_term_string\"}}],\"inLanguage\":\"pt-BR\"}]}<\/script>\n<!-- \/ Yoast SEO plugin. -->","yoast_head_json":{"title":"Acoi: Projetos de Constru\u00e7\u00e3o em Valinhos com Qualidade e Inova\u00e7\u00e3o","description":"Descubra os melhores projetos de constru\u00e7\u00e3o em Valinhos com a Acoi, refer\u00eancia em qualidade, inova\u00e7\u00e3o e sustentabilidade.","robots":{"index":"index","follow":"follow","max-snippet":"max-snippet:-1","max-image-preview":"max-image-preview:large","max-video-preview":"max-video-preview:-1"},"canonical":"https:\/\/acoi.com.br\/conteudocorp\/construindo-o-futuro-projetos-de-construcao-em-valinhos-com-a-acoi\/","og_locale":"pt_BR","og_type":"article","og_title":"Acoi: Projetos de Constru\u00e7\u00e3o em Valinhos com Qualidade e Inova\u00e7\u00e3o","og_description":"Descubra os melhores projetos de constru\u00e7\u00e3o em Valinhos com a Acoi, refer\u00eancia em qualidade, inova\u00e7\u00e3o e sustentabilidade.","og_url":"https:\/\/acoi.com.br\/conteudocorp\/construindo-o-futuro-projetos-de-construcao-em-valinhos-com-a-acoi\/","og_site_name":"Acoi Corp","twitter_card":"summary_large_image","twitter_misc":{"Est. tempo de leitura":"1 minuto"},"schema":{"@context":"https:\/\/schema.org","@graph":[{"@type":"WebPage","@id":"https:\/\/acoi.com.br\/conteudocorp\/construindo-o-futuro-projetos-de-construcao-em-valinhos-com-a-acoi\/","url":"https:\/\/acoi.com.br\/conteudocorp\/construindo-o-futuro-projetos-de-construcao-em-valinhos-com-a-acoi\/","name":"Acoi: Projetos de Constru\u00e7\u00e3o em Valinhos com Qualidade e Inova\u00e7\u00e3o","isPartOf":{"@id":"https:\/\/acoi.com.br\/conteudocorp\/#website"},"datePublished":"2025-02-25T19:35:34+00:00","dateModified":"2025-02-25T19:35:34+00:00","description":"Descubra os melhores projetos de constru\u00e7\u00e3o em Valinhos com a Acoi, refer\u00eancia em qualidade, inova\u00e7\u00e3o e sustentabilidade.","breadcrumb":{"@id":"https:\/\/acoi.com.br\/conteudocorp\/construindo-o-futuro-projetos-de-construcao-em-valinhos-com-a-acoi\/#breadcrumb"},"inLanguage":"pt-BR","potentialAction":[{"@type":"ReadAction","target":["https:\/\/acoi.com.br\/conteudocorp\/construindo-o-futuro-projetos-de-construcao-em-valinhos-com-a-acoi\/"]}]},{"@type":"BreadcrumbList","@id":"https:\/\/acoi.com.br\/conteudocorp\/construindo-o-futuro-projetos-de-construcao-em-valinhos-com-a-acoi\/#breadcrumb","itemListElement":[{"@type":"ListItem","position":1,"name":"Home","item":"https:\/\/acoi.com.br\/conteudocorp\/"},{"@type":"ListItem","position":2,"name":"Construindo o Futuro: Projetos de Constru\u00e7\u00e3o em Valinhos com a Acoi"}]},{"@type":"WebSite","@id":"https:\/\/acoi.com.br\/conteudocorp\/#website","url":"https:\/\/acoi.com.br\/conteudocorp\/","name":"Acoi Corp","description":"","potentialAction":[{"@type":"SearchAction","target":{"@type":"EntryPoint","urlTemplate":"https:\/\/acoi.com.br\/conteudocorp\/?s={search_term_string}"},"query-input":{"@type":"PropertyValueSpecification","valueRequired":true,"valueName":"search_term_string"}}],"inLanguage":"pt-BR"}]}},"_links":{"self":[{"href":"https:\/\/acoi.com.br\/conteudocorp\/wp-json\/wp\/v2\/pages\/2401","targetHints":{"allow":["GET"]}}],"collection":[{"href":"https:\/\/acoi.com.br\/conteudocorp\/wp-json\/wp\/v2\/pages"}],"about":[{"href":"https:\/\/acoi.com.br\/conteudocorp\/wp-json\/wp\/v2\/types\/page"}],"author":[{"embeddable":true,"href":"https:\/\/acoi.com.br\/conteudocorp\/wp-json\/wp\/v2\/users\/3"}],"replies":[{"embeddable":true,"href":"https:\/\/acoi.com.br\/conteudocorp\/wp-json\/wp\/v2\/comments?post=2401"}],"version-history":[{"count":0,"href":"https:\/\/acoi.com.br\/conteudocorp\/wp-json\/wp\/v2\/pages\/2401\/revisions"}],"wp:attachment":[{"href":"https:\/\/acoi.com.br\/conteudocorp\/wp-json\/wp\/v2\/media?parent=2401"}],"curies":[{"name":"wp","href":"https:\/\/api.w.org\/{rel}","templated":true}]}}