{"id":2998,"date":"2025-02-27T00:00:35","date_gmt":"2025-02-27T00:00:35","guid":{"rendered":"https:\/\/acoi.com.br\/conteudocorp\/construindo-o-futuro-obras-industriais-em-indaiatuba-com-a-acoi\/"},"modified":"2025-02-27T00:00:35","modified_gmt":"2025-02-27T00:00:35","slug":"construindo-o-futuro-obras-industriais-em-indaiatuba-com-a-acoi","status":"publish","type":"page","link":"https:\/\/acoi.com.br\/conteudocorp\/construindo-o-futuro-obras-industriais-em-indaiatuba-com-a-acoi\/","title":{"rendered":"Construindo o Futuro: Obras Industriais em Indaiatuba com a Acoi"},"content":{"rendered":"<p><strong>A Import\u00e2ncia das Obras Industriais<\/strong><\/p>\n<p>Em um cen\u00e1rio econ\u00f4mico em constante evolu\u00e7\u00e3o, a constru\u00e7\u00e3o de obras industriais \u00e9 fundamental para estabelecer um ambiente prop\u00edcio ao neg\u00f3cio. Em Indaiatuba, a Acoi se destaca na execu\u00e7\u00e3o de projetos que n\u00e3o s\u00f3 visam atender \u00e0 demanda, mas tamb\u00e9m integram sustentabilidade e inova\u00e7\u00e3o. Nossos projetos s\u00e3o desenvolvidos com uma equipe especializada, garantindo a melhor utiliza\u00e7\u00e3o de recursos e pr\u00e1ticas que respeitam a legisla\u00e7\u00e3o ambiental.<\/p>\n<p>O nosso compromisso com prazos e qualidade \u00e9 inegoci\u00e1vel. Com mais de 100 mil m\u00b2 de obras entregues, cada projeto constru\u00eddo pela Acoi reflete nossa expertise e dedica\u00e7\u00e3o em oferecer solu\u00e7\u00f5es que agregam valor para os clientes. As obras industriais da Acoi s\u00e3o planejadas com aten\u00e7\u00e3o \u00e0s necessidades espec\u00edficas de cada setor, adequando-se \u00e0s exig\u00eancias do mercado. <\/p>\n<p>Al\u00e9m disso, a localiza\u00e7\u00e3o de Indaiatuba, que possui uma infraestrutura log\u00edsticamente favor\u00e1vel, agrega ainda mais valor \u00e0s obras industriais. Com f\u00e1cil acesso a highways e centros urbanos, sua empresa estar\u00e1 sempre conectada \u00e0s oportunidades de mercado.<\/p>\n<p>A escolha pela Acoi para a constru\u00e7\u00e3o de sua obra industrial significa optar por inova\u00e7\u00e3o, qualidade e um parceiro comprometido com seu sucesso e satisfa\u00e7\u00e3o. Estamos prontos para construir n\u00e3o apenas paredes, mas um futuro s\u00f3lido e promissor para o seu neg\u00f3cio.<\/p>\n","protected":false},"excerpt":{"rendered":"<p>A Import\u00e2ncia das Obras Industriais Em um cen\u00e1rio econ\u00f4mico em constante evolu\u00e7\u00e3o, a constru\u00e7\u00e3o de obras industriais \u00e9 fundamental para estabelecer um ambiente prop\u00edcio ao neg\u00f3cio. Em Indaiatuba, a Acoi se destaca na execu\u00e7\u00e3o de projetos que n\u00e3o s\u00f3 visam atender \u00e0 demanda, mas tamb\u00e9m integram sustentabilidade e inova\u00e7\u00e3o. Nossos projetos s\u00e3o desenvolvidos com uma&hellip;&nbsp;<a href=\"https:\/\/acoi.com.br\/conteudocorp\/construindo-o-futuro-obras-industriais-em-indaiatuba-com-a-acoi\/\" class=\"\" rel=\"bookmark\">Continue a ler &raquo;<span class=\"screen-reader-text\">Construindo o Futuro: Obras Industriais em Indaiatuba com a Acoi<\/span><\/a><\/p>\n","protected":false},"author":3,"featured_media":0,"parent":0,"menu_order":0,"comment_status":"closed","ping_status":"closed","template":"","meta":{"_acf_changed":false,"_yoast_wpseo_focuskw":"Obras Industriais em Indaiatuba","_yoast_wpseo_title":"Acoi: Obras Industriais de Qualidade em Indaiatuba","_yoast_wpseo_metadesc":"Descubra como a Acoi se destaca na constru\u00e7\u00e3o de obras industriais em Indaiatuba, oferecendo qualidade, inova\u00e7\u00e3o e solu\u00e7\u00f5es personalizadas.","neve_meta_sidebar":"","neve_meta_container":"","neve_meta_enable_content_width":"","neve_meta_content_width":0,"neve_meta_title_alignment":"","neve_meta_author_avatar":"","neve_post_elements_order":"","neve_meta_disable_header":"","neve_meta_disable_footer":"","neve_meta_disable_title":"","footnotes":""},"class_list":["post-2998","page","type-page","status-publish","hentry"],"acf":{"introducao":"","conceitos_fundamentais":"","como_funciona":"","como_aplicar_no_dia_a_dia":"","principais_utilizacoes_e_beneficios":"","tipos_e_classificacoes":"","tecnologias_e_ferramentas_relacionadas":"","exemplos_e_casos_de_sucesso":"","mitos_e_verdades":"","perguntas_frequentes_faq":"","erros_comuns_e_como_evita-los":"","futuro_e_tendencias":"","conclusao":"","bloco1title":"Qualidade Garantida","bloco1text":"A Acoi assegura que cada projeto industrial \u00e9 executado seguindo os mais altos padr\u00f5es de qualidade e inova\u00e7\u00e3o, maximizando a efici\u00eancia operacional.","bloco2title":"Atendimento Personalizado","bloco2text":"Cada cliente \u00e9 tratado com aten\u00e7\u00e3o exclusiva, garantindo que suas necessidades sejam sempre atendidas.","bloco3title":"Localiza\u00e7\u00e3o Estrat\u00e9gica","bloco3text":"Indaiatuba \u00e9 um polo log\u00edstico crescente. Realizar sua obra industrial aqui significa \u00f3tima conectividade e acesso a mercados importantes.","insightwidtitle":"Curiosidades sobre Indaiatuba","insightwidcontent":"Voc\u00ea sabia que Indaiatuba \u00e9 considerada uma das cidades com maior crescimento econ\u00f4mico do Brasil? Com um forte setor industrial, a cidade atrai empresas de diversos segmentos, tornando-se um hub estrat\u00e9gico que favorece novas oportunidades e investimentos na regi\u00e3o. Isso faz da constru\u00e7\u00e3o de obras industriais uma escolha inteligente para empres\u00e1rios que desejam expandir seus neg\u00f3cios."},"yoast_head":"<!-- This site is optimized with the Yoast SEO plugin v23.4 - https:\/\/yoast.com\/wordpress\/plugins\/seo\/ -->\n<title>Acoi: Obras Industriais de Qualidade em Indaiatuba<\/title>\n<meta name=\"description\" content=\"Descubra como a Acoi se destaca na constru\u00e7\u00e3o de obras industriais em Indaiatuba, oferecendo qualidade, inova\u00e7\u00e3o e solu\u00e7\u00f5es personalizadas.\" \/>\n<meta name=\"robots\" content=\"index, follow, max-snippet:-1, max-image-preview:large, max-video-preview:-1\" \/>\n<link rel=\"canonical\" href=\"https:\/\/acoi.com.br\/conteudocorp\/construindo-o-futuro-obras-industriais-em-indaiatuba-com-a-acoi\/\" \/>\n<meta property=\"og:locale\" content=\"pt_BR\" \/>\n<meta property=\"og:type\" content=\"article\" \/>\n<meta property=\"og:title\" content=\"Acoi: Obras Industriais de Qualidade em Indaiatuba\" \/>\n<meta property=\"og:description\" content=\"Descubra como a Acoi se destaca na constru\u00e7\u00e3o de obras industriais em Indaiatuba, oferecendo qualidade, inova\u00e7\u00e3o e solu\u00e7\u00f5es personalizadas.\" \/>\n<meta property=\"og:url\" content=\"https:\/\/acoi.com.br\/conteudocorp\/construindo-o-futuro-obras-industriais-em-indaiatuba-com-a-acoi\/\" \/>\n<meta property=\"og:site_name\" content=\"Acoi Corp\" \/>\n<meta name=\"twitter:card\" content=\"summary_large_image\" \/>\n<meta name=\"twitter:label1\" content=\"Est. tempo de leitura\" \/>\n\t<meta name=\"twitter:data1\" content=\"1 minuto\" \/>\n<script type=\"application\/ld+json\" class=\"yoast-schema-graph\">{\"@context\":\"https:\/\/schema.org\",\"@graph\":[{\"@type\":\"WebPage\",\"@id\":\"https:\/\/acoi.com.br\/conteudocorp\/construindo-o-futuro-obras-industriais-em-indaiatuba-com-a-acoi\/\",\"url\":\"https:\/\/acoi.com.br\/conteudocorp\/construindo-o-futuro-obras-industriais-em-indaiatuba-com-a-acoi\/\",\"name\":\"Acoi: Obras Industriais de Qualidade em Indaiatuba\",\"isPartOf\":{\"@id\":\"https:\/\/acoi.com.br\/conteudocorp\/#website\"},\"datePublished\":\"2025-02-27T00:00:35+00:00\",\"dateModified\":\"2025-02-27T00:00:35+00:00\",\"description\":\"Descubra como a Acoi se destaca na constru\u00e7\u00e3o de obras industriais em Indaiatuba, oferecendo qualidade, inova\u00e7\u00e3o e solu\u00e7\u00f5es personalizadas.\",\"breadcrumb\":{\"@id\":\"https:\/\/acoi.com.br\/conteudocorp\/construindo-o-futuro-obras-industriais-em-indaiatuba-com-a-acoi\/#breadcrumb\"},\"inLanguage\":\"pt-BR\",\"potentialAction\":[{\"@type\":\"ReadAction\",\"target\":[\"https:\/\/acoi.com.br\/conteudocorp\/construindo-o-futuro-obras-industriais-em-indaiatuba-com-a-acoi\/\"]}]},{\"@type\":\"BreadcrumbList\",\"@id\":\"https:\/\/acoi.com.br\/conteudocorp\/construindo-o-futuro-obras-industriais-em-indaiatuba-com-a-acoi\/#breadcrumb\",\"itemListElement\":[{\"@type\":\"ListItem\",\"position\":1,\"name\":\"Home\",\"item\":\"https:\/\/acoi.com.br\/conteudocorp\/\"},{\"@type\":\"ListItem\",\"position\":2,\"name\":\"Construindo o Futuro: Obras Industriais em Indaiatuba com a Acoi\"}]},{\"@type\":\"WebSite\",\"@id\":\"https:\/\/acoi.com.br\/conteudocorp\/#website\",\"url\":\"https:\/\/acoi.com.br\/conteudocorp\/\",\"name\":\"Acoi Corp\",\"description\":\"\",\"potentialAction\":[{\"@type\":\"SearchAction\",\"target\":{\"@type\":\"EntryPoint\",\"urlTemplate\":\"https:\/\/acoi.com.br\/conteudocorp\/?s={search_term_string}\"},\"query-input\":{\"@type\":\"PropertyValueSpecification\",\"valueRequired\":true,\"valueName\":\"search_term_string\"}}],\"inLanguage\":\"pt-BR\"}]}<\/script>\n<!-- \/ Yoast SEO plugin. -->","yoast_head_json":{"title":"Acoi: Obras Industriais de Qualidade em Indaiatuba","description":"Descubra como a Acoi se destaca na constru\u00e7\u00e3o de obras industriais em Indaiatuba, oferecendo qualidade, inova\u00e7\u00e3o e solu\u00e7\u00f5es personalizadas.","robots":{"index":"index","follow":"follow","max-snippet":"max-snippet:-1","max-image-preview":"max-image-preview:large","max-video-preview":"max-video-preview:-1"},"canonical":"https:\/\/acoi.com.br\/conteudocorp\/construindo-o-futuro-obras-industriais-em-indaiatuba-com-a-acoi\/","og_locale":"pt_BR","og_type":"article","og_title":"Acoi: Obras Industriais de Qualidade em Indaiatuba","og_description":"Descubra como a Acoi se destaca na constru\u00e7\u00e3o de obras industriais em Indaiatuba, oferecendo qualidade, inova\u00e7\u00e3o e solu\u00e7\u00f5es personalizadas.","og_url":"https:\/\/acoi.com.br\/conteudocorp\/construindo-o-futuro-obras-industriais-em-indaiatuba-com-a-acoi\/","og_site_name":"Acoi Corp","twitter_card":"summary_large_image","twitter_misc":{"Est. tempo de leitura":"1 minuto"},"schema":{"@context":"https:\/\/schema.org","@graph":[{"@type":"WebPage","@id":"https:\/\/acoi.com.br\/conteudocorp\/construindo-o-futuro-obras-industriais-em-indaiatuba-com-a-acoi\/","url":"https:\/\/acoi.com.br\/conteudocorp\/construindo-o-futuro-obras-industriais-em-indaiatuba-com-a-acoi\/","name":"Acoi: Obras Industriais de Qualidade em Indaiatuba","isPartOf":{"@id":"https:\/\/acoi.com.br\/conteudocorp\/#website"},"datePublished":"2025-02-27T00:00:35+00:00","dateModified":"2025-02-27T00:00:35+00:00","description":"Descubra como a Acoi se destaca na constru\u00e7\u00e3o de obras industriais em Indaiatuba, oferecendo qualidade, inova\u00e7\u00e3o e solu\u00e7\u00f5es personalizadas.","breadcrumb":{"@id":"https:\/\/acoi.com.br\/conteudocorp\/construindo-o-futuro-obras-industriais-em-indaiatuba-com-a-acoi\/#breadcrumb"},"inLanguage":"pt-BR","potentialAction":[{"@type":"ReadAction","target":["https:\/\/acoi.com.br\/conteudocorp\/construindo-o-futuro-obras-industriais-em-indaiatuba-com-a-acoi\/"]}]},{"@type":"BreadcrumbList","@id":"https:\/\/acoi.com.br\/conteudocorp\/construindo-o-futuro-obras-industriais-em-indaiatuba-com-a-acoi\/#breadcrumb","itemListElement":[{"@type":"ListItem","position":1,"name":"Home","item":"https:\/\/acoi.com.br\/conteudocorp\/"},{"@type":"ListItem","position":2,"name":"Construindo o Futuro: Obras Industriais em Indaiatuba com a Acoi"}]},{"@type":"WebSite","@id":"https:\/\/acoi.com.br\/conteudocorp\/#website","url":"https:\/\/acoi.com.br\/conteudocorp\/","name":"Acoi Corp","description":"","potentialAction":[{"@type":"SearchAction","target":{"@type":"EntryPoint","urlTemplate":"https:\/\/acoi.com.br\/conteudocorp\/?s={search_term_string}"},"query-input":{"@type":"PropertyValueSpecification","valueRequired":true,"valueName":"search_term_string"}}],"inLanguage":"pt-BR"}]}},"_links":{"self":[{"href":"https:\/\/acoi.com.br\/conteudocorp\/wp-json\/wp\/v2\/pages\/2998","targetHints":{"allow":["GET"]}}],"collection":[{"href":"https:\/\/acoi.com.br\/conteudocorp\/wp-json\/wp\/v2\/pages"}],"about":[{"href":"https:\/\/acoi.com.br\/conteudocorp\/wp-json\/wp\/v2\/types\/page"}],"author":[{"embeddable":true,"href":"https:\/\/acoi.com.br\/conteudocorp\/wp-json\/wp\/v2\/users\/3"}],"replies":[{"embeddable":true,"href":"https:\/\/acoi.com.br\/conteudocorp\/wp-json\/wp\/v2\/comments?post=2998"}],"version-history":[{"count":0,"href":"https:\/\/acoi.com.br\/conteudocorp\/wp-json\/wp\/v2\/pages\/2998\/revisions"}],"wp:attachment":[{"href":"https:\/\/acoi.com.br\/conteudocorp\/wp-json\/wp\/v2\/media?parent=2998"}],"curies":[{"name":"wp","href":"https:\/\/api.w.org\/{rel}","templated":true}]}}