{"id":3567,"date":"2025-02-28T04:40:38","date_gmt":"2025-02-28T04:40:38","guid":{"rendered":"https:\/\/acoi.com.br\/conteudocorp\/obras-comerciais-em-campinas-transformando-espacos-impulsionando-negocios\/"},"modified":"2025-02-28T04:40:38","modified_gmt":"2025-02-28T04:40:38","slug":"obras-comerciais-em-campinas-transformando-espacos-impulsionando-negocios","status":"publish","type":"page","link":"https:\/\/acoi.com.br\/conteudocorp\/obras-comerciais-em-campinas-transformando-espacos-impulsionando-negocios\/","title":{"rendered":"Obras Comerciais em Campinas: Transformando Espa\u00e7os, Impulsionando Neg\u00f3cios"},"content":{"rendered":"<p><strong>Oportunidades de Neg\u00f3cios<\/strong><br \/>Campinas, uma das cidades mais din\u00e2micas do Brasil, est\u00e1 se transformando em um verdadeiro polo comercial. As obras comerciais desempenham um papel vital nesse crescimento, atraindo investimentos e gerando empregos. Com uma qualidade de infra-estrutura de ponta, empresas de todos os setores podem prosperar e expandir.<\/p>\n<p><strong>Por que Escolher a Acoi?<\/strong><br \/>A Acoi \u00e9 uma refer\u00eancia em obras comerciais, oferecendo solu\u00e7\u00f5es personalizadas que visam maximizar o retorno sobre investimento para nossos clientes. Com mais de 10 anos de experi\u00eancia, nossa equipe \u00e9 composta por profissionais altamente qualificados que garantem a entrega de projeto dentro dos prazos estipulados, sem comprometer a qualidade.<\/p>\n<p><strong>Compromisso com a Sustentabilidade<\/strong><br \/>Al\u00e9m de efici\u00eancia e inova\u00e7\u00e3o, a Acoi se destaca pelo seu compromisso com a constru\u00e7\u00e3o sustent\u00e1vel. Ao integrar pr\u00e1ticas que respeitam o meio ambiente em nossos projetos, garantimos que cada obra n\u00e3o apenas atenda \u00e0s necessidades atuais, mas tamb\u00e9m preserves o futuro do nosso planeta.<\/p>\n<p><strong>A Inova\u00e7\u00e3o \u00e0 Frente do Seu Tempo<\/strong><br \/>Na Acoi, utilizamos t\u00e9cnicas modernas e materiais de alta qualidade, sempre em busca das melhores pr\u00e1ticas do mercado. Nossa miss\u00e3o \u00e9 criar espa\u00e7os que n\u00e3o apenas atendam \u00e0s necessidades comerciais, mas que, de fato, melhorem a vida das pessoas, refletindo nosso forte compromisso com a qualidade e com a constru\u00e7\u00e3o \u00e9tica e respons\u00e1vel.<\/p>\n","protected":false},"excerpt":{"rendered":"<p>Oportunidades de Neg\u00f3ciosCampinas, uma das cidades mais din\u00e2micas do Brasil, est\u00e1 se transformando em um verdadeiro polo comercial. As obras comerciais desempenham um papel vital nesse crescimento, atraindo investimentos e gerando empregos. Com uma qualidade de infra-estrutura de ponta, empresas de todos os setores podem prosperar e expandir. Por que Escolher a Acoi?A Acoi \u00e9&hellip;&nbsp;<a href=\"https:\/\/acoi.com.br\/conteudocorp\/obras-comerciais-em-campinas-transformando-espacos-impulsionando-negocios\/\" class=\"\" rel=\"bookmark\">Continue a ler &raquo;<span class=\"screen-reader-text\">Obras Comerciais em Campinas: Transformando Espa\u00e7os, Impulsionando Neg\u00f3cios<\/span><\/a><\/p>\n","protected":false},"author":3,"featured_media":0,"parent":0,"menu_order":0,"comment_status":"closed","ping_status":"closed","template":"","meta":{"_acf_changed":false,"_yoast_wpseo_focuskw":"Obras Comerciais em Campinas","_yoast_wpseo_title":"Obras Comerciais em Campinas - Acoi, sua melhor op\u00e7\u00e3o","_yoast_wpseo_metadesc":"Descubra a import\u00e2ncia das obras comerciais em Campinas e como a Acoi transforma espa\u00e7os para o sucesso dos neg\u00f3cios.","neve_meta_sidebar":"","neve_meta_container":"","neve_meta_enable_content_width":"","neve_meta_content_width":0,"neve_meta_title_alignment":"","neve_meta_author_avatar":"","neve_post_elements_order":"","neve_meta_disable_header":"","neve_meta_disable_footer":"","neve_meta_disable_title":"","footnotes":""},"class_list":["post-3567","page","type-page","status-publish","hentry"],"acf":{"introducao":"","conceitos_fundamentais":"","como_funciona":"","como_aplicar_no_dia_a_dia":"","principais_utilizacoes_e_beneficios":"","tipos_e_classificacoes":"","tecnologias_e_ferramentas_relacionadas":"","exemplos_e_casos_de_sucesso":"","mitos_e_verdades":"","perguntas_frequentes_faq":"","erros_comuns_e_como_evita-los":"","futuro_e_tendencias":"","conclusao":"","bloco1title":"Experi\u00eancia Comprovada","bloco1text":"Com mais de 100 mil m\u00b2 constru\u00eddos, a Acoi traz experi\u00eancia inigual\u00e1vel em obras comerciais.","bloco2title":"Inova\u00e7\u00e3o Tecnol\u00f3gica","bloco2text":"Utilizamos as mais recentes tecnologias na constru\u00e7\u00e3o, garantindo efici\u00eancia e qualidade superior.","bloco3title":"Impacto Sustent\u00e1vel","bloco3text":"Nossas obras s\u00e3o planejadas para minimizar impactos ambientais, refletindo nosso compromisso com a sustentabilidade e a responsabilidade social.","insightwidtitle":"Curiosidades sobre Campinas","insightwidcontent":"Voc\u00ea sabia que Campinas \u00e9 uma das cidades com maior \u00edndice de inova\u00e7\u00e3o no Brasil? Com seu polo tecnol\u00f3gico em crescimento e um ambiente favor\u00e1vel para novos neg\u00f3cios, a cidade atrai in\u00fameras obras comerciais. A constru\u00e7\u00e3o civil \u00e9 uma das \u00e1reas que mais se beneficiam desse crescimento, destacando-se como um setor estrat\u00e9gico para a economia local."},"yoast_head":"<!-- This site is optimized with the Yoast SEO plugin v23.4 - https:\/\/yoast.com\/wordpress\/plugins\/seo\/ -->\n<title>Obras Comerciais em Campinas - Acoi, sua melhor op\u00e7\u00e3o<\/title>\n<meta name=\"description\" content=\"Descubra a import\u00e2ncia das obras comerciais em Campinas e como a Acoi transforma espa\u00e7os para o sucesso dos neg\u00f3cios.\" \/>\n<meta name=\"robots\" content=\"index, follow, max-snippet:-1, max-image-preview:large, max-video-preview:-1\" \/>\n<link rel=\"canonical\" href=\"https:\/\/acoi.com.br\/conteudocorp\/obras-comerciais-em-campinas-transformando-espacos-impulsionando-negocios\/\" \/>\n<meta property=\"og:locale\" content=\"pt_BR\" \/>\n<meta property=\"og:type\" content=\"article\" \/>\n<meta property=\"og:title\" content=\"Obras Comerciais em Campinas - Acoi, sua melhor op\u00e7\u00e3o\" \/>\n<meta property=\"og:description\" content=\"Descubra a import\u00e2ncia das obras comerciais em Campinas e como a Acoi transforma espa\u00e7os para o sucesso dos neg\u00f3cios.\" \/>\n<meta property=\"og:url\" content=\"https:\/\/acoi.com.br\/conteudocorp\/obras-comerciais-em-campinas-transformando-espacos-impulsionando-negocios\/\" \/>\n<meta property=\"og:site_name\" content=\"Acoi Corp\" \/>\n<meta name=\"twitter:card\" content=\"summary_large_image\" \/>\n<meta name=\"twitter:label1\" content=\"Est. tempo de leitura\" \/>\n\t<meta name=\"twitter:data1\" content=\"1 minuto\" \/>\n<script type=\"application\/ld+json\" class=\"yoast-schema-graph\">{\"@context\":\"https:\/\/schema.org\",\"@graph\":[{\"@type\":\"WebPage\",\"@id\":\"https:\/\/acoi.com.br\/conteudocorp\/obras-comerciais-em-campinas-transformando-espacos-impulsionando-negocios\/\",\"url\":\"https:\/\/acoi.com.br\/conteudocorp\/obras-comerciais-em-campinas-transformando-espacos-impulsionando-negocios\/\",\"name\":\"Obras Comerciais em Campinas - Acoi, sua melhor op\u00e7\u00e3o\",\"isPartOf\":{\"@id\":\"https:\/\/acoi.com.br\/conteudocorp\/#website\"},\"datePublished\":\"2025-02-28T04:40:38+00:00\",\"dateModified\":\"2025-02-28T04:40:38+00:00\",\"description\":\"Descubra a import\u00e2ncia das obras comerciais em Campinas e como a Acoi transforma espa\u00e7os para o sucesso dos neg\u00f3cios.\",\"breadcrumb\":{\"@id\":\"https:\/\/acoi.com.br\/conteudocorp\/obras-comerciais-em-campinas-transformando-espacos-impulsionando-negocios\/#breadcrumb\"},\"inLanguage\":\"pt-BR\",\"potentialAction\":[{\"@type\":\"ReadAction\",\"target\":[\"https:\/\/acoi.com.br\/conteudocorp\/obras-comerciais-em-campinas-transformando-espacos-impulsionando-negocios\/\"]}]},{\"@type\":\"BreadcrumbList\",\"@id\":\"https:\/\/acoi.com.br\/conteudocorp\/obras-comerciais-em-campinas-transformando-espacos-impulsionando-negocios\/#breadcrumb\",\"itemListElement\":[{\"@type\":\"ListItem\",\"position\":1,\"name\":\"Home\",\"item\":\"https:\/\/acoi.com.br\/conteudocorp\/\"},{\"@type\":\"ListItem\",\"position\":2,\"name\":\"Obras Comerciais em Campinas: Transformando Espa\u00e7os, Impulsionando Neg\u00f3cios\"}]},{\"@type\":\"WebSite\",\"@id\":\"https:\/\/acoi.com.br\/conteudocorp\/#website\",\"url\":\"https:\/\/acoi.com.br\/conteudocorp\/\",\"name\":\"Acoi Corp\",\"description\":\"\",\"potentialAction\":[{\"@type\":\"SearchAction\",\"target\":{\"@type\":\"EntryPoint\",\"urlTemplate\":\"https:\/\/acoi.com.br\/conteudocorp\/?s={search_term_string}\"},\"query-input\":{\"@type\":\"PropertyValueSpecification\",\"valueRequired\":true,\"valueName\":\"search_term_string\"}}],\"inLanguage\":\"pt-BR\"}]}<\/script>\n<!-- \/ Yoast SEO plugin. -->","yoast_head_json":{"title":"Obras Comerciais em Campinas - Acoi, sua melhor op\u00e7\u00e3o","description":"Descubra a import\u00e2ncia das obras comerciais em Campinas e como a Acoi transforma espa\u00e7os para o sucesso dos neg\u00f3cios.","robots":{"index":"index","follow":"follow","max-snippet":"max-snippet:-1","max-image-preview":"max-image-preview:large","max-video-preview":"max-video-preview:-1"},"canonical":"https:\/\/acoi.com.br\/conteudocorp\/obras-comerciais-em-campinas-transformando-espacos-impulsionando-negocios\/","og_locale":"pt_BR","og_type":"article","og_title":"Obras Comerciais em Campinas - Acoi, sua melhor op\u00e7\u00e3o","og_description":"Descubra a import\u00e2ncia das obras comerciais em Campinas e como a Acoi transforma espa\u00e7os para o sucesso dos neg\u00f3cios.","og_url":"https:\/\/acoi.com.br\/conteudocorp\/obras-comerciais-em-campinas-transformando-espacos-impulsionando-negocios\/","og_site_name":"Acoi Corp","twitter_card":"summary_large_image","twitter_misc":{"Est. tempo de leitura":"1 minuto"},"schema":{"@context":"https:\/\/schema.org","@graph":[{"@type":"WebPage","@id":"https:\/\/acoi.com.br\/conteudocorp\/obras-comerciais-em-campinas-transformando-espacos-impulsionando-negocios\/","url":"https:\/\/acoi.com.br\/conteudocorp\/obras-comerciais-em-campinas-transformando-espacos-impulsionando-negocios\/","name":"Obras Comerciais em Campinas - Acoi, sua melhor op\u00e7\u00e3o","isPartOf":{"@id":"https:\/\/acoi.com.br\/conteudocorp\/#website"},"datePublished":"2025-02-28T04:40:38+00:00","dateModified":"2025-02-28T04:40:38+00:00","description":"Descubra a import\u00e2ncia das obras comerciais em Campinas e como a Acoi transforma espa\u00e7os para o sucesso dos neg\u00f3cios.","breadcrumb":{"@id":"https:\/\/acoi.com.br\/conteudocorp\/obras-comerciais-em-campinas-transformando-espacos-impulsionando-negocios\/#breadcrumb"},"inLanguage":"pt-BR","potentialAction":[{"@type":"ReadAction","target":["https:\/\/acoi.com.br\/conteudocorp\/obras-comerciais-em-campinas-transformando-espacos-impulsionando-negocios\/"]}]},{"@type":"BreadcrumbList","@id":"https:\/\/acoi.com.br\/conteudocorp\/obras-comerciais-em-campinas-transformando-espacos-impulsionando-negocios\/#breadcrumb","itemListElement":[{"@type":"ListItem","position":1,"name":"Home","item":"https:\/\/acoi.com.br\/conteudocorp\/"},{"@type":"ListItem","position":2,"name":"Obras Comerciais em Campinas: Transformando Espa\u00e7os, Impulsionando Neg\u00f3cios"}]},{"@type":"WebSite","@id":"https:\/\/acoi.com.br\/conteudocorp\/#website","url":"https:\/\/acoi.com.br\/conteudocorp\/","name":"Acoi Corp","description":"","potentialAction":[{"@type":"SearchAction","target":{"@type":"EntryPoint","urlTemplate":"https:\/\/acoi.com.br\/conteudocorp\/?s={search_term_string}"},"query-input":{"@type":"PropertyValueSpecification","valueRequired":true,"valueName":"search_term_string"}}],"inLanguage":"pt-BR"}]}},"_links":{"self":[{"href":"https:\/\/acoi.com.br\/conteudocorp\/wp-json\/wp\/v2\/pages\/3567","targetHints":{"allow":["GET"]}}],"collection":[{"href":"https:\/\/acoi.com.br\/conteudocorp\/wp-json\/wp\/v2\/pages"}],"about":[{"href":"https:\/\/acoi.com.br\/conteudocorp\/wp-json\/wp\/v2\/types\/page"}],"author":[{"embeddable":true,"href":"https:\/\/acoi.com.br\/conteudocorp\/wp-json\/wp\/v2\/users\/3"}],"replies":[{"embeddable":true,"href":"https:\/\/acoi.com.br\/conteudocorp\/wp-json\/wp\/v2\/comments?post=3567"}],"version-history":[{"count":0,"href":"https:\/\/acoi.com.br\/conteudocorp\/wp-json\/wp\/v2\/pages\/3567\/revisions"}],"wp:attachment":[{"href":"https:\/\/acoi.com.br\/conteudocorp\/wp-json\/wp\/v2\/media?parent=3567"}],"curies":[{"name":"wp","href":"https:\/\/api.w.org\/{rel}","templated":true}]}}