{"id":3580,"date":"2025-02-28T05:15:38","date_gmt":"2025-02-28T05:15:38","guid":{"rendered":"https:\/\/acoi.com.br\/conteudocorp\/galpoes-industriais-em-jundiai-o-futuro-da-industria-esta-aqui\/"},"modified":"2025-02-28T05:15:38","modified_gmt":"2025-02-28T05:15:38","slug":"galpoes-industriais-em-jundiai-o-futuro-da-industria-esta-aqui","status":"publish","type":"page","link":"https:\/\/acoi.com.br\/conteudocorp\/galpoes-industriais-em-jundiai-o-futuro-da-industria-esta-aqui\/","title":{"rendered":"Galp\u00f5es Industriais em Jundia\u00ed: O Futuro da Ind\u00fastria Est\u00e1 Aqui"},"content":{"rendered":"<p><strong>Descubra os Benef\u00edcios de Estabelecer seu Galp\u00e3o em Jundia\u00ed<\/strong><\/p>\n<p>A cidade de Jundia\u00ed \u00e9 conhecida pela sua localiza\u00e7\u00e3o privilegiada e infraestrutura robusta, o que a torna um dos melhores lugares para se investir em galp\u00f5es industriais. Aqui, voc\u00ea encontrar\u00e1 diversas op\u00e7\u00f5es que se adaptem \u00e0s suas necessidades, sejam elas produtivas ou log\u00edsticas.<\/p>\n<p>Um dos principais fatores a se considerar ao escolher um galp\u00e3o industrial \u00e9 o acesso a rodovias e centros de distribui\u00e7\u00e3o. Jundia\u00ed est\u00e1 estrategicamente posicionada, facilitando o transporte de mercadorias. Al\u00e9m disso, a cidade investe constantemente em infraestrutura, o que garante um ambiente favor\u00e1vel para o crescimento de neg\u00f3cios.<\/p>\n<p>A Acoi se destaca nesse cen\u00e1rio por sua vasta experi\u00eancia na constru\u00e7\u00e3o de galp\u00f5es industriais. Com mais de 100 mil m\u00b2 constru\u00eddos e um intenso compromisso com a qualidade, a Acoi garante que cada projeto n\u00e3o s\u00f3 atenda como supere as expectativas de seus clientes. Nossa equipe multidisciplinar \u00e9 capaz de oferecer solu\u00e7\u00f5es que v\u00e3o al\u00e9m da constru\u00e7\u00e3o, focando em inova\u00e7\u00e3o, seguran\u00e7a e sustentabilidade em todos os projetos.<\/p>\n<p>Escolher a Acoi para a constru\u00e7\u00e3o do seu galp\u00e3o industrial \u00e9 optar por um futuro s\u00f3lido, com projetos planejados estrategicamente para agregar valor e funcionalidade. Al\u00e9m disso, nossa miss\u00e3o \u00e9 sempre buscar a melhoria da qualidade de vida das pessoas envolvidas e o sucesso dos neg\u00f3cios.<\/p>\n<p>Se voc\u00ea est\u00e1 em busca de galp\u00f5es industriais em Jundia\u00ed, a Acoi se revela como a melhor op\u00e7\u00e3o do segmento, pronta para transformar suas necessidades em realidade com excel\u00eancia e confiabilidade.<\/p>\n","protected":false},"excerpt":{"rendered":"<p>Descubra os Benef\u00edcios de Estabelecer seu Galp\u00e3o em Jundia\u00ed A cidade de Jundia\u00ed \u00e9 conhecida pela sua localiza\u00e7\u00e3o privilegiada e infraestrutura robusta, o que a torna um dos melhores lugares para se investir em galp\u00f5es industriais. Aqui, voc\u00ea encontrar\u00e1 diversas op\u00e7\u00f5es que se adaptem \u00e0s suas necessidades, sejam elas produtivas ou log\u00edsticas. Um dos principais&hellip;&nbsp;<a href=\"https:\/\/acoi.com.br\/conteudocorp\/galpoes-industriais-em-jundiai-o-futuro-da-industria-esta-aqui\/\" class=\"\" rel=\"bookmark\">Continue a ler &raquo;<span class=\"screen-reader-text\">Galp\u00f5es Industriais em Jundia\u00ed: O Futuro da Ind\u00fastria Est\u00e1 Aqui<\/span><\/a><\/p>\n","protected":false},"author":3,"featured_media":0,"parent":0,"menu_order":0,"comment_status":"closed","ping_status":"closed","template":"","meta":{"_acf_changed":false,"_yoast_wpseo_focuskw":"Galp\u00f5es Industriais em Jundia\u00ed","_yoast_wpseo_title":"Galp\u00f5es Industriais em Jundia\u00ed: A Melhor Op\u00e7\u00e3o para Sua Empresa","_yoast_wpseo_metadesc":"Descubra as vantagens de investir em galp\u00f5es industriais em Jundia\u00ed e como a Acoi pode ajudar seu neg\u00f3cio a prosperar.","neve_meta_sidebar":"","neve_meta_container":"","neve_meta_enable_content_width":"","neve_meta_content_width":0,"neve_meta_title_alignment":"","neve_meta_author_avatar":"","neve_post_elements_order":"","neve_meta_disable_header":"","neve_meta_disable_footer":"","neve_meta_disable_title":"","footnotes":""},"class_list":["post-3580","page","type-page","status-publish","hentry"],"acf":{"introducao":"","conceitos_fundamentais":"","como_funciona":"","como_aplicar_no_dia_a_dia":"","principais_utilizacoes_e_beneficios":"","tipos_e_classificacoes":"","tecnologias_e_ferramentas_relacionadas":"","exemplos_e_casos_de_sucesso":"","mitos_e_verdades":"","perguntas_frequentes_faq":"","erros_comuns_e_como_evita-los":"","futuro_e_tendencias":"","conclusao":"","bloco1title":"Inova\u00e7\u00e3o e Qualidade","bloco1text":"A Acoi combina inova\u00e7\u00e3o em constru\u00e7\u00e3o com altos padr\u00f5es de qualidade, garantindo resultados duradouros e funcionais.","bloco2title":"Sustentabilidade","bloco2text":"Nossos projetos priorizam a sustentabilidade, contribuindo para um futuro mais verde e eficiente.","bloco3title":"Oportunidades em Jundia\u00ed","bloco3text":"Com um mercado em expans\u00e3o, Jundia\u00ed oferece in\u00fameras oportunidades para empresas que investem em galp\u00f5es industriais. Locais estrat\u00e9gicos s\u00e3o essenciais para potencializar a log\u00edstica e distribui\u00e7\u00e3o.","insightwidtitle":"Curiosidades sobre Jundia\u00ed","insightwidcontent":"Jundia\u00ed \u00e9 conhecida por sua excelente qualidade de vida e infraestrutura moderna. Al\u00e9m disso, \u00e9 um dos maiores polos de distribui\u00e7\u00e3o de mercadorias do Estado de S\u00e3o Paulo, atraindo empresas de diversos setores. Sua localiza\u00e7\u00e3o permite f\u00e1cil acesso a grandes centros, tornando-a op\u00e7\u00e3o estrat\u00e9gica para galp\u00f5es industriais."},"yoast_head":"<!-- This site is optimized with the Yoast SEO plugin v23.4 - https:\/\/yoast.com\/wordpress\/plugins\/seo\/ -->\n<title>Galp\u00f5es Industriais em Jundia\u00ed: A Melhor Op\u00e7\u00e3o para Sua Empresa<\/title>\n<meta name=\"description\" content=\"Descubra as vantagens de investir em galp\u00f5es industriais em Jundia\u00ed e como a Acoi pode ajudar seu neg\u00f3cio a prosperar.\" \/>\n<meta name=\"robots\" content=\"index, follow, max-snippet:-1, max-image-preview:large, max-video-preview:-1\" \/>\n<link rel=\"canonical\" href=\"https:\/\/acoi.com.br\/conteudocorp\/galpoes-industriais-em-jundiai-o-futuro-da-industria-esta-aqui\/\" \/>\n<meta property=\"og:locale\" content=\"pt_BR\" \/>\n<meta property=\"og:type\" content=\"article\" \/>\n<meta property=\"og:title\" content=\"Galp\u00f5es Industriais em Jundia\u00ed: A Melhor Op\u00e7\u00e3o para Sua Empresa\" \/>\n<meta property=\"og:description\" content=\"Descubra as vantagens de investir em galp\u00f5es industriais em Jundia\u00ed e como a Acoi pode ajudar seu neg\u00f3cio a prosperar.\" \/>\n<meta property=\"og:url\" content=\"https:\/\/acoi.com.br\/conteudocorp\/galpoes-industriais-em-jundiai-o-futuro-da-industria-esta-aqui\/\" \/>\n<meta property=\"og:site_name\" content=\"Acoi Corp\" \/>\n<meta name=\"twitter:card\" content=\"summary_large_image\" \/>\n<meta name=\"twitter:label1\" content=\"Est. tempo de leitura\" \/>\n\t<meta name=\"twitter:data1\" content=\"1 minuto\" \/>\n<script type=\"application\/ld+json\" class=\"yoast-schema-graph\">{\"@context\":\"https:\/\/schema.org\",\"@graph\":[{\"@type\":\"WebPage\",\"@id\":\"https:\/\/acoi.com.br\/conteudocorp\/galpoes-industriais-em-jundiai-o-futuro-da-industria-esta-aqui\/\",\"url\":\"https:\/\/acoi.com.br\/conteudocorp\/galpoes-industriais-em-jundiai-o-futuro-da-industria-esta-aqui\/\",\"name\":\"Galp\u00f5es Industriais em Jundia\u00ed: A Melhor Op\u00e7\u00e3o para Sua Empresa\",\"isPartOf\":{\"@id\":\"https:\/\/acoi.com.br\/conteudocorp\/#website\"},\"datePublished\":\"2025-02-28T05:15:38+00:00\",\"dateModified\":\"2025-02-28T05:15:38+00:00\",\"description\":\"Descubra as vantagens de investir em galp\u00f5es industriais em Jundia\u00ed e como a Acoi pode ajudar seu neg\u00f3cio a prosperar.\",\"breadcrumb\":{\"@id\":\"https:\/\/acoi.com.br\/conteudocorp\/galpoes-industriais-em-jundiai-o-futuro-da-industria-esta-aqui\/#breadcrumb\"},\"inLanguage\":\"pt-BR\",\"potentialAction\":[{\"@type\":\"ReadAction\",\"target\":[\"https:\/\/acoi.com.br\/conteudocorp\/galpoes-industriais-em-jundiai-o-futuro-da-industria-esta-aqui\/\"]}]},{\"@type\":\"BreadcrumbList\",\"@id\":\"https:\/\/acoi.com.br\/conteudocorp\/galpoes-industriais-em-jundiai-o-futuro-da-industria-esta-aqui\/#breadcrumb\",\"itemListElement\":[{\"@type\":\"ListItem\",\"position\":1,\"name\":\"Home\",\"item\":\"https:\/\/acoi.com.br\/conteudocorp\/\"},{\"@type\":\"ListItem\",\"position\":2,\"name\":\"Galp\u00f5es Industriais em Jundia\u00ed: O Futuro da Ind\u00fastria Est\u00e1 Aqui\"}]},{\"@type\":\"WebSite\",\"@id\":\"https:\/\/acoi.com.br\/conteudocorp\/#website\",\"url\":\"https:\/\/acoi.com.br\/conteudocorp\/\",\"name\":\"Acoi Corp\",\"description\":\"\",\"potentialAction\":[{\"@type\":\"SearchAction\",\"target\":{\"@type\":\"EntryPoint\",\"urlTemplate\":\"https:\/\/acoi.com.br\/conteudocorp\/?s={search_term_string}\"},\"query-input\":{\"@type\":\"PropertyValueSpecification\",\"valueRequired\":true,\"valueName\":\"search_term_string\"}}],\"inLanguage\":\"pt-BR\"}]}<\/script>\n<!-- \/ Yoast SEO plugin. -->","yoast_head_json":{"title":"Galp\u00f5es Industriais em Jundia\u00ed: A Melhor Op\u00e7\u00e3o para Sua Empresa","description":"Descubra as vantagens de investir em galp\u00f5es industriais em Jundia\u00ed e como a Acoi pode ajudar seu neg\u00f3cio a prosperar.","robots":{"index":"index","follow":"follow","max-snippet":"max-snippet:-1","max-image-preview":"max-image-preview:large","max-video-preview":"max-video-preview:-1"},"canonical":"https:\/\/acoi.com.br\/conteudocorp\/galpoes-industriais-em-jundiai-o-futuro-da-industria-esta-aqui\/","og_locale":"pt_BR","og_type":"article","og_title":"Galp\u00f5es Industriais em Jundia\u00ed: A Melhor Op\u00e7\u00e3o para Sua Empresa","og_description":"Descubra as vantagens de investir em galp\u00f5es industriais em Jundia\u00ed e como a Acoi pode ajudar seu neg\u00f3cio a prosperar.","og_url":"https:\/\/acoi.com.br\/conteudocorp\/galpoes-industriais-em-jundiai-o-futuro-da-industria-esta-aqui\/","og_site_name":"Acoi Corp","twitter_card":"summary_large_image","twitter_misc":{"Est. tempo de leitura":"1 minuto"},"schema":{"@context":"https:\/\/schema.org","@graph":[{"@type":"WebPage","@id":"https:\/\/acoi.com.br\/conteudocorp\/galpoes-industriais-em-jundiai-o-futuro-da-industria-esta-aqui\/","url":"https:\/\/acoi.com.br\/conteudocorp\/galpoes-industriais-em-jundiai-o-futuro-da-industria-esta-aqui\/","name":"Galp\u00f5es Industriais em Jundia\u00ed: A Melhor Op\u00e7\u00e3o para Sua Empresa","isPartOf":{"@id":"https:\/\/acoi.com.br\/conteudocorp\/#website"},"datePublished":"2025-02-28T05:15:38+00:00","dateModified":"2025-02-28T05:15:38+00:00","description":"Descubra as vantagens de investir em galp\u00f5es industriais em Jundia\u00ed e como a Acoi pode ajudar seu neg\u00f3cio a prosperar.","breadcrumb":{"@id":"https:\/\/acoi.com.br\/conteudocorp\/galpoes-industriais-em-jundiai-o-futuro-da-industria-esta-aqui\/#breadcrumb"},"inLanguage":"pt-BR","potentialAction":[{"@type":"ReadAction","target":["https:\/\/acoi.com.br\/conteudocorp\/galpoes-industriais-em-jundiai-o-futuro-da-industria-esta-aqui\/"]}]},{"@type":"BreadcrumbList","@id":"https:\/\/acoi.com.br\/conteudocorp\/galpoes-industriais-em-jundiai-o-futuro-da-industria-esta-aqui\/#breadcrumb","itemListElement":[{"@type":"ListItem","position":1,"name":"Home","item":"https:\/\/acoi.com.br\/conteudocorp\/"},{"@type":"ListItem","position":2,"name":"Galp\u00f5es Industriais em Jundia\u00ed: O Futuro da Ind\u00fastria Est\u00e1 Aqui"}]},{"@type":"WebSite","@id":"https:\/\/acoi.com.br\/conteudocorp\/#website","url":"https:\/\/acoi.com.br\/conteudocorp\/","name":"Acoi Corp","description":"","potentialAction":[{"@type":"SearchAction","target":{"@type":"EntryPoint","urlTemplate":"https:\/\/acoi.com.br\/conteudocorp\/?s={search_term_string}"},"query-input":{"@type":"PropertyValueSpecification","valueRequired":true,"valueName":"search_term_string"}}],"inLanguage":"pt-BR"}]}},"_links":{"self":[{"href":"https:\/\/acoi.com.br\/conteudocorp\/wp-json\/wp\/v2\/pages\/3580","targetHints":{"allow":["GET"]}}],"collection":[{"href":"https:\/\/acoi.com.br\/conteudocorp\/wp-json\/wp\/v2\/pages"}],"about":[{"href":"https:\/\/acoi.com.br\/conteudocorp\/wp-json\/wp\/v2\/types\/page"}],"author":[{"embeddable":true,"href":"https:\/\/acoi.com.br\/conteudocorp\/wp-json\/wp\/v2\/users\/3"}],"replies":[{"embeddable":true,"href":"https:\/\/acoi.com.br\/conteudocorp\/wp-json\/wp\/v2\/comments?post=3580"}],"version-history":[{"count":0,"href":"https:\/\/acoi.com.br\/conteudocorp\/wp-json\/wp\/v2\/pages\/3580\/revisions"}],"wp:attachment":[{"href":"https:\/\/acoi.com.br\/conteudocorp\/wp-json\/wp\/v2\/media?parent=3580"}],"curies":[{"name":"wp","href":"https:\/\/api.w.org\/{rel}","templated":true}]}}