{"id":4755,"date":"2025-03-05T20:15:41","date_gmt":"2025-03-05T20:15:41","guid":{"rendered":"https:\/\/acoi.com.br\/conteudocorp\/condominio-residencial-em-itatiba-o-refugio-dos-seus-sonhos\/"},"modified":"2025-03-05T20:15:41","modified_gmt":"2025-03-05T20:15:41","slug":"condominio-residencial-em-itatiba-o-refugio-dos-seus-sonhos","status":"publish","type":"page","link":"https:\/\/acoi.com.br\/conteudocorp\/condominio-residencial-em-itatiba-o-refugio-dos-seus-sonhos\/","title":{"rendered":"Condom\u00ednio Residencial em Itatiba: O Ref\u00fagio dos Seus Sonhos"},"content":{"rendered":"<p><strong>Viver em um condom\u00ednio residencial em Itatiba<\/strong> \u00e9 escolher qualidade de vida em um ambiente planejado para o bem-estar. A Acoi apresenta empreendimentos que se destacam pela seguran\u00e7a, infraestrutura de lazer e design moderno. Cada detalhe \u00e9 pensado para criar um espa\u00e7o que combine conforto e praticidade. As unidades residenciais surgem em meio a uma natureza exuberante, permitindo que voc\u00ea aproveite momentos de lazer com a sua fam\u00edlia. <\/p>\n<p><strong>Infraestrutura Completa<\/strong> com \u00e1reas de lazer, pra\u00e7as, espa\u00e7os para fitness e playgrounds, cada condom\u00ednio \u00e9 uma pequena comunidade que promove o conv\u00edvio entre os moradores. A localiza\u00e7\u00e3o estrat\u00e9gica de Itatiba, com f\u00e1cil acesso \u00e0s principais rodovias e servi\u00e7os essenciais, complementa os atributos do projeto. <\/p>\n<p><strong>Sustentabilidade no Centro<\/strong> das nossas a\u00e7\u00f5es, a Acoi utiliza tecnologias que garantem efici\u00eancia energ\u00e9tica e conforto interno. Ventila\u00e7\u00e3o e ilumina\u00e7\u00e3o natural s\u00e3o prioridades que tornam cada resid\u00eancia mais agrad\u00e1vel e economicamente vi\u00e1vel. Ao escolher um condom\u00ednio Acoi, voc\u00ea n\u00e3o s\u00f3 adquire uma moradia, mas o seu novo modo de viver. Descubra um universo de possibilidades com a gente.<\/p>\n","protected":false},"excerpt":{"rendered":"<p>Viver em um condom\u00ednio residencial em Itatiba \u00e9 escolher qualidade de vida em um ambiente planejado para o bem-estar. A Acoi apresenta empreendimentos que se destacam pela seguran\u00e7a, infraestrutura de lazer e design moderno. Cada detalhe \u00e9 pensado para criar um espa\u00e7o que combine conforto e praticidade. As unidades residenciais surgem em meio a uma&hellip;&nbsp;<a href=\"https:\/\/acoi.com.br\/conteudocorp\/condominio-residencial-em-itatiba-o-refugio-dos-seus-sonhos\/\" class=\"\" rel=\"bookmark\">Continue a ler &raquo;<span class=\"screen-reader-text\">Condom\u00ednio Residencial em Itatiba: O Ref\u00fagio dos Seus Sonhos<\/span><\/a><\/p>\n","protected":false},"author":3,"featured_media":0,"parent":0,"menu_order":0,"comment_status":"closed","ping_status":"closed","template":"","meta":{"_acf_changed":false,"_yoast_wpseo_focuskw":"Condom\u00ednio Residencial em Itatiba","_yoast_wpseo_title":"Condom\u00ednio Residencial em Itatiba: Seguran\u00e7a e Conforto com a Acoi","_yoast_wpseo_metadesc":"Descubra o Condom\u00ednio Residencial em Itatiba da Acoi. Seguran\u00e7a, conforto e sustentabilidade em um s\u00f3 lugar.","neve_meta_sidebar":"","neve_meta_container":"","neve_meta_enable_content_width":"","neve_meta_content_width":0,"neve_meta_title_alignment":"","neve_meta_author_avatar":"","neve_post_elements_order":"","neve_meta_disable_header":"","neve_meta_disable_footer":"","neve_meta_disable_title":"","footnotes":""},"class_list":["post-4755","page","type-page","status-publish","hentry"],"acf":{"introducao":"","conceitos_fundamentais":"","como_funciona":"","como_aplicar_no_dia_a_dia":"","principais_utilizacoes_e_beneficios":"","tipos_e_classificacoes":"","tecnologias_e_ferramentas_relacionadas":"","exemplos_e_casos_de_sucesso":"","mitos_e_verdades":"","perguntas_frequentes_faq":"","erros_comuns_e_como_evita-los":"","futuro_e_tendencias":"","conclusao":"","bloco1title":"Seguran\u00e7a Inigual\u00e1vel","bloco1text":"Nossos condom\u00ednios contam com sistemas de seguran\u00e7a modernos e eficientes, garantindo tranquilidade para voc\u00ea e sua fam\u00edlia.","bloco2title":"Localiza\u00e7\u00e3o Privilegiada","bloco2text":"Situados em \u00e1reas estrat\u00e9gicas, pr\u00f3ximos a escolas, parques e com\u00e9rcios, facilitando o dia a dia dos moradores.","bloco3title":"Sustentabilidade e Inova\u00e7\u00e3o","bloco3text":"Nossos projetos priorizam o uso de tecnologias sustent\u00e1veis, proporcionando conforto e reduzindo o impacto ambiental.","insightwidtitle":"Curiosidades sobre Itatiba","insightwidcontent":"Itatiba, conhecida por suas belas paisagens e clima ameno, \u00e9 uma cidade com forte tradi\u00e7\u00e3o em festas e eventos culturais. Seu desenvolvimento se destaca pela integra\u00e7\u00e3o com a natureza, atraindo fam\u00edlias que buscam qualidade de vida. Al\u00e9m disso, a cidade tem uma rica hist\u00f3ria industrial e \u00e9 famosa pela gastronomia diversificada, com op\u00e7\u00f5es que v\u00e3o das del\u00edcias caseiras \u00e0s culin\u00e1rias mais sofisticadas, tornando-a um lugar encantador para se viver."},"yoast_head":"<!-- This site is optimized with the Yoast SEO plugin v23.4 - https:\/\/yoast.com\/wordpress\/plugins\/seo\/ -->\n<title>Condom\u00ednio Residencial em Itatiba: Seguran\u00e7a e Conforto com a Acoi<\/title>\n<meta name=\"description\" content=\"Descubra o Condom\u00ednio Residencial em Itatiba da Acoi. Seguran\u00e7a, conforto e sustentabilidade em um s\u00f3 lugar.\" \/>\n<meta name=\"robots\" content=\"index, follow, max-snippet:-1, max-image-preview:large, max-video-preview:-1\" \/>\n<link rel=\"canonical\" href=\"https:\/\/acoi.com.br\/conteudocorp\/condominio-residencial-em-itatiba-o-refugio-dos-seus-sonhos\/\" \/>\n<meta property=\"og:locale\" content=\"pt_BR\" \/>\n<meta property=\"og:type\" content=\"article\" \/>\n<meta property=\"og:title\" content=\"Condom\u00ednio Residencial em Itatiba: Seguran\u00e7a e Conforto com a Acoi\" \/>\n<meta property=\"og:description\" content=\"Descubra o Condom\u00ednio Residencial em Itatiba da Acoi. Seguran\u00e7a, conforto e sustentabilidade em um s\u00f3 lugar.\" \/>\n<meta property=\"og:url\" content=\"https:\/\/acoi.com.br\/conteudocorp\/condominio-residencial-em-itatiba-o-refugio-dos-seus-sonhos\/\" \/>\n<meta property=\"og:site_name\" content=\"Acoi Corp\" \/>\n<meta name=\"twitter:card\" content=\"summary_large_image\" \/>\n<meta name=\"twitter:label1\" content=\"Est. tempo de leitura\" \/>\n\t<meta name=\"twitter:data1\" content=\"1 minuto\" \/>\n<script type=\"application\/ld+json\" class=\"yoast-schema-graph\">{\"@context\":\"https:\/\/schema.org\",\"@graph\":[{\"@type\":\"WebPage\",\"@id\":\"https:\/\/acoi.com.br\/conteudocorp\/condominio-residencial-em-itatiba-o-refugio-dos-seus-sonhos\/\",\"url\":\"https:\/\/acoi.com.br\/conteudocorp\/condominio-residencial-em-itatiba-o-refugio-dos-seus-sonhos\/\",\"name\":\"Condom\u00ednio Residencial em Itatiba: Seguran\u00e7a e Conforto com a Acoi\",\"isPartOf\":{\"@id\":\"https:\/\/acoi.com.br\/conteudocorp\/#website\"},\"datePublished\":\"2025-03-05T20:15:41+00:00\",\"dateModified\":\"2025-03-05T20:15:41+00:00\",\"description\":\"Descubra o Condom\u00ednio Residencial em Itatiba da Acoi. Seguran\u00e7a, conforto e sustentabilidade em um s\u00f3 lugar.\",\"breadcrumb\":{\"@id\":\"https:\/\/acoi.com.br\/conteudocorp\/condominio-residencial-em-itatiba-o-refugio-dos-seus-sonhos\/#breadcrumb\"},\"inLanguage\":\"pt-BR\",\"potentialAction\":[{\"@type\":\"ReadAction\",\"target\":[\"https:\/\/acoi.com.br\/conteudocorp\/condominio-residencial-em-itatiba-o-refugio-dos-seus-sonhos\/\"]}]},{\"@type\":\"BreadcrumbList\",\"@id\":\"https:\/\/acoi.com.br\/conteudocorp\/condominio-residencial-em-itatiba-o-refugio-dos-seus-sonhos\/#breadcrumb\",\"itemListElement\":[{\"@type\":\"ListItem\",\"position\":1,\"name\":\"Home\",\"item\":\"https:\/\/acoi.com.br\/conteudocorp\/\"},{\"@type\":\"ListItem\",\"position\":2,\"name\":\"Condom\u00ednio Residencial em Itatiba: O Ref\u00fagio dos Seus Sonhos\"}]},{\"@type\":\"WebSite\",\"@id\":\"https:\/\/acoi.com.br\/conteudocorp\/#website\",\"url\":\"https:\/\/acoi.com.br\/conteudocorp\/\",\"name\":\"Acoi Corp\",\"description\":\"\",\"potentialAction\":[{\"@type\":\"SearchAction\",\"target\":{\"@type\":\"EntryPoint\",\"urlTemplate\":\"https:\/\/acoi.com.br\/conteudocorp\/?s={search_term_string}\"},\"query-input\":{\"@type\":\"PropertyValueSpecification\",\"valueRequired\":true,\"valueName\":\"search_term_string\"}}],\"inLanguage\":\"pt-BR\"}]}<\/script>\n<!-- \/ Yoast SEO plugin. -->","yoast_head_json":{"title":"Condom\u00ednio Residencial em Itatiba: Seguran\u00e7a e Conforto com a Acoi","description":"Descubra o Condom\u00ednio Residencial em Itatiba da Acoi. Seguran\u00e7a, conforto e sustentabilidade em um s\u00f3 lugar.","robots":{"index":"index","follow":"follow","max-snippet":"max-snippet:-1","max-image-preview":"max-image-preview:large","max-video-preview":"max-video-preview:-1"},"canonical":"https:\/\/acoi.com.br\/conteudocorp\/condominio-residencial-em-itatiba-o-refugio-dos-seus-sonhos\/","og_locale":"pt_BR","og_type":"article","og_title":"Condom\u00ednio Residencial em Itatiba: Seguran\u00e7a e Conforto com a Acoi","og_description":"Descubra o Condom\u00ednio Residencial em Itatiba da Acoi. Seguran\u00e7a, conforto e sustentabilidade em um s\u00f3 lugar.","og_url":"https:\/\/acoi.com.br\/conteudocorp\/condominio-residencial-em-itatiba-o-refugio-dos-seus-sonhos\/","og_site_name":"Acoi Corp","twitter_card":"summary_large_image","twitter_misc":{"Est. tempo de leitura":"1 minuto"},"schema":{"@context":"https:\/\/schema.org","@graph":[{"@type":"WebPage","@id":"https:\/\/acoi.com.br\/conteudocorp\/condominio-residencial-em-itatiba-o-refugio-dos-seus-sonhos\/","url":"https:\/\/acoi.com.br\/conteudocorp\/condominio-residencial-em-itatiba-o-refugio-dos-seus-sonhos\/","name":"Condom\u00ednio Residencial em Itatiba: Seguran\u00e7a e Conforto com a Acoi","isPartOf":{"@id":"https:\/\/acoi.com.br\/conteudocorp\/#website"},"datePublished":"2025-03-05T20:15:41+00:00","dateModified":"2025-03-05T20:15:41+00:00","description":"Descubra o Condom\u00ednio Residencial em Itatiba da Acoi. Seguran\u00e7a, conforto e sustentabilidade em um s\u00f3 lugar.","breadcrumb":{"@id":"https:\/\/acoi.com.br\/conteudocorp\/condominio-residencial-em-itatiba-o-refugio-dos-seus-sonhos\/#breadcrumb"},"inLanguage":"pt-BR","potentialAction":[{"@type":"ReadAction","target":["https:\/\/acoi.com.br\/conteudocorp\/condominio-residencial-em-itatiba-o-refugio-dos-seus-sonhos\/"]}]},{"@type":"BreadcrumbList","@id":"https:\/\/acoi.com.br\/conteudocorp\/condominio-residencial-em-itatiba-o-refugio-dos-seus-sonhos\/#breadcrumb","itemListElement":[{"@type":"ListItem","position":1,"name":"Home","item":"https:\/\/acoi.com.br\/conteudocorp\/"},{"@type":"ListItem","position":2,"name":"Condom\u00ednio Residencial em Itatiba: O Ref\u00fagio dos Seus Sonhos"}]},{"@type":"WebSite","@id":"https:\/\/acoi.com.br\/conteudocorp\/#website","url":"https:\/\/acoi.com.br\/conteudocorp\/","name":"Acoi Corp","description":"","potentialAction":[{"@type":"SearchAction","target":{"@type":"EntryPoint","urlTemplate":"https:\/\/acoi.com.br\/conteudocorp\/?s={search_term_string}"},"query-input":{"@type":"PropertyValueSpecification","valueRequired":true,"valueName":"search_term_string"}}],"inLanguage":"pt-BR"}]}},"_links":{"self":[{"href":"https:\/\/acoi.com.br\/conteudocorp\/wp-json\/wp\/v2\/pages\/4755","targetHints":{"allow":["GET"]}}],"collection":[{"href":"https:\/\/acoi.com.br\/conteudocorp\/wp-json\/wp\/v2\/pages"}],"about":[{"href":"https:\/\/acoi.com.br\/conteudocorp\/wp-json\/wp\/v2\/types\/page"}],"author":[{"embeddable":true,"href":"https:\/\/acoi.com.br\/conteudocorp\/wp-json\/wp\/v2\/users\/3"}],"replies":[{"embeddable":true,"href":"https:\/\/acoi.com.br\/conteudocorp\/wp-json\/wp\/v2\/comments?post=4755"}],"version-history":[{"count":0,"href":"https:\/\/acoi.com.br\/conteudocorp\/wp-json\/wp\/v2\/pages\/4755\/revisions"}],"wp:attachment":[{"href":"https:\/\/acoi.com.br\/conteudocorp\/wp-json\/wp\/v2\/media?parent=4755"}],"curies":[{"name":"wp","href":"https:\/\/api.w.org\/{rel}","templated":true}]}}