{"id":4859,"date":"2025-03-06T01:15:40","date_gmt":"2025-03-06T01:15:40","guid":{"rendered":"https:\/\/acoi.com.br\/conteudocorp\/construindo-o-futuro-projetos-de-construcao-em-sumare-com-a-acoi\/"},"modified":"2025-03-06T01:15:40","modified_gmt":"2025-03-06T01:15:40","slug":"construindo-o-futuro-projetos-de-construcao-em-sumare-com-a-acoi","status":"publish","type":"page","link":"https:\/\/acoi.com.br\/conteudocorp\/construindo-o-futuro-projetos-de-construcao-em-sumare-com-a-acoi\/","title":{"rendered":"Construindo o Futuro: Projetos de Constru\u00e7\u00e3o em Sumar\u00e9 com a Acoi"},"content":{"rendered":"<p><strong>O Crescimento de Sumar\u00e9<\/strong><br \/>Sumar\u00e9 \u00e9 uma cidade em expans\u00e3o, e com isso, surge a necessidade de projetos de constru\u00e7\u00e3o que atendam \u00e0s demandas de diversos setores. A <strong>Acoi<\/strong> se destaca nesse cen\u00e1rio, oferecendo solu\u00e7\u00f5es que se adaptam \u00e0s necessidades do mercado local.<\/p>\n<p><strong>Qualidade e Efici\u00eancia<\/strong><br \/>A Acoi \u00e9 sin\u00f4nimo de qualidade. Com uma equipe de profissionais especializados e uma abordagem focada na sustentabilidade, a empresa se compromete em entregar projetos que respeitam prazos e or\u00e7amentos.<\/p>\n<p><strong>Solu\u00e7\u00f5es Sustent\u00e1veis<\/strong><br \/>Hoje, a constru\u00e7\u00e3o civil deve priorizar pr\u00e1ticas que protejam o meio ambiente. A Acoi se empenha em desenvolver projetos que n\u00e3o apenas respeitam, mas tamb\u00e9m promovem a sustentabilidade.<\/p>\n<p><strong>Confian\u00e7a e Transpar\u00eancia<\/strong><br \/>Um de nossos principais diferenciais \u00e9 a confian\u00e7a que estabelecemos com nossos clientes. A transpar\u00eancia em nossos processos e nossa \u00e9tica s\u00e3o pilares de nosso compromisso com a qualidade no setor da constru\u00e7\u00e3o civil em Sumar\u00e9.<\/p>\n","protected":false},"excerpt":{"rendered":"<p>O Crescimento de Sumar\u00e9Sumar\u00e9 \u00e9 uma cidade em expans\u00e3o, e com isso, surge a necessidade de projetos de constru\u00e7\u00e3o que atendam \u00e0s demandas de diversos setores. A Acoi se destaca nesse cen\u00e1rio, oferecendo solu\u00e7\u00f5es que se adaptam \u00e0s necessidades do mercado local. Qualidade e Efici\u00eanciaA Acoi \u00e9 sin\u00f4nimo de qualidade. Com uma equipe de profissionais&hellip;&nbsp;<a href=\"https:\/\/acoi.com.br\/conteudocorp\/construindo-o-futuro-projetos-de-construcao-em-sumare-com-a-acoi\/\" class=\"\" rel=\"bookmark\">Continue a ler &raquo;<span class=\"screen-reader-text\">Construindo o Futuro: Projetos de Constru\u00e7\u00e3o em Sumar\u00e9 com a Acoi<\/span><\/a><\/p>\n","protected":false},"author":3,"featured_media":0,"parent":0,"menu_order":0,"comment_status":"closed","ping_status":"closed","template":"","meta":{"_acf_changed":false,"_yoast_wpseo_focuskw":"Projetos de Constru\u00e7\u00e3o em Sumar\u00e9","_yoast_wpseo_title":"Projetos de Constru\u00e7\u00e3o em Sumar\u00e9 | Acoi - Excel\u00eancia e Inova\u00e7\u00e3o","_yoast_wpseo_metadesc":"Descubra como a Acoi se destaca em projetos de constru\u00e7\u00e3o em Sumar\u00e9, oferecendo qualidade, inova\u00e7\u00e3o e sustentabilidade para transformar sua vis\u00e3o em realidade.","neve_meta_sidebar":"","neve_meta_container":"","neve_meta_enable_content_width":"","neve_meta_content_width":0,"neve_meta_title_alignment":"","neve_meta_author_avatar":"","neve_post_elements_order":"","neve_meta_disable_header":"","neve_meta_disable_footer":"","neve_meta_disable_title":"","footnotes":""},"class_list":["post-4859","page","type-page","status-publish","hentry"],"acf":{"introducao":"","conceitos_fundamentais":"","como_funciona":"","como_aplicar_no_dia_a_dia":"","principais_utilizacoes_e_beneficios":"","tipos_e_classificacoes":"","tecnologias_e_ferramentas_relacionadas":"","exemplos_e_casos_de_sucesso":"","mitos_e_verdades":"","perguntas_frequentes_faq":"","erros_comuns_e_como_evita-los":"","futuro_e_tendencias":"","conclusao":"","bloco1title":"Experi\u00eancia no Setor","bloco1text":"Mais de 100 mil m\u00b2 de projetos constru\u00eddos demonstram a experi\u00eancia e a qualidade da Acoi na constru\u00e7\u00e3o civil em Sumar\u00e9.","bloco2title":"Inova\u00e7\u00e3o Cont\u00ednua","bloco2text":"Solu\u00e7\u00f5es que unem modernidade e efici\u00eancia, sempre priorizando a sustentabilidade.","bloco3title":"Transforma\u00e7\u00e3o Urbana","bloco3text":"Os projetos da Acoi n\u00e3o apenas constroem, mas tamb\u00e9m transformam o ambiente urbano, contribuindo para o desenvolvimento local e regional.","insightwidtitle":"Curiosidades sobre Sumar\u00e9","insightwidcontent":"Voc\u00ea sabia que Sumar\u00e9 \u00e9 um dos munic\u00edpios que mais crescem no interior de S\u00e3o Paulo? A cidade tem atra\u00eddo investidores em diversos segmentos, especialmente em constru\u00e7\u00e3o civil devido \u00e0 sua localiza\u00e7\u00e3o estrat\u00e9gica e infraestrutura que favorecem o desenvolvimento. Os projetos da Acoi t\u00eam ajudado a moldar esse crescimento, com solu\u00e7\u00f5es inovadoras e sustent\u00e1veis."},"yoast_head":"<!-- This site is optimized with the Yoast SEO plugin v23.4 - https:\/\/yoast.com\/wordpress\/plugins\/seo\/ -->\n<title>Projetos de Constru\u00e7\u00e3o em Sumar\u00e9 | Acoi - Excel\u00eancia e Inova\u00e7\u00e3o<\/title>\n<meta name=\"description\" content=\"Descubra como a Acoi se destaca em projetos de constru\u00e7\u00e3o em Sumar\u00e9, oferecendo qualidade, inova\u00e7\u00e3o e sustentabilidade para transformar sua vis\u00e3o em realidade.\" \/>\n<meta name=\"robots\" content=\"index, follow, max-snippet:-1, max-image-preview:large, max-video-preview:-1\" \/>\n<link rel=\"canonical\" href=\"https:\/\/acoi.com.br\/conteudocorp\/construindo-o-futuro-projetos-de-construcao-em-sumare-com-a-acoi\/\" \/>\n<meta property=\"og:locale\" content=\"pt_BR\" \/>\n<meta property=\"og:type\" content=\"article\" \/>\n<meta property=\"og:title\" content=\"Projetos de Constru\u00e7\u00e3o em Sumar\u00e9 | Acoi - Excel\u00eancia e Inova\u00e7\u00e3o\" \/>\n<meta property=\"og:description\" content=\"Descubra como a Acoi se destaca em projetos de constru\u00e7\u00e3o em Sumar\u00e9, oferecendo qualidade, inova\u00e7\u00e3o e sustentabilidade para transformar sua vis\u00e3o em realidade.\" \/>\n<meta property=\"og:url\" content=\"https:\/\/acoi.com.br\/conteudocorp\/construindo-o-futuro-projetos-de-construcao-em-sumare-com-a-acoi\/\" \/>\n<meta property=\"og:site_name\" content=\"Acoi Corp\" \/>\n<meta name=\"twitter:card\" content=\"summary_large_image\" \/>\n<meta name=\"twitter:label1\" content=\"Est. tempo de leitura\" \/>\n\t<meta name=\"twitter:data1\" content=\"1 minuto\" \/>\n<script type=\"application\/ld+json\" class=\"yoast-schema-graph\">{\"@context\":\"https:\/\/schema.org\",\"@graph\":[{\"@type\":\"WebPage\",\"@id\":\"https:\/\/acoi.com.br\/conteudocorp\/construindo-o-futuro-projetos-de-construcao-em-sumare-com-a-acoi\/\",\"url\":\"https:\/\/acoi.com.br\/conteudocorp\/construindo-o-futuro-projetos-de-construcao-em-sumare-com-a-acoi\/\",\"name\":\"Projetos de Constru\u00e7\u00e3o em Sumar\u00e9 | Acoi - Excel\u00eancia e Inova\u00e7\u00e3o\",\"isPartOf\":{\"@id\":\"https:\/\/acoi.com.br\/conteudocorp\/#website\"},\"datePublished\":\"2025-03-06T01:15:40+00:00\",\"dateModified\":\"2025-03-06T01:15:40+00:00\",\"description\":\"Descubra como a Acoi se destaca em projetos de constru\u00e7\u00e3o em Sumar\u00e9, oferecendo qualidade, inova\u00e7\u00e3o e sustentabilidade para transformar sua vis\u00e3o em realidade.\",\"breadcrumb\":{\"@id\":\"https:\/\/acoi.com.br\/conteudocorp\/construindo-o-futuro-projetos-de-construcao-em-sumare-com-a-acoi\/#breadcrumb\"},\"inLanguage\":\"pt-BR\",\"potentialAction\":[{\"@type\":\"ReadAction\",\"target\":[\"https:\/\/acoi.com.br\/conteudocorp\/construindo-o-futuro-projetos-de-construcao-em-sumare-com-a-acoi\/\"]}]},{\"@type\":\"BreadcrumbList\",\"@id\":\"https:\/\/acoi.com.br\/conteudocorp\/construindo-o-futuro-projetos-de-construcao-em-sumare-com-a-acoi\/#breadcrumb\",\"itemListElement\":[{\"@type\":\"ListItem\",\"position\":1,\"name\":\"Home\",\"item\":\"https:\/\/acoi.com.br\/conteudocorp\/\"},{\"@type\":\"ListItem\",\"position\":2,\"name\":\"Construindo o Futuro: Projetos de Constru\u00e7\u00e3o em Sumar\u00e9 com a Acoi\"}]},{\"@type\":\"WebSite\",\"@id\":\"https:\/\/acoi.com.br\/conteudocorp\/#website\",\"url\":\"https:\/\/acoi.com.br\/conteudocorp\/\",\"name\":\"Acoi Corp\",\"description\":\"\",\"potentialAction\":[{\"@type\":\"SearchAction\",\"target\":{\"@type\":\"EntryPoint\",\"urlTemplate\":\"https:\/\/acoi.com.br\/conteudocorp\/?s={search_term_string}\"},\"query-input\":{\"@type\":\"PropertyValueSpecification\",\"valueRequired\":true,\"valueName\":\"search_term_string\"}}],\"inLanguage\":\"pt-BR\"}]}<\/script>\n<!-- \/ Yoast SEO plugin. -->","yoast_head_json":{"title":"Projetos de Constru\u00e7\u00e3o em Sumar\u00e9 | Acoi - Excel\u00eancia e Inova\u00e7\u00e3o","description":"Descubra como a Acoi se destaca em projetos de constru\u00e7\u00e3o em Sumar\u00e9, oferecendo qualidade, inova\u00e7\u00e3o e sustentabilidade para transformar sua vis\u00e3o em realidade.","robots":{"index":"index","follow":"follow","max-snippet":"max-snippet:-1","max-image-preview":"max-image-preview:large","max-video-preview":"max-video-preview:-1"},"canonical":"https:\/\/acoi.com.br\/conteudocorp\/construindo-o-futuro-projetos-de-construcao-em-sumare-com-a-acoi\/","og_locale":"pt_BR","og_type":"article","og_title":"Projetos de Constru\u00e7\u00e3o em Sumar\u00e9 | Acoi - Excel\u00eancia e Inova\u00e7\u00e3o","og_description":"Descubra como a Acoi se destaca em projetos de constru\u00e7\u00e3o em Sumar\u00e9, oferecendo qualidade, inova\u00e7\u00e3o e sustentabilidade para transformar sua vis\u00e3o em realidade.","og_url":"https:\/\/acoi.com.br\/conteudocorp\/construindo-o-futuro-projetos-de-construcao-em-sumare-com-a-acoi\/","og_site_name":"Acoi Corp","twitter_card":"summary_large_image","twitter_misc":{"Est. tempo de leitura":"1 minuto"},"schema":{"@context":"https:\/\/schema.org","@graph":[{"@type":"WebPage","@id":"https:\/\/acoi.com.br\/conteudocorp\/construindo-o-futuro-projetos-de-construcao-em-sumare-com-a-acoi\/","url":"https:\/\/acoi.com.br\/conteudocorp\/construindo-o-futuro-projetos-de-construcao-em-sumare-com-a-acoi\/","name":"Projetos de Constru\u00e7\u00e3o em Sumar\u00e9 | Acoi - Excel\u00eancia e Inova\u00e7\u00e3o","isPartOf":{"@id":"https:\/\/acoi.com.br\/conteudocorp\/#website"},"datePublished":"2025-03-06T01:15:40+00:00","dateModified":"2025-03-06T01:15:40+00:00","description":"Descubra como a Acoi se destaca em projetos de constru\u00e7\u00e3o em Sumar\u00e9, oferecendo qualidade, inova\u00e7\u00e3o e sustentabilidade para transformar sua vis\u00e3o em realidade.","breadcrumb":{"@id":"https:\/\/acoi.com.br\/conteudocorp\/construindo-o-futuro-projetos-de-construcao-em-sumare-com-a-acoi\/#breadcrumb"},"inLanguage":"pt-BR","potentialAction":[{"@type":"ReadAction","target":["https:\/\/acoi.com.br\/conteudocorp\/construindo-o-futuro-projetos-de-construcao-em-sumare-com-a-acoi\/"]}]},{"@type":"BreadcrumbList","@id":"https:\/\/acoi.com.br\/conteudocorp\/construindo-o-futuro-projetos-de-construcao-em-sumare-com-a-acoi\/#breadcrumb","itemListElement":[{"@type":"ListItem","position":1,"name":"Home","item":"https:\/\/acoi.com.br\/conteudocorp\/"},{"@type":"ListItem","position":2,"name":"Construindo o Futuro: Projetos de Constru\u00e7\u00e3o em Sumar\u00e9 com a Acoi"}]},{"@type":"WebSite","@id":"https:\/\/acoi.com.br\/conteudocorp\/#website","url":"https:\/\/acoi.com.br\/conteudocorp\/","name":"Acoi Corp","description":"","potentialAction":[{"@type":"SearchAction","target":{"@type":"EntryPoint","urlTemplate":"https:\/\/acoi.com.br\/conteudocorp\/?s={search_term_string}"},"query-input":{"@type":"PropertyValueSpecification","valueRequired":true,"valueName":"search_term_string"}}],"inLanguage":"pt-BR"}]}},"_links":{"self":[{"href":"https:\/\/acoi.com.br\/conteudocorp\/wp-json\/wp\/v2\/pages\/4859","targetHints":{"allow":["GET"]}}],"collection":[{"href":"https:\/\/acoi.com.br\/conteudocorp\/wp-json\/wp\/v2\/pages"}],"about":[{"href":"https:\/\/acoi.com.br\/conteudocorp\/wp-json\/wp\/v2\/types\/page"}],"author":[{"embeddable":true,"href":"https:\/\/acoi.com.br\/conteudocorp\/wp-json\/wp\/v2\/users\/3"}],"replies":[{"embeddable":true,"href":"https:\/\/acoi.com.br\/conteudocorp\/wp-json\/wp\/v2\/comments?post=4859"}],"version-history":[{"count":0,"href":"https:\/\/acoi.com.br\/conteudocorp\/wp-json\/wp\/v2\/pages\/4859\/revisions"}],"wp:attachment":[{"href":"https:\/\/acoi.com.br\/conteudocorp\/wp-json\/wp\/v2\/media?parent=4859"}],"curies":[{"name":"wp","href":"https:\/\/api.w.org\/{rel}","templated":true}]}}