{"id":49638,"date":"2025-06-07T23:11:33","date_gmt":"2025-06-07T23:11:33","guid":{"rendered":"https:\/\/acoi.com.br\/conteudocorp\/construindo-o-futuro-projetos-de-construcao-em-itatiba-com-a-acoi-10\/"},"modified":"2025-06-07T23:11:33","modified_gmt":"2025-06-07T23:11:33","slug":"construindo-o-futuro-projetos-de-construcao-em-itatiba-com-a-acoi-10","status":"publish","type":"page","link":"https:\/\/acoi.com.br\/conteudocorp\/construindo-o-futuro-projetos-de-construcao-em-itatiba-com-a-acoi-10\/","title":{"rendered":"Construindo o Futuro: Projetos de Constru\u00e7\u00e3o em Itatiba com a Acoi"},"content":{"rendered":"<p><strong>Por que escolher a Acoi?<\/strong> Nossa expertise na constru\u00e7\u00e3o civil nos torna a melhor op\u00e7\u00e3o em Itatiba. Com mais de uma d\u00e9cada de experi\u00eancia, acumulamos conhecimento e habilidades que garantem a entrega de projetos de alta qualidade em \u00e1reas como log\u00edstica, industrial e corporativa. <\/p>\n<p><strong>Diversidade de Projetos<\/strong> A Acoi se destaca por seu portf\u00f3lio diversificado, adaptando-se \u00e0s necessidades espec\u00edficas de cada cliente. Desde grandes empreendimentos at\u00e9 resid\u00eancias modernas, nossas solu\u00e7\u00f5es s\u00e3o personalizadas. <\/p>\n<p><strong>Compromisso com Sustentabilidade<\/strong> Em um mundo em que a sustentabilidade \u00e9 crucial, a Acoi integra pr\u00e1ticas ecol\u00f3gicas em seus projetos. Utilizamos materiais sustent\u00e1veis e tecnologias que minimizam o impacto ambiental, alinhando-se \u00e0s modernas exig\u00eancias do mercado. <\/p>\n<p><strong>Equipe Especializada<\/strong> Nossa equipe multidisciplinar traz experi\u00eancia e paix\u00e3o para cada projeto. O compromisso com a qualidade e a satisfa\u00e7\u00e3o do cliente \u00e9 nosso maior motivador. <\/p>\n<p>Portanto, quando voc\u00ea pensa em projetos de constru\u00e7\u00e3o em Itatiba, pense em inova\u00e7\u00e3o, qualidade e confiabilidade. Escolha a Acoi e veja seu projeto ganhar vida!<\/p>\n","protected":false},"excerpt":{"rendered":"<p>Por que escolher a Acoi? Nossa expertise na constru\u00e7\u00e3o civil nos torna a melhor op\u00e7\u00e3o em Itatiba. Com mais de uma d\u00e9cada de experi\u00eancia, acumulamos conhecimento e habilidades que garantem a entrega de projetos de alta qualidade em \u00e1reas como log\u00edstica, industrial e corporativa. Diversidade de Projetos A Acoi se destaca por seu portf\u00f3lio diversificado,&hellip;&nbsp;<a href=\"https:\/\/acoi.com.br\/conteudocorp\/construindo-o-futuro-projetos-de-construcao-em-itatiba-com-a-acoi-10\/\" class=\"\" rel=\"bookmark\">Continue a ler &raquo;<span class=\"screen-reader-text\">Construindo o Futuro: Projetos de Constru\u00e7\u00e3o em Itatiba com a Acoi<\/span><\/a><\/p>\n","protected":false},"author":3,"featured_media":0,"parent":0,"menu_order":0,"comment_status":"closed","ping_status":"closed","template":"","meta":{"_acf_changed":false,"_yoast_wpseo_focuskw":"Projetos de Constru\u00e7\u00e3o em Itatiba","_yoast_wpseo_title":"Acoi: Lideran\u00e7a em Projetos de Constru\u00e7\u00e3o em Itatiba","_yoast_wpseo_metadesc":"Descubra como a Acoi se destaca em projetos de constru\u00e7\u00e3o em Itatiba, unindo inova\u00e7\u00e3o e qualidade para transformar espa\u00e7os.","neve_meta_sidebar":"","neve_meta_container":"","neve_meta_enable_content_width":"","neve_meta_content_width":0,"neve_meta_title_alignment":"","neve_meta_author_avatar":"","neve_post_elements_order":"","neve_meta_disable_header":"","neve_meta_disable_footer":"","neve_meta_disable_title":"","footnotes":""},"class_list":["post-49638","page","type-page","status-publish","hentry"],"acf":{"introducao":"","conceitos_fundamentais":"","como_funciona":"","como_aplicar_no_dia_a_dia":"","principais_utilizacoes_e_beneficios":"","tipos_e_classificacoes":"","tecnologias_e_ferramentas_relacionadas":"","exemplos_e_casos_de_sucesso":"","mitos_e_verdades":"","perguntas_frequentes_faq":"","erros_comuns_e_como_evita-los":"","futuro_e_tendencias":"","conclusao":"","bloco1title":"Qualidade Incompar\u00e1vel","bloco1text":"Na Acoi, a qualidade \u00e9 garantida em cada etapa do projeto, assegurando durabilidade e efici\u00eancia.","bloco2title":"Inova\u00e7\u00e3o Constante","bloco2text":"Utilizamos as mais recentes tecnologias e pr\u00e1ticas para criar solu\u00e7\u00f5es construtivas avan\u00e7adas.","bloco3title":"Espa\u00e7os que Transformam","bloco3text":"Nossos projetos n\u00e3o apenas edificam estruturas, mas tamb\u00e9m transformam o ambiente, criando espa\u00e7os que melhoram a qualidade de vida e impulsionam neg\u00f3cios.","insightwidtitle":"Curiosidades da Constru\u00e7\u00e3o em Itatiba","insightwidcontent":"Voc\u00ea sabia que Itatiba \u00e9 famosa por sua forte tradi\u00e7\u00e3o em arquitetura colonial? Essa influ\u00eancia se reflete em muitos projetos atuais, que buscam harmonizar o moderno com o cl\u00e1ssico. A Acoi se destaca por unir essas caracter\u00edsticas, criando projetos que respeitam a identidade local enquanto introduzem inova\u00e7\u00e3o."},"yoast_head":"<!-- This site is optimized with the Yoast SEO plugin v23.4 - https:\/\/yoast.com\/wordpress\/plugins\/seo\/ -->\n<title>Acoi: Lideran\u00e7a em Projetos de Constru\u00e7\u00e3o em Itatiba<\/title>\n<meta name=\"description\" content=\"Descubra como a Acoi se destaca em projetos de constru\u00e7\u00e3o em Itatiba, unindo inova\u00e7\u00e3o e qualidade para transformar espa\u00e7os.\" \/>\n<meta name=\"robots\" content=\"index, follow, max-snippet:-1, max-image-preview:large, max-video-preview:-1\" \/>\n<link rel=\"canonical\" href=\"https:\/\/acoi.com.br\/conteudocorp\/construindo-o-futuro-projetos-de-construcao-em-itatiba-com-a-acoi-10\/\" \/>\n<meta property=\"og:locale\" content=\"pt_BR\" \/>\n<meta property=\"og:type\" content=\"article\" \/>\n<meta property=\"og:title\" content=\"Acoi: Lideran\u00e7a em Projetos de Constru\u00e7\u00e3o em Itatiba\" \/>\n<meta property=\"og:description\" content=\"Descubra como a Acoi se destaca em projetos de constru\u00e7\u00e3o em Itatiba, unindo inova\u00e7\u00e3o e qualidade para transformar espa\u00e7os.\" \/>\n<meta property=\"og:url\" content=\"https:\/\/acoi.com.br\/conteudocorp\/construindo-o-futuro-projetos-de-construcao-em-itatiba-com-a-acoi-10\/\" \/>\n<meta property=\"og:site_name\" content=\"Acoi Corp\" \/>\n<meta name=\"twitter:card\" content=\"summary_large_image\" \/>\n<meta name=\"twitter:label1\" content=\"Est. tempo de leitura\" \/>\n\t<meta name=\"twitter:data1\" content=\"1 minuto\" \/>\n<script type=\"application\/ld+json\" class=\"yoast-schema-graph\">{\"@context\":\"https:\/\/schema.org\",\"@graph\":[{\"@type\":\"WebPage\",\"@id\":\"https:\/\/acoi.com.br\/conteudocorp\/construindo-o-futuro-projetos-de-construcao-em-itatiba-com-a-acoi-10\/\",\"url\":\"https:\/\/acoi.com.br\/conteudocorp\/construindo-o-futuro-projetos-de-construcao-em-itatiba-com-a-acoi-10\/\",\"name\":\"Acoi: Lideran\u00e7a em Projetos de Constru\u00e7\u00e3o em Itatiba\",\"isPartOf\":{\"@id\":\"https:\/\/acoi.com.br\/conteudocorp\/#website\"},\"datePublished\":\"2025-06-07T23:11:33+00:00\",\"dateModified\":\"2025-06-07T23:11:33+00:00\",\"description\":\"Descubra como a Acoi se destaca em projetos de constru\u00e7\u00e3o em Itatiba, unindo inova\u00e7\u00e3o e qualidade para transformar espa\u00e7os.\",\"breadcrumb\":{\"@id\":\"https:\/\/acoi.com.br\/conteudocorp\/construindo-o-futuro-projetos-de-construcao-em-itatiba-com-a-acoi-10\/#breadcrumb\"},\"inLanguage\":\"pt-BR\",\"potentialAction\":[{\"@type\":\"ReadAction\",\"target\":[\"https:\/\/acoi.com.br\/conteudocorp\/construindo-o-futuro-projetos-de-construcao-em-itatiba-com-a-acoi-10\/\"]}]},{\"@type\":\"BreadcrumbList\",\"@id\":\"https:\/\/acoi.com.br\/conteudocorp\/construindo-o-futuro-projetos-de-construcao-em-itatiba-com-a-acoi-10\/#breadcrumb\",\"itemListElement\":[{\"@type\":\"ListItem\",\"position\":1,\"name\":\"Home\",\"item\":\"https:\/\/acoi.com.br\/conteudocorp\/\"},{\"@type\":\"ListItem\",\"position\":2,\"name\":\"Construindo o Futuro: Projetos de Constru\u00e7\u00e3o em Itatiba com a Acoi\"}]},{\"@type\":\"WebSite\",\"@id\":\"https:\/\/acoi.com.br\/conteudocorp\/#website\",\"url\":\"https:\/\/acoi.com.br\/conteudocorp\/\",\"name\":\"Acoi Corp\",\"description\":\"\",\"potentialAction\":[{\"@type\":\"SearchAction\",\"target\":{\"@type\":\"EntryPoint\",\"urlTemplate\":\"https:\/\/acoi.com.br\/conteudocorp\/?s={search_term_string}\"},\"query-input\":{\"@type\":\"PropertyValueSpecification\",\"valueRequired\":true,\"valueName\":\"search_term_string\"}}],\"inLanguage\":\"pt-BR\"}]}<\/script>\n<!-- \/ Yoast SEO plugin. -->","yoast_head_json":{"title":"Acoi: Lideran\u00e7a em Projetos de Constru\u00e7\u00e3o em Itatiba","description":"Descubra como a Acoi se destaca em projetos de constru\u00e7\u00e3o em Itatiba, unindo inova\u00e7\u00e3o e qualidade para transformar espa\u00e7os.","robots":{"index":"index","follow":"follow","max-snippet":"max-snippet:-1","max-image-preview":"max-image-preview:large","max-video-preview":"max-video-preview:-1"},"canonical":"https:\/\/acoi.com.br\/conteudocorp\/construindo-o-futuro-projetos-de-construcao-em-itatiba-com-a-acoi-10\/","og_locale":"pt_BR","og_type":"article","og_title":"Acoi: Lideran\u00e7a em Projetos de Constru\u00e7\u00e3o em Itatiba","og_description":"Descubra como a Acoi se destaca em projetos de constru\u00e7\u00e3o em Itatiba, unindo inova\u00e7\u00e3o e qualidade para transformar espa\u00e7os.","og_url":"https:\/\/acoi.com.br\/conteudocorp\/construindo-o-futuro-projetos-de-construcao-em-itatiba-com-a-acoi-10\/","og_site_name":"Acoi Corp","twitter_card":"summary_large_image","twitter_misc":{"Est. tempo de leitura":"1 minuto"},"schema":{"@context":"https:\/\/schema.org","@graph":[{"@type":"WebPage","@id":"https:\/\/acoi.com.br\/conteudocorp\/construindo-o-futuro-projetos-de-construcao-em-itatiba-com-a-acoi-10\/","url":"https:\/\/acoi.com.br\/conteudocorp\/construindo-o-futuro-projetos-de-construcao-em-itatiba-com-a-acoi-10\/","name":"Acoi: Lideran\u00e7a em Projetos de Constru\u00e7\u00e3o em Itatiba","isPartOf":{"@id":"https:\/\/acoi.com.br\/conteudocorp\/#website"},"datePublished":"2025-06-07T23:11:33+00:00","dateModified":"2025-06-07T23:11:33+00:00","description":"Descubra como a Acoi se destaca em projetos de constru\u00e7\u00e3o em Itatiba, unindo inova\u00e7\u00e3o e qualidade para transformar espa\u00e7os.","breadcrumb":{"@id":"https:\/\/acoi.com.br\/conteudocorp\/construindo-o-futuro-projetos-de-construcao-em-itatiba-com-a-acoi-10\/#breadcrumb"},"inLanguage":"pt-BR","potentialAction":[{"@type":"ReadAction","target":["https:\/\/acoi.com.br\/conteudocorp\/construindo-o-futuro-projetos-de-construcao-em-itatiba-com-a-acoi-10\/"]}]},{"@type":"BreadcrumbList","@id":"https:\/\/acoi.com.br\/conteudocorp\/construindo-o-futuro-projetos-de-construcao-em-itatiba-com-a-acoi-10\/#breadcrumb","itemListElement":[{"@type":"ListItem","position":1,"name":"Home","item":"https:\/\/acoi.com.br\/conteudocorp\/"},{"@type":"ListItem","position":2,"name":"Construindo o Futuro: Projetos de Constru\u00e7\u00e3o em Itatiba com a Acoi"}]},{"@type":"WebSite","@id":"https:\/\/acoi.com.br\/conteudocorp\/#website","url":"https:\/\/acoi.com.br\/conteudocorp\/","name":"Acoi Corp","description":"","potentialAction":[{"@type":"SearchAction","target":{"@type":"EntryPoint","urlTemplate":"https:\/\/acoi.com.br\/conteudocorp\/?s={search_term_string}"},"query-input":{"@type":"PropertyValueSpecification","valueRequired":true,"valueName":"search_term_string"}}],"inLanguage":"pt-BR"}]}},"_links":{"self":[{"href":"https:\/\/acoi.com.br\/conteudocorp\/wp-json\/wp\/v2\/pages\/49638","targetHints":{"allow":["GET"]}}],"collection":[{"href":"https:\/\/acoi.com.br\/conteudocorp\/wp-json\/wp\/v2\/pages"}],"about":[{"href":"https:\/\/acoi.com.br\/conteudocorp\/wp-json\/wp\/v2\/types\/page"}],"author":[{"embeddable":true,"href":"https:\/\/acoi.com.br\/conteudocorp\/wp-json\/wp\/v2\/users\/3"}],"replies":[{"embeddable":true,"href":"https:\/\/acoi.com.br\/conteudocorp\/wp-json\/wp\/v2\/comments?post=49638"}],"version-history":[{"count":0,"href":"https:\/\/acoi.com.br\/conteudocorp\/wp-json\/wp\/v2\/pages\/49638\/revisions"}],"wp:attachment":[{"href":"https:\/\/acoi.com.br\/conteudocorp\/wp-json\/wp\/v2\/media?parent=49638"}],"curies":[{"name":"wp","href":"https:\/\/api.w.org\/{rel}","templated":true}]}}