{"id":5124,"date":"2025-03-06T13:55:44","date_gmt":"2025-03-06T13:55:44","guid":{"rendered":"https:\/\/acoi.com.br\/conteudocorp\/obras-industriais-em-paulinia-construindo-o-futuro-com-a-acoi\/"},"modified":"2025-03-06T13:55:44","modified_gmt":"2025-03-06T13:55:44","slug":"obras-industriais-em-paulinia-construindo-o-futuro-com-a-acoi","status":"publish","type":"page","link":"https:\/\/acoi.com.br\/conteudocorp\/obras-industriais-em-paulinia-construindo-o-futuro-com-a-acoi\/","title":{"rendered":"Obras Industriais em Paul\u00ednia: Construindo o Futuro com a Acoi"},"content":{"rendered":"<p><strong>A Import\u00e2ncia das Obras Industriais<\/strong><br \/>\nAs obras industriais s\u00e3o fundamentais para o crescimento econ\u00f4mico de uma cidade. Em Paul\u00ednia, um dos polos industriais mais importantes do Brasil, a Acoi se destaca pela qualidade e inova\u00e7\u00e3o em suas constru\u00e7\u00f5es. Cada projeto \u00e9 realizado com aten\u00e7\u00e3o aos detalhes, seguran\u00e7a e no cumprimento de prazos. <\/p>\n<p><strong>Valor Agregado<\/strong><br \/>\nNossos empreendimentos n\u00e3o s\u00e3o apenas constru\u00e7\u00f5es, mas investimentos no futuro. A Acoi contribui para a melhora da infraestrutura da cidade, garantindo que cada espa\u00e7o projetado possa atender \u00e0s demandas do mercado e gerar novas oportunidades de neg\u00f3cios. <\/p>\n<p><strong>Compromisso com a Sustentabilidade<\/strong><br \/>\nA Acoi adota pr\u00e1ticas sustent\u00e1veis em todas as suas obras, respeitando o meio ambiente e promovendo a economia circular. Por meio de gest\u00e3o eficiente de recursos, nossas obras industriais em Paul\u00ednia s\u00e3o um exemplo de como o desenvolvimento pode ser aliado \u00e0 responsabilidade ambiental. <\/p>\n<p><strong>Confian\u00e7a e Transpar\u00eancia<\/strong><br \/>\nA confian\u00e7a conquistada junto a nossos clientes reflete nosso compromisso com a \u00e9tica, seguran\u00e7a e qualidade. Escolher a Acoi \u00e9 optar por uma empresa que se preocupa com o seu projeto da concep\u00e7\u00e3o \u00e0 entrega final.<\/p>\n","protected":false},"excerpt":{"rendered":"<p>A Import\u00e2ncia das Obras Industriais As obras industriais s\u00e3o fundamentais para o crescimento econ\u00f4mico de uma cidade. Em Paul\u00ednia, um dos polos industriais mais importantes do Brasil, a Acoi se destaca pela qualidade e inova\u00e7\u00e3o em suas constru\u00e7\u00f5es. Cada projeto \u00e9 realizado com aten\u00e7\u00e3o aos detalhes, seguran\u00e7a e no cumprimento de prazos. Valor Agregado Nossos&hellip;&nbsp;<a href=\"https:\/\/acoi.com.br\/conteudocorp\/obras-industriais-em-paulinia-construindo-o-futuro-com-a-acoi\/\" class=\"\" rel=\"bookmark\">Continue a ler &raquo;<span class=\"screen-reader-text\">Obras Industriais em Paul\u00ednia: Construindo o Futuro com a Acoi<\/span><\/a><\/p>\n","protected":false},"author":3,"featured_media":0,"parent":0,"menu_order":0,"comment_status":"closed","ping_status":"closed","template":"","meta":{"_acf_changed":false,"_yoast_wpseo_focuskw":"Obras Industriais Paul\u00ednia","_yoast_wpseo_title":"Acoi: Obras Industriais de Refer\u00eancia em Paul\u00ednia","_yoast_wpseo_metadesc":"Descubra como a Acoi se destaca em obras industriais em Paul\u00ednia com qualidade, inova\u00e7\u00e3o e sustentabilidade.","neve_meta_sidebar":"","neve_meta_container":"","neve_meta_enable_content_width":"","neve_meta_content_width":0,"neve_meta_title_alignment":"","neve_meta_author_avatar":"","neve_post_elements_order":"","neve_meta_disable_header":"","neve_meta_disable_footer":"","neve_meta_disable_title":"","footnotes":""},"class_list":["post-5124","page","type-page","status-publish","hentry"],"acf":{"introducao":"","conceitos_fundamentais":"","como_funciona":"","como_aplicar_no_dia_a_dia":"","principais_utilizacoes_e_beneficios":"","tipos_e_classificacoes":"","tecnologias_e_ferramentas_relacionadas":"","exemplos_e_casos_de_sucesso":"","mitos_e_verdades":"","perguntas_frequentes_faq":"","erros_comuns_e_como_evita-los":"","futuro_e_tendencias":"","conclusao":"","bloco1title":"Solu\u00e7\u00f5es Personalizadas","bloco1text":"Oferecemos solu\u00e7\u00f5es feitas sob medida para cada cliente, maximizando a efici\u00eancia operacional e minimizando custos.","bloco2title":"Equipe Especializada","bloco2text":"Nossos profissionais s\u00e3o altamente qualificados e possuem vasta experi\u00eancia, garantindo resultados excepcionais.","bloco3title":"Sustentabilidade \u00e9 Prioridade","bloco3text":"Em cada obra, a Acoi faz quest\u00e3o de implementar pr\u00e1ticas sustent\u00e1veis, promovendo o desenvolvimento respons\u00e1vel e \u00e9tico.","insightwidtitle":"Curiosidades sobre Paul\u00ednia","insightwidcontent":"Voc\u00ea sabia que Paul\u00ednia abriga uma das maiores concentra\u00e7\u00f5es de ind\u00fastrias do Brasil? A cidade \u00e9 um polo estrat\u00e9gico devido \u00e0 sua localiza\u00e7\u00e3o e infraestrutura, tornando-se um lugar ideal para investimentos e desenvolvimento industrial. A presen\u00e7a de empresas como a Acoi refor\u00e7a ainda mais essa posi\u00e7\u00e3o, contribuindo para o crescimento econ\u00f4mico local."},"yoast_head":"<!-- This site is optimized with the Yoast SEO plugin v23.4 - https:\/\/yoast.com\/wordpress\/plugins\/seo\/ -->\n<title>Acoi: Obras Industriais de Refer\u00eancia em Paul\u00ednia<\/title>\n<meta name=\"description\" content=\"Descubra como a Acoi se destaca em obras industriais em Paul\u00ednia com qualidade, inova\u00e7\u00e3o e sustentabilidade.\" \/>\n<meta name=\"robots\" content=\"index, follow, max-snippet:-1, max-image-preview:large, max-video-preview:-1\" \/>\n<link rel=\"canonical\" href=\"https:\/\/acoi.com.br\/conteudocorp\/obras-industriais-em-paulinia-construindo-o-futuro-com-a-acoi\/\" \/>\n<meta property=\"og:locale\" content=\"pt_BR\" \/>\n<meta property=\"og:type\" content=\"article\" \/>\n<meta property=\"og:title\" content=\"Acoi: Obras Industriais de Refer\u00eancia em Paul\u00ednia\" \/>\n<meta property=\"og:description\" content=\"Descubra como a Acoi se destaca em obras industriais em Paul\u00ednia com qualidade, inova\u00e7\u00e3o e sustentabilidade.\" \/>\n<meta property=\"og:url\" content=\"https:\/\/acoi.com.br\/conteudocorp\/obras-industriais-em-paulinia-construindo-o-futuro-com-a-acoi\/\" \/>\n<meta property=\"og:site_name\" content=\"Acoi Corp\" \/>\n<meta name=\"twitter:card\" content=\"summary_large_image\" \/>\n<meta name=\"twitter:label1\" content=\"Est. tempo de leitura\" \/>\n\t<meta name=\"twitter:data1\" content=\"1 minuto\" \/>\n<script type=\"application\/ld+json\" class=\"yoast-schema-graph\">{\"@context\":\"https:\/\/schema.org\",\"@graph\":[{\"@type\":\"WebPage\",\"@id\":\"https:\/\/acoi.com.br\/conteudocorp\/obras-industriais-em-paulinia-construindo-o-futuro-com-a-acoi\/\",\"url\":\"https:\/\/acoi.com.br\/conteudocorp\/obras-industriais-em-paulinia-construindo-o-futuro-com-a-acoi\/\",\"name\":\"Acoi: Obras Industriais de Refer\u00eancia em Paul\u00ednia\",\"isPartOf\":{\"@id\":\"https:\/\/acoi.com.br\/conteudocorp\/#website\"},\"datePublished\":\"2025-03-06T13:55:44+00:00\",\"dateModified\":\"2025-03-06T13:55:44+00:00\",\"description\":\"Descubra como a Acoi se destaca em obras industriais em Paul\u00ednia com qualidade, inova\u00e7\u00e3o e sustentabilidade.\",\"breadcrumb\":{\"@id\":\"https:\/\/acoi.com.br\/conteudocorp\/obras-industriais-em-paulinia-construindo-o-futuro-com-a-acoi\/#breadcrumb\"},\"inLanguage\":\"pt-BR\",\"potentialAction\":[{\"@type\":\"ReadAction\",\"target\":[\"https:\/\/acoi.com.br\/conteudocorp\/obras-industriais-em-paulinia-construindo-o-futuro-com-a-acoi\/\"]}]},{\"@type\":\"BreadcrumbList\",\"@id\":\"https:\/\/acoi.com.br\/conteudocorp\/obras-industriais-em-paulinia-construindo-o-futuro-com-a-acoi\/#breadcrumb\",\"itemListElement\":[{\"@type\":\"ListItem\",\"position\":1,\"name\":\"Home\",\"item\":\"https:\/\/acoi.com.br\/conteudocorp\/\"},{\"@type\":\"ListItem\",\"position\":2,\"name\":\"Obras Industriais em Paul\u00ednia: Construindo o Futuro com a Acoi\"}]},{\"@type\":\"WebSite\",\"@id\":\"https:\/\/acoi.com.br\/conteudocorp\/#website\",\"url\":\"https:\/\/acoi.com.br\/conteudocorp\/\",\"name\":\"Acoi Corp\",\"description\":\"\",\"potentialAction\":[{\"@type\":\"SearchAction\",\"target\":{\"@type\":\"EntryPoint\",\"urlTemplate\":\"https:\/\/acoi.com.br\/conteudocorp\/?s={search_term_string}\"},\"query-input\":{\"@type\":\"PropertyValueSpecification\",\"valueRequired\":true,\"valueName\":\"search_term_string\"}}],\"inLanguage\":\"pt-BR\"}]}<\/script>\n<!-- \/ Yoast SEO plugin. -->","yoast_head_json":{"title":"Acoi: Obras Industriais de Refer\u00eancia em Paul\u00ednia","description":"Descubra como a Acoi se destaca em obras industriais em Paul\u00ednia com qualidade, inova\u00e7\u00e3o e sustentabilidade.","robots":{"index":"index","follow":"follow","max-snippet":"max-snippet:-1","max-image-preview":"max-image-preview:large","max-video-preview":"max-video-preview:-1"},"canonical":"https:\/\/acoi.com.br\/conteudocorp\/obras-industriais-em-paulinia-construindo-o-futuro-com-a-acoi\/","og_locale":"pt_BR","og_type":"article","og_title":"Acoi: Obras Industriais de Refer\u00eancia em Paul\u00ednia","og_description":"Descubra como a Acoi se destaca em obras industriais em Paul\u00ednia com qualidade, inova\u00e7\u00e3o e sustentabilidade.","og_url":"https:\/\/acoi.com.br\/conteudocorp\/obras-industriais-em-paulinia-construindo-o-futuro-com-a-acoi\/","og_site_name":"Acoi Corp","twitter_card":"summary_large_image","twitter_misc":{"Est. tempo de leitura":"1 minuto"},"schema":{"@context":"https:\/\/schema.org","@graph":[{"@type":"WebPage","@id":"https:\/\/acoi.com.br\/conteudocorp\/obras-industriais-em-paulinia-construindo-o-futuro-com-a-acoi\/","url":"https:\/\/acoi.com.br\/conteudocorp\/obras-industriais-em-paulinia-construindo-o-futuro-com-a-acoi\/","name":"Acoi: Obras Industriais de Refer\u00eancia em Paul\u00ednia","isPartOf":{"@id":"https:\/\/acoi.com.br\/conteudocorp\/#website"},"datePublished":"2025-03-06T13:55:44+00:00","dateModified":"2025-03-06T13:55:44+00:00","description":"Descubra como a Acoi se destaca em obras industriais em Paul\u00ednia com qualidade, inova\u00e7\u00e3o e sustentabilidade.","breadcrumb":{"@id":"https:\/\/acoi.com.br\/conteudocorp\/obras-industriais-em-paulinia-construindo-o-futuro-com-a-acoi\/#breadcrumb"},"inLanguage":"pt-BR","potentialAction":[{"@type":"ReadAction","target":["https:\/\/acoi.com.br\/conteudocorp\/obras-industriais-em-paulinia-construindo-o-futuro-com-a-acoi\/"]}]},{"@type":"BreadcrumbList","@id":"https:\/\/acoi.com.br\/conteudocorp\/obras-industriais-em-paulinia-construindo-o-futuro-com-a-acoi\/#breadcrumb","itemListElement":[{"@type":"ListItem","position":1,"name":"Home","item":"https:\/\/acoi.com.br\/conteudocorp\/"},{"@type":"ListItem","position":2,"name":"Obras Industriais em Paul\u00ednia: Construindo o Futuro com a Acoi"}]},{"@type":"WebSite","@id":"https:\/\/acoi.com.br\/conteudocorp\/#website","url":"https:\/\/acoi.com.br\/conteudocorp\/","name":"Acoi Corp","description":"","potentialAction":[{"@type":"SearchAction","target":{"@type":"EntryPoint","urlTemplate":"https:\/\/acoi.com.br\/conteudocorp\/?s={search_term_string}"},"query-input":{"@type":"PropertyValueSpecification","valueRequired":true,"valueName":"search_term_string"}}],"inLanguage":"pt-BR"}]}},"_links":{"self":[{"href":"https:\/\/acoi.com.br\/conteudocorp\/wp-json\/wp\/v2\/pages\/5124","targetHints":{"allow":["GET"]}}],"collection":[{"href":"https:\/\/acoi.com.br\/conteudocorp\/wp-json\/wp\/v2\/pages"}],"about":[{"href":"https:\/\/acoi.com.br\/conteudocorp\/wp-json\/wp\/v2\/types\/page"}],"author":[{"embeddable":true,"href":"https:\/\/acoi.com.br\/conteudocorp\/wp-json\/wp\/v2\/users\/3"}],"replies":[{"embeddable":true,"href":"https:\/\/acoi.com.br\/conteudocorp\/wp-json\/wp\/v2\/comments?post=5124"}],"version-history":[{"count":0,"href":"https:\/\/acoi.com.br\/conteudocorp\/wp-json\/wp\/v2\/pages\/5124\/revisions"}],"wp:attachment":[{"href":"https:\/\/acoi.com.br\/conteudocorp\/wp-json\/wp\/v2\/media?parent=5124"}],"curies":[{"name":"wp","href":"https:\/\/api.w.org\/{rel}","templated":true}]}}