{"id":54420,"date":"2025-06-17T04:00:35","date_gmt":"2025-06-17T04:00:35","guid":{"rendered":"https:\/\/acoi.com.br\/conteudocorp\/galpoes-industriais-em-itatiba-a-solucao-ideal-para-o-seu-negocio-8\/"},"modified":"2025-06-17T04:00:35","modified_gmt":"2025-06-17T04:00:35","slug":"galpoes-industriais-em-itatiba-a-solucao-ideal-para-o-seu-negocio-8","status":"publish","type":"page","link":"https:\/\/acoi.com.br\/conteudocorp\/galpoes-industriais-em-itatiba-a-solucao-ideal-para-o-seu-negocio-8\/","title":{"rendered":"Galp\u00f5es Industriais em Itatiba: A Solu\u00e7\u00e3o Ideal para o Seu Neg\u00f3cio"},"content":{"rendered":"<p><strong>Entenda a Import\u00e2ncia da Localiza\u00e7\u00e3o<\/strong><br \/>\nA localiza\u00e7\u00e3o de um galp\u00e3o industrial em Itatiba \u00e9 um fator crucial para o sucesso do seu neg\u00f3cio. A cidade \u00e9 conectada a importantes rodovias, facilitando a log\u00edstica e o transporte de mercadorias. Isso n\u00e3o s\u00f3 melhora a efici\u00eancia operacional, mas tamb\u00e9m gera economia.  <\/p>\n<p><strong>Foque na Sustentabilidade<\/strong><br \/>\nNa atualidade, a sustentabilidade \u00e9 um diferencial competitivo. Optar por galp\u00f5es que atendem \u00e0s demandas ambientais pode atrair clientes e investidores. A Acoi se destaca ao implementar pr\u00e1ticas construtivas respons\u00e1veis, resultando em edifica\u00e7\u00f5es que minimizam o consumo de recursos naturais.  <\/p>\n<p><strong>Qualidade da Constru\u00e7\u00e3o<\/strong><br \/>\nA qualidade da constru\u00e7\u00e3o \u00e9 um aspecto que n\u00e3o pode ser negligenciado. A Acoi j\u00e1 construiu mais de 100 mil m\u00b2, garantindo que cada projeto seja executado com os mais altos padr\u00f5es, proporcionando seguran\u00e7a e durabilidade.  <\/p>\n<p><strong>Personaliza\u00e7\u00e3o do Projeto<\/strong><br \/>\nCada neg\u00f3cio tem caracter\u00edsticas \u00fanicas. A Acoi oferece solu\u00e7\u00f5es personalizadas, adaptando os projetos \u00e0s necessidades espec\u00edficas de cada cliente. Isso garante funcionalidade e efici\u00eancia na opera\u00e7\u00e3o dos galp\u00f5es industriais.  <\/p>\n<p><strong>Invista com Confian\u00e7a<\/strong><br \/>\nCom a Acoi, voc\u00ea est\u00e1 investindo em um parceiro confi\u00e1vel, que respeita prazos e or\u00e7amentos, garantindo a melhor rela\u00e7\u00e3o custo-benef\u00edcio. Nossa equipe experiente est\u00e1 pronta para conduzir seu projeto do in\u00edcio ao fim, sempre com transpar\u00eancia e \u00e9tica.<\/p>\n","protected":false},"excerpt":{"rendered":"<p>Entenda a Import\u00e2ncia da Localiza\u00e7\u00e3o A localiza\u00e7\u00e3o de um galp\u00e3o industrial em Itatiba \u00e9 um fator crucial para o sucesso do seu neg\u00f3cio. A cidade \u00e9 conectada a importantes rodovias, facilitando a log\u00edstica e o transporte de mercadorias. Isso n\u00e3o s\u00f3 melhora a efici\u00eancia operacional, mas tamb\u00e9m gera economia. Foque na Sustentabilidade Na atualidade, a&hellip;&nbsp;<a href=\"https:\/\/acoi.com.br\/conteudocorp\/galpoes-industriais-em-itatiba-a-solucao-ideal-para-o-seu-negocio-8\/\" class=\"\" rel=\"bookmark\">Continue a ler &raquo;<span class=\"screen-reader-text\">Galp\u00f5es Industriais em Itatiba: A Solu\u00e7\u00e3o Ideal para o Seu Neg\u00f3cio<\/span><\/a><\/p>\n","protected":false},"author":3,"featured_media":0,"parent":0,"menu_order":0,"comment_status":"closed","ping_status":"closed","template":"","meta":{"_acf_changed":false,"_yoast_wpseo_focuskw":"Galp\u00f5es Industriais em Itatiba","_yoast_wpseo_title":"Galp\u00f5es Industriais em Itatiba: Acoi \u00e9 a Sua Melhor Op\u00e7\u00e3o","_yoast_wpseo_metadesc":"Descubra como os galp\u00f5es industriais em Itatiba podem ser a solu\u00e7\u00e3o ideal para o seu neg\u00f3cio com a Acoi, especialista no setor.","neve_meta_sidebar":"","neve_meta_container":"","neve_meta_enable_content_width":"","neve_meta_content_width":0,"neve_meta_title_alignment":"","neve_meta_author_avatar":"","neve_post_elements_order":"","neve_meta_disable_header":"","neve_meta_disable_footer":"","neve_meta_disable_title":"","footnotes":""},"class_list":["post-54420","page","type-page","status-publish","hentry"],"acf":{"introducao":"","conceitos_fundamentais":"","como_funciona":"","como_aplicar_no_dia_a_dia":"","principais_utilizacoes_e_beneficios":"","tipos_e_classificacoes":"","tecnologias_e_ferramentas_relacionadas":"","exemplos_e_casos_de_sucesso":"","mitos_e_verdades":"","perguntas_frequentes_faq":"","erros_comuns_e_como_evita-los":"","futuro_e_tendencias":"","conclusao":"","bloco1title":"Constru\u00e7\u00e3o Sustent\u00e1vel","bloco1text":"Nossos galp\u00f5es s\u00e3o projetados para serem eficientes e sustent\u00e1veis, reduzindo custos e impactos ambientais.","bloco2title":"Localiza\u00e7\u00e3o Estrat\u00e9gica","bloco2text":"Itatiba oferece acesso r\u00e1pido a rodovias e centros urbanos.","bloco3title":"Mercado em Crescimento","bloco3text":"A regi\u00e3o tem atra\u00eddo diversas empresas, ampliando as oportunidades para novos neg\u00f3cios e parcerias.","insightwidtitle":"Curiosidades sobre Galp\u00f5es","insightwidcontent":"Voc\u00ea sabia que os galp\u00f5es industriais podem ser adaptados para diferentes setores? Desde armazenagem at\u00e9 produ\u00e7\u00e3o, eles oferecem versatilidade. Al\u00e9m disso, com a constru\u00e7\u00e3o sustent\u00e1vel, \u00e9 poss\u00edvel reduzir em at\u00e9 30% o consumo de energia em rela\u00e7\u00e3o a constru\u00e7\u00f5es tradicionais. Itatiba se destaca como um polo industrial em expans\u00e3o, atraindo cada vez mais empresas pela sua localiza\u00e7\u00e3o e infraestrutura."},"yoast_head":"<!-- This site is optimized with the Yoast SEO plugin v23.4 - https:\/\/yoast.com\/wordpress\/plugins\/seo\/ -->\n<title>Galp\u00f5es Industriais em Itatiba: Acoi \u00e9 a Sua Melhor Op\u00e7\u00e3o<\/title>\n<meta name=\"description\" content=\"Descubra como os galp\u00f5es industriais em Itatiba podem ser a solu\u00e7\u00e3o ideal para o seu neg\u00f3cio com a Acoi, especialista no setor.\" \/>\n<meta name=\"robots\" content=\"index, follow, max-snippet:-1, max-image-preview:large, max-video-preview:-1\" \/>\n<link rel=\"canonical\" href=\"https:\/\/acoi.com.br\/conteudocorp\/galpoes-industriais-em-itatiba-a-solucao-ideal-para-o-seu-negocio-8\/\" \/>\n<meta property=\"og:locale\" content=\"pt_BR\" \/>\n<meta property=\"og:type\" content=\"article\" \/>\n<meta property=\"og:title\" content=\"Galp\u00f5es Industriais em Itatiba: Acoi \u00e9 a Sua Melhor Op\u00e7\u00e3o\" \/>\n<meta property=\"og:description\" content=\"Descubra como os galp\u00f5es industriais em Itatiba podem ser a solu\u00e7\u00e3o ideal para o seu neg\u00f3cio com a Acoi, especialista no setor.\" \/>\n<meta property=\"og:url\" content=\"https:\/\/acoi.com.br\/conteudocorp\/galpoes-industriais-em-itatiba-a-solucao-ideal-para-o-seu-negocio-8\/\" \/>\n<meta property=\"og:site_name\" content=\"Acoi Corp\" \/>\n<meta name=\"twitter:card\" content=\"summary_large_image\" \/>\n<meta name=\"twitter:label1\" content=\"Est. tempo de leitura\" \/>\n\t<meta name=\"twitter:data1\" content=\"1 minuto\" \/>\n<script type=\"application\/ld+json\" class=\"yoast-schema-graph\">{\"@context\":\"https:\/\/schema.org\",\"@graph\":[{\"@type\":\"WebPage\",\"@id\":\"https:\/\/acoi.com.br\/conteudocorp\/galpoes-industriais-em-itatiba-a-solucao-ideal-para-o-seu-negocio-8\/\",\"url\":\"https:\/\/acoi.com.br\/conteudocorp\/galpoes-industriais-em-itatiba-a-solucao-ideal-para-o-seu-negocio-8\/\",\"name\":\"Galp\u00f5es Industriais em Itatiba: Acoi \u00e9 a Sua Melhor Op\u00e7\u00e3o\",\"isPartOf\":{\"@id\":\"https:\/\/acoi.com.br\/conteudocorp\/#website\"},\"datePublished\":\"2025-06-17T04:00:35+00:00\",\"dateModified\":\"2025-06-17T04:00:35+00:00\",\"description\":\"Descubra como os galp\u00f5es industriais em Itatiba podem ser a solu\u00e7\u00e3o ideal para o seu neg\u00f3cio com a Acoi, especialista no setor.\",\"breadcrumb\":{\"@id\":\"https:\/\/acoi.com.br\/conteudocorp\/galpoes-industriais-em-itatiba-a-solucao-ideal-para-o-seu-negocio-8\/#breadcrumb\"},\"inLanguage\":\"pt-BR\",\"potentialAction\":[{\"@type\":\"ReadAction\",\"target\":[\"https:\/\/acoi.com.br\/conteudocorp\/galpoes-industriais-em-itatiba-a-solucao-ideal-para-o-seu-negocio-8\/\"]}]},{\"@type\":\"BreadcrumbList\",\"@id\":\"https:\/\/acoi.com.br\/conteudocorp\/galpoes-industriais-em-itatiba-a-solucao-ideal-para-o-seu-negocio-8\/#breadcrumb\",\"itemListElement\":[{\"@type\":\"ListItem\",\"position\":1,\"name\":\"Home\",\"item\":\"https:\/\/acoi.com.br\/conteudocorp\/\"},{\"@type\":\"ListItem\",\"position\":2,\"name\":\"Galp\u00f5es Industriais em Itatiba: A Solu\u00e7\u00e3o Ideal para o Seu Neg\u00f3cio\"}]},{\"@type\":\"WebSite\",\"@id\":\"https:\/\/acoi.com.br\/conteudocorp\/#website\",\"url\":\"https:\/\/acoi.com.br\/conteudocorp\/\",\"name\":\"Acoi Corp\",\"description\":\"\",\"potentialAction\":[{\"@type\":\"SearchAction\",\"target\":{\"@type\":\"EntryPoint\",\"urlTemplate\":\"https:\/\/acoi.com.br\/conteudocorp\/?s={search_term_string}\"},\"query-input\":{\"@type\":\"PropertyValueSpecification\",\"valueRequired\":true,\"valueName\":\"search_term_string\"}}],\"inLanguage\":\"pt-BR\"}]}<\/script>\n<!-- \/ Yoast SEO plugin. -->","yoast_head_json":{"title":"Galp\u00f5es Industriais em Itatiba: Acoi \u00e9 a Sua Melhor Op\u00e7\u00e3o","description":"Descubra como os galp\u00f5es industriais em Itatiba podem ser a solu\u00e7\u00e3o ideal para o seu neg\u00f3cio com a Acoi, especialista no setor.","robots":{"index":"index","follow":"follow","max-snippet":"max-snippet:-1","max-image-preview":"max-image-preview:large","max-video-preview":"max-video-preview:-1"},"canonical":"https:\/\/acoi.com.br\/conteudocorp\/galpoes-industriais-em-itatiba-a-solucao-ideal-para-o-seu-negocio-8\/","og_locale":"pt_BR","og_type":"article","og_title":"Galp\u00f5es Industriais em Itatiba: Acoi \u00e9 a Sua Melhor Op\u00e7\u00e3o","og_description":"Descubra como os galp\u00f5es industriais em Itatiba podem ser a solu\u00e7\u00e3o ideal para o seu neg\u00f3cio com a Acoi, especialista no setor.","og_url":"https:\/\/acoi.com.br\/conteudocorp\/galpoes-industriais-em-itatiba-a-solucao-ideal-para-o-seu-negocio-8\/","og_site_name":"Acoi Corp","twitter_card":"summary_large_image","twitter_misc":{"Est. tempo de leitura":"1 minuto"},"schema":{"@context":"https:\/\/schema.org","@graph":[{"@type":"WebPage","@id":"https:\/\/acoi.com.br\/conteudocorp\/galpoes-industriais-em-itatiba-a-solucao-ideal-para-o-seu-negocio-8\/","url":"https:\/\/acoi.com.br\/conteudocorp\/galpoes-industriais-em-itatiba-a-solucao-ideal-para-o-seu-negocio-8\/","name":"Galp\u00f5es Industriais em Itatiba: Acoi \u00e9 a Sua Melhor Op\u00e7\u00e3o","isPartOf":{"@id":"https:\/\/acoi.com.br\/conteudocorp\/#website"},"datePublished":"2025-06-17T04:00:35+00:00","dateModified":"2025-06-17T04:00:35+00:00","description":"Descubra como os galp\u00f5es industriais em Itatiba podem ser a solu\u00e7\u00e3o ideal para o seu neg\u00f3cio com a Acoi, especialista no setor.","breadcrumb":{"@id":"https:\/\/acoi.com.br\/conteudocorp\/galpoes-industriais-em-itatiba-a-solucao-ideal-para-o-seu-negocio-8\/#breadcrumb"},"inLanguage":"pt-BR","potentialAction":[{"@type":"ReadAction","target":["https:\/\/acoi.com.br\/conteudocorp\/galpoes-industriais-em-itatiba-a-solucao-ideal-para-o-seu-negocio-8\/"]}]},{"@type":"BreadcrumbList","@id":"https:\/\/acoi.com.br\/conteudocorp\/galpoes-industriais-em-itatiba-a-solucao-ideal-para-o-seu-negocio-8\/#breadcrumb","itemListElement":[{"@type":"ListItem","position":1,"name":"Home","item":"https:\/\/acoi.com.br\/conteudocorp\/"},{"@type":"ListItem","position":2,"name":"Galp\u00f5es Industriais em Itatiba: A Solu\u00e7\u00e3o Ideal para o Seu Neg\u00f3cio"}]},{"@type":"WebSite","@id":"https:\/\/acoi.com.br\/conteudocorp\/#website","url":"https:\/\/acoi.com.br\/conteudocorp\/","name":"Acoi Corp","description":"","potentialAction":[{"@type":"SearchAction","target":{"@type":"EntryPoint","urlTemplate":"https:\/\/acoi.com.br\/conteudocorp\/?s={search_term_string}"},"query-input":{"@type":"PropertyValueSpecification","valueRequired":true,"valueName":"search_term_string"}}],"inLanguage":"pt-BR"}]}},"_links":{"self":[{"href":"https:\/\/acoi.com.br\/conteudocorp\/wp-json\/wp\/v2\/pages\/54420","targetHints":{"allow":["GET"]}}],"collection":[{"href":"https:\/\/acoi.com.br\/conteudocorp\/wp-json\/wp\/v2\/pages"}],"about":[{"href":"https:\/\/acoi.com.br\/conteudocorp\/wp-json\/wp\/v2\/types\/page"}],"author":[{"embeddable":true,"href":"https:\/\/acoi.com.br\/conteudocorp\/wp-json\/wp\/v2\/users\/3"}],"replies":[{"embeddable":true,"href":"https:\/\/acoi.com.br\/conteudocorp\/wp-json\/wp\/v2\/comments?post=54420"}],"version-history":[{"count":0,"href":"https:\/\/acoi.com.br\/conteudocorp\/wp-json\/wp\/v2\/pages\/54420\/revisions"}],"wp:attachment":[{"href":"https:\/\/acoi.com.br\/conteudocorp\/wp-json\/wp\/v2\/media?parent=54420"}],"curies":[{"name":"wp","href":"https:\/\/api.w.org\/{rel}","templated":true}]}}