{"id":6038,"date":"2025-03-08T09:25:44","date_gmt":"2025-03-08T09:25:44","guid":{"rendered":"https:\/\/acoi.com.br\/conteudocorp\/construindo-o-futuro-projetos-de-construcao-em-jundiai-com-a-acoi-2\/"},"modified":"2025-03-08T09:25:44","modified_gmt":"2025-03-08T09:25:44","slug":"construindo-o-futuro-projetos-de-construcao-em-jundiai-com-a-acoi-2","status":"publish","type":"page","link":"https:\/\/acoi.com.br\/conteudocorp\/construindo-o-futuro-projetos-de-construcao-em-jundiai-com-a-acoi-2\/","title":{"rendered":"Construindo o Futuro: Projetos de Constru\u00e7\u00e3o em Jundia\u00ed com a Acoi"},"content":{"rendered":"<p><strong>Explore os Melhores Projetos de Constru\u00e7\u00e3o<\/strong><\/p>\n<p>Em Jundia\u00ed, a Acoi se destaca como refer\u00eancia em projetos de constru\u00e7\u00e3o, oferecendo solu\u00e7\u00f5es inovadoras e personalizadas para diversas necessidades. Desde a constru\u00e7\u00e3o de moradias at\u00e9 grandes empreendimentos corporativos, nossa miss\u00e3o \u00e9 projetar e construir espa\u00e7os que impactam positivamente a vida das pessoas.<\/p>\n<p><strong>Experi\u00eancia e Especializa\u00e7\u00e3o<\/strong><\/p>\n<p>Com uma equipe altamente qualificada, cada projeto \u00e9 tratado com rigor e empenho. Seguindo as melhores pr\u00e1ticas do setor, desenvolvemos obras que n\u00e3o s\u00f3 atendem \u00e0s demandas dos clientes, mas que tamb\u00e9m ultrapassam expectativas em qualidade e durabilidade.<\/p>\n<p><strong>Nosso Compromisso com a Sustentabilidade<\/strong><\/p>\n<p>Na Acoi, acreditamos que o futuro da constru\u00e7\u00e3o passa pela sustentabilidade. Por isso, adotamos tecnologias e pr\u00e1ticas que minimizam o impacto ambiental e garantem a efici\u00eancia energ\u00e9tica dos nossos projetos. Ao construir ou reformar com a Acoi, voc\u00ea est\u00e1 contribuindo para um amanh\u00e3 mais verde.<\/p>\n<p><strong>Transpar\u00eancia e \u00c9tica<\/strong><\/p>\n<p>Estabelecemos rela\u00e7\u00f5es de confian\u00e7a com nossos clientes, pautadas pela transpar\u00eancia em cada etapa do processo construtivo. Trabalhamos com planejamento estrat\u00e9gico para garantir que todas as obras sejam entregues dentro dos prazos e or\u00e7amentos acordados.<\/p>\n<p>Escolher a Acoi \u00e9 optar por qualidade, inova\u00e7\u00e3o e responsabilidade. Venha conosco construir o futuro!<\/p>\n","protected":false},"excerpt":{"rendered":"<p>Explore os Melhores Projetos de Constru\u00e7\u00e3o Em Jundia\u00ed, a Acoi se destaca como refer\u00eancia em projetos de constru\u00e7\u00e3o, oferecendo solu\u00e7\u00f5es inovadoras e personalizadas para diversas necessidades. Desde a constru\u00e7\u00e3o de moradias at\u00e9 grandes empreendimentos corporativos, nossa miss\u00e3o \u00e9 projetar e construir espa\u00e7os que impactam positivamente a vida das pessoas. Experi\u00eancia e Especializa\u00e7\u00e3o Com uma equipe&hellip;&nbsp;<a href=\"https:\/\/acoi.com.br\/conteudocorp\/construindo-o-futuro-projetos-de-construcao-em-jundiai-com-a-acoi-2\/\" class=\"\" rel=\"bookmark\">Continue a ler &raquo;<span class=\"screen-reader-text\">Construindo o Futuro: Projetos de Constru\u00e7\u00e3o em Jundia\u00ed com a Acoi<\/span><\/a><\/p>\n","protected":false},"author":3,"featured_media":0,"parent":0,"menu_order":0,"comment_status":"closed","ping_status":"closed","template":"","meta":{"_acf_changed":false,"_yoast_wpseo_focuskw":"Projetos de Constru\u00e7\u00e3o em Jundia\u00ed","_yoast_wpseo_title":"Acoi: L\u00edder em Projetos de Constru\u00e7\u00e3o em Jundia\u00ed com Inova\u00e7\u00e3o e Sustentabilidade","_yoast_wpseo_metadesc":"Descubra os melhores projetos de constru\u00e7\u00e3o em Jundia\u00ed com a Acoi, refer\u00eancia em qualidade, inova\u00e7\u00e3o e sustentabilidade.","neve_meta_sidebar":"","neve_meta_container":"","neve_meta_enable_content_width":"","neve_meta_content_width":0,"neve_meta_title_alignment":"","neve_meta_author_avatar":"","neve_post_elements_order":"","neve_meta_disable_header":"","neve_meta_disable_footer":"","neve_meta_disable_title":"","footnotes":""},"class_list":["post-6038","page","type-page","status-publish","hentry"],"acf":{"introducao":"","conceitos_fundamentais":"","como_funciona":"","como_aplicar_no_dia_a_dia":"","principais_utilizacoes_e_beneficios":"","tipos_e_classificacoes":"","tecnologias_e_ferramentas_relacionadas":"","exemplos_e_casos_de_sucesso":"","mitos_e_verdades":"","perguntas_frequentes_faq":"","erros_comuns_e_como_evita-los":"","futuro_e_tendencias":"","conclusao":"","bloco1title":"Inova\u00e7\u00e3o Cont\u00ednua","bloco1text":"A Acoi integra tecnologia de ponta em seus projetos, garantindo efici\u00eancia e seguran\u00e7a em cada etapa da constru\u00e7\u00e3o, sempre com foco em resultados de qualidade.","bloco2title":"Sustentabilidade","bloco2text":"Nossos projetos priorizam pr\u00e1ticas sustent\u00e1veis, refletindo nosso compromisso com o meio ambiente e a efici\u00eancia dos recursos utilizados.","bloco3title":"Qualidade Reconhecida","bloco3text":"Com mais de 100 mil m\u00b2 entregues, a Acoi \u00e9 sin\u00f4nimo de qualidade e confian\u00e7a em Jundia\u00ed, assegurando a satisfa\u00e7\u00e3o de nossos clientes atrav\u00e9s de um atendimento excepcional.","insightwidtitle":"Curiosidades sobre Constru\u00e7\u00e3o","insightwidcontent":"Voc\u00ea sabia que Jundia\u00ed \u00e9 uma das cidades mais promissoras para investimentos imobili\u00e1rios? Devido ao seu crescimento urbano e infraestrutura, a cidade atrai empresas e novos moradores, tornando-se um polo de desenvolvimento no setor de constru\u00e7\u00e3o civil. Essa expans\u00e3o oferece v\u00e1rias oportunidades para projetos inovadores e sustent\u00e1veis."},"yoast_head":"<!-- This site is optimized with the Yoast SEO plugin v23.4 - https:\/\/yoast.com\/wordpress\/plugins\/seo\/ -->\n<title>Acoi: L\u00edder em Projetos de Constru\u00e7\u00e3o em Jundia\u00ed com Inova\u00e7\u00e3o e Sustentabilidade<\/title>\n<meta name=\"description\" content=\"Descubra os melhores projetos de constru\u00e7\u00e3o em Jundia\u00ed com a Acoi, refer\u00eancia em qualidade, inova\u00e7\u00e3o e sustentabilidade.\" \/>\n<meta name=\"robots\" content=\"index, follow, max-snippet:-1, max-image-preview:large, max-video-preview:-1\" \/>\n<link rel=\"canonical\" href=\"https:\/\/acoi.com.br\/conteudocorp\/construindo-o-futuro-projetos-de-construcao-em-jundiai-com-a-acoi-2\/\" \/>\n<meta property=\"og:locale\" content=\"pt_BR\" \/>\n<meta property=\"og:type\" content=\"article\" \/>\n<meta property=\"og:title\" content=\"Acoi: L\u00edder em Projetos de Constru\u00e7\u00e3o em Jundia\u00ed com Inova\u00e7\u00e3o e Sustentabilidade\" \/>\n<meta property=\"og:description\" content=\"Descubra os melhores projetos de constru\u00e7\u00e3o em Jundia\u00ed com a Acoi, refer\u00eancia em qualidade, inova\u00e7\u00e3o e sustentabilidade.\" \/>\n<meta property=\"og:url\" content=\"https:\/\/acoi.com.br\/conteudocorp\/construindo-o-futuro-projetos-de-construcao-em-jundiai-com-a-acoi-2\/\" \/>\n<meta property=\"og:site_name\" content=\"Acoi Corp\" \/>\n<meta name=\"twitter:card\" content=\"summary_large_image\" \/>\n<meta name=\"twitter:label1\" content=\"Est. tempo de leitura\" \/>\n\t<meta name=\"twitter:data1\" content=\"1 minuto\" \/>\n<script type=\"application\/ld+json\" class=\"yoast-schema-graph\">{\"@context\":\"https:\/\/schema.org\",\"@graph\":[{\"@type\":\"WebPage\",\"@id\":\"https:\/\/acoi.com.br\/conteudocorp\/construindo-o-futuro-projetos-de-construcao-em-jundiai-com-a-acoi-2\/\",\"url\":\"https:\/\/acoi.com.br\/conteudocorp\/construindo-o-futuro-projetos-de-construcao-em-jundiai-com-a-acoi-2\/\",\"name\":\"Acoi: L\u00edder em Projetos de Constru\u00e7\u00e3o em Jundia\u00ed com Inova\u00e7\u00e3o e Sustentabilidade\",\"isPartOf\":{\"@id\":\"https:\/\/acoi.com.br\/conteudocorp\/#website\"},\"datePublished\":\"2025-03-08T09:25:44+00:00\",\"dateModified\":\"2025-03-08T09:25:44+00:00\",\"description\":\"Descubra os melhores projetos de constru\u00e7\u00e3o em Jundia\u00ed com a Acoi, refer\u00eancia em qualidade, inova\u00e7\u00e3o e sustentabilidade.\",\"breadcrumb\":{\"@id\":\"https:\/\/acoi.com.br\/conteudocorp\/construindo-o-futuro-projetos-de-construcao-em-jundiai-com-a-acoi-2\/#breadcrumb\"},\"inLanguage\":\"pt-BR\",\"potentialAction\":[{\"@type\":\"ReadAction\",\"target\":[\"https:\/\/acoi.com.br\/conteudocorp\/construindo-o-futuro-projetos-de-construcao-em-jundiai-com-a-acoi-2\/\"]}]},{\"@type\":\"BreadcrumbList\",\"@id\":\"https:\/\/acoi.com.br\/conteudocorp\/construindo-o-futuro-projetos-de-construcao-em-jundiai-com-a-acoi-2\/#breadcrumb\",\"itemListElement\":[{\"@type\":\"ListItem\",\"position\":1,\"name\":\"Home\",\"item\":\"https:\/\/acoi.com.br\/conteudocorp\/\"},{\"@type\":\"ListItem\",\"position\":2,\"name\":\"Construindo o Futuro: Projetos de Constru\u00e7\u00e3o em Jundia\u00ed com a Acoi\"}]},{\"@type\":\"WebSite\",\"@id\":\"https:\/\/acoi.com.br\/conteudocorp\/#website\",\"url\":\"https:\/\/acoi.com.br\/conteudocorp\/\",\"name\":\"Acoi Corp\",\"description\":\"\",\"potentialAction\":[{\"@type\":\"SearchAction\",\"target\":{\"@type\":\"EntryPoint\",\"urlTemplate\":\"https:\/\/acoi.com.br\/conteudocorp\/?s={search_term_string}\"},\"query-input\":{\"@type\":\"PropertyValueSpecification\",\"valueRequired\":true,\"valueName\":\"search_term_string\"}}],\"inLanguage\":\"pt-BR\"}]}<\/script>\n<!-- \/ Yoast SEO plugin. -->","yoast_head_json":{"title":"Acoi: L\u00edder em Projetos de Constru\u00e7\u00e3o em Jundia\u00ed com Inova\u00e7\u00e3o e Sustentabilidade","description":"Descubra os melhores projetos de constru\u00e7\u00e3o em Jundia\u00ed com a Acoi, refer\u00eancia em qualidade, inova\u00e7\u00e3o e sustentabilidade.","robots":{"index":"index","follow":"follow","max-snippet":"max-snippet:-1","max-image-preview":"max-image-preview:large","max-video-preview":"max-video-preview:-1"},"canonical":"https:\/\/acoi.com.br\/conteudocorp\/construindo-o-futuro-projetos-de-construcao-em-jundiai-com-a-acoi-2\/","og_locale":"pt_BR","og_type":"article","og_title":"Acoi: L\u00edder em Projetos de Constru\u00e7\u00e3o em Jundia\u00ed com Inova\u00e7\u00e3o e Sustentabilidade","og_description":"Descubra os melhores projetos de constru\u00e7\u00e3o em Jundia\u00ed com a Acoi, refer\u00eancia em qualidade, inova\u00e7\u00e3o e sustentabilidade.","og_url":"https:\/\/acoi.com.br\/conteudocorp\/construindo-o-futuro-projetos-de-construcao-em-jundiai-com-a-acoi-2\/","og_site_name":"Acoi Corp","twitter_card":"summary_large_image","twitter_misc":{"Est. tempo de leitura":"1 minuto"},"schema":{"@context":"https:\/\/schema.org","@graph":[{"@type":"WebPage","@id":"https:\/\/acoi.com.br\/conteudocorp\/construindo-o-futuro-projetos-de-construcao-em-jundiai-com-a-acoi-2\/","url":"https:\/\/acoi.com.br\/conteudocorp\/construindo-o-futuro-projetos-de-construcao-em-jundiai-com-a-acoi-2\/","name":"Acoi: L\u00edder em Projetos de Constru\u00e7\u00e3o em Jundia\u00ed com Inova\u00e7\u00e3o e Sustentabilidade","isPartOf":{"@id":"https:\/\/acoi.com.br\/conteudocorp\/#website"},"datePublished":"2025-03-08T09:25:44+00:00","dateModified":"2025-03-08T09:25:44+00:00","description":"Descubra os melhores projetos de constru\u00e7\u00e3o em Jundia\u00ed com a Acoi, refer\u00eancia em qualidade, inova\u00e7\u00e3o e sustentabilidade.","breadcrumb":{"@id":"https:\/\/acoi.com.br\/conteudocorp\/construindo-o-futuro-projetos-de-construcao-em-jundiai-com-a-acoi-2\/#breadcrumb"},"inLanguage":"pt-BR","potentialAction":[{"@type":"ReadAction","target":["https:\/\/acoi.com.br\/conteudocorp\/construindo-o-futuro-projetos-de-construcao-em-jundiai-com-a-acoi-2\/"]}]},{"@type":"BreadcrumbList","@id":"https:\/\/acoi.com.br\/conteudocorp\/construindo-o-futuro-projetos-de-construcao-em-jundiai-com-a-acoi-2\/#breadcrumb","itemListElement":[{"@type":"ListItem","position":1,"name":"Home","item":"https:\/\/acoi.com.br\/conteudocorp\/"},{"@type":"ListItem","position":2,"name":"Construindo o Futuro: Projetos de Constru\u00e7\u00e3o em Jundia\u00ed com a Acoi"}]},{"@type":"WebSite","@id":"https:\/\/acoi.com.br\/conteudocorp\/#website","url":"https:\/\/acoi.com.br\/conteudocorp\/","name":"Acoi Corp","description":"","potentialAction":[{"@type":"SearchAction","target":{"@type":"EntryPoint","urlTemplate":"https:\/\/acoi.com.br\/conteudocorp\/?s={search_term_string}"},"query-input":{"@type":"PropertyValueSpecification","valueRequired":true,"valueName":"search_term_string"}}],"inLanguage":"pt-BR"}]}},"_links":{"self":[{"href":"https:\/\/acoi.com.br\/conteudocorp\/wp-json\/wp\/v2\/pages\/6038","targetHints":{"allow":["GET"]}}],"collection":[{"href":"https:\/\/acoi.com.br\/conteudocorp\/wp-json\/wp\/v2\/pages"}],"about":[{"href":"https:\/\/acoi.com.br\/conteudocorp\/wp-json\/wp\/v2\/types\/page"}],"author":[{"embeddable":true,"href":"https:\/\/acoi.com.br\/conteudocorp\/wp-json\/wp\/v2\/users\/3"}],"replies":[{"embeddable":true,"href":"https:\/\/acoi.com.br\/conteudocorp\/wp-json\/wp\/v2\/comments?post=6038"}],"version-history":[{"count":0,"href":"https:\/\/acoi.com.br\/conteudocorp\/wp-json\/wp\/v2\/pages\/6038\/revisions"}],"wp:attachment":[{"href":"https:\/\/acoi.com.br\/conteudocorp\/wp-json\/wp\/v2\/media?parent=6038"}],"curies":[{"name":"wp","href":"https:\/\/api.w.org\/{rel}","templated":true}]}}