{"id":6315,"date":"2025-03-08T22:35:48","date_gmt":"2025-03-08T22:35:48","guid":{"rendered":"https:\/\/acoi.com.br\/conteudocorp\/galpoes-industriais-em-itupeva-a-solucao-perfeita-para-seu-negocio\/"},"modified":"2025-03-08T22:35:48","modified_gmt":"2025-03-08T22:35:48","slug":"galpoes-industriais-em-itupeva-a-solucao-perfeita-para-seu-negocio","status":"publish","type":"page","link":"https:\/\/acoi.com.br\/conteudocorp\/galpoes-industriais-em-itupeva-a-solucao-perfeita-para-seu-negocio\/","title":{"rendered":"Galp\u00f5es Industriais em Itupeva: A Solu\u00e7\u00e3o Perfeita para seu Neg\u00f3cio"},"content":{"rendered":"<p><strong>Por que escolher Itupeva?<\/strong> Localizada na regi\u00e3o metropolitana de Campinas, Itupeva \u00e9 uma cidade em crescimento que se destaca pela sua localiza\u00e7\u00e3o estrat\u00e9gica. Seus galp\u00f5es industriais s\u00e3o projetados com tecnologia de ponta, oferecendo solu\u00e7\u00f5es que v\u00e3o al\u00e9m da constru\u00e7\u00e3o, focando na efici\u00eancia energ\u00e9tica e sustentabilidade. <\/p>\n<p> <strong>Infraestrutura para o Futuro<\/strong> Nossos galp\u00f5es s\u00e3o constru\u00eddos com materiais de alta qualidade, garantindo resist\u00eancia e durabilidade. A Acoi n\u00e3o se limita apenas a erguer estruturas; n\u00f3s criamos ambientes que potencializam seu neg\u00f3cio. <\/p>\n<p> <strong>Experi\u00eancia e Expertise<\/strong> Com mais de 100 mil m\u00b2 constru\u00eddos, a Acoi se posiciona como refer\u00eancia no segmento. Nossa equipe \u00e9 composta por especialistas que garantem a entrega dentro do prazo, respeitando sempre as normas de seguran\u00e7a e qualidade. <\/p>\n<p> <strong>Confian\u00e7a e Transpar\u00eancia<\/strong> A nossa miss\u00e3o \u00e9 construir com \u00e9tica, priorizando o custo-benef\u00edcio e a transpar\u00eancia nas rela\u00e7\u00f5es. Nossos clientes s\u00e3o nosso maior patrim\u00f4nio, e trabalhamos para conquistar sua confian\u00e7a dia ap\u00f3s dia. Quando voc\u00ea escolhe a Acoi, opta por um parceiro comprometido com o sucesso do seu projeto.<\/p>\n","protected":false},"excerpt":{"rendered":"<p>Por que escolher Itupeva? Localizada na regi\u00e3o metropolitana de Campinas, Itupeva \u00e9 uma cidade em crescimento que se destaca pela sua localiza\u00e7\u00e3o estrat\u00e9gica. Seus galp\u00f5es industriais s\u00e3o projetados com tecnologia de ponta, oferecendo solu\u00e7\u00f5es que v\u00e3o al\u00e9m da constru\u00e7\u00e3o, focando na efici\u00eancia energ\u00e9tica e sustentabilidade. Infraestrutura para o Futuro Nossos galp\u00f5es s\u00e3o constru\u00eddos com materiais&hellip;&nbsp;<a href=\"https:\/\/acoi.com.br\/conteudocorp\/galpoes-industriais-em-itupeva-a-solucao-perfeita-para-seu-negocio\/\" class=\"\" rel=\"bookmark\">Continue a ler &raquo;<span class=\"screen-reader-text\">Galp\u00f5es Industriais em Itupeva: A Solu\u00e7\u00e3o Perfeita para seu Neg\u00f3cio<\/span><\/a><\/p>\n","protected":false},"author":3,"featured_media":0,"parent":0,"menu_order":0,"comment_status":"closed","ping_status":"closed","template":"","meta":{"_acf_changed":false,"_yoast_wpseo_focuskw":"Galp\u00f5es Industriais em Itupeva","_yoast_wpseo_title":"Galp\u00f5es Industriais em Itupeva: Qualidade e Sustentabilidade com Acoi","_yoast_wpseo_metadesc":"Descubra as vantagens dos galp\u00f5es industriais em Itupeva e saiba como a Acoi pode ajudar seu neg\u00f3cio a crescer com qualidade e sustentabilidade.","neve_meta_sidebar":"","neve_meta_container":"","neve_meta_enable_content_width":"","neve_meta_content_width":0,"neve_meta_title_alignment":"","neve_meta_author_avatar":"","neve_post_elements_order":"","neve_meta_disable_header":"","neve_meta_disable_footer":"","neve_meta_disable_title":"","footnotes":""},"class_list":["post-6315","page","type-page","status-publish","hentry"],"acf":{"introducao":"","conceitos_fundamentais":"","como_funciona":"","como_aplicar_no_dia_a_dia":"","principais_utilizacoes_e_beneficios":"","tipos_e_classificacoes":"","tecnologias_e_ferramentas_relacionadas":"","exemplos_e_casos_de_sucesso":"","mitos_e_verdades":"","perguntas_frequentes_faq":"","erros_comuns_e_como_evita-los":"","futuro_e_tendencias":"","conclusao":"","bloco1title":"Infraestrutura Avan\u00e7ada","bloco1text":"Os galp\u00f5es industriais em Itupeva contam com infraestrutura moderna, garantindo efici\u00eancia e seguran\u00e7a na opera\u00e7\u00e3o.","bloco2title":"Localiza\u00e7\u00e3o Estrat\u00e9gica","bloco2text":"Itupeva possui f\u00e1cil acesso \u00e0s rodovias, ideal para log\u00edstica e distribui\u00e7\u00e3o.","bloco3title":"Investimento Sustent\u00e1vel","bloco3text":"A constru\u00e7\u00e3o de galp\u00f5es em Itupeva \u00e9 um investimento que une inova\u00e7\u00e3o, economia e respeito ao meio ambiente.","insightwidtitle":"Curiosidades sobre Itupeva","insightwidcontent":"Voc\u00ea sabia que Itupeva \u00e9 um dos principais polos log\u00edsticos do interior paulista? A cidade tem atra\u00eddo diversas empresas devido \u00e0 sua proximidade com Campinas e S\u00e3o Paulo, tornando-se um local estrat\u00e9gico para a instala\u00e7\u00e3o de galp\u00f5es industriais. Al\u00e9m disso, o crescimento sustent\u00e1vel da cidade tem atra\u00eddo investimentos em infraestrutura e desenvolvimento urbano, ideal para empresas que buscam modernidade e qualidade."},"yoast_head":"<!-- This site is optimized with the Yoast SEO plugin v23.4 - https:\/\/yoast.com\/wordpress\/plugins\/seo\/ -->\n<title>Galp\u00f5es Industriais em Itupeva: Qualidade e Sustentabilidade com Acoi<\/title>\n<meta name=\"description\" content=\"Descubra as vantagens dos galp\u00f5es industriais em Itupeva e saiba como a Acoi pode ajudar seu neg\u00f3cio a crescer com qualidade e sustentabilidade.\" \/>\n<meta name=\"robots\" content=\"index, follow, max-snippet:-1, max-image-preview:large, max-video-preview:-1\" \/>\n<link rel=\"canonical\" href=\"https:\/\/acoi.com.br\/conteudocorp\/galpoes-industriais-em-itupeva-a-solucao-perfeita-para-seu-negocio\/\" \/>\n<meta property=\"og:locale\" content=\"pt_BR\" \/>\n<meta property=\"og:type\" content=\"article\" \/>\n<meta property=\"og:title\" content=\"Galp\u00f5es Industriais em Itupeva: Qualidade e Sustentabilidade com Acoi\" \/>\n<meta property=\"og:description\" content=\"Descubra as vantagens dos galp\u00f5es industriais em Itupeva e saiba como a Acoi pode ajudar seu neg\u00f3cio a crescer com qualidade e sustentabilidade.\" \/>\n<meta property=\"og:url\" content=\"https:\/\/acoi.com.br\/conteudocorp\/galpoes-industriais-em-itupeva-a-solucao-perfeita-para-seu-negocio\/\" \/>\n<meta property=\"og:site_name\" content=\"Acoi Corp\" \/>\n<meta name=\"twitter:card\" content=\"summary_large_image\" \/>\n<meta name=\"twitter:label1\" content=\"Est. tempo de leitura\" \/>\n\t<meta name=\"twitter:data1\" content=\"1 minuto\" \/>\n<script type=\"application\/ld+json\" class=\"yoast-schema-graph\">{\"@context\":\"https:\/\/schema.org\",\"@graph\":[{\"@type\":\"WebPage\",\"@id\":\"https:\/\/acoi.com.br\/conteudocorp\/galpoes-industriais-em-itupeva-a-solucao-perfeita-para-seu-negocio\/\",\"url\":\"https:\/\/acoi.com.br\/conteudocorp\/galpoes-industriais-em-itupeva-a-solucao-perfeita-para-seu-negocio\/\",\"name\":\"Galp\u00f5es Industriais em Itupeva: Qualidade e Sustentabilidade com Acoi\",\"isPartOf\":{\"@id\":\"https:\/\/acoi.com.br\/conteudocorp\/#website\"},\"datePublished\":\"2025-03-08T22:35:48+00:00\",\"dateModified\":\"2025-03-08T22:35:48+00:00\",\"description\":\"Descubra as vantagens dos galp\u00f5es industriais em Itupeva e saiba como a Acoi pode ajudar seu neg\u00f3cio a crescer com qualidade e sustentabilidade.\",\"breadcrumb\":{\"@id\":\"https:\/\/acoi.com.br\/conteudocorp\/galpoes-industriais-em-itupeva-a-solucao-perfeita-para-seu-negocio\/#breadcrumb\"},\"inLanguage\":\"pt-BR\",\"potentialAction\":[{\"@type\":\"ReadAction\",\"target\":[\"https:\/\/acoi.com.br\/conteudocorp\/galpoes-industriais-em-itupeva-a-solucao-perfeita-para-seu-negocio\/\"]}]},{\"@type\":\"BreadcrumbList\",\"@id\":\"https:\/\/acoi.com.br\/conteudocorp\/galpoes-industriais-em-itupeva-a-solucao-perfeita-para-seu-negocio\/#breadcrumb\",\"itemListElement\":[{\"@type\":\"ListItem\",\"position\":1,\"name\":\"Home\",\"item\":\"https:\/\/acoi.com.br\/conteudocorp\/\"},{\"@type\":\"ListItem\",\"position\":2,\"name\":\"Galp\u00f5es Industriais em Itupeva: A Solu\u00e7\u00e3o Perfeita para seu Neg\u00f3cio\"}]},{\"@type\":\"WebSite\",\"@id\":\"https:\/\/acoi.com.br\/conteudocorp\/#website\",\"url\":\"https:\/\/acoi.com.br\/conteudocorp\/\",\"name\":\"Acoi Corp\",\"description\":\"\",\"potentialAction\":[{\"@type\":\"SearchAction\",\"target\":{\"@type\":\"EntryPoint\",\"urlTemplate\":\"https:\/\/acoi.com.br\/conteudocorp\/?s={search_term_string}\"},\"query-input\":{\"@type\":\"PropertyValueSpecification\",\"valueRequired\":true,\"valueName\":\"search_term_string\"}}],\"inLanguage\":\"pt-BR\"}]}<\/script>\n<!-- \/ Yoast SEO plugin. -->","yoast_head_json":{"title":"Galp\u00f5es Industriais em Itupeva: Qualidade e Sustentabilidade com Acoi","description":"Descubra as vantagens dos galp\u00f5es industriais em Itupeva e saiba como a Acoi pode ajudar seu neg\u00f3cio a crescer com qualidade e sustentabilidade.","robots":{"index":"index","follow":"follow","max-snippet":"max-snippet:-1","max-image-preview":"max-image-preview:large","max-video-preview":"max-video-preview:-1"},"canonical":"https:\/\/acoi.com.br\/conteudocorp\/galpoes-industriais-em-itupeva-a-solucao-perfeita-para-seu-negocio\/","og_locale":"pt_BR","og_type":"article","og_title":"Galp\u00f5es Industriais em Itupeva: Qualidade e Sustentabilidade com Acoi","og_description":"Descubra as vantagens dos galp\u00f5es industriais em Itupeva e saiba como a Acoi pode ajudar seu neg\u00f3cio a crescer com qualidade e sustentabilidade.","og_url":"https:\/\/acoi.com.br\/conteudocorp\/galpoes-industriais-em-itupeva-a-solucao-perfeita-para-seu-negocio\/","og_site_name":"Acoi Corp","twitter_card":"summary_large_image","twitter_misc":{"Est. tempo de leitura":"1 minuto"},"schema":{"@context":"https:\/\/schema.org","@graph":[{"@type":"WebPage","@id":"https:\/\/acoi.com.br\/conteudocorp\/galpoes-industriais-em-itupeva-a-solucao-perfeita-para-seu-negocio\/","url":"https:\/\/acoi.com.br\/conteudocorp\/galpoes-industriais-em-itupeva-a-solucao-perfeita-para-seu-negocio\/","name":"Galp\u00f5es Industriais em Itupeva: Qualidade e Sustentabilidade com Acoi","isPartOf":{"@id":"https:\/\/acoi.com.br\/conteudocorp\/#website"},"datePublished":"2025-03-08T22:35:48+00:00","dateModified":"2025-03-08T22:35:48+00:00","description":"Descubra as vantagens dos galp\u00f5es industriais em Itupeva e saiba como a Acoi pode ajudar seu neg\u00f3cio a crescer com qualidade e sustentabilidade.","breadcrumb":{"@id":"https:\/\/acoi.com.br\/conteudocorp\/galpoes-industriais-em-itupeva-a-solucao-perfeita-para-seu-negocio\/#breadcrumb"},"inLanguage":"pt-BR","potentialAction":[{"@type":"ReadAction","target":["https:\/\/acoi.com.br\/conteudocorp\/galpoes-industriais-em-itupeva-a-solucao-perfeita-para-seu-negocio\/"]}]},{"@type":"BreadcrumbList","@id":"https:\/\/acoi.com.br\/conteudocorp\/galpoes-industriais-em-itupeva-a-solucao-perfeita-para-seu-negocio\/#breadcrumb","itemListElement":[{"@type":"ListItem","position":1,"name":"Home","item":"https:\/\/acoi.com.br\/conteudocorp\/"},{"@type":"ListItem","position":2,"name":"Galp\u00f5es Industriais em Itupeva: A Solu\u00e7\u00e3o Perfeita para seu Neg\u00f3cio"}]},{"@type":"WebSite","@id":"https:\/\/acoi.com.br\/conteudocorp\/#website","url":"https:\/\/acoi.com.br\/conteudocorp\/","name":"Acoi Corp","description":"","potentialAction":[{"@type":"SearchAction","target":{"@type":"EntryPoint","urlTemplate":"https:\/\/acoi.com.br\/conteudocorp\/?s={search_term_string}"},"query-input":{"@type":"PropertyValueSpecification","valueRequired":true,"valueName":"search_term_string"}}],"inLanguage":"pt-BR"}]}},"_links":{"self":[{"href":"https:\/\/acoi.com.br\/conteudocorp\/wp-json\/wp\/v2\/pages\/6315","targetHints":{"allow":["GET"]}}],"collection":[{"href":"https:\/\/acoi.com.br\/conteudocorp\/wp-json\/wp\/v2\/pages"}],"about":[{"href":"https:\/\/acoi.com.br\/conteudocorp\/wp-json\/wp\/v2\/types\/page"}],"author":[{"embeddable":true,"href":"https:\/\/acoi.com.br\/conteudocorp\/wp-json\/wp\/v2\/users\/3"}],"replies":[{"embeddable":true,"href":"https:\/\/acoi.com.br\/conteudocorp\/wp-json\/wp\/v2\/comments?post=6315"}],"version-history":[{"count":0,"href":"https:\/\/acoi.com.br\/conteudocorp\/wp-json\/wp\/v2\/pages\/6315\/revisions"}],"wp:attachment":[{"href":"https:\/\/acoi.com.br\/conteudocorp\/wp-json\/wp\/v2\/media?parent=6315"}],"curies":[{"name":"wp","href":"https:\/\/api.w.org\/{rel}","templated":true}]}}