{"id":7127,"date":"2025-03-10T13:20:42","date_gmt":"2025-03-10T13:20:42","guid":{"rendered":"https:\/\/acoi.com.br\/conteudocorp\/transformando-o-futuro-da-saude-obras-hospitalares-em-hortolandia\/"},"modified":"2025-03-10T13:20:42","modified_gmt":"2025-03-10T13:20:42","slug":"transformando-o-futuro-da-saude-obras-hospitalares-em-hortolandia","status":"publish","type":"page","link":"https:\/\/acoi.com.br\/conteudocorp\/transformando-o-futuro-da-saude-obras-hospitalares-em-hortolandia\/","title":{"rendered":"Transformando o Futuro da Sa\u00fade: Obras Hospitalares em Hortol\u00e2ndia"},"content":{"rendered":"<p><strong>O Crescimento das Obras Hospitalares<\/strong><br \/>\nEm Hortol\u00e2ndia, a sa\u00fade \u00e9 uma prioridade, e as obras hospitalares t\u00eam um papel fundamental para atender a crescente demanda por servi\u00e7os m\u00e9dicos de qualidade. A Acoi, com sua vasta experi\u00eancia na constru\u00e7\u00e3o civil, se destaca nesse segmento, unindo tecnologia, inova\u00e7\u00e3o e compromisso com a sa\u00fade p\u00fablica.  <\/p>\n<p><strong>Desenvolvimento de Projetos Eficientes<\/strong><br \/>\nA nossa empresa se dedica a desenvolver projetos eficientes, que atendem \u00e0s normativas atuais e tamb\u00e9m \u00e0s expectativas da comunidade. Cada obra \u00e9 planejada com foco na funcionalidade e na acessibilidade, garantindo que todos possam ter atendimento m\u00e9dico adequado.  <\/p>\n<p><strong>Sustentabilidade e Responsabilidade<\/strong><br \/>\nAl\u00e9m de qualidade, a Acoi se preocupa em adotar pr\u00e1ticas sustent\u00e1veis que n\u00e3o apenas respeitam o meio ambiente, mas tamb\u00e9m promovem o bem-estar social. Nossas constru\u00e7\u00f5es hospitalares s\u00e3o planejadas para minimizar impactos ambientais e maximizar a efici\u00eancia energ\u00e9tica.  <\/p>\n<p><strong>Excel\u00eancia em Execu\u00e7\u00e3o<\/strong><br \/>\nCom mais de 100 mil m\u00b2 constru\u00eddos, a Acoi \u00e9 refer\u00eancia em obras hospitalares, executando projetos com prazos rigorosos, sempre entregando o que h\u00e1 de melhor. O nosso compromisso com a qualidade estabelece um novo padr\u00e3o para a constru\u00e7\u00e3o de hospitais em Hortol\u00e2ndia, fazendo com que cada espa\u00e7o criado contribua para a sa\u00fade e bem-estar da popula\u00e7\u00e3o.<\/p>\n","protected":false},"excerpt":{"rendered":"<p>O Crescimento das Obras Hospitalares Em Hortol\u00e2ndia, a sa\u00fade \u00e9 uma prioridade, e as obras hospitalares t\u00eam um papel fundamental para atender a crescente demanda por servi\u00e7os m\u00e9dicos de qualidade. A Acoi, com sua vasta experi\u00eancia na constru\u00e7\u00e3o civil, se destaca nesse segmento, unindo tecnologia, inova\u00e7\u00e3o e compromisso com a sa\u00fade p\u00fablica. Desenvolvimento de Projetos&hellip;&nbsp;<a href=\"https:\/\/acoi.com.br\/conteudocorp\/transformando-o-futuro-da-saude-obras-hospitalares-em-hortolandia\/\" class=\"\" rel=\"bookmark\">Continue a ler &raquo;<span class=\"screen-reader-text\">Transformando o Futuro da Sa\u00fade: Obras Hospitalares em Hortol\u00e2ndia<\/span><\/a><\/p>\n","protected":false},"author":3,"featured_media":0,"parent":0,"menu_order":0,"comment_status":"closed","ping_status":"closed","template":"","meta":{"_acf_changed":false,"_yoast_wpseo_focuskw":"Obras Hospitalares em Hortol\u00e2ndia","_yoast_wpseo_title":"Obras Hospitalares em Hortol\u00e2ndia: Qualidade e Inova\u00e7\u00e3o com a Acoi","_yoast_wpseo_metadesc":"Descubra como a Acoi transforma obras hospitalares em Hortol\u00e2ndia, garantindo qualidade, inova\u00e7\u00e3o e sustentabilidade na constru\u00e7\u00e3o civil.","neve_meta_sidebar":"","neve_meta_container":"","neve_meta_enable_content_width":"","neve_meta_content_width":0,"neve_meta_title_alignment":"","neve_meta_author_avatar":"","neve_post_elements_order":"","neve_meta_disable_header":"","neve_meta_disable_footer":"","neve_meta_disable_title":"","footnotes":""},"class_list":["post-7127","page","type-page","status-publish","hentry"],"acf":{"introducao":"","conceitos_fundamentais":"","como_funciona":"","como_aplicar_no_dia_a_dia":"","principais_utilizacoes_e_beneficios":"","tipos_e_classificacoes":"","tecnologias_e_ferramentas_relacionadas":"","exemplos_e_casos_de_sucesso":"","mitos_e_verdades":"","perguntas_frequentes_faq":"","erros_comuns_e_como_evita-los":"","futuro_e_tendencias":"","conclusao":"","bloco1title":"Qualidade Superior","bloco1text":"A Acoi \u00e9 reconhecida pela excel\u00eancia em cada projeto, garantindo obras hospitalares com materiais de qualidade e t\u00e9cnicas inovadoras.","bloco2title":"Equipe Especializada","bloco2text":"Nosso time \u00e9 composto por profissionais qualificados, prontos para atender as exig\u00eancias do setor hospitalar.","bloco3title":"Compromisso Social","bloco3text":"As obras hospitalares v\u00e3o al\u00e9m da constru\u00e7\u00e3o; elas impactam diretamente a qualidade de vida, proporcionando um cuidado que salva vidas e promove sa\u00fade comunit\u00e1ria.","insightwidtitle":"Curiosidades sobre Obras Hospitalares","insightwidcontent":"Voc\u00ea sabia que as obras hospitalares n\u00e3o se limitam apenas \u00e0 constru\u00e7\u00e3o de pr\u00e9dios? Elas envolvem planejamento de fluxos de pacientes, acessibilidade e at\u00e9 \u00e1reas de lazer para funcion\u00e1rios. Criar um ambiente acolhedor e eficiente \u00e9 essencial para o sucesso do atendimento m\u00e9dico e bem-estar de todos os usu\u00e1rios."},"yoast_head":"<!-- This site is optimized with the Yoast SEO plugin v23.4 - https:\/\/yoast.com\/wordpress\/plugins\/seo\/ -->\n<title>Obras Hospitalares em Hortol\u00e2ndia: Qualidade e Inova\u00e7\u00e3o com a Acoi<\/title>\n<meta name=\"description\" content=\"Descubra como a Acoi transforma obras hospitalares em Hortol\u00e2ndia, garantindo qualidade, inova\u00e7\u00e3o e sustentabilidade na constru\u00e7\u00e3o civil.\" \/>\n<meta name=\"robots\" content=\"index, follow, max-snippet:-1, max-image-preview:large, max-video-preview:-1\" \/>\n<link rel=\"canonical\" href=\"https:\/\/acoi.com.br\/conteudocorp\/transformando-o-futuro-da-saude-obras-hospitalares-em-hortolandia\/\" \/>\n<meta property=\"og:locale\" content=\"pt_BR\" \/>\n<meta property=\"og:type\" content=\"article\" \/>\n<meta property=\"og:title\" content=\"Obras Hospitalares em Hortol\u00e2ndia: Qualidade e Inova\u00e7\u00e3o com a Acoi\" \/>\n<meta property=\"og:description\" content=\"Descubra como a Acoi transforma obras hospitalares em Hortol\u00e2ndia, garantindo qualidade, inova\u00e7\u00e3o e sustentabilidade na constru\u00e7\u00e3o civil.\" \/>\n<meta property=\"og:url\" content=\"https:\/\/acoi.com.br\/conteudocorp\/transformando-o-futuro-da-saude-obras-hospitalares-em-hortolandia\/\" \/>\n<meta property=\"og:site_name\" content=\"Acoi Corp\" \/>\n<meta name=\"twitter:card\" content=\"summary_large_image\" \/>\n<meta name=\"twitter:label1\" content=\"Est. tempo de leitura\" \/>\n\t<meta name=\"twitter:data1\" content=\"1 minuto\" \/>\n<script type=\"application\/ld+json\" class=\"yoast-schema-graph\">{\"@context\":\"https:\/\/schema.org\",\"@graph\":[{\"@type\":\"WebPage\",\"@id\":\"https:\/\/acoi.com.br\/conteudocorp\/transformando-o-futuro-da-saude-obras-hospitalares-em-hortolandia\/\",\"url\":\"https:\/\/acoi.com.br\/conteudocorp\/transformando-o-futuro-da-saude-obras-hospitalares-em-hortolandia\/\",\"name\":\"Obras Hospitalares em Hortol\u00e2ndia: Qualidade e Inova\u00e7\u00e3o com a Acoi\",\"isPartOf\":{\"@id\":\"https:\/\/acoi.com.br\/conteudocorp\/#website\"},\"datePublished\":\"2025-03-10T13:20:42+00:00\",\"dateModified\":\"2025-03-10T13:20:42+00:00\",\"description\":\"Descubra como a Acoi transforma obras hospitalares em Hortol\u00e2ndia, garantindo qualidade, inova\u00e7\u00e3o e sustentabilidade na constru\u00e7\u00e3o civil.\",\"breadcrumb\":{\"@id\":\"https:\/\/acoi.com.br\/conteudocorp\/transformando-o-futuro-da-saude-obras-hospitalares-em-hortolandia\/#breadcrumb\"},\"inLanguage\":\"pt-BR\",\"potentialAction\":[{\"@type\":\"ReadAction\",\"target\":[\"https:\/\/acoi.com.br\/conteudocorp\/transformando-o-futuro-da-saude-obras-hospitalares-em-hortolandia\/\"]}]},{\"@type\":\"BreadcrumbList\",\"@id\":\"https:\/\/acoi.com.br\/conteudocorp\/transformando-o-futuro-da-saude-obras-hospitalares-em-hortolandia\/#breadcrumb\",\"itemListElement\":[{\"@type\":\"ListItem\",\"position\":1,\"name\":\"Home\",\"item\":\"https:\/\/acoi.com.br\/conteudocorp\/\"},{\"@type\":\"ListItem\",\"position\":2,\"name\":\"Transformando o Futuro da Sa\u00fade: Obras Hospitalares em Hortol\u00e2ndia\"}]},{\"@type\":\"WebSite\",\"@id\":\"https:\/\/acoi.com.br\/conteudocorp\/#website\",\"url\":\"https:\/\/acoi.com.br\/conteudocorp\/\",\"name\":\"Acoi Corp\",\"description\":\"\",\"potentialAction\":[{\"@type\":\"SearchAction\",\"target\":{\"@type\":\"EntryPoint\",\"urlTemplate\":\"https:\/\/acoi.com.br\/conteudocorp\/?s={search_term_string}\"},\"query-input\":{\"@type\":\"PropertyValueSpecification\",\"valueRequired\":true,\"valueName\":\"search_term_string\"}}],\"inLanguage\":\"pt-BR\"}]}<\/script>\n<!-- \/ Yoast SEO plugin. -->","yoast_head_json":{"title":"Obras Hospitalares em Hortol\u00e2ndia: Qualidade e Inova\u00e7\u00e3o com a Acoi","description":"Descubra como a Acoi transforma obras hospitalares em Hortol\u00e2ndia, garantindo qualidade, inova\u00e7\u00e3o e sustentabilidade na constru\u00e7\u00e3o civil.","robots":{"index":"index","follow":"follow","max-snippet":"max-snippet:-1","max-image-preview":"max-image-preview:large","max-video-preview":"max-video-preview:-1"},"canonical":"https:\/\/acoi.com.br\/conteudocorp\/transformando-o-futuro-da-saude-obras-hospitalares-em-hortolandia\/","og_locale":"pt_BR","og_type":"article","og_title":"Obras Hospitalares em Hortol\u00e2ndia: Qualidade e Inova\u00e7\u00e3o com a Acoi","og_description":"Descubra como a Acoi transforma obras hospitalares em Hortol\u00e2ndia, garantindo qualidade, inova\u00e7\u00e3o e sustentabilidade na constru\u00e7\u00e3o civil.","og_url":"https:\/\/acoi.com.br\/conteudocorp\/transformando-o-futuro-da-saude-obras-hospitalares-em-hortolandia\/","og_site_name":"Acoi Corp","twitter_card":"summary_large_image","twitter_misc":{"Est. tempo de leitura":"1 minuto"},"schema":{"@context":"https:\/\/schema.org","@graph":[{"@type":"WebPage","@id":"https:\/\/acoi.com.br\/conteudocorp\/transformando-o-futuro-da-saude-obras-hospitalares-em-hortolandia\/","url":"https:\/\/acoi.com.br\/conteudocorp\/transformando-o-futuro-da-saude-obras-hospitalares-em-hortolandia\/","name":"Obras Hospitalares em Hortol\u00e2ndia: Qualidade e Inova\u00e7\u00e3o com a Acoi","isPartOf":{"@id":"https:\/\/acoi.com.br\/conteudocorp\/#website"},"datePublished":"2025-03-10T13:20:42+00:00","dateModified":"2025-03-10T13:20:42+00:00","description":"Descubra como a Acoi transforma obras hospitalares em Hortol\u00e2ndia, garantindo qualidade, inova\u00e7\u00e3o e sustentabilidade na constru\u00e7\u00e3o civil.","breadcrumb":{"@id":"https:\/\/acoi.com.br\/conteudocorp\/transformando-o-futuro-da-saude-obras-hospitalares-em-hortolandia\/#breadcrumb"},"inLanguage":"pt-BR","potentialAction":[{"@type":"ReadAction","target":["https:\/\/acoi.com.br\/conteudocorp\/transformando-o-futuro-da-saude-obras-hospitalares-em-hortolandia\/"]}]},{"@type":"BreadcrumbList","@id":"https:\/\/acoi.com.br\/conteudocorp\/transformando-o-futuro-da-saude-obras-hospitalares-em-hortolandia\/#breadcrumb","itemListElement":[{"@type":"ListItem","position":1,"name":"Home","item":"https:\/\/acoi.com.br\/conteudocorp\/"},{"@type":"ListItem","position":2,"name":"Transformando o Futuro da Sa\u00fade: Obras Hospitalares em Hortol\u00e2ndia"}]},{"@type":"WebSite","@id":"https:\/\/acoi.com.br\/conteudocorp\/#website","url":"https:\/\/acoi.com.br\/conteudocorp\/","name":"Acoi Corp","description":"","potentialAction":[{"@type":"SearchAction","target":{"@type":"EntryPoint","urlTemplate":"https:\/\/acoi.com.br\/conteudocorp\/?s={search_term_string}"},"query-input":{"@type":"PropertyValueSpecification","valueRequired":true,"valueName":"search_term_string"}}],"inLanguage":"pt-BR"}]}},"_links":{"self":[{"href":"https:\/\/acoi.com.br\/conteudocorp\/wp-json\/wp\/v2\/pages\/7127","targetHints":{"allow":["GET"]}}],"collection":[{"href":"https:\/\/acoi.com.br\/conteudocorp\/wp-json\/wp\/v2\/pages"}],"about":[{"href":"https:\/\/acoi.com.br\/conteudocorp\/wp-json\/wp\/v2\/types\/page"}],"author":[{"embeddable":true,"href":"https:\/\/acoi.com.br\/conteudocorp\/wp-json\/wp\/v2\/users\/3"}],"replies":[{"embeddable":true,"href":"https:\/\/acoi.com.br\/conteudocorp\/wp-json\/wp\/v2\/comments?post=7127"}],"version-history":[{"count":0,"href":"https:\/\/acoi.com.br\/conteudocorp\/wp-json\/wp\/v2\/pages\/7127\/revisions"}],"wp:attachment":[{"href":"https:\/\/acoi.com.br\/conteudocorp\/wp-json\/wp\/v2\/media?parent=7127"}],"curies":[{"name":"wp","href":"https:\/\/api.w.org\/{rel}","templated":true}]}}