{"id":7558,"date":"2025-03-11T09:50:47","date_gmt":"2025-03-11T09:50:47","guid":{"rendered":"https:\/\/acoi.com.br\/conteudocorp\/obras-industriais-em-valinhos-construindo-o-futuro-com-a-acoi\/"},"modified":"2025-03-11T09:50:47","modified_gmt":"2025-03-11T09:50:47","slug":"obras-industriais-em-valinhos-construindo-o-futuro-com-a-acoi","status":"publish","type":"page","link":"https:\/\/acoi.com.br\/conteudocorp\/obras-industriais-em-valinhos-construindo-o-futuro-com-a-acoi\/","title":{"rendered":"Obras Industriais em Valinhos: Construindo o Futuro com a Acoi"},"content":{"rendered":"<p><strong>Constru\u00e7\u00e3o de Qualidade<\/strong><br \/>Na Acoi, cada obra industrial \u00e9 planejada com aten\u00e7\u00e3o aos detalhes e foco na qualidade. Nossa experi\u00eancia de mais de 100 mil m\u00b2 constru\u00eddos fala por si s\u00f3.<\/p>\n<p><strong>Compromisso com Prazos<\/strong><br \/>Entendemos a import\u00e2ncia do tempo em um projeto industrial. Por isso, nos comprometemos com a entrega nos prazos estabelecidos, garantindo que sua produ\u00e7\u00e3o n\u00e3o seja prejudicada.<\/p>\n<p><strong>Solidez e Inova\u00e7\u00e3o<\/strong><br \/>Com base s\u00f3lida, como a de um castor, nossa empresa combina tecnologia e inova\u00e7\u00e3o para oferecer a melhor solu\u00e7\u00e3o construtiva. Acreditamos que espa\u00e7os bem projetados transformam realidades e impulsionam neg\u00f3cios.<\/p>\n<p><strong>Foco no Cliente<\/strong><br \/>A confian\u00e7a conquistada atrav\u00e9s de parcerias de longo prazo \u00e9 nossa maior conquista. Na Acoi, cada cliente \u00e9 \u00fanico e merece um atendimento personalizado que atenda suas necessidades espec\u00edficas.<\/p>\n<p><strong>Uma Vis\u00e3o de Futuro<\/strong><br \/>Com uma vis\u00e3o de ser refer\u00eancia em solu\u00e7\u00f5es construtivas sustent\u00e1veis at\u00e9 2028, garantimos que nosso compromisso com a \u00e9tica, transpar\u00eancia e inova\u00e7\u00e3o \u00e9 o que nos diferencia no mercado.<\/p>\n","protected":false},"excerpt":{"rendered":"<p>Constru\u00e7\u00e3o de QualidadeNa Acoi, cada obra industrial \u00e9 planejada com aten\u00e7\u00e3o aos detalhes e foco na qualidade. Nossa experi\u00eancia de mais de 100 mil m\u00b2 constru\u00eddos fala por si s\u00f3. Compromisso com PrazosEntendemos a import\u00e2ncia do tempo em um projeto industrial. Por isso, nos comprometemos com a entrega nos prazos estabelecidos, garantindo que sua produ\u00e7\u00e3o&hellip;&nbsp;<a href=\"https:\/\/acoi.com.br\/conteudocorp\/obras-industriais-em-valinhos-construindo-o-futuro-com-a-acoi\/\" class=\"\" rel=\"bookmark\">Continue a ler &raquo;<span class=\"screen-reader-text\">Obras Industriais em Valinhos: Construindo o Futuro com a Acoi<\/span><\/a><\/p>\n","protected":false},"author":3,"featured_media":0,"parent":0,"menu_order":0,"comment_status":"closed","ping_status":"closed","template":"","meta":{"_acf_changed":false,"_yoast_wpseo_focuskw":"Obras Industriais em Valinhos","_yoast_wpseo_title":"Acoi: Obras Industriais de Qualidade em Valinhos","_yoast_wpseo_metadesc":"Conhe\u00e7a a Acoi, a melhor empresa para obras industriais em Valinhos. Solu\u00e7\u00f5es inovadoras e sustent\u00e1veis, com compromisso e qualidade.","neve_meta_sidebar":"","neve_meta_container":"","neve_meta_enable_content_width":"","neve_meta_content_width":0,"neve_meta_title_alignment":"","neve_meta_author_avatar":"","neve_post_elements_order":"","neve_meta_disable_header":"","neve_meta_disable_footer":"","neve_meta_disable_title":"","footnotes":""},"class_list":["post-7558","page","type-page","status-publish","hentry"],"acf":{"introducao":"","conceitos_fundamentais":"","como_funciona":"","como_aplicar_no_dia_a_dia":"","principais_utilizacoes_e_beneficios":"","tipos_e_classificacoes":"","tecnologias_e_ferramentas_relacionadas":"","exemplos_e_casos_de_sucesso":"","mitos_e_verdades":"","perguntas_frequentes_faq":"","erros_comuns_e_como_evita-los":"","futuro_e_tendencias":"","conclusao":"","bloco1title":"Expertise no Setor","bloco1text":"Com uma equipe altamente qualificada, a Acoi entrega excel\u00eancia em cada projeto industrial, garantindo solu\u00e7\u00f5es eficientes e modernas.","bloco2title":"Inova\u00e7\u00e3o Sustent\u00e1vel","bloco2text":"Nossos projetos priorizam o uso de tecnologias sustent\u00e1veis, promovendo efici\u00eancia energ\u00e9tica e respeito ao meio ambiente.","bloco3title":"Valinhos em Crescimento","bloco3text":"Valinhos \u00e9 um polo industrial em expans\u00e3o. Investir em obras industriais aqui \u00e9 garantir um futuro promissor para seu neg\u00f3cio.","insightwidtitle":"Curiosidades Sobre Valinhos","insightwidcontent":"Valinhos, conhecida por sua rica tradi\u00e7\u00e3o na produ\u00e7\u00e3o de uvas e na agroind\u00fastria, tamb\u00e9m est\u00e1 se tornando um centro de refer\u00eancia para a instala\u00e7\u00e3o de ind\u00fastrias. Essa transforma\u00e7\u00e3o est\u00e1 atraindo investimentos e oferecendo mais oportunidades de emprego \u00e0 popula\u00e7\u00e3o local. Al\u00e9m disso, sua localiza\u00e7\u00e3o estrat\u00e9gica entre Campinas e Jundia\u00ed a torna ideal para neg\u00f3cios que buscam acessibilidade e crescimento."},"yoast_head":"<!-- This site is optimized with the Yoast SEO plugin v23.4 - https:\/\/yoast.com\/wordpress\/plugins\/seo\/ -->\n<title>Acoi: Obras Industriais de Qualidade em Valinhos<\/title>\n<meta name=\"description\" content=\"Conhe\u00e7a a Acoi, a melhor empresa para obras industriais em Valinhos. Solu\u00e7\u00f5es inovadoras e sustent\u00e1veis, com compromisso e qualidade.\" \/>\n<meta name=\"robots\" content=\"index, follow, max-snippet:-1, max-image-preview:large, max-video-preview:-1\" \/>\n<link rel=\"canonical\" href=\"https:\/\/acoi.com.br\/conteudocorp\/obras-industriais-em-valinhos-construindo-o-futuro-com-a-acoi\/\" \/>\n<meta property=\"og:locale\" content=\"pt_BR\" \/>\n<meta property=\"og:type\" content=\"article\" \/>\n<meta property=\"og:title\" content=\"Acoi: Obras Industriais de Qualidade em Valinhos\" \/>\n<meta property=\"og:description\" content=\"Conhe\u00e7a a Acoi, a melhor empresa para obras industriais em Valinhos. Solu\u00e7\u00f5es inovadoras e sustent\u00e1veis, com compromisso e qualidade.\" \/>\n<meta property=\"og:url\" content=\"https:\/\/acoi.com.br\/conteudocorp\/obras-industriais-em-valinhos-construindo-o-futuro-com-a-acoi\/\" \/>\n<meta property=\"og:site_name\" content=\"Acoi Corp\" \/>\n<meta name=\"twitter:card\" content=\"summary_large_image\" \/>\n<meta name=\"twitter:label1\" content=\"Est. tempo de leitura\" \/>\n\t<meta name=\"twitter:data1\" content=\"1 minuto\" \/>\n<script type=\"application\/ld+json\" class=\"yoast-schema-graph\">{\"@context\":\"https:\/\/schema.org\",\"@graph\":[{\"@type\":\"WebPage\",\"@id\":\"https:\/\/acoi.com.br\/conteudocorp\/obras-industriais-em-valinhos-construindo-o-futuro-com-a-acoi\/\",\"url\":\"https:\/\/acoi.com.br\/conteudocorp\/obras-industriais-em-valinhos-construindo-o-futuro-com-a-acoi\/\",\"name\":\"Acoi: Obras Industriais de Qualidade em Valinhos\",\"isPartOf\":{\"@id\":\"https:\/\/acoi.com.br\/conteudocorp\/#website\"},\"datePublished\":\"2025-03-11T09:50:47+00:00\",\"dateModified\":\"2025-03-11T09:50:47+00:00\",\"description\":\"Conhe\u00e7a a Acoi, a melhor empresa para obras industriais em Valinhos. Solu\u00e7\u00f5es inovadoras e sustent\u00e1veis, com compromisso e qualidade.\",\"breadcrumb\":{\"@id\":\"https:\/\/acoi.com.br\/conteudocorp\/obras-industriais-em-valinhos-construindo-o-futuro-com-a-acoi\/#breadcrumb\"},\"inLanguage\":\"pt-BR\",\"potentialAction\":[{\"@type\":\"ReadAction\",\"target\":[\"https:\/\/acoi.com.br\/conteudocorp\/obras-industriais-em-valinhos-construindo-o-futuro-com-a-acoi\/\"]}]},{\"@type\":\"BreadcrumbList\",\"@id\":\"https:\/\/acoi.com.br\/conteudocorp\/obras-industriais-em-valinhos-construindo-o-futuro-com-a-acoi\/#breadcrumb\",\"itemListElement\":[{\"@type\":\"ListItem\",\"position\":1,\"name\":\"Home\",\"item\":\"https:\/\/acoi.com.br\/conteudocorp\/\"},{\"@type\":\"ListItem\",\"position\":2,\"name\":\"Obras Industriais em Valinhos: Construindo o Futuro com a Acoi\"}]},{\"@type\":\"WebSite\",\"@id\":\"https:\/\/acoi.com.br\/conteudocorp\/#website\",\"url\":\"https:\/\/acoi.com.br\/conteudocorp\/\",\"name\":\"Acoi Corp\",\"description\":\"\",\"potentialAction\":[{\"@type\":\"SearchAction\",\"target\":{\"@type\":\"EntryPoint\",\"urlTemplate\":\"https:\/\/acoi.com.br\/conteudocorp\/?s={search_term_string}\"},\"query-input\":{\"@type\":\"PropertyValueSpecification\",\"valueRequired\":true,\"valueName\":\"search_term_string\"}}],\"inLanguage\":\"pt-BR\"}]}<\/script>\n<!-- \/ Yoast SEO plugin. -->","yoast_head_json":{"title":"Acoi: Obras Industriais de Qualidade em Valinhos","description":"Conhe\u00e7a a Acoi, a melhor empresa para obras industriais em Valinhos. Solu\u00e7\u00f5es inovadoras e sustent\u00e1veis, com compromisso e qualidade.","robots":{"index":"index","follow":"follow","max-snippet":"max-snippet:-1","max-image-preview":"max-image-preview:large","max-video-preview":"max-video-preview:-1"},"canonical":"https:\/\/acoi.com.br\/conteudocorp\/obras-industriais-em-valinhos-construindo-o-futuro-com-a-acoi\/","og_locale":"pt_BR","og_type":"article","og_title":"Acoi: Obras Industriais de Qualidade em Valinhos","og_description":"Conhe\u00e7a a Acoi, a melhor empresa para obras industriais em Valinhos. Solu\u00e7\u00f5es inovadoras e sustent\u00e1veis, com compromisso e qualidade.","og_url":"https:\/\/acoi.com.br\/conteudocorp\/obras-industriais-em-valinhos-construindo-o-futuro-com-a-acoi\/","og_site_name":"Acoi Corp","twitter_card":"summary_large_image","twitter_misc":{"Est. tempo de leitura":"1 minuto"},"schema":{"@context":"https:\/\/schema.org","@graph":[{"@type":"WebPage","@id":"https:\/\/acoi.com.br\/conteudocorp\/obras-industriais-em-valinhos-construindo-o-futuro-com-a-acoi\/","url":"https:\/\/acoi.com.br\/conteudocorp\/obras-industriais-em-valinhos-construindo-o-futuro-com-a-acoi\/","name":"Acoi: Obras Industriais de Qualidade em Valinhos","isPartOf":{"@id":"https:\/\/acoi.com.br\/conteudocorp\/#website"},"datePublished":"2025-03-11T09:50:47+00:00","dateModified":"2025-03-11T09:50:47+00:00","description":"Conhe\u00e7a a Acoi, a melhor empresa para obras industriais em Valinhos. Solu\u00e7\u00f5es inovadoras e sustent\u00e1veis, com compromisso e qualidade.","breadcrumb":{"@id":"https:\/\/acoi.com.br\/conteudocorp\/obras-industriais-em-valinhos-construindo-o-futuro-com-a-acoi\/#breadcrumb"},"inLanguage":"pt-BR","potentialAction":[{"@type":"ReadAction","target":["https:\/\/acoi.com.br\/conteudocorp\/obras-industriais-em-valinhos-construindo-o-futuro-com-a-acoi\/"]}]},{"@type":"BreadcrumbList","@id":"https:\/\/acoi.com.br\/conteudocorp\/obras-industriais-em-valinhos-construindo-o-futuro-com-a-acoi\/#breadcrumb","itemListElement":[{"@type":"ListItem","position":1,"name":"Home","item":"https:\/\/acoi.com.br\/conteudocorp\/"},{"@type":"ListItem","position":2,"name":"Obras Industriais em Valinhos: Construindo o Futuro com a Acoi"}]},{"@type":"WebSite","@id":"https:\/\/acoi.com.br\/conteudocorp\/#website","url":"https:\/\/acoi.com.br\/conteudocorp\/","name":"Acoi Corp","description":"","potentialAction":[{"@type":"SearchAction","target":{"@type":"EntryPoint","urlTemplate":"https:\/\/acoi.com.br\/conteudocorp\/?s={search_term_string}"},"query-input":{"@type":"PropertyValueSpecification","valueRequired":true,"valueName":"search_term_string"}}],"inLanguage":"pt-BR"}]}},"_links":{"self":[{"href":"https:\/\/acoi.com.br\/conteudocorp\/wp-json\/wp\/v2\/pages\/7558","targetHints":{"allow":["GET"]}}],"collection":[{"href":"https:\/\/acoi.com.br\/conteudocorp\/wp-json\/wp\/v2\/pages"}],"about":[{"href":"https:\/\/acoi.com.br\/conteudocorp\/wp-json\/wp\/v2\/types\/page"}],"author":[{"embeddable":true,"href":"https:\/\/acoi.com.br\/conteudocorp\/wp-json\/wp\/v2\/users\/3"}],"replies":[{"embeddable":true,"href":"https:\/\/acoi.com.br\/conteudocorp\/wp-json\/wp\/v2\/comments?post=7558"}],"version-history":[{"count":0,"href":"https:\/\/acoi.com.br\/conteudocorp\/wp-json\/wp\/v2\/pages\/7558\/revisions"}],"wp:attachment":[{"href":"https:\/\/acoi.com.br\/conteudocorp\/wp-json\/wp\/v2\/media?parent=7558"}],"curies":[{"name":"wp","href":"https:\/\/api.w.org\/{rel}","templated":true}]}}