{"id":77997,"date":"2025-08-17T17:33:40","date_gmt":"2025-08-17T17:33:40","guid":{"rendered":"https:\/\/acoi.com.br\/conteudocorp\/construindo-o-futuro-projetos-de-construcao-em-itatiba-com-acoi-7\/"},"modified":"2025-08-17T17:33:40","modified_gmt":"2025-08-17T17:33:40","slug":"construindo-o-futuro-projetos-de-construcao-em-itatiba-com-acoi-7","status":"publish","type":"page","link":"https:\/\/acoi.com.br\/conteudocorp\/construindo-o-futuro-projetos-de-construcao-em-itatiba-com-acoi-7\/","title":{"rendered":"Construindo o Futuro: Projetos de Constru\u00e7\u00e3o em Itatiba com Acoi"},"content":{"rendered":"<p><strong>Projetos Inovadores para Itatiba<\/strong><br \/>Ao considerar a constru\u00e7\u00e3o em Itatiba, ter um parceiro como a Acoi \u00e9 essencial. H\u00e1 mais de uma d\u00e9cada no mercado, nossa empresa se firmou como refer\u00eancia em projetos de constru\u00e7\u00e3o civil, oferecendo solu\u00e7\u00f5es que integram inova\u00e7\u00e3o, tecnologia e efici\u00eancia.<\/p>\n<p><strong>Monitoramento Rigoroso de Prazos<\/strong><br \/>Com um hist\u00f3rico de mais de 100 mil m\u00b2 constru\u00eddos, a Acoi assegura o cumprimento de prazos e a entrega de obras dentro do or\u00e7amento. A confiabilidade e a responsabilidade s\u00e3o pilares que nos sustentam, refletindo no relacionamento com nossos clientes.<\/p>\n<p><strong>Projetos Personalizados<\/strong><br \/>Nossa abordagem \u00e9 personalizada, atendendo a especificidades de cada cliente, seja na constru\u00e7\u00e3o de resid\u00eancias modernas ou na implementa\u00e7\u00e3o de projetos industriais e log\u00edsticos. Garantimos que cada espa\u00e7o constru\u00eddo reflete a identidade e os valores de nossos clientes, gerando ambientes que promovem bem-estar e funcionalidade.<\/p>\n<p><strong>Sustentabilidade em Primeiro Lugar<\/strong><br \/>As pr\u00e1ticas de constru\u00e7\u00e3o sustent\u00e1vel est\u00e3o no cerne do que fazemos. Investimos em tecnologias que diminuem o impacto ambiental, promovendo constru\u00e7\u00f5es mais verdes. Isso n\u00e3o s\u00f3 gera economia a longo prazo, mas tamb\u00e9m contribui para um futuro mais sustent\u00e1vel e seguro. A Acoi \u00e9 a melhor op\u00e7\u00e3o em projetos de constru\u00e7\u00e3o em Itatiba, combinando qualidade, inova\u00e7\u00e3o e compromisso com o cliente.<\/p>\n","protected":false},"excerpt":{"rendered":"<p>Projetos Inovadores para ItatibaAo considerar a constru\u00e7\u00e3o em Itatiba, ter um parceiro como a Acoi \u00e9 essencial. H\u00e1 mais de uma d\u00e9cada no mercado, nossa empresa se firmou como refer\u00eancia em projetos de constru\u00e7\u00e3o civil, oferecendo solu\u00e7\u00f5es que integram inova\u00e7\u00e3o, tecnologia e efici\u00eancia. Monitoramento Rigoroso de PrazosCom um hist\u00f3rico de mais de 100 mil m\u00b2&hellip;&nbsp;<a href=\"https:\/\/acoi.com.br\/conteudocorp\/construindo-o-futuro-projetos-de-construcao-em-itatiba-com-acoi-7\/\" class=\"\" rel=\"bookmark\">Continue a ler &raquo;<span class=\"screen-reader-text\">Construindo o Futuro: Projetos de Constru\u00e7\u00e3o em Itatiba com Acoi<\/span><\/a><\/p>\n","protected":false},"author":3,"featured_media":0,"parent":0,"menu_order":0,"comment_status":"closed","ping_status":"closed","template":"","meta":{"_acf_changed":false,"_yoast_wpseo_focuskw":"Projetos de Constru\u00e7\u00e3o em Itatiba","_yoast_wpseo_title":"Acoi: L\u00edder em Projetos de Constru\u00e7\u00e3o em Itatiba","_yoast_wpseo_metadesc":"Descubra os projetos de constru\u00e7\u00e3o em Itatiba com a Acoi, especialista em solu\u00e7\u00f5es vers\u00e1teis e sustent\u00e1veis em diversos setores da constru\u00e7\u00e3o civil.","neve_meta_sidebar":"","neve_meta_container":"","neve_meta_enable_content_width":"","neve_meta_content_width":0,"neve_meta_title_alignment":"","neve_meta_author_avatar":"","neve_post_elements_order":"","neve_meta_disable_header":"","neve_meta_disable_footer":"","neve_meta_disable_title":"","footnotes":""},"class_list":["post-77997","page","type-page","status-publish","hentry"],"acf":{"introducao":"","conceitos_fundamentais":"","como_funciona":"","como_aplicar_no_dia_a_dia":"","principais_utilizacoes_e_beneficios":"","tipos_e_classificacoes":"","tecnologias_e_ferramentas_relacionadas":"","exemplos_e_casos_de_sucesso":"","mitos_e_verdades":"","perguntas_frequentes_faq":"","erros_comuns_e_como_evita-los":"","futuro_e_tendencias":"","conclusao":"","bloco1title":"Constru\u00e7\u00e3o Sustent\u00e1vel","bloco1text":"A Acoi utiliza pr\u00e1ticas de constru\u00e7\u00e3o sustent\u00e1vel, garantindo efici\u00eancia energ\u00e9tica e baixa emiss\u00e3o de res\u00edduos, sem comprometer a qualidade.","bloco2title":"Equipe Multidisciplinar","bloco2text":"Contamos com uma equipe altamente qualificada, capaz de entregar projetos complexos de forma integrada e eficiente.","bloco3title":"Compromisso com a Qualidade","bloco3text":"A qualidade \u00e9 nossa prioridade. Desde o planejamento at\u00e9 a entrega, seguimos rigorosos padr\u00f5es que garantem a durabilidade e seguran\u00e7a das constru\u00e7\u00f5es.","insightwidtitle":"Curiosidades sobre Constru\u00e7\u00e3o em Itatiba","insightwidcontent":"Itatiba, al\u00e9m de ser uma cidade com forte atividade industrial, \u00e9 conhecida por seu crescimento no setor imobili\u00e1rio, levando a uma demanda crescente por projetos de constru\u00e7\u00e3o diversificados. Essa evolu\u00e7\u00e3o tem atra\u00eddo empresas que, como a Acoi, est\u00e3o sempre em busca de integrar sustentabilidade e inova\u00e7\u00e3o em suas obras, refletindo em uma cidade mais moderna e ambientalmente respons\u00e1vel."},"yoast_head":"<!-- This site is optimized with the Yoast SEO plugin v23.4 - https:\/\/yoast.com\/wordpress\/plugins\/seo\/ -->\n<title>Acoi: L\u00edder em Projetos de Constru\u00e7\u00e3o em Itatiba<\/title>\n<meta name=\"description\" content=\"Descubra os projetos de constru\u00e7\u00e3o em Itatiba com a Acoi, especialista em solu\u00e7\u00f5es vers\u00e1teis e sustent\u00e1veis em diversos setores da constru\u00e7\u00e3o civil.\" \/>\n<meta name=\"robots\" content=\"index, follow, max-snippet:-1, max-image-preview:large, max-video-preview:-1\" \/>\n<link rel=\"canonical\" href=\"https:\/\/acoi.com.br\/conteudocorp\/construindo-o-futuro-projetos-de-construcao-em-itatiba-com-acoi-7\/\" \/>\n<meta property=\"og:locale\" content=\"pt_BR\" \/>\n<meta property=\"og:type\" content=\"article\" \/>\n<meta property=\"og:title\" content=\"Acoi: L\u00edder em Projetos de Constru\u00e7\u00e3o em Itatiba\" \/>\n<meta property=\"og:description\" content=\"Descubra os projetos de constru\u00e7\u00e3o em Itatiba com a Acoi, especialista em solu\u00e7\u00f5es vers\u00e1teis e sustent\u00e1veis em diversos setores da constru\u00e7\u00e3o civil.\" \/>\n<meta property=\"og:url\" content=\"https:\/\/acoi.com.br\/conteudocorp\/construindo-o-futuro-projetos-de-construcao-em-itatiba-com-acoi-7\/\" \/>\n<meta property=\"og:site_name\" content=\"Acoi Corp\" \/>\n<meta name=\"twitter:card\" content=\"summary_large_image\" \/>\n<meta name=\"twitter:label1\" content=\"Est. tempo de leitura\" \/>\n\t<meta name=\"twitter:data1\" content=\"1 minuto\" \/>\n<script type=\"application\/ld+json\" class=\"yoast-schema-graph\">{\"@context\":\"https:\/\/schema.org\",\"@graph\":[{\"@type\":\"WebPage\",\"@id\":\"https:\/\/acoi.com.br\/conteudocorp\/construindo-o-futuro-projetos-de-construcao-em-itatiba-com-acoi-7\/\",\"url\":\"https:\/\/acoi.com.br\/conteudocorp\/construindo-o-futuro-projetos-de-construcao-em-itatiba-com-acoi-7\/\",\"name\":\"Acoi: L\u00edder em Projetos de Constru\u00e7\u00e3o em Itatiba\",\"isPartOf\":{\"@id\":\"https:\/\/acoi.com.br\/conteudocorp\/#website\"},\"datePublished\":\"2025-08-17T17:33:40+00:00\",\"dateModified\":\"2025-08-17T17:33:40+00:00\",\"description\":\"Descubra os projetos de constru\u00e7\u00e3o em Itatiba com a Acoi, especialista em solu\u00e7\u00f5es vers\u00e1teis e sustent\u00e1veis em diversos setores da constru\u00e7\u00e3o civil.\",\"breadcrumb\":{\"@id\":\"https:\/\/acoi.com.br\/conteudocorp\/construindo-o-futuro-projetos-de-construcao-em-itatiba-com-acoi-7\/#breadcrumb\"},\"inLanguage\":\"pt-BR\",\"potentialAction\":[{\"@type\":\"ReadAction\",\"target\":[\"https:\/\/acoi.com.br\/conteudocorp\/construindo-o-futuro-projetos-de-construcao-em-itatiba-com-acoi-7\/\"]}]},{\"@type\":\"BreadcrumbList\",\"@id\":\"https:\/\/acoi.com.br\/conteudocorp\/construindo-o-futuro-projetos-de-construcao-em-itatiba-com-acoi-7\/#breadcrumb\",\"itemListElement\":[{\"@type\":\"ListItem\",\"position\":1,\"name\":\"Home\",\"item\":\"https:\/\/acoi.com.br\/conteudocorp\/\"},{\"@type\":\"ListItem\",\"position\":2,\"name\":\"Construindo o Futuro: Projetos de Constru\u00e7\u00e3o em Itatiba com Acoi\"}]},{\"@type\":\"WebSite\",\"@id\":\"https:\/\/acoi.com.br\/conteudocorp\/#website\",\"url\":\"https:\/\/acoi.com.br\/conteudocorp\/\",\"name\":\"Acoi Corp\",\"description\":\"\",\"potentialAction\":[{\"@type\":\"SearchAction\",\"target\":{\"@type\":\"EntryPoint\",\"urlTemplate\":\"https:\/\/acoi.com.br\/conteudocorp\/?s={search_term_string}\"},\"query-input\":{\"@type\":\"PropertyValueSpecification\",\"valueRequired\":true,\"valueName\":\"search_term_string\"}}],\"inLanguage\":\"pt-BR\"}]}<\/script>\n<!-- \/ Yoast SEO plugin. -->","yoast_head_json":{"title":"Acoi: L\u00edder em Projetos de Constru\u00e7\u00e3o em Itatiba","description":"Descubra os projetos de constru\u00e7\u00e3o em Itatiba com a Acoi, especialista em solu\u00e7\u00f5es vers\u00e1teis e sustent\u00e1veis em diversos setores da constru\u00e7\u00e3o civil.","robots":{"index":"index","follow":"follow","max-snippet":"max-snippet:-1","max-image-preview":"max-image-preview:large","max-video-preview":"max-video-preview:-1"},"canonical":"https:\/\/acoi.com.br\/conteudocorp\/construindo-o-futuro-projetos-de-construcao-em-itatiba-com-acoi-7\/","og_locale":"pt_BR","og_type":"article","og_title":"Acoi: L\u00edder em Projetos de Constru\u00e7\u00e3o em Itatiba","og_description":"Descubra os projetos de constru\u00e7\u00e3o em Itatiba com a Acoi, especialista em solu\u00e7\u00f5es vers\u00e1teis e sustent\u00e1veis em diversos setores da constru\u00e7\u00e3o civil.","og_url":"https:\/\/acoi.com.br\/conteudocorp\/construindo-o-futuro-projetos-de-construcao-em-itatiba-com-acoi-7\/","og_site_name":"Acoi Corp","twitter_card":"summary_large_image","twitter_misc":{"Est. tempo de leitura":"1 minuto"},"schema":{"@context":"https:\/\/schema.org","@graph":[{"@type":"WebPage","@id":"https:\/\/acoi.com.br\/conteudocorp\/construindo-o-futuro-projetos-de-construcao-em-itatiba-com-acoi-7\/","url":"https:\/\/acoi.com.br\/conteudocorp\/construindo-o-futuro-projetos-de-construcao-em-itatiba-com-acoi-7\/","name":"Acoi: L\u00edder em Projetos de Constru\u00e7\u00e3o em Itatiba","isPartOf":{"@id":"https:\/\/acoi.com.br\/conteudocorp\/#website"},"datePublished":"2025-08-17T17:33:40+00:00","dateModified":"2025-08-17T17:33:40+00:00","description":"Descubra os projetos de constru\u00e7\u00e3o em Itatiba com a Acoi, especialista em solu\u00e7\u00f5es vers\u00e1teis e sustent\u00e1veis em diversos setores da constru\u00e7\u00e3o civil.","breadcrumb":{"@id":"https:\/\/acoi.com.br\/conteudocorp\/construindo-o-futuro-projetos-de-construcao-em-itatiba-com-acoi-7\/#breadcrumb"},"inLanguage":"pt-BR","potentialAction":[{"@type":"ReadAction","target":["https:\/\/acoi.com.br\/conteudocorp\/construindo-o-futuro-projetos-de-construcao-em-itatiba-com-acoi-7\/"]}]},{"@type":"BreadcrumbList","@id":"https:\/\/acoi.com.br\/conteudocorp\/construindo-o-futuro-projetos-de-construcao-em-itatiba-com-acoi-7\/#breadcrumb","itemListElement":[{"@type":"ListItem","position":1,"name":"Home","item":"https:\/\/acoi.com.br\/conteudocorp\/"},{"@type":"ListItem","position":2,"name":"Construindo o Futuro: Projetos de Constru\u00e7\u00e3o em Itatiba com Acoi"}]},{"@type":"WebSite","@id":"https:\/\/acoi.com.br\/conteudocorp\/#website","url":"https:\/\/acoi.com.br\/conteudocorp\/","name":"Acoi Corp","description":"","potentialAction":[{"@type":"SearchAction","target":{"@type":"EntryPoint","urlTemplate":"https:\/\/acoi.com.br\/conteudocorp\/?s={search_term_string}"},"query-input":{"@type":"PropertyValueSpecification","valueRequired":true,"valueName":"search_term_string"}}],"inLanguage":"pt-BR"}]}},"_links":{"self":[{"href":"https:\/\/acoi.com.br\/conteudocorp\/wp-json\/wp\/v2\/pages\/77997","targetHints":{"allow":["GET"]}}],"collection":[{"href":"https:\/\/acoi.com.br\/conteudocorp\/wp-json\/wp\/v2\/pages"}],"about":[{"href":"https:\/\/acoi.com.br\/conteudocorp\/wp-json\/wp\/v2\/types\/page"}],"author":[{"embeddable":true,"href":"https:\/\/acoi.com.br\/conteudocorp\/wp-json\/wp\/v2\/users\/3"}],"replies":[{"embeddable":true,"href":"https:\/\/acoi.com.br\/conteudocorp\/wp-json\/wp\/v2\/comments?post=77997"}],"version-history":[{"count":0,"href":"https:\/\/acoi.com.br\/conteudocorp\/wp-json\/wp\/v2\/pages\/77997\/revisions"}],"wp:attachment":[{"href":"https:\/\/acoi.com.br\/conteudocorp\/wp-json\/wp\/v2\/media?parent=77997"}],"curies":[{"name":"wp","href":"https:\/\/api.w.org\/{rel}","templated":true}]}}