{"id":7878,"date":"2025-03-12T01:10:45","date_gmt":"2025-03-12T01:10:45","guid":{"rendered":"https:\/\/acoi.com.br\/conteudocorp\/obras-industriais-em-americana-transformando-o-futuro-com-a-acoi-2\/"},"modified":"2025-03-12T01:10:45","modified_gmt":"2025-03-12T01:10:45","slug":"obras-industriais-em-americana-transformando-o-futuro-com-a-acoi-2","status":"publish","type":"page","link":"https:\/\/acoi.com.br\/conteudocorp\/obras-industriais-em-americana-transformando-o-futuro-com-a-acoi-2\/","title":{"rendered":"Obras Industriais em Americana: Transformando o Futuro com a Acoi"},"content":{"rendered":"<p><strong>Obras Industriais em Americana<\/strong> t\u00eam se tornado um pilar fundamental para o crescimento econ\u00f4mico da regi\u00e3o. A Acoi, refer\u00eancia no setor, se destaca pela qualidade e inova\u00e7\u00e3o que insere em cada projeto. Com experi\u00eancias que ultrapassam 100 mil m\u00b2 constru\u00eddos, oferecemos solu\u00e7\u00f5es adaptadas \u00e0s necessidades espec\u00edficas de cada cliente. Nossa equipe formada por profissionais altamente capacitados garante o uso das melhores pr\u00e1ticas e tecnologias, resultando em espa\u00e7os industriais modernos e funcionais.<\/p>\n<p>Al\u00e9m disso, a Acoi prioriza a sustentabilidade em suas constru\u00e7\u00f5es, adotando m\u00e9todos que promovem a preserva\u00e7\u00e3o ambiental. Trabalhamos para que seus projetos sejam n\u00e3o somente atendidos com excel\u00eancia, mas tamb\u00e9m para impactar positivamente a comunidade. Estamos comprometidos com a \u00e9tica, transpar\u00eancia e responsabilidade, pilares fundamentais do nosso processo de trabalho. Com a Acoi, sua obra industrial em Americana \u00e9 mais do que uma constru\u00e7\u00e3o; \u00e9 um investimento no futuro.<\/p>\n","protected":false},"excerpt":{"rendered":"<p>Obras Industriais em Americana t\u00eam se tornado um pilar fundamental para o crescimento econ\u00f4mico da regi\u00e3o. A Acoi, refer\u00eancia no setor, se destaca pela qualidade e inova\u00e7\u00e3o que insere em cada projeto. Com experi\u00eancias que ultrapassam 100 mil m\u00b2 constru\u00eddos, oferecemos solu\u00e7\u00f5es adaptadas \u00e0s necessidades espec\u00edficas de cada cliente. Nossa equipe formada por profissionais altamente&hellip;&nbsp;<a href=\"https:\/\/acoi.com.br\/conteudocorp\/obras-industriais-em-americana-transformando-o-futuro-com-a-acoi-2\/\" class=\"\" rel=\"bookmark\">Continue a ler &raquo;<span class=\"screen-reader-text\">Obras Industriais em Americana: Transformando o Futuro com a Acoi<\/span><\/a><\/p>\n","protected":false},"author":3,"featured_media":0,"parent":0,"menu_order":0,"comment_status":"closed","ping_status":"closed","template":"","meta":{"_acf_changed":false,"_yoast_wpseo_focuskw":"Obras Industriais em Americana","_yoast_wpseo_title":"Obras Industriais em Americana - Acoi, Qualidade e Inova\u00e7\u00e3o","_yoast_wpseo_metadesc":"Descubra a excel\u00eancia das obras industriais em Americana com a Acoi. Inova\u00e7\u00e3o, qualidade e compromisso para transformar seu projeto em realidade.","neve_meta_sidebar":"","neve_meta_container":"","neve_meta_enable_content_width":"","neve_meta_content_width":0,"neve_meta_title_alignment":"","neve_meta_author_avatar":"","neve_post_elements_order":"","neve_meta_disable_header":"","neve_meta_disable_footer":"","neve_meta_disable_title":"","footnotes":""},"class_list":["post-7878","page","type-page","status-publish","hentry"],"acf":{"introducao":"","conceitos_fundamentais":"","como_funciona":"","como_aplicar_no_dia_a_dia":"","principais_utilizacoes_e_beneficios":"","tipos_e_classificacoes":"","tecnologias_e_ferramentas_relacionadas":"","exemplos_e_casos_de_sucesso":"","mitos_e_verdades":"","perguntas_frequentes_faq":"","erros_comuns_e_como_evita-los":"","futuro_e_tendencias":"","conclusao":"","bloco1title":"Qualidade Superior","bloco1text":"A Acoi atua com materiais de primeira linha e profissionais qualificados, assegurando a excel\u00eancia em cada obra.","bloco2title":"Inova\u00e7\u00e3o Constante","bloco2text":"Nossos projetos s\u00e3o desenvolvidos com tecnologias avan\u00e7adas, promovendo efici\u00eancia e sustentabilidade.","bloco3title":"Compromisso com Prazos","bloco3text":"Na Acoi, respeitamos rigorosamente os prazos estabelecidos, garantindo que sua obra seja conclu\u00edda no tempo previsto.","insightwidtitle":"Curiosidades sobre Obras em Americana","insightwidcontent":"Sabia que Americana \u00e9 um dos polos industriais mais importantes do interior de S\u00e3o Paulo? A cidade abriga diversas ind\u00fastrias, desde o setor de tecnologia at\u00e9 o de bens de consumo, o que impulsiona ainda mais a demanda por obras industriais bem planejadas, e a Acoi se destaca nessa transforma\u00e7\u00e3o! Com uma vis\u00e3o voltada para o futuro, cada obra contribui para a gera\u00e7\u00e3o de empregos e para o desenvolvimento sustent\u00e1vel da regi\u00e3o. Fique ligado nas oportunidades que as obras da Acoi podem gerar para voc\u00ea e seu neg\u00f3cio!"},"yoast_head":"<!-- This site is optimized with the Yoast SEO plugin v23.4 - https:\/\/yoast.com\/wordpress\/plugins\/seo\/ -->\n<title>Obras Industriais em Americana - Acoi, Qualidade e Inova\u00e7\u00e3o<\/title>\n<meta name=\"description\" content=\"Descubra a excel\u00eancia das obras industriais em Americana com a Acoi. Inova\u00e7\u00e3o, qualidade e compromisso para transformar seu projeto em realidade.\" \/>\n<meta name=\"robots\" content=\"index, follow, max-snippet:-1, max-image-preview:large, max-video-preview:-1\" \/>\n<link rel=\"canonical\" href=\"https:\/\/acoi.com.br\/conteudocorp\/obras-industriais-em-americana-transformando-o-futuro-com-a-acoi-2\/\" \/>\n<meta property=\"og:locale\" content=\"pt_BR\" \/>\n<meta property=\"og:type\" content=\"article\" \/>\n<meta property=\"og:title\" content=\"Obras Industriais em Americana - Acoi, Qualidade e Inova\u00e7\u00e3o\" \/>\n<meta property=\"og:description\" content=\"Descubra a excel\u00eancia das obras industriais em Americana com a Acoi. Inova\u00e7\u00e3o, qualidade e compromisso para transformar seu projeto em realidade.\" \/>\n<meta property=\"og:url\" content=\"https:\/\/acoi.com.br\/conteudocorp\/obras-industriais-em-americana-transformando-o-futuro-com-a-acoi-2\/\" \/>\n<meta property=\"og:site_name\" content=\"Acoi Corp\" \/>\n<meta name=\"twitter:card\" content=\"summary_large_image\" \/>\n<meta name=\"twitter:label1\" content=\"Est. tempo de leitura\" \/>\n\t<meta name=\"twitter:data1\" content=\"1 minuto\" \/>\n<script type=\"application\/ld+json\" class=\"yoast-schema-graph\">{\"@context\":\"https:\/\/schema.org\",\"@graph\":[{\"@type\":\"WebPage\",\"@id\":\"https:\/\/acoi.com.br\/conteudocorp\/obras-industriais-em-americana-transformando-o-futuro-com-a-acoi-2\/\",\"url\":\"https:\/\/acoi.com.br\/conteudocorp\/obras-industriais-em-americana-transformando-o-futuro-com-a-acoi-2\/\",\"name\":\"Obras Industriais em Americana - Acoi, Qualidade e Inova\u00e7\u00e3o\",\"isPartOf\":{\"@id\":\"https:\/\/acoi.com.br\/conteudocorp\/#website\"},\"datePublished\":\"2025-03-12T01:10:45+00:00\",\"dateModified\":\"2025-03-12T01:10:45+00:00\",\"description\":\"Descubra a excel\u00eancia das obras industriais em Americana com a Acoi. Inova\u00e7\u00e3o, qualidade e compromisso para transformar seu projeto em realidade.\",\"breadcrumb\":{\"@id\":\"https:\/\/acoi.com.br\/conteudocorp\/obras-industriais-em-americana-transformando-o-futuro-com-a-acoi-2\/#breadcrumb\"},\"inLanguage\":\"pt-BR\",\"potentialAction\":[{\"@type\":\"ReadAction\",\"target\":[\"https:\/\/acoi.com.br\/conteudocorp\/obras-industriais-em-americana-transformando-o-futuro-com-a-acoi-2\/\"]}]},{\"@type\":\"BreadcrumbList\",\"@id\":\"https:\/\/acoi.com.br\/conteudocorp\/obras-industriais-em-americana-transformando-o-futuro-com-a-acoi-2\/#breadcrumb\",\"itemListElement\":[{\"@type\":\"ListItem\",\"position\":1,\"name\":\"Home\",\"item\":\"https:\/\/acoi.com.br\/conteudocorp\/\"},{\"@type\":\"ListItem\",\"position\":2,\"name\":\"Obras Industriais em Americana: Transformando o Futuro com a Acoi\"}]},{\"@type\":\"WebSite\",\"@id\":\"https:\/\/acoi.com.br\/conteudocorp\/#website\",\"url\":\"https:\/\/acoi.com.br\/conteudocorp\/\",\"name\":\"Acoi Corp\",\"description\":\"\",\"potentialAction\":[{\"@type\":\"SearchAction\",\"target\":{\"@type\":\"EntryPoint\",\"urlTemplate\":\"https:\/\/acoi.com.br\/conteudocorp\/?s={search_term_string}\"},\"query-input\":{\"@type\":\"PropertyValueSpecification\",\"valueRequired\":true,\"valueName\":\"search_term_string\"}}],\"inLanguage\":\"pt-BR\"}]}<\/script>\n<!-- \/ Yoast SEO plugin. -->","yoast_head_json":{"title":"Obras Industriais em Americana - Acoi, Qualidade e Inova\u00e7\u00e3o","description":"Descubra a excel\u00eancia das obras industriais em Americana com a Acoi. Inova\u00e7\u00e3o, qualidade e compromisso para transformar seu projeto em realidade.","robots":{"index":"index","follow":"follow","max-snippet":"max-snippet:-1","max-image-preview":"max-image-preview:large","max-video-preview":"max-video-preview:-1"},"canonical":"https:\/\/acoi.com.br\/conteudocorp\/obras-industriais-em-americana-transformando-o-futuro-com-a-acoi-2\/","og_locale":"pt_BR","og_type":"article","og_title":"Obras Industriais em Americana - Acoi, Qualidade e Inova\u00e7\u00e3o","og_description":"Descubra a excel\u00eancia das obras industriais em Americana com a Acoi. Inova\u00e7\u00e3o, qualidade e compromisso para transformar seu projeto em realidade.","og_url":"https:\/\/acoi.com.br\/conteudocorp\/obras-industriais-em-americana-transformando-o-futuro-com-a-acoi-2\/","og_site_name":"Acoi Corp","twitter_card":"summary_large_image","twitter_misc":{"Est. tempo de leitura":"1 minuto"},"schema":{"@context":"https:\/\/schema.org","@graph":[{"@type":"WebPage","@id":"https:\/\/acoi.com.br\/conteudocorp\/obras-industriais-em-americana-transformando-o-futuro-com-a-acoi-2\/","url":"https:\/\/acoi.com.br\/conteudocorp\/obras-industriais-em-americana-transformando-o-futuro-com-a-acoi-2\/","name":"Obras Industriais em Americana - Acoi, Qualidade e Inova\u00e7\u00e3o","isPartOf":{"@id":"https:\/\/acoi.com.br\/conteudocorp\/#website"},"datePublished":"2025-03-12T01:10:45+00:00","dateModified":"2025-03-12T01:10:45+00:00","description":"Descubra a excel\u00eancia das obras industriais em Americana com a Acoi. Inova\u00e7\u00e3o, qualidade e compromisso para transformar seu projeto em realidade.","breadcrumb":{"@id":"https:\/\/acoi.com.br\/conteudocorp\/obras-industriais-em-americana-transformando-o-futuro-com-a-acoi-2\/#breadcrumb"},"inLanguage":"pt-BR","potentialAction":[{"@type":"ReadAction","target":["https:\/\/acoi.com.br\/conteudocorp\/obras-industriais-em-americana-transformando-o-futuro-com-a-acoi-2\/"]}]},{"@type":"BreadcrumbList","@id":"https:\/\/acoi.com.br\/conteudocorp\/obras-industriais-em-americana-transformando-o-futuro-com-a-acoi-2\/#breadcrumb","itemListElement":[{"@type":"ListItem","position":1,"name":"Home","item":"https:\/\/acoi.com.br\/conteudocorp\/"},{"@type":"ListItem","position":2,"name":"Obras Industriais em Americana: Transformando o Futuro com a Acoi"}]},{"@type":"WebSite","@id":"https:\/\/acoi.com.br\/conteudocorp\/#website","url":"https:\/\/acoi.com.br\/conteudocorp\/","name":"Acoi Corp","description":"","potentialAction":[{"@type":"SearchAction","target":{"@type":"EntryPoint","urlTemplate":"https:\/\/acoi.com.br\/conteudocorp\/?s={search_term_string}"},"query-input":{"@type":"PropertyValueSpecification","valueRequired":true,"valueName":"search_term_string"}}],"inLanguage":"pt-BR"}]}},"_links":{"self":[{"href":"https:\/\/acoi.com.br\/conteudocorp\/wp-json\/wp\/v2\/pages\/7878","targetHints":{"allow":["GET"]}}],"collection":[{"href":"https:\/\/acoi.com.br\/conteudocorp\/wp-json\/wp\/v2\/pages"}],"about":[{"href":"https:\/\/acoi.com.br\/conteudocorp\/wp-json\/wp\/v2\/types\/page"}],"author":[{"embeddable":true,"href":"https:\/\/acoi.com.br\/conteudocorp\/wp-json\/wp\/v2\/users\/3"}],"replies":[{"embeddable":true,"href":"https:\/\/acoi.com.br\/conteudocorp\/wp-json\/wp\/v2\/comments?post=7878"}],"version-history":[{"count":0,"href":"https:\/\/acoi.com.br\/conteudocorp\/wp-json\/wp\/v2\/pages\/7878\/revisions"}],"wp:attachment":[{"href":"https:\/\/acoi.com.br\/conteudocorp\/wp-json\/wp\/v2\/media?parent=7878"}],"curies":[{"name":"wp","href":"https:\/\/api.w.org\/{rel}","templated":true}]}}