{"id":8060,"date":"2025-03-12T09:50:43","date_gmt":"2025-03-12T09:50:43","guid":{"rendered":"https:\/\/acoi.com.br\/conteudocorp\/descubra-o-condominio-residencial-dos-seus-sonhos-em-nova-odessa-2\/"},"modified":"2025-03-12T09:50:43","modified_gmt":"2025-03-12T09:50:43","slug":"descubra-o-condominio-residencial-dos-seus-sonhos-em-nova-odessa-2","status":"publish","type":"page","link":"https:\/\/acoi.com.br\/conteudocorp\/descubra-o-condominio-residencial-dos-seus-sonhos-em-nova-odessa-2\/","title":{"rendered":"Descubra o Condom\u00ednio Residencial dos Seus Sonhos em Nova Odessa"},"content":{"rendered":"<p><strong>Vantagens Incompar\u00e1veis<\/strong><br \/>Os condom\u00ednios residenciais em Nova Odessa n\u00e3o s\u00e3o apenas uma solu\u00e7\u00e3o habitacional, mas um estilo de vida repleto de tranquilidade e lazer. Com localiza\u00e7\u00e3o central, moradores t\u00eam f\u00e1cil acesso a com\u00e9rcio, sa\u00fade e educa\u00e7\u00e3o. Os projetos da Acoi, sempre inovadores, buscam integrar espa\u00e7os de conviv\u00eancia que favorecem a intera\u00e7\u00e3o entre vizinhos, tornando cada condom\u00ednio um verdadeiro lar.<\/p>\n<p><strong>Seguran\u00e7a e Conforto<\/strong><br \/>Todos os condom\u00ednios oferecem seguran\u00e7a 24 horas, permitindo que voc\u00ea viva com tranquilidade. As \u00e1reas de lazer incluem piscinas, academias e parques, propiciando momentos de lazer em fam\u00edlia. <\/p>\n<p><strong>Tecnologia e Praticidade<\/strong><br \/>A infraestrutura moderna \u00e9 associada a tecnologias de ponta que disponibilizam conforto e praticidade no dia a dia. Desde sistemas de monitoramento at\u00e9 gest\u00e3o de servi\u00e7os, cada detalhe \u00e9 pensado para o bem-estar dos moradores. <\/p>\n<p>Ao escolher um condom\u00ednio residencial em Nova Odessa, voc\u00ea investe na qualidade de vida da sua fam\u00edlia e na certeza de um futuro promissor, com a excel\u00eancia que s\u00f3 a Acoi pode proporcionar.<\/p>\n","protected":false},"excerpt":{"rendered":"<p>Vantagens Incompar\u00e1veisOs condom\u00ednios residenciais em Nova Odessa n\u00e3o s\u00e3o apenas uma solu\u00e7\u00e3o habitacional, mas um estilo de vida repleto de tranquilidade e lazer. Com localiza\u00e7\u00e3o central, moradores t\u00eam f\u00e1cil acesso a com\u00e9rcio, sa\u00fade e educa\u00e7\u00e3o. Os projetos da Acoi, sempre inovadores, buscam integrar espa\u00e7os de conviv\u00eancia que favorecem a intera\u00e7\u00e3o entre vizinhos, tornando cada condom\u00ednio&hellip;&nbsp;<a href=\"https:\/\/acoi.com.br\/conteudocorp\/descubra-o-condominio-residencial-dos-seus-sonhos-em-nova-odessa-2\/\" class=\"\" rel=\"bookmark\">Continue a ler &raquo;<span class=\"screen-reader-text\">Descubra o Condom\u00ednio Residencial dos Seus Sonhos em Nova Odessa<\/span><\/a><\/p>\n","protected":false},"author":3,"featured_media":0,"parent":0,"menu_order":0,"comment_status":"closed","ping_status":"closed","template":"","meta":{"_acf_changed":false,"_yoast_wpseo_focuskw":"Condom\u00ednio Residencial em Nova Odessa","_yoast_wpseo_title":"Condom\u00ednio Residencial em Nova Odessa: Qualidade e Conforto","_yoast_wpseo_metadesc":"Explore o melhor dos condom\u00ednios residenciais em Nova Odessa com a Acoi. Seguran\u00e7a, conforto e localiza\u00e7\u00e3o privilegiada esperam por voc\u00ea!","neve_meta_sidebar":"","neve_meta_container":"","neve_meta_enable_content_width":"","neve_meta_content_width":0,"neve_meta_title_alignment":"","neve_meta_author_avatar":"","neve_post_elements_order":"","neve_meta_disable_header":"","neve_meta_disable_footer":"","neve_meta_disable_title":"","footnotes":""},"class_list":["post-8060","page","type-page","status-publish","hentry"],"acf":{"introducao":"","conceitos_fundamentais":"","como_funciona":"","como_aplicar_no_dia_a_dia":"","principais_utilizacoes_e_beneficios":"","tipos_e_classificacoes":"","tecnologias_e_ferramentas_relacionadas":"","exemplos_e_casos_de_sucesso":"","mitos_e_verdades":"","perguntas_frequentes_faq":"","erros_comuns_e_como_evita-los":"","futuro_e_tendencias":"","conclusao":"","bloco1title":"Infraestrutura Completa","bloco1text":"Os condom\u00ednios em Nova Odessa contam com infraestrutura de primeira, incluindo \u00e1reas de lazer, seguran\u00e7a 24 horas e acessibilidade.","bloco2title":"Localiza\u00e7\u00e3o Privilegiada","bloco2text":"Com f\u00e1cil acesso \u00e0s principais vias, a cidade oferece comodidade e conex\u00e3o com servi\u00e7os essenciais.","bloco3title":"Sustentabilidade em Alta","bloco3text":"Os projetos de condom\u00ednios focam em pr\u00e1ticas sustent\u00e1veis, promovendo uma conviv\u00eancia harm\u00f4nica com o meio ambiente.","insightwidtitle":"Curiosidades sobre Nova Odessa","insightwidcontent":"Nova Odessa n\u00e3o \u00e9 apenas um destino ideal para resid\u00eancias, mas tamb\u00e9m possui uma rica hist\u00f3ria. Fundada no in\u00edcio do s\u00e9culo XX, a cidade \u00e9 conhecida por seu crescimento r\u00e1pido e pela diversidade de seus habitantes. Al\u00e9m disso, Nova Odessa mant\u00e9m um compromisso com o desenvolvimento sustent\u00e1vel, refletindo na qualidade de seus projetos de habita\u00e7\u00e3o. Conhe\u00e7a tudo sobre a cidade e encantos que ela oferece!."},"yoast_head":"<!-- This site is optimized with the Yoast SEO plugin v23.4 - https:\/\/yoast.com\/wordpress\/plugins\/seo\/ -->\n<title>Condom\u00ednio Residencial em Nova Odessa: Qualidade e Conforto<\/title>\n<meta name=\"description\" content=\"Explore o melhor dos condom\u00ednios residenciais em Nova Odessa com a Acoi. Seguran\u00e7a, conforto e localiza\u00e7\u00e3o privilegiada esperam por voc\u00ea!\" \/>\n<meta name=\"robots\" content=\"index, follow, max-snippet:-1, max-image-preview:large, max-video-preview:-1\" \/>\n<link rel=\"canonical\" href=\"https:\/\/acoi.com.br\/conteudocorp\/descubra-o-condominio-residencial-dos-seus-sonhos-em-nova-odessa-2\/\" \/>\n<meta property=\"og:locale\" content=\"pt_BR\" \/>\n<meta property=\"og:type\" content=\"article\" \/>\n<meta property=\"og:title\" content=\"Condom\u00ednio Residencial em Nova Odessa: Qualidade e Conforto\" \/>\n<meta property=\"og:description\" content=\"Explore o melhor dos condom\u00ednios residenciais em Nova Odessa com a Acoi. Seguran\u00e7a, conforto e localiza\u00e7\u00e3o privilegiada esperam por voc\u00ea!\" \/>\n<meta property=\"og:url\" content=\"https:\/\/acoi.com.br\/conteudocorp\/descubra-o-condominio-residencial-dos-seus-sonhos-em-nova-odessa-2\/\" \/>\n<meta property=\"og:site_name\" content=\"Acoi Corp\" \/>\n<meta name=\"twitter:card\" content=\"summary_large_image\" \/>\n<meta name=\"twitter:label1\" content=\"Est. tempo de leitura\" \/>\n\t<meta name=\"twitter:data1\" content=\"1 minuto\" \/>\n<script type=\"application\/ld+json\" class=\"yoast-schema-graph\">{\"@context\":\"https:\/\/schema.org\",\"@graph\":[{\"@type\":\"WebPage\",\"@id\":\"https:\/\/acoi.com.br\/conteudocorp\/descubra-o-condominio-residencial-dos-seus-sonhos-em-nova-odessa-2\/\",\"url\":\"https:\/\/acoi.com.br\/conteudocorp\/descubra-o-condominio-residencial-dos-seus-sonhos-em-nova-odessa-2\/\",\"name\":\"Condom\u00ednio Residencial em Nova Odessa: Qualidade e Conforto\",\"isPartOf\":{\"@id\":\"https:\/\/acoi.com.br\/conteudocorp\/#website\"},\"datePublished\":\"2025-03-12T09:50:43+00:00\",\"dateModified\":\"2025-03-12T09:50:43+00:00\",\"description\":\"Explore o melhor dos condom\u00ednios residenciais em Nova Odessa com a Acoi. Seguran\u00e7a, conforto e localiza\u00e7\u00e3o privilegiada esperam por voc\u00ea!\",\"breadcrumb\":{\"@id\":\"https:\/\/acoi.com.br\/conteudocorp\/descubra-o-condominio-residencial-dos-seus-sonhos-em-nova-odessa-2\/#breadcrumb\"},\"inLanguage\":\"pt-BR\",\"potentialAction\":[{\"@type\":\"ReadAction\",\"target\":[\"https:\/\/acoi.com.br\/conteudocorp\/descubra-o-condominio-residencial-dos-seus-sonhos-em-nova-odessa-2\/\"]}]},{\"@type\":\"BreadcrumbList\",\"@id\":\"https:\/\/acoi.com.br\/conteudocorp\/descubra-o-condominio-residencial-dos-seus-sonhos-em-nova-odessa-2\/#breadcrumb\",\"itemListElement\":[{\"@type\":\"ListItem\",\"position\":1,\"name\":\"Home\",\"item\":\"https:\/\/acoi.com.br\/conteudocorp\/\"},{\"@type\":\"ListItem\",\"position\":2,\"name\":\"Descubra o Condom\u00ednio Residencial dos Seus Sonhos em Nova Odessa\"}]},{\"@type\":\"WebSite\",\"@id\":\"https:\/\/acoi.com.br\/conteudocorp\/#website\",\"url\":\"https:\/\/acoi.com.br\/conteudocorp\/\",\"name\":\"Acoi Corp\",\"description\":\"\",\"potentialAction\":[{\"@type\":\"SearchAction\",\"target\":{\"@type\":\"EntryPoint\",\"urlTemplate\":\"https:\/\/acoi.com.br\/conteudocorp\/?s={search_term_string}\"},\"query-input\":{\"@type\":\"PropertyValueSpecification\",\"valueRequired\":true,\"valueName\":\"search_term_string\"}}],\"inLanguage\":\"pt-BR\"}]}<\/script>\n<!-- \/ Yoast SEO plugin. -->","yoast_head_json":{"title":"Condom\u00ednio Residencial em Nova Odessa: Qualidade e Conforto","description":"Explore o melhor dos condom\u00ednios residenciais em Nova Odessa com a Acoi. Seguran\u00e7a, conforto e localiza\u00e7\u00e3o privilegiada esperam por voc\u00ea!","robots":{"index":"index","follow":"follow","max-snippet":"max-snippet:-1","max-image-preview":"max-image-preview:large","max-video-preview":"max-video-preview:-1"},"canonical":"https:\/\/acoi.com.br\/conteudocorp\/descubra-o-condominio-residencial-dos-seus-sonhos-em-nova-odessa-2\/","og_locale":"pt_BR","og_type":"article","og_title":"Condom\u00ednio Residencial em Nova Odessa: Qualidade e Conforto","og_description":"Explore o melhor dos condom\u00ednios residenciais em Nova Odessa com a Acoi. Seguran\u00e7a, conforto e localiza\u00e7\u00e3o privilegiada esperam por voc\u00ea!","og_url":"https:\/\/acoi.com.br\/conteudocorp\/descubra-o-condominio-residencial-dos-seus-sonhos-em-nova-odessa-2\/","og_site_name":"Acoi Corp","twitter_card":"summary_large_image","twitter_misc":{"Est. tempo de leitura":"1 minuto"},"schema":{"@context":"https:\/\/schema.org","@graph":[{"@type":"WebPage","@id":"https:\/\/acoi.com.br\/conteudocorp\/descubra-o-condominio-residencial-dos-seus-sonhos-em-nova-odessa-2\/","url":"https:\/\/acoi.com.br\/conteudocorp\/descubra-o-condominio-residencial-dos-seus-sonhos-em-nova-odessa-2\/","name":"Condom\u00ednio Residencial em Nova Odessa: Qualidade e Conforto","isPartOf":{"@id":"https:\/\/acoi.com.br\/conteudocorp\/#website"},"datePublished":"2025-03-12T09:50:43+00:00","dateModified":"2025-03-12T09:50:43+00:00","description":"Explore o melhor dos condom\u00ednios residenciais em Nova Odessa com a Acoi. Seguran\u00e7a, conforto e localiza\u00e7\u00e3o privilegiada esperam por voc\u00ea!","breadcrumb":{"@id":"https:\/\/acoi.com.br\/conteudocorp\/descubra-o-condominio-residencial-dos-seus-sonhos-em-nova-odessa-2\/#breadcrumb"},"inLanguage":"pt-BR","potentialAction":[{"@type":"ReadAction","target":["https:\/\/acoi.com.br\/conteudocorp\/descubra-o-condominio-residencial-dos-seus-sonhos-em-nova-odessa-2\/"]}]},{"@type":"BreadcrumbList","@id":"https:\/\/acoi.com.br\/conteudocorp\/descubra-o-condominio-residencial-dos-seus-sonhos-em-nova-odessa-2\/#breadcrumb","itemListElement":[{"@type":"ListItem","position":1,"name":"Home","item":"https:\/\/acoi.com.br\/conteudocorp\/"},{"@type":"ListItem","position":2,"name":"Descubra o Condom\u00ednio Residencial dos Seus Sonhos em Nova Odessa"}]},{"@type":"WebSite","@id":"https:\/\/acoi.com.br\/conteudocorp\/#website","url":"https:\/\/acoi.com.br\/conteudocorp\/","name":"Acoi Corp","description":"","potentialAction":[{"@type":"SearchAction","target":{"@type":"EntryPoint","urlTemplate":"https:\/\/acoi.com.br\/conteudocorp\/?s={search_term_string}"},"query-input":{"@type":"PropertyValueSpecification","valueRequired":true,"valueName":"search_term_string"}}],"inLanguage":"pt-BR"}]}},"_links":{"self":[{"href":"https:\/\/acoi.com.br\/conteudocorp\/wp-json\/wp\/v2\/pages\/8060","targetHints":{"allow":["GET"]}}],"collection":[{"href":"https:\/\/acoi.com.br\/conteudocorp\/wp-json\/wp\/v2\/pages"}],"about":[{"href":"https:\/\/acoi.com.br\/conteudocorp\/wp-json\/wp\/v2\/types\/page"}],"author":[{"embeddable":true,"href":"https:\/\/acoi.com.br\/conteudocorp\/wp-json\/wp\/v2\/users\/3"}],"replies":[{"embeddable":true,"href":"https:\/\/acoi.com.br\/conteudocorp\/wp-json\/wp\/v2\/comments?post=8060"}],"version-history":[{"count":0,"href":"https:\/\/acoi.com.br\/conteudocorp\/wp-json\/wp\/v2\/pages\/8060\/revisions"}],"wp:attachment":[{"href":"https:\/\/acoi.com.br\/conteudocorp\/wp-json\/wp\/v2\/media?parent=8060"}],"curies":[{"name":"wp","href":"https:\/\/api.w.org\/{rel}","templated":true}]}}