{"id":81191,"date":"2025-08-26T21:55:37","date_gmt":"2025-08-26T21:55:37","guid":{"rendered":"https:\/\/acoi.com.br\/conteudocorp\/transformando-itatiba-obras-de-infraestrutura-que-conectam-e-evoluem\/"},"modified":"2025-08-26T21:55:37","modified_gmt":"2025-08-26T21:55:37","slug":"transformando-itatiba-obras-de-infraestrutura-que-conectam-e-evoluem","status":"publish","type":"page","link":"https:\/\/acoi.com.br\/conteudocorp\/transformando-itatiba-obras-de-infraestrutura-que-conectam-e-evoluem\/","title":{"rendered":"Transformando Itatiba: Obras de Infraestrutura que Conectam e Evoluem"},"content":{"rendered":"<p><strong>Entenda a Relev\u00e2ncia<\/strong> das obras de infraestrutura em Itatiba para o desenvolvimento urbano e comunit\u00e1rio. No cora\u00e7\u00e3o do interior paulista, Itatiba vem investindo fortemente em projetos de infraestrutura, a fim de acompanhar o crescimento populacional e as demandas de seus cidad\u00e3os. Esses projetos abrangem desde a revitaliza\u00e7\u00e3o de ruas e avenidas at\u00e9 a constru\u00e7\u00e3o de pontes e viadutos, facilitando o tr\u00e1fego e a mobilidade. A Acoi se destaca nesse cen\u00e1rio ao aplicar sua <strong>experi\u00eancia<\/strong> e <strong>especializa\u00e7\u00e3o<\/strong> em cada obra. Com mais de 100 mil m\u00b2 constru\u00eddos, a empresa \u00e9 reconhecida pela alta qualidade de seus servi\u00e7os. A equipe da Acoi n\u00e3o s\u00f3 projeta, mas tamb\u00e9m implementa solu\u00e7\u00f5es inovadoras e sustent\u00e1veis, assegurando que cada obra atenda \u00e0s expectativas da comunidade. Al\u00e9m de gerar empregos e movimentar a economia local, as obras de infraestrutura promovem a <strong>integra\u00e7\u00e3o social<\/strong>, conectando diferentes regi\u00f5es da cidade. Com um foco claro em planejamento estrat\u00e9gico e seguran\u00e7a, a Acoi se posiciona como a melhor op\u00e7\u00e3o para aqueles que buscam qualidade e confiabilidade em obras de infraestrutura. Ao escolher a Acoi, voc\u00ea n\u00e3o est\u00e1 apenas contratando uma construtora; est\u00e1 optando por uma parceira no desenvolvimento de Itatiba.<\/p>\n","protected":false},"excerpt":{"rendered":"<p>Entenda a Relev\u00e2ncia das obras de infraestrutura em Itatiba para o desenvolvimento urbano e comunit\u00e1rio. No cora\u00e7\u00e3o do interior paulista, Itatiba vem investindo fortemente em projetos de infraestrutura, a fim de acompanhar o crescimento populacional e as demandas de seus cidad\u00e3os. Esses projetos abrangem desde a revitaliza\u00e7\u00e3o de ruas e avenidas at\u00e9 a constru\u00e7\u00e3o de&hellip;&nbsp;<a href=\"https:\/\/acoi.com.br\/conteudocorp\/transformando-itatiba-obras-de-infraestrutura-que-conectam-e-evoluem\/\" class=\"\" rel=\"bookmark\">Continue a ler &raquo;<span class=\"screen-reader-text\">Transformando Itatiba: Obras de Infraestrutura que Conectam e Evoluem<\/span><\/a><\/p>\n","protected":false},"author":3,"featured_media":0,"parent":0,"menu_order":0,"comment_status":"closed","ping_status":"closed","template":"","meta":{"_acf_changed":false,"_yoast_wpseo_focuskw":"Obras de Infraestrutura Itatiba","_yoast_wpseo_title":"Obras de Infraestrutura em Itatiba: O Crescimento Sustent\u00e1vel com a Acoi","_yoast_wpseo_metadesc":"Descubra como as obras de infraestrutura em Itatiba promovem desenvolvimento e qualidade de vida. Conhe\u00e7a a Acoi, a parceira que voc\u00ea precisa!","neve_meta_sidebar":"","neve_meta_container":"","neve_meta_enable_content_width":"","neve_meta_content_width":0,"neve_meta_title_alignment":"","neve_meta_author_avatar":"","neve_post_elements_order":"","neve_meta_disable_header":"","neve_meta_disable_footer":"","neve_meta_disable_title":"","footnotes":""},"class_list":["post-81191","page","type-page","status-publish","hentry"],"acf":{"introducao":"","conceitos_fundamentais":"","como_funciona":"","como_aplicar_no_dia_a_dia":"","principais_utilizacoes_e_beneficios":"","tipos_e_classificacoes":"","tecnologias_e_ferramentas_relacionadas":"","exemplos_e_casos_de_sucesso":"","mitos_e_verdades":"","perguntas_frequentes_faq":"","erros_comuns_e_como_evita-los":"","futuro_e_tendencias":"","conclusao":"","bloco1title":"Alta Qualidade","bloco1text":"Na Acoi, priorizamos a qualidade em cada etapa da obra, garantindo que todos os projetos estejam alinhados com os mais altos padr\u00f5es do setor.","bloco2title":"Inova\u00e7\u00e3o Cont\u00ednua","bloco2text":"Nossos m\u00e9todos construtivos s\u00e3o constantemente atualizados, incorporando tecnologia de ponta para otimizar resultados e durabilidade.","bloco3title":"Desenvolvimento Sustent\u00e1vel","bloco3text":"As obras de infraestrutura em Itatiba n\u00e3o apenas embelezam a cidade, mas tamb\u00e9m preservam o meio ambiente, refletindo o compromisso da Acoi com a sustentabilidade.","insightwidtitle":"Fatos Interessantes sobre Itatiba","insightwidcontent":"Sabia que Itatiba \u00e9 conhecida como a 'Cidade do Verde'? O munic\u00edpio possui uma rica biodiversidade, com diversas \u00e1reas de preserva\u00e7\u00e3o. Al\u00e9m disso, a cidade recententemente investiu em projetos de infraestrutura para facilitar o acesso a essas \u00e1reas, tornando-as mais acess\u00edveis para seus visitantes e moradores. A Acoi se orgulha de contribuir com iniciativas que preservam e valorizam o meio ambiente."},"yoast_head":"<!-- This site is optimized with the Yoast SEO plugin v23.4 - https:\/\/yoast.com\/wordpress\/plugins\/seo\/ -->\n<title>Obras de Infraestrutura em Itatiba: O Crescimento Sustent\u00e1vel com a Acoi<\/title>\n<meta name=\"description\" content=\"Descubra como as obras de infraestrutura em Itatiba promovem desenvolvimento e qualidade de vida. Conhe\u00e7a a Acoi, a parceira que voc\u00ea precisa!\" \/>\n<meta name=\"robots\" content=\"index, follow, max-snippet:-1, max-image-preview:large, max-video-preview:-1\" \/>\n<link rel=\"canonical\" href=\"https:\/\/acoi.com.br\/conteudocorp\/transformando-itatiba-obras-de-infraestrutura-que-conectam-e-evoluem\/\" \/>\n<meta property=\"og:locale\" content=\"pt_BR\" \/>\n<meta property=\"og:type\" content=\"article\" \/>\n<meta property=\"og:title\" content=\"Obras de Infraestrutura em Itatiba: O Crescimento Sustent\u00e1vel com a Acoi\" \/>\n<meta property=\"og:description\" content=\"Descubra como as obras de infraestrutura em Itatiba promovem desenvolvimento e qualidade de vida. Conhe\u00e7a a Acoi, a parceira que voc\u00ea precisa!\" \/>\n<meta property=\"og:url\" content=\"https:\/\/acoi.com.br\/conteudocorp\/transformando-itatiba-obras-de-infraestrutura-que-conectam-e-evoluem\/\" \/>\n<meta property=\"og:site_name\" content=\"Acoi Corp\" \/>\n<meta name=\"twitter:card\" content=\"summary_large_image\" \/>\n<meta name=\"twitter:label1\" content=\"Est. tempo de leitura\" \/>\n\t<meta name=\"twitter:data1\" content=\"1 minuto\" \/>\n<script type=\"application\/ld+json\" class=\"yoast-schema-graph\">{\"@context\":\"https:\/\/schema.org\",\"@graph\":[{\"@type\":\"WebPage\",\"@id\":\"https:\/\/acoi.com.br\/conteudocorp\/transformando-itatiba-obras-de-infraestrutura-que-conectam-e-evoluem\/\",\"url\":\"https:\/\/acoi.com.br\/conteudocorp\/transformando-itatiba-obras-de-infraestrutura-que-conectam-e-evoluem\/\",\"name\":\"Obras de Infraestrutura em Itatiba: O Crescimento Sustent\u00e1vel com a Acoi\",\"isPartOf\":{\"@id\":\"https:\/\/acoi.com.br\/conteudocorp\/#website\"},\"datePublished\":\"2025-08-26T21:55:37+00:00\",\"dateModified\":\"2025-08-26T21:55:37+00:00\",\"description\":\"Descubra como as obras de infraestrutura em Itatiba promovem desenvolvimento e qualidade de vida. Conhe\u00e7a a Acoi, a parceira que voc\u00ea precisa!\",\"breadcrumb\":{\"@id\":\"https:\/\/acoi.com.br\/conteudocorp\/transformando-itatiba-obras-de-infraestrutura-que-conectam-e-evoluem\/#breadcrumb\"},\"inLanguage\":\"pt-BR\",\"potentialAction\":[{\"@type\":\"ReadAction\",\"target\":[\"https:\/\/acoi.com.br\/conteudocorp\/transformando-itatiba-obras-de-infraestrutura-que-conectam-e-evoluem\/\"]}]},{\"@type\":\"BreadcrumbList\",\"@id\":\"https:\/\/acoi.com.br\/conteudocorp\/transformando-itatiba-obras-de-infraestrutura-que-conectam-e-evoluem\/#breadcrumb\",\"itemListElement\":[{\"@type\":\"ListItem\",\"position\":1,\"name\":\"Home\",\"item\":\"https:\/\/acoi.com.br\/conteudocorp\/\"},{\"@type\":\"ListItem\",\"position\":2,\"name\":\"Transformando Itatiba: Obras de Infraestrutura que Conectam e Evoluem\"}]},{\"@type\":\"WebSite\",\"@id\":\"https:\/\/acoi.com.br\/conteudocorp\/#website\",\"url\":\"https:\/\/acoi.com.br\/conteudocorp\/\",\"name\":\"Acoi Corp\",\"description\":\"\",\"potentialAction\":[{\"@type\":\"SearchAction\",\"target\":{\"@type\":\"EntryPoint\",\"urlTemplate\":\"https:\/\/acoi.com.br\/conteudocorp\/?s={search_term_string}\"},\"query-input\":{\"@type\":\"PropertyValueSpecification\",\"valueRequired\":true,\"valueName\":\"search_term_string\"}}],\"inLanguage\":\"pt-BR\"}]}<\/script>\n<!-- \/ Yoast SEO plugin. -->","yoast_head_json":{"title":"Obras de Infraestrutura em Itatiba: O Crescimento Sustent\u00e1vel com a Acoi","description":"Descubra como as obras de infraestrutura em Itatiba promovem desenvolvimento e qualidade de vida. Conhe\u00e7a a Acoi, a parceira que voc\u00ea precisa!","robots":{"index":"index","follow":"follow","max-snippet":"max-snippet:-1","max-image-preview":"max-image-preview:large","max-video-preview":"max-video-preview:-1"},"canonical":"https:\/\/acoi.com.br\/conteudocorp\/transformando-itatiba-obras-de-infraestrutura-que-conectam-e-evoluem\/","og_locale":"pt_BR","og_type":"article","og_title":"Obras de Infraestrutura em Itatiba: O Crescimento Sustent\u00e1vel com a Acoi","og_description":"Descubra como as obras de infraestrutura em Itatiba promovem desenvolvimento e qualidade de vida. Conhe\u00e7a a Acoi, a parceira que voc\u00ea precisa!","og_url":"https:\/\/acoi.com.br\/conteudocorp\/transformando-itatiba-obras-de-infraestrutura-que-conectam-e-evoluem\/","og_site_name":"Acoi Corp","twitter_card":"summary_large_image","twitter_misc":{"Est. tempo de leitura":"1 minuto"},"schema":{"@context":"https:\/\/schema.org","@graph":[{"@type":"WebPage","@id":"https:\/\/acoi.com.br\/conteudocorp\/transformando-itatiba-obras-de-infraestrutura-que-conectam-e-evoluem\/","url":"https:\/\/acoi.com.br\/conteudocorp\/transformando-itatiba-obras-de-infraestrutura-que-conectam-e-evoluem\/","name":"Obras de Infraestrutura em Itatiba: O Crescimento Sustent\u00e1vel com a Acoi","isPartOf":{"@id":"https:\/\/acoi.com.br\/conteudocorp\/#website"},"datePublished":"2025-08-26T21:55:37+00:00","dateModified":"2025-08-26T21:55:37+00:00","description":"Descubra como as obras de infraestrutura em Itatiba promovem desenvolvimento e qualidade de vida. Conhe\u00e7a a Acoi, a parceira que voc\u00ea precisa!","breadcrumb":{"@id":"https:\/\/acoi.com.br\/conteudocorp\/transformando-itatiba-obras-de-infraestrutura-que-conectam-e-evoluem\/#breadcrumb"},"inLanguage":"pt-BR","potentialAction":[{"@type":"ReadAction","target":["https:\/\/acoi.com.br\/conteudocorp\/transformando-itatiba-obras-de-infraestrutura-que-conectam-e-evoluem\/"]}]},{"@type":"BreadcrumbList","@id":"https:\/\/acoi.com.br\/conteudocorp\/transformando-itatiba-obras-de-infraestrutura-que-conectam-e-evoluem\/#breadcrumb","itemListElement":[{"@type":"ListItem","position":1,"name":"Home","item":"https:\/\/acoi.com.br\/conteudocorp\/"},{"@type":"ListItem","position":2,"name":"Transformando Itatiba: Obras de Infraestrutura que Conectam e Evoluem"}]},{"@type":"WebSite","@id":"https:\/\/acoi.com.br\/conteudocorp\/#website","url":"https:\/\/acoi.com.br\/conteudocorp\/","name":"Acoi Corp","description":"","potentialAction":[{"@type":"SearchAction","target":{"@type":"EntryPoint","urlTemplate":"https:\/\/acoi.com.br\/conteudocorp\/?s={search_term_string}"},"query-input":{"@type":"PropertyValueSpecification","valueRequired":true,"valueName":"search_term_string"}}],"inLanguage":"pt-BR"}]}},"_links":{"self":[{"href":"https:\/\/acoi.com.br\/conteudocorp\/wp-json\/wp\/v2\/pages\/81191","targetHints":{"allow":["GET"]}}],"collection":[{"href":"https:\/\/acoi.com.br\/conteudocorp\/wp-json\/wp\/v2\/pages"}],"about":[{"href":"https:\/\/acoi.com.br\/conteudocorp\/wp-json\/wp\/v2\/types\/page"}],"author":[{"embeddable":true,"href":"https:\/\/acoi.com.br\/conteudocorp\/wp-json\/wp\/v2\/users\/3"}],"replies":[{"embeddable":true,"href":"https:\/\/acoi.com.br\/conteudocorp\/wp-json\/wp\/v2\/comments?post=81191"}],"version-history":[{"count":0,"href":"https:\/\/acoi.com.br\/conteudocorp\/wp-json\/wp\/v2\/pages\/81191\/revisions"}],"wp:attachment":[{"href":"https:\/\/acoi.com.br\/conteudocorp\/wp-json\/wp\/v2\/media?parent=81191"}],"curies":[{"name":"wp","href":"https:\/\/api.w.org\/{rel}","templated":true}]}}