{"id":85,"date":"2025-02-12T17:46:40","date_gmt":"2025-02-12T17:46:40","guid":{"rendered":"https:\/\/acoi.com.br\/conteudocorp\/?page_id=85"},"modified":"2025-02-24T19:18:27","modified_gmt":"2025-02-24T19:18:27","slug":"home","status":"publish","type":"page","link":"https:\/\/acoi.com.br\/conteudocorp\/","title":{"rendered":"Home"},"content":{"rendered":"\t\t<div data-elementor-type=\"wp-page\" data-elementor-id=\"85\" class=\"elementor elementor-85\" data-elementor-post-type=\"page\">\n\t\t\t\t<div class=\"elementor-element elementor-element-bf94186 e-flex e-con-boxed e-con e-parent\" data-id=\"bf94186\" data-element_type=\"container\" data-settings=\"{&quot;background_background&quot;:&quot;classic&quot;}\">\n\t\t\t\t\t<div class=\"e-con-inner\">\n\t\t\t\t<div class=\"elementor-element elementor-element-f5cd99c elementor-widget elementor-widget-heading\" data-id=\"f5cd99c\" data-element_type=\"widget\" data-widget_type=\"heading.default\">\n\t\t\t\t<div class=\"elementor-widget-container\">\n\t\t\t<h2 class=\"elementor-heading-title elementor-size-default\">\u00c1rea de conte\u00fado<\/h2>\t\t<\/div>\n\t\t\t\t<\/div>\n\t\t\t\t\t<\/div>\n\t\t\t\t<\/div>\n\t\t<div class=\"elementor-element elementor-element-cd11a01 e-flex e-con-boxed e-con e-parent\" data-id=\"cd11a01\" data-element_type=\"container\" data-settings=\"{&quot;background_background&quot;:&quot;classic&quot;}\">\n\t\t\t\t\t<div class=\"e-con-inner\">\n\t\t\t\t<div class=\"elementor-element elementor-element-704c9cd elementor-widget elementor-widget-heading\" data-id=\"704c9cd\" data-element_type=\"widget\" data-widget_type=\"heading.default\">\n\t\t\t\t<div class=\"elementor-widget-container\">\n\t\t\t<h2 class=\"elementor-heading-title elementor-size-default\">Landing Expert\u200b<\/h2>\t\t<\/div>\n\t\t\t\t<\/div>\n\t\t\t\t<div class=\"elementor-element elementor-element-e3694be elementor-grid-4 elementor-grid-tablet-2 elementor-grid-mobile-1 elementor-posts--thumbnail-top elementor-widget elementor-widget-posts\" data-id=\"e3694be\" data-element_type=\"widget\" data-settings=\"{&quot;classic_columns&quot;:&quot;4&quot;,&quot;classic_columns_tablet&quot;:&quot;2&quot;,&quot;classic_columns_mobile&quot;:&quot;1&quot;,&quot;classic_row_gap&quot;:{&quot;unit&quot;:&quot;px&quot;,&quot;size&quot;:35,&quot;sizes&quot;:[]},&quot;classic_row_gap_tablet&quot;:{&quot;unit&quot;:&quot;px&quot;,&quot;size&quot;:&quot;&quot;,&quot;sizes&quot;:[]},&quot;classic_row_gap_mobile&quot;:{&quot;unit&quot;:&quot;px&quot;,&quot;size&quot;:&quot;&quot;,&quot;sizes&quot;:[]}}\" data-widget_type=\"posts.classic\">\n\t\t\t\t<div class=\"elementor-widget-container\">\n\t\t\t\t\t<div class=\"elementor-posts-container elementor-posts elementor-posts--skin-classic elementor-grid\">\n\t\t\t\t<article class=\"elementor-post elementor-grid-item post-161290 page type-page status-publish hentry\">\n\t\t\t\t<div class=\"elementor-post__text\">\n\t\t\t\t<h3 class=\"elementor-post__title\">\n\t\t\t<a href=\"https:\/\/acoi.com.br\/conteudocorp\/obras-hospitalares-em-itatiba-construa-o-futuro-da-saude-11\/\" >\n\t\t\t\tObras Hospitalares em Itatiba: Construa o Futuro da Sa\u00fade\t\t\t<\/a>\n\t\t<\/h3>\n\t\t\t\t<\/div>\n\t\t\t\t<\/article>\n\t\t\t\t<article class=\"elementor-post elementor-grid-item post-161288 page type-page status-publish hentry\">\n\t\t\t\t<div class=\"elementor-post__text\">\n\t\t\t\t<h3 class=\"elementor-post__title\">\n\t\t\t<a href=\"https:\/\/acoi.com.br\/conteudocorp\/infraestrutura-urbana-em-itatiba-o-futuro-das-cidades-29\/\" >\n\t\t\t\tInfraestrutura Urbana em Itatiba: O Futuro das Cidades\t\t\t<\/a>\n\t\t<\/h3>\n\t\t\t\t<\/div>\n\t\t\t\t<\/article>\n\t\t\t\t<article class=\"elementor-post elementor-grid-item post-161285 page type-page status-publish hentry\">\n\t\t\t\t<div class=\"elementor-post__text\">\n\t\t\t\t<h3 class=\"elementor-post__title\">\n\t\t\t<a href=\"https:\/\/acoi.com.br\/conteudocorp\/a-revolucao-das-obras-industriais-em-itatiba-57\/\" >\n\t\t\t\tA Revolu\u00e7\u00e3o das Obras Industriais em Itatiba\t\t\t<\/a>\n\t\t<\/h3>\n\t\t\t\t<\/div>\n\t\t\t\t<\/article>\n\t\t\t\t<article class=\"elementor-post elementor-grid-item post-161282 page type-page status-publish hentry\">\n\t\t\t\t<div class=\"elementor-post__text\">\n\t\t\t\t<h3 class=\"elementor-post__title\">\n\t\t\t<a href=\"https:\/\/acoi.com.br\/conteudocorp\/empreendimentos-residenciais-em-itatiba-a-nova-face-da-moradia-2\/\" >\n\t\t\t\tEmpreendimentos Residenciais em Itatiba: A Nova Face da Moradia\t\t\t<\/a>\n\t\t<\/h3>\n\t\t\t\t<\/div>\n\t\t\t\t<\/article>\n\t\t\t\t<article class=\"elementor-post elementor-grid-item post-161280 page type-page status-publish hentry\">\n\t\t\t\t<div class=\"elementor-post__text\">\n\t\t\t\t<h3 class=\"elementor-post__title\">\n\t\t\t<a href=\"https:\/\/acoi.com.br\/conteudocorp\/acoi-a-construtora-que-transforma-itatiba-28\/\" >\n\t\t\t\tAcoi: A Construtora que Transforma Itatiba\t\t\t<\/a>\n\t\t<\/h3>\n\t\t\t\t<\/div>\n\t\t\t\t<\/article>\n\t\t\t\t<article class=\"elementor-post elementor-grid-item post-161278 page type-page status-publish hentry\">\n\t\t\t\t<div class=\"elementor-post__text\">\n\t\t\t\t<h3 class=\"elementor-post__title\">\n\t\t\t<a href=\"https:\/\/acoi.com.br\/conteudocorp\/obras-de-infraestrutura-em-itatiba-transformando-vidas-e-negocios-6\/\" >\n\t\t\t\tObras de Infraestrutura em Itatiba: Transformando Vidas e Neg\u00f3cios\t\t\t<\/a>\n\t\t<\/h3>\n\t\t\t\t<\/div>\n\t\t\t\t<\/article>\n\t\t\t\t<article class=\"elementor-post elementor-grid-item post-161275 page type-page status-publish hentry\">\n\t\t\t\t<div class=\"elementor-post__text\">\n\t\t\t\t<h3 class=\"elementor-post__title\">\n\t\t\t<a href=\"https:\/\/acoi.com.br\/conteudocorp\/construtora-em-paulinia-acoi-construindo-futuro-com-qualidade\/\" >\n\t\t\t\tConstrutora em Paul\u00ednia: Acoi, Construindo Futuro com Qualidade\t\t\t<\/a>\n\t\t<\/h3>\n\t\t\t\t<\/div>\n\t\t\t\t<\/article>\n\t\t\t\t<article class=\"elementor-post elementor-grid-item post-161273 page type-page status-publish hentry\">\n\t\t\t\t<div class=\"elementor-post__text\">\n\t\t\t\t<h3 class=\"elementor-post__title\">\n\t\t\t<a href=\"https:\/\/acoi.com.br\/conteudocorp\/construtora-em-americana-inovacao-e-qualidade-na-acoi\/\" >\n\t\t\t\tConstrutora em Americana: Inova\u00e7\u00e3o e Qualidade na Acoi\t\t\t<\/a>\n\t\t<\/h3>\n\t\t\t\t<\/div>\n\t\t\t\t<\/article>\n\t\t\t\t<\/div>\n\t\t\n\t\t\t\t<\/div>\n\t\t\t\t<\/div>\n\t\t\t\t\t<\/div>\n\t\t\t\t<\/div>\n\t\t<div class=\"elementor-element elementor-element-c9e23e1 e-flex e-con-boxed e-con e-parent\" data-id=\"c9e23e1\" data-element_type=\"container\" data-settings=\"{&quot;background_background&quot;:&quot;classic&quot;}\">\n\t\t\t\t\t<div class=\"e-con-inner\">\n\t\t\t\t<div class=\"elementor-element elementor-element-12db58d elementor-widget elementor-widget-heading\" data-id=\"12db58d\" data-element_type=\"widget\" data-widget_type=\"heading.default\">\n\t\t\t\t<div class=\"elementor-widget-container\">\n\t\t\t<h2 class=\"elementor-heading-title elementor-size-default\">Simple Post\u200b<\/h2>\t\t<\/div>\n\t\t\t\t<\/div>\n\t\t\t\t<div class=\"elementor-element elementor-element-654c01c elementor-grid-4 elementor-grid-tablet-2 elementor-grid-mobile-1 elementor-posts--thumbnail-top elementor-widget elementor-widget-posts\" data-id=\"654c01c\" data-element_type=\"widget\" data-settings=\"{&quot;classic_columns&quot;:&quot;4&quot;,&quot;classic_columns_tablet&quot;:&quot;2&quot;,&quot;classic_columns_mobile&quot;:&quot;1&quot;,&quot;classic_row_gap&quot;:{&quot;unit&quot;:&quot;px&quot;,&quot;size&quot;:35,&quot;sizes&quot;:[]},&quot;classic_row_gap_tablet&quot;:{&quot;unit&quot;:&quot;px&quot;,&quot;size&quot;:&quot;&quot;,&quot;sizes&quot;:[]},&quot;classic_row_gap_mobile&quot;:{&quot;unit&quot;:&quot;px&quot;,&quot;size&quot;:&quot;&quot;,&quot;sizes&quot;:[]}}\" data-widget_type=\"posts.classic\">\n\t\t\t\t<div class=\"elementor-widget-container\">\n\t\t\t\t\t<div class=\"elementor-posts-container elementor-posts elementor-posts--skin-classic elementor-grid\">\n\t\t\t\t<article class=\"elementor-post elementor-grid-item post-161292 post type-post status-publish format-standard hentry category-z246-acoi-seo-corp\">\n\t\t\t\t<div class=\"elementor-post__text\">\n\t\t\t\t<h3 class=\"elementor-post__title\">\n\t\t\t<a href=\"https:\/\/acoi.com.br\/conteudocorp\/galpoes-industriais-em-paulinia-a-base-do-seu-sucesso-com-a-acoi-construtora\/\" >\n\t\t\t\tGalp\u00f5es Industriais em Paul\u00ednia: A Base do Seu Sucesso com a ACOI Construtora\t\t\t<\/a>\n\t\t<\/h3>\n\t\t\t\t<\/div>\n\t\t\t\t<\/article>\n\t\t\t\t<article class=\"elementor-post elementor-grid-item post-161291 post type-post status-publish format-standard hentry category-z246-acoi-seo-corp\">\n\t\t\t\t<div class=\"elementor-post__text\">\n\t\t\t\t<h3 class=\"elementor-post__title\">\n\t\t\t<a href=\"https:\/\/acoi.com.br\/conteudocorp\/infraestrutura-em-jundiai-a-revolucao-das-obras-e-a-contribuicao-da-acoi-construtora\/\" >\n\t\t\t\tInfraestrutura em Jundia\u00ed: A Revolu\u00e7\u00e3o das Obras e a Contribui\u00e7\u00e3o da ACOI Construtora\t\t\t<\/a>\n\t\t<\/h3>\n\t\t\t\t<\/div>\n\t\t\t\t<\/article>\n\t\t\t\t<article class=\"elementor-post elementor-grid-item post-161289 post type-post status-publish format-standard hentry category-z246-acoi-seo-corp\">\n\t\t\t\t<div class=\"elementor-post__text\">\n\t\t\t\t<h3 class=\"elementor-post__title\">\n\t\t\t<a href=\"https:\/\/acoi.com.br\/conteudocorp\/transformando-vinhedo-obras-comerciais-que-impulsionam-o-futuro-4\/\" >\n\t\t\t\tTransformando Vinhedo: Obras Comerciais que Impulsionam o Futuro\t\t\t<\/a>\n\t\t<\/h3>\n\t\t\t\t<\/div>\n\t\t\t\t<\/article>\n\t\t\t\t<article class=\"elementor-post elementor-grid-item post-161287 post type-post status-publish format-standard hentry category-z246-acoi-seo-corp\">\n\t\t\t\t<div class=\"elementor-post__text\">\n\t\t\t\t<h3 class=\"elementor-post__title\">\n\t\t\t<a href=\"https:\/\/acoi.com.br\/conteudocorp\/transformando-sumare-as-melhores-obras-comerciais-com-a-acoi-construtora-39\/\" >\n\t\t\t\tTransformando Sumar\u00e9: As Melhores Obras Comerciais com a ACOI Construtora\t\t\t<\/a>\n\t\t<\/h3>\n\t\t\t\t<\/div>\n\t\t\t\t<\/article>\n\t\t\t\t<article class=\"elementor-post elementor-grid-item post-161286 post type-post status-publish format-standard hentry category-z246-acoi-seo-corp\">\n\t\t\t\t<div class=\"elementor-post__text\">\n\t\t\t\t<h3 class=\"elementor-post__title\">\n\t\t\t<a href=\"https:\/\/acoi.com.br\/conteudocorp\/transformando-valinhos-o-impacto-das-obras-de-infraestrutura-na-cidade-30\/\" >\n\t\t\t\tTransformando Valinhos: O Impacto das Obras de Infraestrutura na Cidade\t\t\t<\/a>\n\t\t<\/h3>\n\t\t\t\t<\/div>\n\t\t\t\t<\/article>\n\t\t\t\t<article class=\"elementor-post elementor-grid-item post-161284 post type-post status-publish format-standard hentry category-z246-acoi-seo-corp\">\n\t\t\t\t<div class=\"elementor-post__text\">\n\t\t\t\t<h3 class=\"elementor-post__title\">\n\t\t\t<a href=\"https:\/\/acoi.com.br\/conteudocorp\/transformando-indaiatuba-projetos-de-construcao-que-fazem-a-diferenca-18\/\" >\n\t\t\t\tTransformando Indaiatuba: Projetos de Constru\u00e7\u00e3o que Fazem a Diferen\u00e7a\t\t\t<\/a>\n\t\t<\/h3>\n\t\t\t\t<\/div>\n\t\t\t\t<\/article>\n\t\t\t\t<article class=\"elementor-post elementor-grid-item post-161283 post type-post status-publish format-standard hentry category-z246-acoi-seo-corp\">\n\t\t\t\t<div class=\"elementor-post__text\">\n\t\t\t\t<h3 class=\"elementor-post__title\">\n\t\t\t<a href=\"https:\/\/acoi.com.br\/conteudocorp\/galpoes-logisticos-em-vinhedo-construindo-o-futuro-do-comercio-e-da-industria\/\" >\n\t\t\t\tGalp\u00f5es Log\u00edsticos em Vinhedo: Construindo o Futuro do Com\u00e9rcio e da Ind\u00fastria\t\t\t<\/a>\n\t\t<\/h3>\n\t\t\t\t<\/div>\n\t\t\t\t<\/article>\n\t\t\t\t<article class=\"elementor-post elementor-grid-item post-161281 post type-post status-publish format-standard hentry category-z246-acoi-seo-corp\">\n\t\t\t\t<div class=\"elementor-post__text\">\n\t\t\t\t<h3 class=\"elementor-post__title\">\n\t\t\t<a href=\"https:\/\/acoi.com.br\/conteudocorp\/transformando-sonhos-em-realidade-projetos-de-construcao-em-nova-odessa-com-a-acoi-20\/\" >\n\t\t\t\tTransformando Sonhos em Realidade: Projetos de Constru\u00e7\u00e3o em Nova Odessa com a ACOI\t\t\t<\/a>\n\t\t<\/h3>\n\t\t\t\t<\/div>\n\t\t\t\t<\/article>\n\t\t\t\t<\/div>\n\t\t\n\t\t\t\t<\/div>\n\t\t\t\t<\/div>\n\t\t\t\t\t<\/div>\n\t\t\t\t<\/div>\n\t\t<div class=\"elementor-element elementor-element-39a00b4 e-flex e-con-boxed e-con e-parent\" data-id=\"39a00b4\" data-element_type=\"container\" data-settings=\"{&quot;background_background&quot;:&quot;classic&quot;}\">\n\t\t\t\t\t<div class=\"e-con-inner\">\n\t\t\t\t<div class=\"elementor-element elementor-element-1690778 elementor-widget elementor-widget-heading\" data-id=\"1690778\" data-element_type=\"widget\" data-widget_type=\"heading.default\">\n\t\t\t\t<div class=\"elementor-widget-container\">\n\t\t\t<h2 class=\"elementor-heading-title elementor-size-default\">Content Authority<\/h2>\t\t<\/div>\n\t\t\t\t<\/div>\n\t\t\t\t\t<\/div>\n\t\t\t\t<\/div>\n\t\t\t\t<\/div>\n\t\t","protected":false},"excerpt":{"rendered":"<p>\u00c1rea de conte\u00fado Landing Expert\u200b Simple Post\u200b Content Authority<\/p>\n","protected":false},"author":1,"featured_media":0,"parent":0,"menu_order":0,"comment_status":"closed","ping_status":"closed","template":"page-templates\/template-pagebuilder-full-width.php","meta":{"_acf_changed":false,"_yoast_wpseo_focuskw":"","_yoast_wpseo_title":"","_yoast_wpseo_metadesc":"","neve_meta_sidebar":"","neve_meta_container":"","neve_meta_enable_content_width":"","neve_meta_content_width":0,"neve_meta_title_alignment":"","neve_meta_author_avatar":"","neve_post_elements_order":"","neve_meta_disable_header":"","neve_meta_disable_footer":"","neve_meta_disable_title":"","footnotes":""},"class_list":["post-85","page","type-page","status-publish","hentry"],"acf":{"introducao":"","conceitos_fundamentais":"","como_funciona":"","como_aplicar_no_dia_a_dia":"","principais_utilizacoes_e_beneficios":"","tipos_e_classificacoes":"","tecnologias_e_ferramentas_relacionadas":"","exemplos_e_casos_de_sucesso":"","mitos_e_verdades":"","perguntas_frequentes_faq":"","erros_comuns_e_como_evita-los":"","futuro_e_tendencias":"","conclusao":"","bloco1title":"","bloco1text":"","bloco2title":"","bloco2text":"","bloco3title":"","bloco3text":"","insightwidtitle":"","insightwidcontent":""},"yoast_head":"<!-- This site is optimized with the Yoast SEO plugin v23.4 - https:\/\/yoast.com\/wordpress\/plugins\/seo\/ -->\n<title>Home - Acoi Corp<\/title>\n<meta name=\"robots\" content=\"index, follow, max-snippet:-1, max-image-preview:large, max-video-preview:-1\" \/>\n<link rel=\"canonical\" href=\"https:\/\/acoi.com.br\/conteudocorp\/\" \/>\n<meta property=\"og:locale\" content=\"pt_BR\" \/>\n<meta property=\"og:type\" content=\"article\" \/>\n<meta property=\"og:title\" content=\"Home - Acoi Corp\" \/>\n<meta property=\"og:description\" content=\"\u00c1rea de conte\u00fado Landing Expert\u200b Simple Post\u200b Content Authority\" \/>\n<meta property=\"og:url\" content=\"https:\/\/acoi.com.br\/conteudocorp\/\" \/>\n<meta property=\"og:site_name\" content=\"Acoi Corp\" \/>\n<meta property=\"article:modified_time\" content=\"2025-02-24T19:18:27+00:00\" \/>\n<meta name=\"twitter:card\" content=\"summary_large_image\" \/>\n<meta name=\"twitter:label1\" content=\"Est. tempo de leitura\" \/>\n\t<meta name=\"twitter:data1\" content=\"1 minuto\" \/>\n<script type=\"application\/ld+json\" class=\"yoast-schema-graph\">{\"@context\":\"https:\/\/schema.org\",\"@graph\":[{\"@type\":\"WebPage\",\"@id\":\"https:\/\/acoi.com.br\/conteudocorp\/\",\"url\":\"https:\/\/acoi.com.br\/conteudocorp\/\",\"name\":\"Home - Acoi Corp\",\"isPartOf\":{\"@id\":\"https:\/\/acoi.com.br\/conteudocorp\/#website\"},\"datePublished\":\"2025-02-12T17:46:40+00:00\",\"dateModified\":\"2025-02-24T19:18:27+00:00\",\"breadcrumb\":{\"@id\":\"https:\/\/acoi.com.br\/conteudocorp\/#breadcrumb\"},\"inLanguage\":\"pt-BR\",\"potentialAction\":[{\"@type\":\"ReadAction\",\"target\":[\"https:\/\/acoi.com.br\/conteudocorp\/\"]}]},{\"@type\":\"BreadcrumbList\",\"@id\":\"https:\/\/acoi.com.br\/conteudocorp\/#breadcrumb\",\"itemListElement\":[{\"@type\":\"ListItem\",\"position\":1,\"name\":\"Home\",\"item\":\"https:\/\/acoi.com.br\/conteudocorp\/\"},{\"@type\":\"ListItem\",\"position\":2,\"name\":\"Home\"}]},{\"@type\":\"WebSite\",\"@id\":\"https:\/\/acoi.com.br\/conteudocorp\/#website\",\"url\":\"https:\/\/acoi.com.br\/conteudocorp\/\",\"name\":\"Acoi Corp\",\"description\":\"\",\"potentialAction\":[{\"@type\":\"SearchAction\",\"target\":{\"@type\":\"EntryPoint\",\"urlTemplate\":\"https:\/\/acoi.com.br\/conteudocorp\/?s={search_term_string}\"},\"query-input\":{\"@type\":\"PropertyValueSpecification\",\"valueRequired\":true,\"valueName\":\"search_term_string\"}}],\"inLanguage\":\"pt-BR\"}]}<\/script>\n<!-- \/ Yoast SEO plugin. -->","yoast_head_json":{"title":"Home - Acoi Corp","robots":{"index":"index","follow":"follow","max-snippet":"max-snippet:-1","max-image-preview":"max-image-preview:large","max-video-preview":"max-video-preview:-1"},"canonical":"https:\/\/acoi.com.br\/conteudocorp\/","og_locale":"pt_BR","og_type":"article","og_title":"Home - Acoi Corp","og_description":"\u00c1rea de conte\u00fado Landing Expert\u200b Simple Post\u200b Content Authority","og_url":"https:\/\/acoi.com.br\/conteudocorp\/","og_site_name":"Acoi Corp","article_modified_time":"2025-02-24T19:18:27+00:00","twitter_card":"summary_large_image","twitter_misc":{"Est. tempo de leitura":"1 minuto"},"schema":{"@context":"https:\/\/schema.org","@graph":[{"@type":"WebPage","@id":"https:\/\/acoi.com.br\/conteudocorp\/","url":"https:\/\/acoi.com.br\/conteudocorp\/","name":"Home - Acoi Corp","isPartOf":{"@id":"https:\/\/acoi.com.br\/conteudocorp\/#website"},"datePublished":"2025-02-12T17:46:40+00:00","dateModified":"2025-02-24T19:18:27+00:00","breadcrumb":{"@id":"https:\/\/acoi.com.br\/conteudocorp\/#breadcrumb"},"inLanguage":"pt-BR","potentialAction":[{"@type":"ReadAction","target":["https:\/\/acoi.com.br\/conteudocorp\/"]}]},{"@type":"BreadcrumbList","@id":"https:\/\/acoi.com.br\/conteudocorp\/#breadcrumb","itemListElement":[{"@type":"ListItem","position":1,"name":"Home","item":"https:\/\/acoi.com.br\/conteudocorp\/"},{"@type":"ListItem","position":2,"name":"Home"}]},{"@type":"WebSite","@id":"https:\/\/acoi.com.br\/conteudocorp\/#website","url":"https:\/\/acoi.com.br\/conteudocorp\/","name":"Acoi Corp","description":"","potentialAction":[{"@type":"SearchAction","target":{"@type":"EntryPoint","urlTemplate":"https:\/\/acoi.com.br\/conteudocorp\/?s={search_term_string}"},"query-input":{"@type":"PropertyValueSpecification","valueRequired":true,"valueName":"search_term_string"}}],"inLanguage":"pt-BR"}]}},"_links":{"self":[{"href":"https:\/\/acoi.com.br\/conteudocorp\/wp-json\/wp\/v2\/pages\/85","targetHints":{"allow":["GET"]}}],"collection":[{"href":"https:\/\/acoi.com.br\/conteudocorp\/wp-json\/wp\/v2\/pages"}],"about":[{"href":"https:\/\/acoi.com.br\/conteudocorp\/wp-json\/wp\/v2\/types\/page"}],"author":[{"embeddable":true,"href":"https:\/\/acoi.com.br\/conteudocorp\/wp-json\/wp\/v2\/users\/1"}],"replies":[{"embeddable":true,"href":"https:\/\/acoi.com.br\/conteudocorp\/wp-json\/wp\/v2\/comments?post=85"}],"version-history":[{"count":22,"href":"https:\/\/acoi.com.br\/conteudocorp\/wp-json\/wp\/v2\/pages\/85\/revisions"}],"predecessor-version":[{"id":1928,"href":"https:\/\/acoi.com.br\/conteudocorp\/wp-json\/wp\/v2\/pages\/85\/revisions\/1928"}],"wp:attachment":[{"href":"https:\/\/acoi.com.br\/conteudocorp\/wp-json\/wp\/v2\/media?parent=85"}],"curies":[{"name":"wp","href":"https:\/\/api.w.org\/{rel}","templated":true}]}}