{"id":9393,"date":"2025-03-15T01:10:47","date_gmt":"2025-03-15T01:10:47","guid":{"rendered":"https:\/\/acoi.com.br\/conteudocorp\/construindo-o-futuro-obras-industriais-em-indaiatuba-com-a-acoi-2\/"},"modified":"2025-03-15T01:10:47","modified_gmt":"2025-03-15T01:10:47","slug":"construindo-o-futuro-obras-industriais-em-indaiatuba-com-a-acoi-2","status":"publish","type":"page","link":"https:\/\/acoi.com.br\/conteudocorp\/construindo-o-futuro-obras-industriais-em-indaiatuba-com-a-acoi-2\/","title":{"rendered":"Construindo o Futuro: Obras Industriais em Indaiatuba com a Acoi"},"content":{"rendered":"<p><strong>Inova\u00e7\u00e3o e Sustentabilidade nas Obras Industriais<\/strong><\/p>\n<p>Indaiatuba se destaca como um polo industrial em crescimento, e as obras industriais desempenham um papel fundamental nesse contexto. A Acoi, consolidada como refer\u00eancia no setor, alia alta tecnologia e compromisso com a sustentabilidade em seus projetos. Nossa equipe de especialistas garante a entrega de obras que atendem \u00e0s necessidades espec\u00edficas de cada cliente, respaldadas por um planejamento minucioso e uma execu\u00e7\u00e3o precisa.<\/p>\n<p>Colaboramos com as melhores pr\u00e1ticas de engenharia para assegurar que cada empreendimento n\u00e3o apenas cumpra com os prazos, mas tamb\u00e9m supere os padr\u00f5es de qualidade e efici\u00eancia esperados. A Acoi adota uma abordagem multidisciplinar que assegura resultados funcionais e modernos.<\/p>\n<p>Al\u00e9m disso, a Acoi valoriza a confian\u00e7a em suas rela\u00e7\u00f5es, solidificando parcerias duradouras com seus clientes. Nossa miss\u00e3o \u00e9 projetar e construir de forma a melhorar a qualidade de vida das pessoas e a competitividade das empresas. <\/p>\n<p>Ao escolher a Acoi, voc\u00ea n\u00e3o est\u00e1 apenas optando por um servi\u00e7o de constru\u00e7\u00e3o, mas sim por um parceiro de confian\u00e7a na realiza\u00e7\u00e3o de seus projetos industriais. Junte-se \u00e0 Acoi e construa o futuro que voc\u00ea deseja em Indaiatuba.<\/p>\n","protected":false},"excerpt":{"rendered":"<p>Inova\u00e7\u00e3o e Sustentabilidade nas Obras Industriais Indaiatuba se destaca como um polo industrial em crescimento, e as obras industriais desempenham um papel fundamental nesse contexto. A Acoi, consolidada como refer\u00eancia no setor, alia alta tecnologia e compromisso com a sustentabilidade em seus projetos. Nossa equipe de especialistas garante a entrega de obras que atendem \u00e0s&hellip;&nbsp;<a href=\"https:\/\/acoi.com.br\/conteudocorp\/construindo-o-futuro-obras-industriais-em-indaiatuba-com-a-acoi-2\/\" class=\"\" rel=\"bookmark\">Continue a ler &raquo;<span class=\"screen-reader-text\">Construindo o Futuro: Obras Industriais em Indaiatuba com a Acoi<\/span><\/a><\/p>\n","protected":false},"author":3,"featured_media":0,"parent":0,"menu_order":0,"comment_status":"closed","ping_status":"closed","template":"","meta":{"_acf_changed":false,"_yoast_wpseo_focuskw":"Obras Industriais em Indaiatuba","_yoast_wpseo_title":"Acoi: Refer\u00eancia em Obras Industriais em Indaiatuba","_yoast_wpseo_metadesc":"Descubra as principais caracter\u00edsticas das obras industriais em Indaiatuba e como a Acoi se destaca nesse mercado.","neve_meta_sidebar":"","neve_meta_container":"","neve_meta_enable_content_width":"","neve_meta_content_width":0,"neve_meta_title_alignment":"","neve_meta_author_avatar":"","neve_post_elements_order":"","neve_meta_disable_header":"","neve_meta_disable_footer":"","neve_meta_disable_title":"","footnotes":""},"class_list":["post-9393","page","type-page","status-publish","hentry"],"acf":{"introducao":"","conceitos_fundamentais":"","como_funciona":"","como_aplicar_no_dia_a_dia":"","principais_utilizacoes_e_beneficios":"","tipos_e_classificacoes":"","tecnologias_e_ferramentas_relacionadas":"","exemplos_e_casos_de_sucesso":"","mitos_e_verdades":"","perguntas_frequentes_faq":"","erros_comuns_e_como_evita-los":"","futuro_e_tendencias":"","conclusao":"","bloco1title":"Qualidade Comprovada","bloco1text":"Na Acoi, a qualidade \u00e9 nosso diferencial. Temos mais de 100 mil m\u00b2 constru\u00eddos com excel\u00eancia em cada detalhe.","bloco2title":"Tecnologia Inovadora","bloco2text":"Utilizamos tecnologia de ponta para garantir efici\u00eancia e seguran\u00e7a nas obras industriais que realizamos.","bloco3title":"Impacto Sustent\u00e1vel","bloco3text":"Nossas obras n\u00e3o s\u00e3o apenas funcionais, mas tamb\u00e9m sustent\u00e1veis, contribuindo para o futuro do meio ambiente e da sociedade.","insightwidtitle":"Curiosidades sobre Indaiatuba","insightwidcontent":"Indaiatuba \u00e9 conhecida por seu crescimento industrial acelerado. Al\u00e9m de ser um polo log\u00edstico, a cidade abriga diversos setor industriais, o que impulsiona a economia local. Segundo dados recentes, a regi\u00e3o possui uma infraestrutura s\u00f3lida que atrai investimentos e incentiva novas obras, tornando-se um ambiente perfeito para empresas em expans\u00e3o."},"yoast_head":"<!-- This site is optimized with the Yoast SEO plugin v23.4 - https:\/\/yoast.com\/wordpress\/plugins\/seo\/ -->\n<title>Acoi: Refer\u00eancia em Obras Industriais em Indaiatuba<\/title>\n<meta name=\"description\" content=\"Descubra as principais caracter\u00edsticas das obras industriais em Indaiatuba e como a Acoi se destaca nesse mercado.\" \/>\n<meta name=\"robots\" content=\"index, follow, max-snippet:-1, max-image-preview:large, max-video-preview:-1\" \/>\n<link rel=\"canonical\" href=\"https:\/\/acoi.com.br\/conteudocorp\/construindo-o-futuro-obras-industriais-em-indaiatuba-com-a-acoi-2\/\" \/>\n<meta property=\"og:locale\" content=\"pt_BR\" \/>\n<meta property=\"og:type\" content=\"article\" \/>\n<meta property=\"og:title\" content=\"Acoi: Refer\u00eancia em Obras Industriais em Indaiatuba\" \/>\n<meta property=\"og:description\" content=\"Descubra as principais caracter\u00edsticas das obras industriais em Indaiatuba e como a Acoi se destaca nesse mercado.\" \/>\n<meta property=\"og:url\" content=\"https:\/\/acoi.com.br\/conteudocorp\/construindo-o-futuro-obras-industriais-em-indaiatuba-com-a-acoi-2\/\" \/>\n<meta property=\"og:site_name\" content=\"Acoi Corp\" \/>\n<meta name=\"twitter:card\" content=\"summary_large_image\" \/>\n<meta name=\"twitter:label1\" content=\"Est. tempo de leitura\" \/>\n\t<meta name=\"twitter:data1\" content=\"1 minuto\" \/>\n<script type=\"application\/ld+json\" class=\"yoast-schema-graph\">{\"@context\":\"https:\/\/schema.org\",\"@graph\":[{\"@type\":\"WebPage\",\"@id\":\"https:\/\/acoi.com.br\/conteudocorp\/construindo-o-futuro-obras-industriais-em-indaiatuba-com-a-acoi-2\/\",\"url\":\"https:\/\/acoi.com.br\/conteudocorp\/construindo-o-futuro-obras-industriais-em-indaiatuba-com-a-acoi-2\/\",\"name\":\"Acoi: Refer\u00eancia em Obras Industriais em Indaiatuba\",\"isPartOf\":{\"@id\":\"https:\/\/acoi.com.br\/conteudocorp\/#website\"},\"datePublished\":\"2025-03-15T01:10:47+00:00\",\"dateModified\":\"2025-03-15T01:10:47+00:00\",\"description\":\"Descubra as principais caracter\u00edsticas das obras industriais em Indaiatuba e como a Acoi se destaca nesse mercado.\",\"breadcrumb\":{\"@id\":\"https:\/\/acoi.com.br\/conteudocorp\/construindo-o-futuro-obras-industriais-em-indaiatuba-com-a-acoi-2\/#breadcrumb\"},\"inLanguage\":\"pt-BR\",\"potentialAction\":[{\"@type\":\"ReadAction\",\"target\":[\"https:\/\/acoi.com.br\/conteudocorp\/construindo-o-futuro-obras-industriais-em-indaiatuba-com-a-acoi-2\/\"]}]},{\"@type\":\"BreadcrumbList\",\"@id\":\"https:\/\/acoi.com.br\/conteudocorp\/construindo-o-futuro-obras-industriais-em-indaiatuba-com-a-acoi-2\/#breadcrumb\",\"itemListElement\":[{\"@type\":\"ListItem\",\"position\":1,\"name\":\"Home\",\"item\":\"https:\/\/acoi.com.br\/conteudocorp\/\"},{\"@type\":\"ListItem\",\"position\":2,\"name\":\"Construindo o Futuro: Obras Industriais em Indaiatuba com a Acoi\"}]},{\"@type\":\"WebSite\",\"@id\":\"https:\/\/acoi.com.br\/conteudocorp\/#website\",\"url\":\"https:\/\/acoi.com.br\/conteudocorp\/\",\"name\":\"Acoi Corp\",\"description\":\"\",\"potentialAction\":[{\"@type\":\"SearchAction\",\"target\":{\"@type\":\"EntryPoint\",\"urlTemplate\":\"https:\/\/acoi.com.br\/conteudocorp\/?s={search_term_string}\"},\"query-input\":{\"@type\":\"PropertyValueSpecification\",\"valueRequired\":true,\"valueName\":\"search_term_string\"}}],\"inLanguage\":\"pt-BR\"}]}<\/script>\n<!-- \/ Yoast SEO plugin. -->","yoast_head_json":{"title":"Acoi: Refer\u00eancia em Obras Industriais em Indaiatuba","description":"Descubra as principais caracter\u00edsticas das obras industriais em Indaiatuba e como a Acoi se destaca nesse mercado.","robots":{"index":"index","follow":"follow","max-snippet":"max-snippet:-1","max-image-preview":"max-image-preview:large","max-video-preview":"max-video-preview:-1"},"canonical":"https:\/\/acoi.com.br\/conteudocorp\/construindo-o-futuro-obras-industriais-em-indaiatuba-com-a-acoi-2\/","og_locale":"pt_BR","og_type":"article","og_title":"Acoi: Refer\u00eancia em Obras Industriais em Indaiatuba","og_description":"Descubra as principais caracter\u00edsticas das obras industriais em Indaiatuba e como a Acoi se destaca nesse mercado.","og_url":"https:\/\/acoi.com.br\/conteudocorp\/construindo-o-futuro-obras-industriais-em-indaiatuba-com-a-acoi-2\/","og_site_name":"Acoi Corp","twitter_card":"summary_large_image","twitter_misc":{"Est. tempo de leitura":"1 minuto"},"schema":{"@context":"https:\/\/schema.org","@graph":[{"@type":"WebPage","@id":"https:\/\/acoi.com.br\/conteudocorp\/construindo-o-futuro-obras-industriais-em-indaiatuba-com-a-acoi-2\/","url":"https:\/\/acoi.com.br\/conteudocorp\/construindo-o-futuro-obras-industriais-em-indaiatuba-com-a-acoi-2\/","name":"Acoi: Refer\u00eancia em Obras Industriais em Indaiatuba","isPartOf":{"@id":"https:\/\/acoi.com.br\/conteudocorp\/#website"},"datePublished":"2025-03-15T01:10:47+00:00","dateModified":"2025-03-15T01:10:47+00:00","description":"Descubra as principais caracter\u00edsticas das obras industriais em Indaiatuba e como a Acoi se destaca nesse mercado.","breadcrumb":{"@id":"https:\/\/acoi.com.br\/conteudocorp\/construindo-o-futuro-obras-industriais-em-indaiatuba-com-a-acoi-2\/#breadcrumb"},"inLanguage":"pt-BR","potentialAction":[{"@type":"ReadAction","target":["https:\/\/acoi.com.br\/conteudocorp\/construindo-o-futuro-obras-industriais-em-indaiatuba-com-a-acoi-2\/"]}]},{"@type":"BreadcrumbList","@id":"https:\/\/acoi.com.br\/conteudocorp\/construindo-o-futuro-obras-industriais-em-indaiatuba-com-a-acoi-2\/#breadcrumb","itemListElement":[{"@type":"ListItem","position":1,"name":"Home","item":"https:\/\/acoi.com.br\/conteudocorp\/"},{"@type":"ListItem","position":2,"name":"Construindo o Futuro: Obras Industriais em Indaiatuba com a Acoi"}]},{"@type":"WebSite","@id":"https:\/\/acoi.com.br\/conteudocorp\/#website","url":"https:\/\/acoi.com.br\/conteudocorp\/","name":"Acoi Corp","description":"","potentialAction":[{"@type":"SearchAction","target":{"@type":"EntryPoint","urlTemplate":"https:\/\/acoi.com.br\/conteudocorp\/?s={search_term_string}"},"query-input":{"@type":"PropertyValueSpecification","valueRequired":true,"valueName":"search_term_string"}}],"inLanguage":"pt-BR"}]}},"_links":{"self":[{"href":"https:\/\/acoi.com.br\/conteudocorp\/wp-json\/wp\/v2\/pages\/9393","targetHints":{"allow":["GET"]}}],"collection":[{"href":"https:\/\/acoi.com.br\/conteudocorp\/wp-json\/wp\/v2\/pages"}],"about":[{"href":"https:\/\/acoi.com.br\/conteudocorp\/wp-json\/wp\/v2\/types\/page"}],"author":[{"embeddable":true,"href":"https:\/\/acoi.com.br\/conteudocorp\/wp-json\/wp\/v2\/users\/3"}],"replies":[{"embeddable":true,"href":"https:\/\/acoi.com.br\/conteudocorp\/wp-json\/wp\/v2\/comments?post=9393"}],"version-history":[{"count":0,"href":"https:\/\/acoi.com.br\/conteudocorp\/wp-json\/wp\/v2\/pages\/9393\/revisions"}],"wp:attachment":[{"href":"https:\/\/acoi.com.br\/conteudocorp\/wp-json\/wp\/v2\/media?parent=9393"}],"curies":[{"name":"wp","href":"https:\/\/api.w.org\/{rel}","templated":true}]}}