{"id":946,"date":"2025-02-18T07:46:10","date_gmt":"2025-02-18T07:46:10","guid":{"rendered":"https:\/\/acoi.com.br\/conteudocorp\/galpoes-industriais-em-itupeva-a-solucao-ideal-para-seu-negocio-2\/"},"modified":"2025-02-18T07:46:10","modified_gmt":"2025-02-18T07:46:10","slug":"galpoes-industriais-em-itupeva-a-solucao-ideal-para-seu-negocio-2","status":"publish","type":"page","link":"https:\/\/acoi.com.br\/conteudocorp\/galpoes-industriais-em-itupeva-a-solucao-ideal-para-seu-negocio-2\/","title":{"rendered":"Galp\u00f5es Industriais em Itupeva: A Solu\u00e7\u00e3o Ideal para Seu Neg\u00f3cio"},"content":{"rendered":"<p>Ao escolher um galp\u00e3o industrial em Itupeva, voc\u00ea opta por um espa\u00e7o que alia localiza\u00e7\u00e3o estrat\u00e9gica e infraestrutura moderna. A regi\u00e3o se destaca pela proximidade com as principais rodovias do Brasil, facilitando a log\u00edstica e o escoamento de produtos. Com a Acoi, voc\u00ea tem a certeza de um projeto sob medida, desenvolvido por uma equipe experiente que garante qualidade e inova\u00e7\u00e3o em cada detalhe. Nossa miss\u00e3o \u00e9 proporcionar solu\u00e7\u00f5es construtivas que promovam a qualidade de vida e o crescimento do seu neg\u00f3cio.<\/p>\n","protected":false},"excerpt":{"rendered":"<p>Ao escolher um galp\u00e3o industrial em Itupeva, voc\u00ea opta por um espa\u00e7o que alia localiza\u00e7\u00e3o estrat\u00e9gica e infraestrutura moderna. A regi\u00e3o se destaca pela proximidade com as principais rodovias do Brasil, facilitando a log\u00edstica e o escoamento de produtos. Com a Acoi, voc\u00ea tem a certeza de um projeto sob medida, desenvolvido por uma equipe&hellip;&nbsp;<a href=\"https:\/\/acoi.com.br\/conteudocorp\/galpoes-industriais-em-itupeva-a-solucao-ideal-para-seu-negocio-2\/\" class=\"\" rel=\"bookmark\">Continue a ler &raquo;<span class=\"screen-reader-text\">Galp\u00f5es Industriais em Itupeva: A Solu\u00e7\u00e3o Ideal para Seu Neg\u00f3cio<\/span><\/a><\/p>\n","protected":false},"author":3,"featured_media":0,"parent":0,"menu_order":0,"comment_status":"closed","ping_status":"closed","template":"","meta":{"_acf_changed":false,"_yoast_wpseo_focuskw":"Galp\u00f5es industriais em Itupeva","_yoast_wpseo_title":"Galp\u00f5es Industriais em Itupeva - Acoi, Constru\u00e7\u00e3o de Qualidade e Inova\u00e7\u00e3o","_yoast_wpseo_metadesc":"Descubra tudo sobre galp\u00f5es industriais em Itupeva com a Acoi, refer\u00eancia em constru\u00e7\u00f5es sustent\u00e1veis e inovadoras.","neve_meta_sidebar":"","neve_meta_container":"","neve_meta_enable_content_width":"","neve_meta_content_width":0,"neve_meta_title_alignment":"","neve_meta_author_avatar":"","neve_post_elements_order":"","neve_meta_disable_header":"","neve_meta_disable_footer":"","neve_meta_disable_title":"","footnotes":""},"class_list":["post-946","page","type-page","status-publish","hentry"],"acf":{"introducao":"","conceitos_fundamentais":"","como_funciona":"","como_aplicar_no_dia_a_dia":"","principais_utilizacoes_e_beneficios":"","tipos_e_classificacoes":"","tecnologias_e_ferramentas_relacionadas":"","exemplos_e_casos_de_sucesso":"","mitos_e_verdades":"","perguntas_frequentes_faq":"","erros_comuns_e_como_evita-los":"","futuro_e_tendencias":"","conclusao":"","bloco1title":"Localiza\u00e7\u00e3o Estrat\u00e9gica","bloco1text":"Itupeva \u00e9 geograficamente privilegiada, oferecendo acesso r\u00e1pido \u00e0s principais rodovias, o que otimiza a log\u00edstica de transporte para as empresas.","bloco2title":"Constru\u00e7\u00e3o Sustent\u00e1vel","bloco2text":"Os galp\u00f5es da Acoi s\u00e3o projetados para serem sustent\u00e1veis, com foco em efici\u00eancia energ\u00e9tica e uso de materiais ecol\u00f3gicos.","bloco3title":"Inova\u00e7\u00e3o e Tecnologia","bloco3text":"Nossos projetos incorporam tecnologia de ponta, assegurando que seu galp\u00e3o industrial esteja sempre \u00e0 frente, facilitando adapta\u00e7\u00f5es no futuro.","insightwidtitle":"Curiosidades sobre Itupeva","insightwidcontent":"Al\u00e9m de ser uma localiza\u00e7\u00e3o estrat\u00e9gica para galp\u00f5es industriais, Itupeva tamb\u00e9m abriga um dos parques tem\u00e1ticos mais famosos do Brasil, o Hopi Hari. Essa combina\u00e7\u00e3o de neg\u00f3cios e turismo destaca a versatilidade e o potencial da regi\u00e3o para diversas \u00e1reas, incluindo o setor log\u00edstico e industrial."},"yoast_head":"<!-- This site is optimized with the Yoast SEO plugin v23.4 - https:\/\/yoast.com\/wordpress\/plugins\/seo\/ -->\n<title>Galp\u00f5es Industriais em Itupeva - Acoi, Constru\u00e7\u00e3o de Qualidade e Inova\u00e7\u00e3o<\/title>\n<meta name=\"description\" content=\"Descubra tudo sobre galp\u00f5es industriais em Itupeva com a Acoi, refer\u00eancia em constru\u00e7\u00f5es sustent\u00e1veis e inovadoras.\" \/>\n<meta name=\"robots\" content=\"index, follow, max-snippet:-1, max-image-preview:large, max-video-preview:-1\" \/>\n<link rel=\"canonical\" href=\"https:\/\/acoi.com.br\/conteudocorp\/galpoes-industriais-em-itupeva-a-solucao-ideal-para-seu-negocio-2\/\" \/>\n<meta property=\"og:locale\" content=\"pt_BR\" \/>\n<meta property=\"og:type\" content=\"article\" \/>\n<meta property=\"og:title\" content=\"Galp\u00f5es Industriais em Itupeva - Acoi, Constru\u00e7\u00e3o de Qualidade e Inova\u00e7\u00e3o\" \/>\n<meta property=\"og:description\" content=\"Descubra tudo sobre galp\u00f5es industriais em Itupeva com a Acoi, refer\u00eancia em constru\u00e7\u00f5es sustent\u00e1veis e inovadoras.\" \/>\n<meta property=\"og:url\" content=\"https:\/\/acoi.com.br\/conteudocorp\/galpoes-industriais-em-itupeva-a-solucao-ideal-para-seu-negocio-2\/\" \/>\n<meta property=\"og:site_name\" content=\"Acoi Corp\" \/>\n<meta name=\"twitter:card\" content=\"summary_large_image\" \/>\n<script type=\"application\/ld+json\" class=\"yoast-schema-graph\">{\"@context\":\"https:\/\/schema.org\",\"@graph\":[{\"@type\":\"WebPage\",\"@id\":\"https:\/\/acoi.com.br\/conteudocorp\/galpoes-industriais-em-itupeva-a-solucao-ideal-para-seu-negocio-2\/\",\"url\":\"https:\/\/acoi.com.br\/conteudocorp\/galpoes-industriais-em-itupeva-a-solucao-ideal-para-seu-negocio-2\/\",\"name\":\"Galp\u00f5es Industriais em Itupeva - Acoi, Constru\u00e7\u00e3o de Qualidade e Inova\u00e7\u00e3o\",\"isPartOf\":{\"@id\":\"https:\/\/acoi.com.br\/conteudocorp\/#website\"},\"datePublished\":\"2025-02-18T07:46:10+00:00\",\"dateModified\":\"2025-02-18T07:46:10+00:00\",\"description\":\"Descubra tudo sobre galp\u00f5es industriais em Itupeva com a Acoi, refer\u00eancia em constru\u00e7\u00f5es sustent\u00e1veis e inovadoras.\",\"breadcrumb\":{\"@id\":\"https:\/\/acoi.com.br\/conteudocorp\/galpoes-industriais-em-itupeva-a-solucao-ideal-para-seu-negocio-2\/#breadcrumb\"},\"inLanguage\":\"pt-BR\",\"potentialAction\":[{\"@type\":\"ReadAction\",\"target\":[\"https:\/\/acoi.com.br\/conteudocorp\/galpoes-industriais-em-itupeva-a-solucao-ideal-para-seu-negocio-2\/\"]}]},{\"@type\":\"BreadcrumbList\",\"@id\":\"https:\/\/acoi.com.br\/conteudocorp\/galpoes-industriais-em-itupeva-a-solucao-ideal-para-seu-negocio-2\/#breadcrumb\",\"itemListElement\":[{\"@type\":\"ListItem\",\"position\":1,\"name\":\"Home\",\"item\":\"https:\/\/acoi.com.br\/conteudocorp\/\"},{\"@type\":\"ListItem\",\"position\":2,\"name\":\"Galp\u00f5es Industriais em Itupeva: A Solu\u00e7\u00e3o Ideal para Seu Neg\u00f3cio\"}]},{\"@type\":\"WebSite\",\"@id\":\"https:\/\/acoi.com.br\/conteudocorp\/#website\",\"url\":\"https:\/\/acoi.com.br\/conteudocorp\/\",\"name\":\"Acoi Corp\",\"description\":\"\",\"potentialAction\":[{\"@type\":\"SearchAction\",\"target\":{\"@type\":\"EntryPoint\",\"urlTemplate\":\"https:\/\/acoi.com.br\/conteudocorp\/?s={search_term_string}\"},\"query-input\":{\"@type\":\"PropertyValueSpecification\",\"valueRequired\":true,\"valueName\":\"search_term_string\"}}],\"inLanguage\":\"pt-BR\"}]}<\/script>\n<!-- \/ Yoast SEO plugin. -->","yoast_head_json":{"title":"Galp\u00f5es Industriais em Itupeva - Acoi, Constru\u00e7\u00e3o de Qualidade e Inova\u00e7\u00e3o","description":"Descubra tudo sobre galp\u00f5es industriais em Itupeva com a Acoi, refer\u00eancia em constru\u00e7\u00f5es sustent\u00e1veis e inovadoras.","robots":{"index":"index","follow":"follow","max-snippet":"max-snippet:-1","max-image-preview":"max-image-preview:large","max-video-preview":"max-video-preview:-1"},"canonical":"https:\/\/acoi.com.br\/conteudocorp\/galpoes-industriais-em-itupeva-a-solucao-ideal-para-seu-negocio-2\/","og_locale":"pt_BR","og_type":"article","og_title":"Galp\u00f5es Industriais em Itupeva - Acoi, Constru\u00e7\u00e3o de Qualidade e Inova\u00e7\u00e3o","og_description":"Descubra tudo sobre galp\u00f5es industriais em Itupeva com a Acoi, refer\u00eancia em constru\u00e7\u00f5es sustent\u00e1veis e inovadoras.","og_url":"https:\/\/acoi.com.br\/conteudocorp\/galpoes-industriais-em-itupeva-a-solucao-ideal-para-seu-negocio-2\/","og_site_name":"Acoi Corp","twitter_card":"summary_large_image","schema":{"@context":"https:\/\/schema.org","@graph":[{"@type":"WebPage","@id":"https:\/\/acoi.com.br\/conteudocorp\/galpoes-industriais-em-itupeva-a-solucao-ideal-para-seu-negocio-2\/","url":"https:\/\/acoi.com.br\/conteudocorp\/galpoes-industriais-em-itupeva-a-solucao-ideal-para-seu-negocio-2\/","name":"Galp\u00f5es Industriais em Itupeva - Acoi, Constru\u00e7\u00e3o de Qualidade e Inova\u00e7\u00e3o","isPartOf":{"@id":"https:\/\/acoi.com.br\/conteudocorp\/#website"},"datePublished":"2025-02-18T07:46:10+00:00","dateModified":"2025-02-18T07:46:10+00:00","description":"Descubra tudo sobre galp\u00f5es industriais em Itupeva com a Acoi, refer\u00eancia em constru\u00e7\u00f5es sustent\u00e1veis e inovadoras.","breadcrumb":{"@id":"https:\/\/acoi.com.br\/conteudocorp\/galpoes-industriais-em-itupeva-a-solucao-ideal-para-seu-negocio-2\/#breadcrumb"},"inLanguage":"pt-BR","potentialAction":[{"@type":"ReadAction","target":["https:\/\/acoi.com.br\/conteudocorp\/galpoes-industriais-em-itupeva-a-solucao-ideal-para-seu-negocio-2\/"]}]},{"@type":"BreadcrumbList","@id":"https:\/\/acoi.com.br\/conteudocorp\/galpoes-industriais-em-itupeva-a-solucao-ideal-para-seu-negocio-2\/#breadcrumb","itemListElement":[{"@type":"ListItem","position":1,"name":"Home","item":"https:\/\/acoi.com.br\/conteudocorp\/"},{"@type":"ListItem","position":2,"name":"Galp\u00f5es Industriais em Itupeva: A Solu\u00e7\u00e3o Ideal para Seu Neg\u00f3cio"}]},{"@type":"WebSite","@id":"https:\/\/acoi.com.br\/conteudocorp\/#website","url":"https:\/\/acoi.com.br\/conteudocorp\/","name":"Acoi Corp","description":"","potentialAction":[{"@type":"SearchAction","target":{"@type":"EntryPoint","urlTemplate":"https:\/\/acoi.com.br\/conteudocorp\/?s={search_term_string}"},"query-input":{"@type":"PropertyValueSpecification","valueRequired":true,"valueName":"search_term_string"}}],"inLanguage":"pt-BR"}]}},"_links":{"self":[{"href":"https:\/\/acoi.com.br\/conteudocorp\/wp-json\/wp\/v2\/pages\/946","targetHints":{"allow":["GET"]}}],"collection":[{"href":"https:\/\/acoi.com.br\/conteudocorp\/wp-json\/wp\/v2\/pages"}],"about":[{"href":"https:\/\/acoi.com.br\/conteudocorp\/wp-json\/wp\/v2\/types\/page"}],"author":[{"embeddable":true,"href":"https:\/\/acoi.com.br\/conteudocorp\/wp-json\/wp\/v2\/users\/3"}],"replies":[{"embeddable":true,"href":"https:\/\/acoi.com.br\/conteudocorp\/wp-json\/wp\/v2\/comments?post=946"}],"version-history":[{"count":0,"href":"https:\/\/acoi.com.br\/conteudocorp\/wp-json\/wp\/v2\/pages\/946\/revisions"}],"wp:attachment":[{"href":"https:\/\/acoi.com.br\/conteudocorp\/wp-json\/wp\/v2\/media?parent=946"}],"curies":[{"name":"wp","href":"https:\/\/api.w.org\/{rel}","templated":true}]}}