{"id":95584,"date":"2025-10-09T10:55:38","date_gmt":"2025-10-09T10:55:38","guid":{"rendered":"https:\/\/acoi.com.br\/conteudocorp\/galpoes-logisticos-em-itatiba-a-revolucao-do-armazenamento-inteligente\/"},"modified":"2025-10-09T10:55:38","modified_gmt":"2025-10-09T10:55:38","slug":"galpoes-logisticos-em-itatiba-a-revolucao-do-armazenamento-inteligente","status":"publish","type":"page","link":"https:\/\/acoi.com.br\/conteudocorp\/galpoes-logisticos-em-itatiba-a-revolucao-do-armazenamento-inteligente\/","title":{"rendered":"Galp\u00f5es Log\u00edsticos em Itatiba: A Revolu\u00e7\u00e3o do Armazenamento Inteligente"},"content":{"rendered":"<p><strong>Entenda as Vantagens dos Galp\u00f5es Log\u00edsticos<\/strong><br \/>\nOs galp\u00f5es log\u00edsticos em Itatiba s\u00e3o constru\u00eddos com foco na efici\u00eancia e na tecnologia. Ao escolher um galp\u00e3o da Acoi, sua empresa ter\u00e1 acesso a um espa\u00e7o que maximiza a utiliza\u00e7\u00e3o e ainda proporciona um ambiente sustent\u00e1vel. Como uma das regi\u00f5es com maior potencial de crescimento do interior paulista, Itatiba se torna um local estrat\u00e9gico para empresas que buscam expandir suas opera\u00e7\u00f5es. <\/p>\n<p>Ao construir com a Acoi, voc\u00ea garante mais do que um espa\u00e7o f\u00edsico; valoriza seu investimento com solu\u00e7\u00f5es personalizadas que incluem layout otimizado, \u00e1rea de armazenamento adequada e sistemas de seguran\u00e7a integrados. <\/p>\n<p><strong>O Compromisso da Acoi com a Qualidade<\/strong><br \/>\nCom mais de 100 mil m\u00b2 constru\u00eddos, a Acoi se diferencia pela qualidade, pontualidade e inova\u00e7\u00e3o em seus projetos. A experi\u00eancia acumulada ao longo dos anos nos solidifica como refer\u00eancia no setor de constru\u00e7\u00e3o civil. Nossos galp\u00f5es s\u00e3o projetados para atender n\u00e3o somente as necessidades atuais do seu neg\u00f3cio, mas tamb\u00e9m para acompanhar as futuras demandas do mercado. <\/p>\n<p><strong>Conclus\u00e3o: Escolha a Acoi para Seu Galp\u00e3o Log\u00edstico<\/strong><br \/>\nEscolher a Acoi para construir seu galp\u00e3o log\u00edstico em Itatiba \u00e9 investir na confian\u00e7a, no futuro e na efici\u00eancia das suas opera\u00e7\u00f5es. Estamos prontos para transformar suas necessidades em realidades construtivas com excel\u00eancia e qualidade.<\/p>\n","protected":false},"excerpt":{"rendered":"<p>Entenda as Vantagens dos Galp\u00f5es Log\u00edsticos Os galp\u00f5es log\u00edsticos em Itatiba s\u00e3o constru\u00eddos com foco na efici\u00eancia e na tecnologia. Ao escolher um galp\u00e3o da Acoi, sua empresa ter\u00e1 acesso a um espa\u00e7o que maximiza a utiliza\u00e7\u00e3o e ainda proporciona um ambiente sustent\u00e1vel. Como uma das regi\u00f5es com maior potencial de crescimento do interior paulista,&hellip;&nbsp;<a href=\"https:\/\/acoi.com.br\/conteudocorp\/galpoes-logisticos-em-itatiba-a-revolucao-do-armazenamento-inteligente\/\" class=\"\" rel=\"bookmark\">Continue a ler &raquo;<span class=\"screen-reader-text\">Galp\u00f5es Log\u00edsticos em Itatiba: A Revolu\u00e7\u00e3o do Armazenamento Inteligente<\/span><\/a><\/p>\n","protected":false},"author":3,"featured_media":0,"parent":0,"menu_order":0,"comment_status":"closed","ping_status":"closed","template":"","meta":{"_acf_changed":false,"_yoast_wpseo_focuskw":"galp\u00f5es log\u00edsticos em Itatiba","_yoast_wpseo_title":"Galp\u00f5es Log\u00edsticos em Itatiba: Inova\u00e7\u00e3o e Efici\u00eancia com a Acoi","_yoast_wpseo_metadesc":"Descubra as vantagens dos galp\u00f5es log\u00edsticos em Itatiba com a Acoi, refer\u00eancia em constru\u00e7\u00e3o civil. Estrutura moderna e localiza\u00e7\u00e3o estrat\u00e9gica.","neve_meta_sidebar":"","neve_meta_container":"","neve_meta_enable_content_width":"","neve_meta_content_width":0,"neve_meta_title_alignment":"","neve_meta_author_avatar":"","neve_post_elements_order":"","neve_meta_disable_header":"","neve_meta_disable_footer":"","neve_meta_disable_title":"","footnotes":""},"class_list":["post-95584","page","type-page","status-publish","hentry"],"acf":{"introducao":"","conceitos_fundamentais":"","como_funciona":"","como_aplicar_no_dia_a_dia":"","principais_utilizacoes_e_beneficios":"","tipos_e_classificacoes":"","tecnologias_e_ferramentas_relacionadas":"","exemplos_e_casos_de_sucesso":"","mitos_e_verdades":"","perguntas_frequentes_faq":"","erros_comuns_e_como_evita-los":"","futuro_e_tendencias":"","conclusao":"","bloco1title":"Infraestrutura Modern\u00edssima","bloco1text":"Os galp\u00f5es log\u00edsticos da Acoi possuem infraestrutura moderna, essencial para opera\u00e7\u00f5es eficientes e seguras, com tecnologia de ponta e espa\u00e7o otimizado.","bloco2title":"Localiza\u00e7\u00e3o Estrat\u00e9gica","bloco2text":"Itatiba se destaca por sua localiza\u00e7\u00e3o privilegiada, facilitando o acesso a grandes vias e ampliando a log\u00edstica e distribui\u00e7\u00e3o de produtos.","bloco3title":"Tend\u00eancias do Setor","bloco3text":"A tend\u00eancia de armazenagem log\u00edstica est\u00e1 mudando, e Itatiba se posiciona como um polo importante, atraindo novas empresas e oportunidades de neg\u00f3cios.","insightwidtitle":"Curiosidades sobre Galp\u00f5es","insightwidcontent":"Did you know that logistics warehouses are not only storage spaces? They are complex systems designed to enhance operational efficiency. In Itatiba, the growing demand reflects the changing needs of businesses seeking smarter solutions for distribution and inventory management. Companies investing in modern logistics centers can experience significant reductions in operational costs while improving service quality."},"yoast_head":"<!-- This site is optimized with the Yoast SEO plugin v23.4 - https:\/\/yoast.com\/wordpress\/plugins\/seo\/ -->\n<title>Galp\u00f5es Log\u00edsticos em Itatiba: Inova\u00e7\u00e3o e Efici\u00eancia com a Acoi<\/title>\n<meta name=\"description\" content=\"Descubra as vantagens dos galp\u00f5es log\u00edsticos em Itatiba com a Acoi, refer\u00eancia em constru\u00e7\u00e3o civil. Estrutura moderna e localiza\u00e7\u00e3o estrat\u00e9gica.\" \/>\n<meta name=\"robots\" content=\"index, follow, max-snippet:-1, max-image-preview:large, max-video-preview:-1\" \/>\n<link rel=\"canonical\" href=\"https:\/\/acoi.com.br\/conteudocorp\/galpoes-logisticos-em-itatiba-a-revolucao-do-armazenamento-inteligente\/\" \/>\n<meta property=\"og:locale\" content=\"pt_BR\" \/>\n<meta property=\"og:type\" content=\"article\" \/>\n<meta property=\"og:title\" content=\"Galp\u00f5es Log\u00edsticos em Itatiba: Inova\u00e7\u00e3o e Efici\u00eancia com a Acoi\" \/>\n<meta property=\"og:description\" content=\"Descubra as vantagens dos galp\u00f5es log\u00edsticos em Itatiba com a Acoi, refer\u00eancia em constru\u00e7\u00e3o civil. Estrutura moderna e localiza\u00e7\u00e3o estrat\u00e9gica.\" \/>\n<meta property=\"og:url\" content=\"https:\/\/acoi.com.br\/conteudocorp\/galpoes-logisticos-em-itatiba-a-revolucao-do-armazenamento-inteligente\/\" \/>\n<meta property=\"og:site_name\" content=\"Acoi Corp\" \/>\n<meta name=\"twitter:card\" content=\"summary_large_image\" \/>\n<meta name=\"twitter:label1\" content=\"Est. tempo de leitura\" \/>\n\t<meta name=\"twitter:data1\" content=\"1 minuto\" \/>\n<script type=\"application\/ld+json\" class=\"yoast-schema-graph\">{\"@context\":\"https:\/\/schema.org\",\"@graph\":[{\"@type\":\"WebPage\",\"@id\":\"https:\/\/acoi.com.br\/conteudocorp\/galpoes-logisticos-em-itatiba-a-revolucao-do-armazenamento-inteligente\/\",\"url\":\"https:\/\/acoi.com.br\/conteudocorp\/galpoes-logisticos-em-itatiba-a-revolucao-do-armazenamento-inteligente\/\",\"name\":\"Galp\u00f5es Log\u00edsticos em Itatiba: Inova\u00e7\u00e3o e Efici\u00eancia com a Acoi\",\"isPartOf\":{\"@id\":\"https:\/\/acoi.com.br\/conteudocorp\/#website\"},\"datePublished\":\"2025-10-09T10:55:38+00:00\",\"dateModified\":\"2025-10-09T10:55:38+00:00\",\"description\":\"Descubra as vantagens dos galp\u00f5es log\u00edsticos em Itatiba com a Acoi, refer\u00eancia em constru\u00e7\u00e3o civil. Estrutura moderna e localiza\u00e7\u00e3o estrat\u00e9gica.\",\"breadcrumb\":{\"@id\":\"https:\/\/acoi.com.br\/conteudocorp\/galpoes-logisticos-em-itatiba-a-revolucao-do-armazenamento-inteligente\/#breadcrumb\"},\"inLanguage\":\"pt-BR\",\"potentialAction\":[{\"@type\":\"ReadAction\",\"target\":[\"https:\/\/acoi.com.br\/conteudocorp\/galpoes-logisticos-em-itatiba-a-revolucao-do-armazenamento-inteligente\/\"]}]},{\"@type\":\"BreadcrumbList\",\"@id\":\"https:\/\/acoi.com.br\/conteudocorp\/galpoes-logisticos-em-itatiba-a-revolucao-do-armazenamento-inteligente\/#breadcrumb\",\"itemListElement\":[{\"@type\":\"ListItem\",\"position\":1,\"name\":\"Home\",\"item\":\"https:\/\/acoi.com.br\/conteudocorp\/\"},{\"@type\":\"ListItem\",\"position\":2,\"name\":\"Galp\u00f5es Log\u00edsticos em Itatiba: A Revolu\u00e7\u00e3o do Armazenamento Inteligente\"}]},{\"@type\":\"WebSite\",\"@id\":\"https:\/\/acoi.com.br\/conteudocorp\/#website\",\"url\":\"https:\/\/acoi.com.br\/conteudocorp\/\",\"name\":\"Acoi Corp\",\"description\":\"\",\"potentialAction\":[{\"@type\":\"SearchAction\",\"target\":{\"@type\":\"EntryPoint\",\"urlTemplate\":\"https:\/\/acoi.com.br\/conteudocorp\/?s={search_term_string}\"},\"query-input\":{\"@type\":\"PropertyValueSpecification\",\"valueRequired\":true,\"valueName\":\"search_term_string\"}}],\"inLanguage\":\"pt-BR\"}]}<\/script>\n<!-- \/ Yoast SEO plugin. -->","yoast_head_json":{"title":"Galp\u00f5es Log\u00edsticos em Itatiba: Inova\u00e7\u00e3o e Efici\u00eancia com a Acoi","description":"Descubra as vantagens dos galp\u00f5es log\u00edsticos em Itatiba com a Acoi, refer\u00eancia em constru\u00e7\u00e3o civil. Estrutura moderna e localiza\u00e7\u00e3o estrat\u00e9gica.","robots":{"index":"index","follow":"follow","max-snippet":"max-snippet:-1","max-image-preview":"max-image-preview:large","max-video-preview":"max-video-preview:-1"},"canonical":"https:\/\/acoi.com.br\/conteudocorp\/galpoes-logisticos-em-itatiba-a-revolucao-do-armazenamento-inteligente\/","og_locale":"pt_BR","og_type":"article","og_title":"Galp\u00f5es Log\u00edsticos em Itatiba: Inova\u00e7\u00e3o e Efici\u00eancia com a Acoi","og_description":"Descubra as vantagens dos galp\u00f5es log\u00edsticos em Itatiba com a Acoi, refer\u00eancia em constru\u00e7\u00e3o civil. Estrutura moderna e localiza\u00e7\u00e3o estrat\u00e9gica.","og_url":"https:\/\/acoi.com.br\/conteudocorp\/galpoes-logisticos-em-itatiba-a-revolucao-do-armazenamento-inteligente\/","og_site_name":"Acoi Corp","twitter_card":"summary_large_image","twitter_misc":{"Est. tempo de leitura":"1 minuto"},"schema":{"@context":"https:\/\/schema.org","@graph":[{"@type":"WebPage","@id":"https:\/\/acoi.com.br\/conteudocorp\/galpoes-logisticos-em-itatiba-a-revolucao-do-armazenamento-inteligente\/","url":"https:\/\/acoi.com.br\/conteudocorp\/galpoes-logisticos-em-itatiba-a-revolucao-do-armazenamento-inteligente\/","name":"Galp\u00f5es Log\u00edsticos em Itatiba: Inova\u00e7\u00e3o e Efici\u00eancia com a Acoi","isPartOf":{"@id":"https:\/\/acoi.com.br\/conteudocorp\/#website"},"datePublished":"2025-10-09T10:55:38+00:00","dateModified":"2025-10-09T10:55:38+00:00","description":"Descubra as vantagens dos galp\u00f5es log\u00edsticos em Itatiba com a Acoi, refer\u00eancia em constru\u00e7\u00e3o civil. Estrutura moderna e localiza\u00e7\u00e3o estrat\u00e9gica.","breadcrumb":{"@id":"https:\/\/acoi.com.br\/conteudocorp\/galpoes-logisticos-em-itatiba-a-revolucao-do-armazenamento-inteligente\/#breadcrumb"},"inLanguage":"pt-BR","potentialAction":[{"@type":"ReadAction","target":["https:\/\/acoi.com.br\/conteudocorp\/galpoes-logisticos-em-itatiba-a-revolucao-do-armazenamento-inteligente\/"]}]},{"@type":"BreadcrumbList","@id":"https:\/\/acoi.com.br\/conteudocorp\/galpoes-logisticos-em-itatiba-a-revolucao-do-armazenamento-inteligente\/#breadcrumb","itemListElement":[{"@type":"ListItem","position":1,"name":"Home","item":"https:\/\/acoi.com.br\/conteudocorp\/"},{"@type":"ListItem","position":2,"name":"Galp\u00f5es Log\u00edsticos em Itatiba: A Revolu\u00e7\u00e3o do Armazenamento Inteligente"}]},{"@type":"WebSite","@id":"https:\/\/acoi.com.br\/conteudocorp\/#website","url":"https:\/\/acoi.com.br\/conteudocorp\/","name":"Acoi Corp","description":"","potentialAction":[{"@type":"SearchAction","target":{"@type":"EntryPoint","urlTemplate":"https:\/\/acoi.com.br\/conteudocorp\/?s={search_term_string}"},"query-input":{"@type":"PropertyValueSpecification","valueRequired":true,"valueName":"search_term_string"}}],"inLanguage":"pt-BR"}]}},"_links":{"self":[{"href":"https:\/\/acoi.com.br\/conteudocorp\/wp-json\/wp\/v2\/pages\/95584","targetHints":{"allow":["GET"]}}],"collection":[{"href":"https:\/\/acoi.com.br\/conteudocorp\/wp-json\/wp\/v2\/pages"}],"about":[{"href":"https:\/\/acoi.com.br\/conteudocorp\/wp-json\/wp\/v2\/types\/page"}],"author":[{"embeddable":true,"href":"https:\/\/acoi.com.br\/conteudocorp\/wp-json\/wp\/v2\/users\/3"}],"replies":[{"embeddable":true,"href":"https:\/\/acoi.com.br\/conteudocorp\/wp-json\/wp\/v2\/comments?post=95584"}],"version-history":[{"count":0,"href":"https:\/\/acoi.com.br\/conteudocorp\/wp-json\/wp\/v2\/pages\/95584\/revisions"}],"wp:attachment":[{"href":"https:\/\/acoi.com.br\/conteudocorp\/wp-json\/wp\/v2\/media?parent=95584"}],"curies":[{"name":"wp","href":"https:\/\/api.w.org\/{rel}","templated":true}]}}